{"id":1279,"date":"2024-10-27T11:53:51","date_gmt":"2024-10-27T08:53:51","guid":{"rendered":"https:\/\/wristbandfactory.eu\/toode\/glitter-lanyards\/"},"modified":"2026-04-01T21:52:36","modified_gmt":"2026-04-01T18:52:36","slug":"printed-glitter-lanyards-vip-gala-events","status":"publish","type":"product","link":"https:\/\/displayproducts.eu\/sv\/p\/printed-glitter-lanyards-vip-gala-events\/","title":{"rendered":"Glittriga nyckelband med tryck (VIP)"},"content":{"rendered":"<div class=\"mx-12 md:mx-24 lg:mx-48\">\n<div class=\"container my-8 svelte-zlsknf\">\n<div class=\"my-24 rounded-lg border-0 border-gray-700 bg-gray-100 px-16 py-24\">\n<div class=\"mt-11 !text-gray-500\">\n<p data-path-to-node=\"11\">F\u00e5 ditt varum\u00e4rke att glittra och se till att dina g\u00e4ster k\u00e4nner sig exklusiva med v\u00e5ra <b>Anpassade tryckta glitter-nyckelband<\/b>. Detta nyckelband \u00e4r det b\u00e4sta valet f\u00f6r prisutdelningar, VIP-galor, musikfestivaler och f\u00f6retagsfester d\u00e4r vanliga nyckelband helt enkelt sm\u00e4lter in i bakgrunden.<\/p>\n<p data-path-to-node=\"12\">Nyckelbandet \u00e4r tillverkat av ett slitstarkt 90 cm polyesterband som sedan t\u00e4cks med en distinkt <b>h\u00f6gglansigt glittermaterial<\/b>. Detta skapar en unik, bl\u00e4ndande duk som f\u00e5ngar upp lokalens belysning och s\u00e4kerst\u00e4ller h\u00f6g synlighet \u00e4ven i m\u00f6rka milj\u00f6er. Det \u00e4r ett utm\u00e4rkt verktyg f\u00f6r s\u00e4kerhets- och hotellpersonal f\u00f6r att snabbt identifiera VIP-personer, personal bakom scenen eller sponsorer p\u00e5 h\u00f6g niv\u00e5.<\/p>\n<p data-path-to-node=\"13\">Vi trycker din logotyp p\u00e5 ena sidan av glitterytan med hj\u00e4lp av <b>exakt Pantone-f\u00e4rgmatchning<\/b>. P\u00e5 grund av glittrets struktur rekommenderar vi dj\u00e4rva, otryckta logotyper f\u00f6r b\u00e4sta l\u00e4sbarhet. Varje nyckelband levereras som standard med en robust <b>metallkarbinhake<\/b>, vilket ger produkten en professionell tyngd och k\u00e4nsla, \u00e4ven om andra f\u00e4stalternativ finns tillg\u00e4ngliga f\u00f6r att passa dina specifika ID-kortskrav.<\/p>\n<p data-path-to-node=\"14\"><b>Viktiga funktioner:<\/b><\/p>\n<ul data-path-to-node=\"15\">\n<li>\n<p data-path-to-node=\"15,0,0\"><b>Material:<\/b> Polyesterbas med ett sammansm\u00e4lt h\u00f6gglansigt glitter\u00f6verl\u00e4gg.<\/p>\n<\/li>\n<li>\n<p data-path-to-node=\"15,1,0\"><b>Visuell effekt:<\/b> Glittrande finish erbjuder f\u00f6rstklassig estetik f\u00f6r exklusiva evenemang.<\/p>\n<\/li>\n<li>\n<p data-path-to-node=\"15,2,0\"><b>Utskrift:<\/b> Enkelsidigt specialtryck med Pantone-matchning (b\u00e4st f\u00f6r dj\u00e4rva logotyper).<\/p>\n<\/li>\n<li>\n<p data-path-to-node=\"15,3,0\"><b>Ans\u00f6kan:<\/b> Perfekt f\u00f6r att s\u00e4rskilja VIP-g\u00e4ster, talare och personal p\u00e5 fester och galor.<\/p>\n<\/li>\n<li>\n<p data-path-to-node=\"15,4,0\"><b>H\u00e5rdvara:<\/b> Inkluderar en robust metallkarbinhake f\u00f6r s\u00e4ker fasth\u00e5llning av m\u00e4rket.<\/p>\n<\/li>\n<\/ul>\n<\/div>\n<\/div>\n<\/div>\n<\/div>","protected":false},"excerpt":{"rendered":"<ul>\n<li>\n<p data-path-to-node=\"9,0,0\"><b>H\u00f6geffektiv gnistra:<\/b> Ett premiumglitter\u00f6verl\u00e4gg skapar en skimrande, i\u00f6gonfallande finish som \u00e4r perfekt f\u00f6r kv\u00e4llsevenemang.<\/p>\n<\/li>\n<li>\n<p data-path-to-node=\"9,1,0\"><b>VIP-differentiering:<\/b> Det distinkta visuella utseendet skiljer direkt speciella g\u00e4ster, personal eller pristagare.<\/p>\n<\/li>\n<li>\n<p data-path-to-node=\"9,2,0\"><b>Anpassad varum\u00e4rkesbyggande:<\/b> Din logotyp screentrycks i en enda f\u00e4rg (Pantone-matchad) direkt p\u00e5 glitterytan.<\/p>\n<\/li>\n<li>\n<p data-path-to-node=\"9,3,0\"><b>H\u00e5llbar komfort:<\/b> Byggd p\u00e5 en stark 90 cm polyesterbas som garanterar h\u00e5llbarhet utan att kompromissa med stilen.<\/p>\n<\/li>\n<\/ul>","protected":false},"featured_media":6741,"comment_status":"closed","ping_status":"closed","template":"","meta":[],"product_brand":[],"product_cat":[104],"product_tag":[],"class_list":{"0":"post-1279","1":"product","2":"type-product","3":"status-publish","4":"has-post-thumbnail","6":"product_cat-custom-printed-lanyards","8":"first","9":"instock","10":"shipping-taxable","11":"purchasable","12":"product-type-simple"},"_links":{"self":[{"href":"https:\/\/displayproducts.eu\/sv\/wp-json\/wp\/v2\/product\/1279","targetHints":{"allow":["GET"]}}],"collection":[{"href":"https:\/\/displayproducts.eu\/sv\/wp-json\/wp\/v2\/product"}],"about":[{"href":"https:\/\/displayproducts.eu\/sv\/wp-json\/wp\/v2\/types\/product"}],"replies":[{"embeddable":true,"href":"https:\/\/displayproducts.eu\/sv\/wp-json\/wp\/v2\/comments?post=1279"}],"wp:featuredmedia":[{"embeddable":true,"href":"https:\/\/displayproducts.eu\/sv\/wp-json\/wp\/v2\/media\/6741"}],"wp:attachment":[{"href":"https:\/\/displayproducts.eu\/sv\/wp-json\/wp\/v2\/media?parent=1279"}],"wp:term":[{"taxonomy":"product_brand","embeddable":true,"href":"https:\/\/displayproducts.eu\/sv\/wp-json\/wp\/v2\/product_brand?post=1279"},{"taxonomy":"product_cat","embeddable":true,"href":"https:\/\/displayproducts.eu\/sv\/wp-json\/wp\/v2\/product_cat?post=1279"},{"taxonomy":"product_tag","embeddable":true,"href":"https:\/\/displayproducts.eu\/sv\/wp-json\/wp\/v2\/product_tag?post=1279"}],"curies":[{"name":"wp","href":"https:\/\/api.w.org\/{rel}","templated":true}]}}