{"id":1276,"date":"2024-10-27T11:53:51","date_gmt":"2024-10-27T08:53:51","guid":{"rendered":"https:\/\/wristbandfactory.eu\/toode\/round-lanyard-with-domed-slider\/"},"modified":"2026-04-01T21:52:36","modified_gmt":"2026-04-01T18:52:36","slug":"round-cord-lanyards-with-dome-logo-slider-epoxy-3d","status":"publish","type":"product","link":"https:\/\/displayproducts.eu\/sv\/p\/round-cord-lanyards-with-dome-logo-slider-epoxy-3d\/","title":{"rendered":"Runda sn\u00f6rband med kupolformad logotyp (epoxy 3D)"},"content":{"rendered":"<div class=\"mx-12 md:mx-24 lg:mx-48\">\n<div class=\"container my-8 svelte-zlsknf\">\n<div class=\"my-24 rounded-lg border-0 border-gray-700 bg-gray-100 px-16 py-24\">\n<div class=\"mt-11 !text-gray-500\">\n<p data-path-to-node=\"7\">Erbjud ett elegant, modernt och exklusivt s\u00e4tt att visa identifikation med v\u00e5ra runda sn\u00f6rband med kupolformad logotyp. Denna minimalistiska design f\u00f6redras av teknikf\u00f6retag, startups och arrang\u00f6rer av premiumkonferenser som vill g\u00e5 ifr\u00e5n traditionella breda &quot;billboard&quot;-band.<\/p>\n<p data-path-to-node=\"8\"><b>F\u00f6rdelen med &quot;kupolen&quot;<\/b> Det som sticker ut med den h\u00e4r produkten \u00e4r slidern f\u00f6r varum\u00e4rkesbyggande. Till skillnad fr\u00e5n vanlig platttryck t\u00e4cks din logotyp med ett lager av genomskinlig epoxiharts (doming). Detta skapar ett f\u00f6rstoringsglas. <b>3D-effekt<\/b> vilket g\u00f6r f\u00e4rgerna mer levande och ger varum\u00e4rket en smyckesliknande, h\u00f6gkvalitativ finish. Hartset skyddar ocks\u00e5 logotypen fr\u00e5n repor, blekning eller vattenskador, vilket s\u00e4kerst\u00e4ller att ditt varum\u00e4rke ser perfekt ut under l\u00e5ngvarig anv\u00e4ndning.<\/p>\n<p data-path-to-node=\"9\"><b>Komfort och h\u00e5llbarhet<\/b> Denna nyckelband \u00e4r tillverkad av ett slitstarkt polyestersn\u00f6re (ca 5 mm tjockt) och \u00e4r l\u00e4tt och bekv\u00e4mt att b\u00e4ra p\u00e5 halsen. Den levereras som standard med en h\u00f6gkvalitativ metallkarbinhake f\u00f6r att s\u00e4kert h\u00e5lla ID-brickor, nycklar eller \u00e5tkomstbrickor. \u00c4ven om skjutd\u00f6rrsh\u00f6ljet \u00e4r standardsvart kan vi producera det i anpassade varum\u00e4rkesf\u00e4rger f\u00f6r st\u00f6rre best\u00e4llningar, vilket s\u00e4kerst\u00e4ller en perfekt matchning med din f\u00f6retagsidentitet.<\/p>\n<p data-path-to-node=\"10\"><b>Viktiga funktioner:<\/b><\/p>\n<ul data-path-to-node=\"11\">\n<li>\n<p data-path-to-node=\"11,0,0\"><b>Epoxikupolreglage:<\/b> Hartsbelagd m\u00e4rkningsyta skapar ett f\u00f6rstklassigt, rept\u00e5ligt 3D-utseende.<\/p>\n<\/li>\n<li>\n<p data-path-to-node=\"11,1,0\"><b>Rund polyestersn\u00f6re:<\/b> H\u00e5llbart och bekv\u00e4mt alternativ till platta nyckelband.<\/p>\n<\/li>\n<li>\n<p data-path-to-node=\"11,2,0\"><b>Livfull varum\u00e4rkesbyggande:<\/b> Perfekt f\u00f6r f\u00e4rgglada logotyper som beh\u00f6ver sticka ut.<\/p>\n<\/li>\n<li>\n<p data-path-to-node=\"11,3,0\"><b>Metallkarbinhake:<\/b> Kraftigt kl\u00e4mma s\u00e4kerst\u00e4ller s\u00e4ker fasts\u00e4ttning av m\u00e4rken och nycklar.<\/p>\n<\/li>\n<li>\n<p data-path-to-node=\"11,4,0\"><b>Professionell estetik:<\/b> Minimalistisk design l\u00e4mplig f\u00f6r VIP-g\u00e4ster och f\u00f6retagspersonal.<\/p>\n<\/li>\n<\/ul>\n<\/div>\n<\/div>\n<\/div>\n<\/div>","protected":false},"excerpt":{"rendered":"<ul>\n<li>\n<p data-path-to-node=\"6,0,0\"><b>Premiumvarum\u00e4rke:<\/b> Den glidande logotypskivan har en kristallklar epoxihartsbehandling (doming) f\u00f6r en 3D-effekt.<\/p>\n<\/li>\n<li>\n<p data-path-to-node=\"6,1,0\"><b>Tryck i fullf\u00e4rg:<\/b> M\u00f6jligg\u00f6r livfulla, detaljerade logotyper som \u00e4r skyddade fr\u00e5n repor och blekning.<\/p>\n<\/li>\n<li>\n<p data-path-to-node=\"6,2,0\"><b>Snygg design:<\/b> 90 cm rund polyestersn\u00f6re erbjuder ett modernt, minimalistiskt alternativ till platta band.<\/p>\n<\/li>\n<li>\n<p data-path-to-node=\"6,3,0\"><b>S\u00e4ker anslutning:<\/b> Levereras som standard med en robust metallkarbinhake f\u00f6r ID-kort.<\/p>\n<\/li>\n<li><\/li>\n<\/ul>","protected":false},"featured_media":6765,"comment_status":"closed","ping_status":"closed","template":"","meta":[],"product_brand":[],"product_cat":[43,125,104],"product_tag":[],"class_list":{"0":"post-1276","1":"product","2":"type-product","3":"status-publish","4":"has-post-thumbnail","6":"product_cat-lanyards","7":"product_cat-cord-lanyards","8":"product_cat-custom-printed-lanyards","10":"first","11":"instock","12":"shipping-taxable","13":"purchasable","14":"product-type-simple"},"_links":{"self":[{"href":"https:\/\/displayproducts.eu\/sv\/wp-json\/wp\/v2\/product\/1276","targetHints":{"allow":["GET"]}}],"collection":[{"href":"https:\/\/displayproducts.eu\/sv\/wp-json\/wp\/v2\/product"}],"about":[{"href":"https:\/\/displayproducts.eu\/sv\/wp-json\/wp\/v2\/types\/product"}],"replies":[{"embeddable":true,"href":"https:\/\/displayproducts.eu\/sv\/wp-json\/wp\/v2\/comments?post=1276"}],"wp:featuredmedia":[{"embeddable":true,"href":"https:\/\/displayproducts.eu\/sv\/wp-json\/wp\/v2\/media\/6765"}],"wp:attachment":[{"href":"https:\/\/displayproducts.eu\/sv\/wp-json\/wp\/v2\/media?parent=1276"}],"wp:term":[{"taxonomy":"product_brand","embeddable":true,"href":"https:\/\/displayproducts.eu\/sv\/wp-json\/wp\/v2\/product_brand?post=1276"},{"taxonomy":"product_cat","embeddable":true,"href":"https:\/\/displayproducts.eu\/sv\/wp-json\/wp\/v2\/product_cat?post=1276"},{"taxonomy":"product_tag","embeddable":true,"href":"https:\/\/displayproducts.eu\/sv\/wp-json\/wp\/v2\/product_tag?post=1276"}],"curies":[{"name":"wp","href":"https:\/\/api.w.org\/{rel}","templated":true}]}}