{"id":1275,"date":"2024-10-27T11:53:51","date_gmt":"2024-10-27T08:53:51","guid":{"rendered":"https:\/\/wristbandfactory.eu\/toode\/reflective-lanyards\/"},"modified":"2026-04-01T21:52:36","modified_gmt":"2026-04-01T18:52:36","slug":"printed-reflective-lanyards","status":"publish","type":"product","link":"https:\/\/displayproducts.eu\/sv\/p\/printed-reflective-lanyards\/","title":{"rendered":"Tryckta reflekterande nyckelband"},"content":{"rendered":"<div class=\"mx-12 md:mx-24 lg:mx-48\">\n<div class=\"container my-8 svelte-zlsknf\">\n<div class=\"my-24 rounded-lg border-0 border-gray-700 bg-gray-100 px-16 py-24\">\n<div class=\"mt-11 !text-gray-500\">\n<p>Maximera ditt teams s\u00e4kerhet och synlighet med v\u00e5r <b>Tryckta reflekterande nyckelband<\/b>. Denna produkt \u00e4r ett viktigt verktyg f\u00f6r alla organisationer som beh\u00f6ver h\u00f6g synlighet f\u00f6r sin personal, till exempel vid kv\u00e4llsevenemang, p\u00e5 byggarbetsplatser eller inom logistik.<\/p>\n<p>Denna 90 cm l\u00e5nga lanyard \u00e4r tillverkad av ett slitstarkt polyesterband, som sedan t\u00e4cks med en <b>gr\u00e5tt reflex\u00f6verl\u00e4gg<\/b>. Denna helt\u00e4ckande \u00f6verdragsfunktion ger maximal yta f\u00f6r att f\u00e5nga ljus i m\u00f6rka f\u00f6rh\u00e5llanden, vilket g\u00f6r b\u00e4raren v\u00e4l synlig.<\/p>\n<p>Din organisations logotyp trycks sedan direkt p\u00e5 den reflekterande ytan i dina specifika Pantone-matchade f\u00e4rger. Detta s\u00e4kerst\u00e4ller att din varum\u00e4rkesprofil \u00e4r tydlig och professionell samtidigt som nyckelbandets prim\u00e4ra s\u00e4kerhetsfunktion bibeh\u00e5lls. Varje nyckelband levereras som standard med en metallkarbinhake f\u00f6r s\u00e4ker fasts\u00e4ttning av ID-brickor eller passerkort.<\/p>\n<p><b>Viktiga funktioner:<\/b><\/p>\n<ul>\n<li><b>Fullst\u00e4ndigt reflekterande \u00f6verl\u00e4gg:<\/b> Har ett gr\u00e5tt reflexlager f\u00f6r 360-graders synlighet i svagt ljus.<\/li>\n<li><b>Anpassad enkelsidig utskrift:<\/b> Din logotyp trycks direkt p\u00e5 den reflekterande ytan med Pantone-f\u00e4rgmatchning.<\/li>\n<li><b>Slitstark polyesterbas:<\/b> Ett 90 cm polyesterband ger en stark och bekv\u00e4m bas.<\/li>\n<li><b>F\u00f6rb\u00e4ttrad s\u00e4kerhet:<\/b> Perfekt f\u00f6r personal, kv\u00e4llsevenemang eller andra milj\u00f6er som kr\u00e4ver h\u00f6g synlighet.<\/li>\n<li><b>Standardkarbinhake i metall:<\/b> Inkluderar en s\u00e4ker metallkarbinhake (andra kl\u00e4mmalternativ finns tillg\u00e4ngliga).<\/li>\n<\/ul>\n<p>&nbsp;<\/p>\n<\/div>\n<\/div>\n<\/div>\n<\/div>","protected":false},"excerpt":{"rendered":"<ul>\n<li>Har ett gr\u00e5tt reflexlager i hela bredden f\u00f6r maximal synlighet.<\/li>\n<li>Specialtryckt p\u00e5 ena sidan med din Pantone-matchande logotyp.<\/li>\n<li>Perfekt f\u00f6r evenemangspersonal, byggbranschen eller f\u00f6retags s\u00e4kerhetsprogram.<\/li>\n<li>Slitstarkt 90 cm polyesterband med metallkarbinhake.<\/li>\n<\/ul>","protected":false},"featured_media":6750,"comment_status":"closed","ping_status":"closed","template":"","meta":[],"product_brand":[],"product_cat":[43,109],"product_tag":[],"class_list":{"0":"post-1275","1":"product","2":"type-product","3":"status-publish","4":"has-post-thumbnail","6":"product_cat-lanyards","7":"product_cat-reflective-lanyards","9":"first","10":"instock","11":"shipping-taxable","12":"purchasable","13":"product-type-simple"},"_links":{"self":[{"href":"https:\/\/displayproducts.eu\/sv\/wp-json\/wp\/v2\/product\/1275","targetHints":{"allow":["GET"]}}],"collection":[{"href":"https:\/\/displayproducts.eu\/sv\/wp-json\/wp\/v2\/product"}],"about":[{"href":"https:\/\/displayproducts.eu\/sv\/wp-json\/wp\/v2\/types\/product"}],"replies":[{"embeddable":true,"href":"https:\/\/displayproducts.eu\/sv\/wp-json\/wp\/v2\/comments?post=1275"}],"wp:featuredmedia":[{"embeddable":true,"href":"https:\/\/displayproducts.eu\/sv\/wp-json\/wp\/v2\/media\/6750"}],"wp:attachment":[{"href":"https:\/\/displayproducts.eu\/sv\/wp-json\/wp\/v2\/media?parent=1275"}],"wp:term":[{"taxonomy":"product_brand","embeddable":true,"href":"https:\/\/displayproducts.eu\/sv\/wp-json\/wp\/v2\/product_brand?post=1275"},{"taxonomy":"product_cat","embeddable":true,"href":"https:\/\/displayproducts.eu\/sv\/wp-json\/wp\/v2\/product_cat?post=1275"},{"taxonomy":"product_tag","embeddable":true,"href":"https:\/\/displayproducts.eu\/sv\/wp-json\/wp\/v2\/product_tag?post=1275"}],"curies":[{"name":"wp","href":"https:\/\/api.w.org\/{rel}","templated":true}]}}