{"id":1272,"date":"2024-10-27T11:53:51","date_gmt":"2024-10-27T08:53:51","guid":{"rendered":"https:\/\/wristbandfactory.eu\/toode\/flat-polyester-lanyards-with-metal-bottle-opener\/"},"modified":"2026-04-01T21:52:04","modified_gmt":"2026-04-01T18:52:04","slug":"polyester-lanyards-with-bottle-opener","status":"publish","type":"product","link":"https:\/\/displayproducts.eu\/sv\/p\/polyester-lanyards-with-bottle-opener\/","title":{"rendered":"Polyester nyckelband med flasf\u00e5 offertpnare"},"content":{"rendered":"<div class=\"mx-12 md:mx-24 lg:mx-48\">\n<div class=\"container my-8 svelte-zlsknf\">\n<div class=\"my-24 rounded-lg border-0 border-gray-700 bg-gray-100 px-16 py-24\">\n<div class=\"mt-11 !text-gray-500\">\n<p>Kombinera varum\u00e4rkessynlighet med praktisk anv\u00e4ndbarhet med v\u00e5ra polyesterband med inbyggd flasf\u00e5 offertpnare. Detta multifunktionella band \u00e4r ett utm\u00e4rkt marknadsf\u00f6ringsverktyg f\u00f6r festivaler, hotellevenemang, m\u00e4ssor och f\u00f6retagsfester, vilket s\u00e4kerst\u00e4ller att ditt varum\u00e4rke f\u00f6rblir synligt.<\/p>\n<p>Bandet \u00e4r tillverkat av slitstark 90 cm polyester och ger en stor, sl\u00e4t yta f\u00f6r din logotyp. Vi kan trycka din design med exakt Pantone-f\u00e4rgmatchning p\u00e5 en eller tv\u00e5 sidor.<\/p>\n<p>Denna nyckelband \u00e4r utformad f\u00f6r maximal funktionalitet. Den inkluderar b\u00e5de en robust flasf\u00e5 offertpnare i metall och en separat metallkarbinhake, vilket g\u00f6r att deltagarna kan visa upp sin ID-bricka samtidigt som de har ett praktiskt verktyg n\u00e4ra till hands. Detta g\u00f6r den till en minnesv\u00e4rd och effektiv present som kunder och deltagare kommer att beh\u00e5lla och anv\u00e4nda.<\/p>\n<p><b>Viktiga funktioner:<\/b><\/p>\n<ul>\n<li><b>Integrerad flasf\u00e5 offertpnare:<\/b> Har en h\u00e5llbar, inbyggd flasf\u00e5 offertpnare i metall f\u00f6r ett mycket anv\u00e4ndbart reklamf\u00f6rem\u00e5l.<\/li>\n<li><b>Dubbla tillbeh\u00f6r:<\/b> Levereras med b\u00e5de flasf\u00e5 offertpnare och en metallkarbinhake, vilket m\u00f6jligg\u00f6r samtidig anv\u00e4ndning som ID-h\u00e5llare.<\/li>\n<li><b>Anpassad polyesterrem:<\/b> Slitstarkt 90 cm band, specialtryckt med din Pantone-matchande logotyp.<\/li>\n<li><b>1- eller 2-sidig utskrift:<\/b> V\u00e4lj mellan enkel- eller dubbelsidig utskrift f\u00f6r maximal varum\u00e4rkesexponering.<\/li>\n<li><b>Idealisk evenemangsutlottning:<\/b> Ett mycket praktiskt och minnesv\u00e4rt f\u00f6rem\u00e5l f\u00f6r festivaler, m\u00e4ssor och f\u00f6retagsevenemang.<\/li>\n<\/ul>\n<\/div>\n<\/div>\n<\/div>\n<\/div>","protected":false},"excerpt":{"rendered":"<ul>\n<li>Har en funktionell, integrerad flasf\u00e5 offertpnare i metall f\u00f6r h\u00f6g anv\u00e4ndbarhet.<\/li>\n<li>Slitstarkt 90 cm polyesterband, specialtryckt med din logotyp.<\/li>\n<li>Pantone-matchad logotyptryck tillg\u00e4ngligt p\u00e5 en eller tv\u00e5 sidor.<\/li>\n<li>Inkluderar en separat metallkarbinhake f\u00f6r ID-brickor eller nycklar.<\/li>\n<\/ul>","protected":false},"featured_media":6724,"comment_status":"closed","ping_status":"closed","template":"","meta":[],"product_brand":[],"product_cat":[43,108],"product_tag":[],"class_list":{"0":"post-1272","1":"product","2":"type-product","3":"status-publish","4":"has-post-thumbnail","6":"product_cat-lanyards","7":"product_cat-multifunctional-lanyards","9":"first","10":"instock","11":"shipping-taxable","12":"purchasable","13":"product-type-simple"},"_links":{"self":[{"href":"https:\/\/displayproducts.eu\/sv\/wp-json\/wp\/v2\/product\/1272","targetHints":{"allow":["GET"]}}],"collection":[{"href":"https:\/\/displayproducts.eu\/sv\/wp-json\/wp\/v2\/product"}],"about":[{"href":"https:\/\/displayproducts.eu\/sv\/wp-json\/wp\/v2\/types\/product"}],"replies":[{"embeddable":true,"href":"https:\/\/displayproducts.eu\/sv\/wp-json\/wp\/v2\/comments?post=1272"}],"wp:featuredmedia":[{"embeddable":true,"href":"https:\/\/displayproducts.eu\/sv\/wp-json\/wp\/v2\/media\/6724"}],"wp:attachment":[{"href":"https:\/\/displayproducts.eu\/sv\/wp-json\/wp\/v2\/media?parent=1272"}],"wp:term":[{"taxonomy":"product_brand","embeddable":true,"href":"https:\/\/displayproducts.eu\/sv\/wp-json\/wp\/v2\/product_brand?post=1272"},{"taxonomy":"product_cat","embeddable":true,"href":"https:\/\/displayproducts.eu\/sv\/wp-json\/wp\/v2\/product_cat?post=1272"},{"taxonomy":"product_tag","embeddable":true,"href":"https:\/\/displayproducts.eu\/sv\/wp-json\/wp\/v2\/product_tag?post=1272"}],"curies":[{"name":"wp","href":"https:\/\/api.w.org\/{rel}","templated":true}]}}