{"id":1268,"date":"2024-10-27T11:53:52","date_gmt":"2024-10-27T08:53:52","guid":{"rendered":"https:\/\/wristbandfactory.eu\/toode\/lanyards-with-reflective-threads\/"},"modified":"2026-04-01T21:52:36","modified_gmt":"2026-04-01T18:52:36","slug":"lanyards-with-reflective-threads","status":"publish","type":"product","link":"https:\/\/displayproducts.eu\/sv\/p\/lanyards-with-reflective-threads\/","title":{"rendered":"Nyckelband med reflextr\u00e5dar"},"content":{"rendered":"<div class=\"mx-12 md:mx-24 lg:mx-48\">\n<div class=\"container my-8 svelte-zlsknf\">\n<div class=\"my-24 rounded-lg border-0 border-gray-700 bg-gray-100 px-16 py-24\">\n<div class=\"mt-11 !text-gray-500\">\n<p>\u00d6ka s\u00e4kerheten och synligheten f\u00f6r ditt team p\u00e5 kv\u00e4llsevenemang, arbetsplatser eller f\u00f6retagsevenemang med v\u00e5r <b>Nyckelband med reflekterande tr\u00e5dar<\/b>. Denna lanyard \u00e4r expertutformad f\u00f6r att kombinera slagkraftig varum\u00e4rkesbyggande med en viktig s\u00e4kerhetsfunktion.<\/p>\n<p>Varje 90 cm l\u00e5ng nyckelband \u00e4r tillverkat av slitstark polyester. Till skillnad fr\u00e5n helt reflekterande nyckelband har den h\u00e4r modellen <b>reflekterande tr\u00e5dar v\u00e4vda direkt i bandmaterialet<\/b>. Dessa tr\u00e5dar f\u00e5ngar ljuset i m\u00f6rka eller svagt ljus, vilket g\u00f6r b\u00e4raren betydligt mer synlig utan att kompromissa med nyckelbandets komfort eller professionella utseende.<\/p>\n<p>Polyesterremmen ger en utm\u00e4rkt yta f\u00f6r varum\u00e4rkesbyggande. Vi kan specialtrycka din logotyp eller ditt budskap p\u00e5 en eller tv\u00e5 sidor med exakt Pantone-f\u00e4rgmatchning. Varje nyckelband levereras som standard med en p\u00e5litlig metallkarbinhake, vilket g\u00f6r det till en funktionell l\u00f6sning f\u00f6r att h\u00e5lla ID-brickor, nycklar eller passerkort.<\/p>\n<p><b>Viktiga funktioner:<\/b><\/p>\n<ul>\n<li><b>Inv\u00e4vda reflekterande tr\u00e5dar:<\/b> Har tr\u00e5dar v\u00e4vda direkt i polyestern f\u00f6r h\u00f6g synlighet i svagt ljus.<\/li>\n<li><b>Anpassad Pantone-utskrift:<\/b> Din logotyp trycks p\u00e5 en eller tv\u00e5 sidor med exakt Pantone-f\u00e4rgmatchning.<\/li>\n<li><b>Slitstark polyesterrem:<\/b> 90 cm rem \u00e4r bekv\u00e4m och byggd f\u00f6r daglig anv\u00e4ndning i f\u00f6retags- eller evenemangsmilj\u00f6er.<\/li>\n<li><b>F\u00f6rb\u00e4ttrad s\u00e4kerhet:<\/b> Perfekt f\u00f6r personal, kv\u00e4llsevenemang eller andra milj\u00f6er d\u00e4r h\u00f6g synlighet \u00e4r en prioritet.<\/li>\n<li><b>Standardkarbinhake i metall:<\/b> Inkluderar en s\u00e4ker metallkarbinhake, med andra kl\u00e4mmalternativ tillg\u00e4ngliga.<\/li>\n<\/ul>\n<\/div>\n<\/div>\n<\/div>\n<\/div>","protected":false},"excerpt":{"rendered":"<ul>\n<li>Har reflekterande tr\u00e5dar med h\u00f6g synlighet som \u00e4r v\u00e4vda direkt i polyesterremmen.<\/li>\n<li>Perfekt f\u00f6r att \u00f6ka s\u00e4kerheten f\u00f6r personal och deltagare vid kv\u00e4llsevenemang.<\/li>\n<li>Tryck din Pantone-matchande logotyp p\u00e5 en eller tv\u00e5 sidor.<\/li>\n<li>Slitstarkt 90 cm rem med en standardkarbinhake i metall.<\/li>\n<\/ul>","protected":false},"featured_media":6719,"comment_status":"closed","ping_status":"closed","template":"","meta":[],"product_brand":[],"product_cat":[43,109],"product_tag":[],"class_list":{"0":"post-1268","1":"product","2":"type-product","3":"status-publish","4":"has-post-thumbnail","6":"product_cat-lanyards","7":"product_cat-reflective-lanyards","9":"first","10":"instock","11":"shipping-taxable","12":"purchasable","13":"product-type-simple"},"_links":{"self":[{"href":"https:\/\/displayproducts.eu\/sv\/wp-json\/wp\/v2\/product\/1268","targetHints":{"allow":["GET"]}}],"collection":[{"href":"https:\/\/displayproducts.eu\/sv\/wp-json\/wp\/v2\/product"}],"about":[{"href":"https:\/\/displayproducts.eu\/sv\/wp-json\/wp\/v2\/types\/product"}],"replies":[{"embeddable":true,"href":"https:\/\/displayproducts.eu\/sv\/wp-json\/wp\/v2\/comments?post=1268"}],"wp:featuredmedia":[{"embeddable":true,"href":"https:\/\/displayproducts.eu\/sv\/wp-json\/wp\/v2\/media\/6719"}],"wp:attachment":[{"href":"https:\/\/displayproducts.eu\/sv\/wp-json\/wp\/v2\/media?parent=1268"}],"wp:term":[{"taxonomy":"product_brand","embeddable":true,"href":"https:\/\/displayproducts.eu\/sv\/wp-json\/wp\/v2\/product_brand?post=1268"},{"taxonomy":"product_cat","embeddable":true,"href":"https:\/\/displayproducts.eu\/sv\/wp-json\/wp\/v2\/product_cat?post=1268"},{"taxonomy":"product_tag","embeddable":true,"href":"https:\/\/displayproducts.eu\/sv\/wp-json\/wp\/v2\/product_tag?post=1268"}],"curies":[{"name":"wp","href":"https:\/\/api.w.org\/{rel}","templated":true}]}}