{"id":1267,"date":"2024-10-27T11:53:52","date_gmt":"2024-10-27T08:53:52","guid":{"rendered":"https:\/\/wristbandfactory.eu\/toode\/bamboo-lanyards\/"},"modified":"2026-04-01T21:52:36","modified_gmt":"2026-04-01T18:52:36","slug":"printed-bamboo-lanyards","status":"publish","type":"product","link":"https:\/\/displayproducts.eu\/sv\/p\/printed-bamboo-lanyards\/","title":{"rendered":"Nyckelband i bambu med tryck (Milj\u00f6v\u00e4nlig)"},"content":{"rendered":"<div class=\"mx-12 md:mx-24 lg:mx-48\">\n<div class=\"container my-8 svelte-zlsknf\">\n<div class=\"my-24 rounded-lg border-0 border-gray-700 bg-gray-100 px-16 py-24\">\n<div class=\"mt-11 !text-gray-500\">\n<p data-path-to-node=\"11\">G\u00f6r ett definitivt h\u00e5llbart val f\u00f6r ert n\u00e4sta evenemang eller f\u00f6retagssammankomst med v\u00e5r <b>Tryckta bambu nyckelband<\/b>. I takt med att organisationer i allt h\u00f6gre grad str\u00e4var efter plastfria l\u00f6sningar, utm\u00e4rker sig bambu inte bara f\u00f6r sina milj\u00f6m\u00e4ssiga egenskaper, utan ocks\u00e5 f\u00f6r sin \u00f6verl\u00e4gsna kvalitet och k\u00e4nsla.<\/p>\n<p data-path-to-node=\"12\">Dessa nyckelband \u00e4r tillverkade av naturliga, biologiskt nedbrytbara bambufibrer och erbjuder en unik taktil upplevelse. Till skillnad fr\u00e5n vissa \u00e5tervunna material som kan k\u00e4nnas grova, \u00e4r bambu naturligt sl\u00e4tt, andningsbart och antibakteriellt, vilket g\u00f6r det till det bekv\u00e4maste alternativet f\u00f6r personal och deltagare som b\u00e4r sina ID-kort hela dagen. Det ger ett distinkt &quot;premium eko&quot;-utseende som h\u00f6jer uppfattningen om ditt varum\u00e4rke.<\/p>\n<p data-path-to-node=\"13\">Vi erbjuder <b>anpassad screentryck<\/b> p\u00e5 bambuytan, vilket m\u00f6jligg\u00f6r skarp och tydlig logotyp\u00e5tergivning i exakt din <b>Pantone-m\u00e4rkesf\u00e4rger<\/b>. Oavsett om du beh\u00f6ver enkelsidig varum\u00e4rkesprofilering eller dubbelsidig synlighet blir resultatet en professionell finish p\u00e5 en naturlig bas. Med en l\u00e4ngd p\u00e5 cirka 90 cm uppfyller de branschstandarden f\u00f6r professionellt bruk.<\/p>\n<p data-path-to-node=\"14\">Anpassa din best\u00e4llning f\u00f6r att uppfylla s\u00e4kerhets- och funktionskrav: samtidigt som en robust <b>metallkarbinhake<\/b> \u00e4r standard, kan vi utrusta dessa nyckelband med <b>s\u00e4kerhetskl\u00e4mmor<\/b> (n\u00f6dv\u00e4ndigt f\u00f6r skolor och sjukhus) eller andra specialiserade tillbeh\u00f6r p\u00e5 beg\u00e4ran.<\/p>\n<p data-path-to-node=\"15\"><b>Viktiga funktioner:<\/b><\/p>\n<ul data-path-to-node=\"16\">\n<li>\n<p data-path-to-node=\"16,0,0\"><b>Material:<\/b> 100% H\u00e5llbar bambufiber (biologiskt nedbrytbar).<\/p>\n<\/li>\n<li>\n<p data-path-to-node=\"16,1,0\"><b>Taktil k\u00e4nsla:<\/b> Exceptionellt mjuk, len och allergiv\u00e4nlig.<\/p>\n<\/li>\n<li>\n<p data-path-to-node=\"16,2,0\"><b>Utskrift:<\/b> Silkscreentryck med Pantone-f\u00e4rgmatchning.<\/p>\n<\/li>\n<li>\n<p data-path-to-node=\"16,3,0\"><b>Eko-certifiering:<\/b> h\u00e4rr\u00f6rande fr\u00e5n en snabbt f\u00f6rnybar, bek\u00e4mpningsmedelsfri k\u00e4lla.<\/p>\n<\/li>\n<li>\n<p data-path-to-node=\"16,4,0\"><b>H\u00e5rdvara:<\/b> Kraftig metallkarbinhake ing\u00e5r; s\u00e4kerhetssp\u00e4nne som tillval.<\/p>\n<\/li>\n<li>\n<p data-path-to-node=\"16,5,0\"><b>Varaktighet:<\/b> Starka naturfibrer motst\u00e5r slitage under evenemang som str\u00e4cker sig \u00f6ver flera dagar.<\/p>\n<\/li>\n<\/ul>\n<\/div>\n<\/div>\n<\/div>\n<\/div>","protected":false},"excerpt":{"rendered":"<ul>\n<li>\n<p data-path-to-node=\"9,0,0\"><b>Snabbt f\u00f6rnybar:<\/b> Tillverkad av h\u00e5llbara bambufibrer, en av de snabbast v\u00e4xande v\u00e4xterna p\u00e5 jorden, vilket ger ett l\u00e5gt koldioxidavtryck.<\/p>\n<\/li>\n<li>\n<p data-path-to-node=\"9,1,0\"><b>Premiummjukhet:<\/b> Bambutyg \u00e4r naturligt hypoallergent och mjukare \u00e4n bomull eller polyester, vilket garanterar maximal komfort.<\/p>\n<\/li>\n<li>\n<p data-path-to-node=\"9,2,0\"><b>Anpassad varum\u00e4rkesbyggande:<\/b> Din logotyp screentrycks i exakta Pantone-matchade f\u00e4rger p\u00e5 en eller tv\u00e5 sidor.<\/p>\n<\/li>\n<li>\n<p data-path-to-node=\"9,3,0\"><b>M\u00e5ngsidig h\u00e5rdvara:<\/b> Levereras som standard med en metallkarbinhake; s\u00e4kerhetskl\u00e4mmor finns som tillval f\u00f6r att s\u00e4kerst\u00e4lla \u00f6verensst\u00e4mmelse.<\/p>\n<\/li>\n<\/ul>","protected":false},"featured_media":6725,"comment_status":"closed","ping_status":"closed","template":"","meta":[],"product_brand":[],"product_cat":[104,106,107],"product_tag":[],"class_list":{"0":"post-1267","1":"product","2":"type-product","3":"status-publish","4":"has-post-thumbnail","6":"product_cat-custom-printed-lanyards","7":"product_cat-breakaway-lanyards","8":"product_cat-eco-friendly-lanyards","10":"first","11":"instock","12":"shipping-taxable","13":"purchasable","14":"product-type-simple"},"_links":{"self":[{"href":"https:\/\/displayproducts.eu\/sv\/wp-json\/wp\/v2\/product\/1267","targetHints":{"allow":["GET"]}}],"collection":[{"href":"https:\/\/displayproducts.eu\/sv\/wp-json\/wp\/v2\/product"}],"about":[{"href":"https:\/\/displayproducts.eu\/sv\/wp-json\/wp\/v2\/types\/product"}],"replies":[{"embeddable":true,"href":"https:\/\/displayproducts.eu\/sv\/wp-json\/wp\/v2\/comments?post=1267"}],"wp:featuredmedia":[{"embeddable":true,"href":"https:\/\/displayproducts.eu\/sv\/wp-json\/wp\/v2\/media\/6725"}],"wp:attachment":[{"href":"https:\/\/displayproducts.eu\/sv\/wp-json\/wp\/v2\/media?parent=1267"}],"wp:term":[{"taxonomy":"product_brand","embeddable":true,"href":"https:\/\/displayproducts.eu\/sv\/wp-json\/wp\/v2\/product_brand?post=1267"},{"taxonomy":"product_cat","embeddable":true,"href":"https:\/\/displayproducts.eu\/sv\/wp-json\/wp\/v2\/product_cat?post=1267"},{"taxonomy":"product_tag","embeddable":true,"href":"https:\/\/displayproducts.eu\/sv\/wp-json\/wp\/v2\/product_tag?post=1267"}],"curies":[{"name":"wp","href":"https:\/\/api.w.org\/{rel}","templated":true}]}}