{"id":1263,"date":"2024-10-27T11:53:52","date_gmt":"2024-10-27T08:53:52","guid":{"rendered":"https:\/\/wristbandfactory.eu\/toode\/3d-printed-lanyards\/"},"modified":"2026-04-01T21:52:36","modified_gmt":"2026-04-01T18:52:36","slug":"3d-printed-lanyards-raised-silicone-logo","status":"publish","type":"product","link":"https:\/\/displayproducts.eu\/sv\/p\/3d-printed-lanyards-raised-silicone-logo\/","title":{"rendered":"Nyckelband med 3D-tryck (upph\u00f6jd logo)"},"content":{"rendered":"<div class=\"mx-12 md:mx-24 lg:mx-48\">\n<div class=\"container my-8 svelte-zlsknf\">\n<div class=\"my-24 rounded-lg border-0 border-gray-700 bg-gray-100 px-16 py-24\">\n<div class=\"mt-11 !text-gray-500\">\n<p data-path-to-node=\"11\">F\u00f6rb\u00e4ttra ditt f\u00f6retags varum\u00e4rke med v\u00e5r <b>3D-printade nyckelband<\/b>, en premium identifieringsl\u00f6sning utformad f\u00f6r att g\u00f6ra ett best\u00e5ende intryck. Denna innovativa nyckelband g\u00e5r ut\u00f6ver vanliga platttryckstekniker och applicerar din logotyp som en <b>upph\u00f6jt silikonlager med h\u00f6g densitet<\/b>. Detta skapar en distinkt, taktil finish som ger djup och en k\u00e4nsla av exklusivitet till ditt varum\u00e4rke, vilket g\u00f6r det till det perfekta valet f\u00f6r VIP-evenemang, teknikkonferenser och f\u00f6retagsanv\u00e4ndning p\u00e5 h\u00f6g niv\u00e5.<\/p>\n<p data-path-to-node=\"12\">Det 90 cm l\u00e5nga bandet \u00e4r tillverkat av robust, h\u00f6gkvalitativ polyester, vilket garanterar h\u00e5llbarhet f\u00f6r dagligt bruk. Vi trycker din anpassade design p\u00e5 ena sidan av bandet, vilket ger exakta signaler. <b>Pantone-f\u00e4rgmatchning<\/b> eller fullf\u00e4rgsfunktioner f\u00f6r att s\u00e4kerst\u00e4lla att din logotyp sticker ut med en modern, arkitektonisk effekt. Till skillnad fr\u00e5n traditionella tryck som kan slitas ner \u00e4r den upph\u00f6jda silikonstrukturen slitstark och beh\u00e5ller sitt exklusiva utseende \u00f6ver tid.<\/p>\n<p data-path-to-node=\"13\">Varje enhet levereras med en robust <b>metallkarbinhake<\/b> som standard, vilket f\u00f6rst\u00e4rker produktens h\u00f6gkvalitativa k\u00e4nsla. Oavsett om den anv\u00e4nds f\u00f6r att h\u00e5lla s\u00e4kra passerkort eller kraftiga nyckelsatser, kombinerar denna nyckelband funktionell styrka med ett unikt visuellt och taktilt utseende som f\u00e5r ditt varum\u00e4rke att synas.<\/p>\n<p data-path-to-node=\"14\"><b>Viktiga funktioner:<\/b><\/p>\n<ul data-path-to-node=\"15\">\n<li>\n<p data-path-to-node=\"15,0,0\"><b>F\u00f6rb\u00e4ttrad 3D-teknik:<\/b> Logotyperna \u00e4r tryckta i h\u00f6gdensitetssilikon f\u00f6r en taktil, &quot;pr\u00e4glad&quot; effekt.<\/p>\n<\/li>\n<li>\n<p data-path-to-node=\"15,1,0\"><b>Premiumgrafik:<\/b> Ger djup och en lyxig k\u00e4nsla, perfekt f\u00f6r att framh\u00e4va VIP-personer eller personal.<\/p>\n<\/li>\n<li>\n<p data-path-to-node=\"15,2,0\"><b>Anpassning:<\/b> Fullst\u00e4ndig Pantone-matchning tillg\u00e4nglig f\u00f6r det upph\u00f6jda trycklagret.<\/p>\n<\/li>\n<li>\n<p data-path-to-node=\"15,3,0\"><b>Varaktighet:<\/b> Polyesterremmen och silikontrycket \u00e4r utformade f\u00f6r l\u00e5ngvarig daglig anv\u00e4ndning.<\/p>\n<\/li>\n<li>\n<p data-path-to-node=\"15,4,0\"><b>H\u00e5rdvara:<\/b> Inkluderar en kraftig metallkarbinhake; andra tillbeh\u00f6r finns tillg\u00e4ngliga p\u00e5 beg\u00e4ran.<\/p>\n<\/li>\n<\/ul>\n<\/div>\n<\/div>\n<\/div>\n<\/div>","protected":false},"excerpt":{"rendered":"<ul>\n<li>\n<p data-path-to-node=\"9,0,0\"><b>Taktil varum\u00e4rkesbyggande:<\/b> Innovativt h\u00f6gdensitetstryck skapar en upph\u00f6jd 3D-logotypeffekt som du kan k\u00e4nna.<\/p>\n<\/li>\n<li>\n<p data-path-to-node=\"9,1,0\"><b>Premium-estetik:<\/b> Erbjuder ett sofistikerat, modernt utseende som \u00f6vertr\u00e4ffar vanlig plattsk\u00e4rmsutskrift.<\/p>\n<\/li>\n<li>\n<p data-path-to-node=\"9,2,0\"><b>H\u00e5llbar finish:<\/b> Det silikonbaserade 3D-utskriften \u00e4r mycket motst\u00e5ndskraftig mot slitage, tv\u00e4tt och blekning.<\/p>\n<\/li>\n<li>\n<p data-path-to-node=\"9,3,0\"><b>F\u00f6retagsidentitet:<\/b> Finns med Pantone-matchade f\u00e4rger p\u00e5 ett slitstarkt 90 cm polyesterband.<\/p>\n<\/li>\n<li><\/li>\n<\/ul>","protected":false},"featured_media":6826,"comment_status":"closed","ping_status":"closed","template":"","meta":[],"product_brand":[],"product_cat":[104],"product_tag":[],"class_list":{"0":"post-1263","1":"product","2":"type-product","3":"status-publish","4":"has-post-thumbnail","6":"product_cat-custom-printed-lanyards","8":"first","9":"instock","10":"shipping-taxable","11":"purchasable","12":"product-type-simple"},"_links":{"self":[{"href":"https:\/\/displayproducts.eu\/sv\/wp-json\/wp\/v2\/product\/1263","targetHints":{"allow":["GET"]}}],"collection":[{"href":"https:\/\/displayproducts.eu\/sv\/wp-json\/wp\/v2\/product"}],"about":[{"href":"https:\/\/displayproducts.eu\/sv\/wp-json\/wp\/v2\/types\/product"}],"replies":[{"embeddable":true,"href":"https:\/\/displayproducts.eu\/sv\/wp-json\/wp\/v2\/comments?post=1263"}],"wp:featuredmedia":[{"embeddable":true,"href":"https:\/\/displayproducts.eu\/sv\/wp-json\/wp\/v2\/media\/6826"}],"wp:attachment":[{"href":"https:\/\/displayproducts.eu\/sv\/wp-json\/wp\/v2\/media?parent=1263"}],"wp:term":[{"taxonomy":"product_brand","embeddable":true,"href":"https:\/\/displayproducts.eu\/sv\/wp-json\/wp\/v2\/product_brand?post=1263"},{"taxonomy":"product_cat","embeddable":true,"href":"https:\/\/displayproducts.eu\/sv\/wp-json\/wp\/v2\/product_cat?post=1263"},{"taxonomy":"product_tag","embeddable":true,"href":"https:\/\/displayproducts.eu\/sv\/wp-json\/wp\/v2\/product_tag?post=1263"}],"curies":[{"name":"wp","href":"https:\/\/api.w.org\/{rel}","templated":true}]}}