{"id":1259,"date":"2024-10-27T11:54:13","date_gmt":"2024-10-27T08:54:13","guid":{"rendered":"https:\/\/wristbandfactory.eu\/toode\/recycled-pet-sublimation-lanyards\/"},"modified":"2026-04-01T21:52:36","modified_gmt":"2026-04-01T18:52:36","slug":"eco-friendly-rpet-lanyards-full-color-sublimation","status":"publish","type":"product","link":"https:\/\/displayproducts.eu\/sv\/p\/eco-friendly-rpet-lanyards-full-color-sublimation\/","title":{"rendered":"Milj\u00f6v\u00e4nliga nyckelband i \u00e5tervunnen PET (sublimering)"},"content":{"rendered":"<div class=\"mx-12 md:mx-24 lg:mx-48\">\n<div class=\"container my-8 svelte-zlsknf\">\n<div class=\"my-24 rounded-lg border-0 border-gray-700 bg-gray-100 px-16 py-24\">\n<div class=\"mt-11 !text-gray-500\">\n<p data-path-to-node=\"11\">Visa ditt varum\u00e4rkes engagemang f\u00f6r h\u00e5llbarhet utan att offra en visuell identitet med h\u00f6g slagkraft. <b>Milj\u00f6v\u00e4nliga rPET-sublimeringsband<\/b> \u00e4r det fr\u00e4msta valet f\u00f6r milj\u00f6medvetna organisationer, gr\u00f6na konferenser och festivaler som vill minska sitt koldioxidavtryck.<\/p>\n<p data-path-to-node=\"12\"><span data-path-to-node=\"12,1\"><span class=\"citation-171\">Tillverkade av 100% \u00e5tervunnen PET (rPET) \u00e5teranv\u00e4nder dessa nyckelband plastavfall fr\u00e5n konsumenter till ett h\u00f6gkvalitativt, h\u00e5llbart textilband.<\/span><\/span><span data-path-to-node=\"12,3\">. Trots att materialet \u00e4r \u00e5tervunnet har det en anm\u00e4rkningsv\u00e4rt fin v\u00e4v som ger en sl\u00e4t och h\u00f6gkvalitativ duk. Denna yta \u00e4r speciellt framtagen f\u00f6r <b>f\u00e4rgsublimeringstryck<\/b>, vilket m\u00f6jligg\u00f6r fantastiska, fotorealistiska m\u00f6nster p\u00e5 en eller b\u00e5da sidor. Till skillnad fr\u00e5n screentryck f\u00e4rgar sublimering tygfibrerna direkt, vilket s\u00e4kerst\u00e4ller att komplexa logotyper, detaljerade bilder och livfulla gradienter inte spricker, bleknar eller flagnar med tiden.<\/span><\/p>\n<p data-path-to-node=\"13\"><span data-path-to-node=\"13,1\"><span class=\"citation-170\">Varje nyckelband levereras med en h\u00e5llbar <\/span><b><span class=\"citation-170\">metallkarbinhake<\/span><\/b><span class=\"citation-170\"> som standard, med s\u00e4ker f\u00e4stning f\u00f6r ID-kort och passerkort<\/span><\/span><span data-path-to-node=\"13,3\">. <\/span><span data-path-to-node=\"13,5\"><span class=\"citation-169\">F\u00f6r f\u00f6retagsmilj\u00f6er eller storskaliga evenemang d\u00e4r efterlevnad av h\u00e4lsa och s\u00e4kerhet \u00e4r en prioritet rekommenderar vi starkt att du l\u00e4gger till det valfria alternativet <\/span><b><span class=\"citation-169\">s\u00e4kerhetskl\u00e4mma<\/span><\/b><\/span><span data-path-to-node=\"13,7\">, som lossar sn\u00f6ret om man drar kraftigt i det.<\/span><\/p>\n<p data-path-to-node=\"14\"><b>Viktiga funktioner:<\/b><\/p>\n<ul data-path-to-node=\"15\">\n<li>\n<p data-path-to-node=\"15,0,0\"><b>Milj\u00f6v\u00e4nligt material:<\/b> Tillverkad av 100% \u00e5tervunnen PET (rPET) utvunnen fr\u00e5n \u00e5tervunnen plast.<\/p>\n<\/li>\n<li>\n<p data-path-to-node=\"15,1,0\"><b>Sublimering i fullf\u00e4rg:<\/b> M\u00f6jligg\u00f6r livfull, blekningsbest\u00e4ndig och fotorealistisk grafik p\u00e5 en eller tv\u00e5 sidor.<\/p>\n<\/li>\n<li>\n<p data-path-to-node=\"15,2,0\"><b>Komfortpassform:<\/b> 90 cm reml\u00e4ngd med mjuk yta f\u00f6r bekv\u00e4m anv\u00e4ndning hela dagen.<\/p>\n<\/li>\n<li>\n<p data-path-to-node=\"15,3,0\"><b>S\u00e4kerhetsalternativ:<\/b> Tillvalsf\u00e4ste f\u00f6r \u00f6kad anv\u00e4ndars\u00e4kerhet i aktiva milj\u00f6er.<\/p>\n<\/li>\n<li>\n<p data-path-to-node=\"15,4,0\"><b>M\u00e5ngsidig h\u00e5rdvara:<\/b> Levereras med en robust metallkarbinhake; andra kl\u00e4mmor finns tillg\u00e4ngliga p\u00e5 beg\u00e4ran.<\/p>\n<\/li>\n<\/ul>\n<\/div>\n<\/div>\n<\/div>\n<\/div>","protected":false},"excerpt":{"rendered":"<ul>\n<li>\n<p data-path-to-node=\"9,0,0\"><b>Certifierad h\u00e5llbarhet:<\/b> Tillverkad av 100% \u00e5tervunna plastflaskor (rPET), vilket minskar milj\u00f6p\u00e5verkan.<\/p>\n<\/li>\n<li>\n<p data-path-to-node=\"9,1,0\"><b>H\u00f6guppl\u00f6st varum\u00e4rkesbyggande:<\/b> Den sl\u00e4ta ytan m\u00f6jligg\u00f6r sublimeringsutskrift i fullf\u00e4rg fr\u00e5n kant till kant.<\/p>\n<\/li>\n<li>\n<p data-path-to-node=\"9,2,0\"><b>Komplexa m\u00f6nster:<\/b> Perfekt f\u00f6r invecklade logotyper, gradienter och fotografiska bilder.<\/p>\n<\/li>\n<li>\n<p data-path-to-node=\"9,3,0\"><b>S\u00e4kerhet och nytta:<\/b> Inkluderar en standardkarbinhake i metall; s\u00e4kerhetssp\u00e4nne finns som tillval f\u00f6r att uppfylla kraven.<\/p>\n<\/li>\n<li><\/li>\n<\/ul>","protected":false},"featured_media":6833,"comment_status":"closed","ping_status":"closed","template":"","meta":[],"product_brand":[],"product_cat":[43,104,106],"product_tag":[],"class_list":{"0":"post-1259","1":"product","2":"type-product","3":"status-publish","4":"has-post-thumbnail","6":"product_cat-lanyards","7":"product_cat-custom-printed-lanyards","8":"product_cat-breakaway-lanyards","10":"first","11":"instock","12":"shipping-taxable","13":"purchasable","14":"product-type-simple"},"_links":{"self":[{"href":"https:\/\/displayproducts.eu\/sv\/wp-json\/wp\/v2\/product\/1259","targetHints":{"allow":["GET"]}}],"collection":[{"href":"https:\/\/displayproducts.eu\/sv\/wp-json\/wp\/v2\/product"}],"about":[{"href":"https:\/\/displayproducts.eu\/sv\/wp-json\/wp\/v2\/types\/product"}],"replies":[{"embeddable":true,"href":"https:\/\/displayproducts.eu\/sv\/wp-json\/wp\/v2\/comments?post=1259"}],"wp:featuredmedia":[{"embeddable":true,"href":"https:\/\/displayproducts.eu\/sv\/wp-json\/wp\/v2\/media\/6833"}],"wp:attachment":[{"href":"https:\/\/displayproducts.eu\/sv\/wp-json\/wp\/v2\/media?parent=1259"}],"wp:term":[{"taxonomy":"product_brand","embeddable":true,"href":"https:\/\/displayproducts.eu\/sv\/wp-json\/wp\/v2\/product_brand?post=1259"},{"taxonomy":"product_cat","embeddable":true,"href":"https:\/\/displayproducts.eu\/sv\/wp-json\/wp\/v2\/product_cat?post=1259"},{"taxonomy":"product_tag","embeddable":true,"href":"https:\/\/displayproducts.eu\/sv\/wp-json\/wp\/v2\/product_tag?post=1259"}],"curies":[{"name":"wp","href":"https:\/\/api.w.org\/{rel}","templated":true}]}}