{"id":1256,"date":"2024-10-27T11:54:13","date_gmt":"2024-10-27T08:54:13","guid":{"rendered":"https:\/\/wristbandfactory.eu\/toode\/cork-lanyards\/"},"modified":"2026-04-01T21:52:36","modified_gmt":"2026-04-01T18:52:36","slug":"printed-cork-lanyards","status":"publish","type":"product","link":"https:\/\/displayproducts.eu\/sv\/p\/printed-cork-lanyards\/","title":{"rendered":"Nyckelband i kork med tryck (Naturmaterial)"},"content":{"rendered":"<div class=\"mx-12 md:mx-24 lg:mx-48\">\n<div class=\"container my-8 svelte-zlsknf\">\n<div class=\"my-24 rounded-lg border-0 border-gray-700 bg-gray-100 px-16 py-24\">\n<div class=\"mt-11 !text-gray-500\">\n<p data-path-to-node=\"11\">G\u00f6r ett ansvarsfullt och elegant uttalande p\u00e5 din n\u00e4sta konferens eller m\u00e4ssa med v\u00e5r <b>Tryckta korkband<\/b>. Detta nyckelband \u00e4r den perfekta l\u00f6sningen f\u00f6r milj\u00f6medvetna organisationer som vill kombinera h\u00e5llbara material med professionell varum\u00e4rkesbyggande och erbjuder ett sofistikerat alternativ till syntetfibrer.<\/p>\n<p data-path-to-node=\"12\">Tillverkad av <b>\u00e4kta, naturlig kork<\/b>, detta 90 cm l\u00e5nga sn\u00f6re erbjuder en unik, h\u00f6gkvalitativ k\u00e4nsla som \u00e4r omedelbart igenk\u00e4nnbar. Materialet utvinns fr\u00e5n barken fr\u00e5n korkekar utan att skada sj\u00e4lva tr\u00e4det, vilket g\u00f6r det till en verkligt f\u00f6rnybar resurs. Ut\u00f6ver sina milj\u00f6egenskaper \u00e4r kork naturligt h\u00e5llbar, vattenavvisande och hypoallergen, vilket garanterar komfort f\u00f6r dagligt bruk.<\/p>\n<p data-path-to-node=\"13\">Vi kan <b>specialtryck din logotyp<\/b> p\u00e5 en eller tv\u00e5 sidor av remmen. Kork har en naturlig textur, men v\u00e5r avancerade screentrycksprocess s\u00e4kerst\u00e4ller att din design f\u00f6rblir l\u00e4sbar och f\u00e4rgkorrekt (med hj\u00e4lp av <b>Pantone-matchning<\/b>Korkens naturliga bruna f\u00e4rg ger en vacker, neutral bakgrund som f\u00e5r m\u00f6rka logotyper att framtr\u00e4da. Varje nyckelband levereras som standard med en p\u00e5litlig <b>metallkarbinhake<\/b>, vilket ger en s\u00e4ker f\u00e4stning f\u00f6r evenemangskort eller ID-brickor.<\/p>\n<p data-path-to-node=\"14\"><b>Viktiga funktioner:<\/b><\/p>\n<ul data-path-to-node=\"15\">\n<li>\n<p data-path-to-node=\"15,0,0\"><b>Material:<\/b> \u00c4kta naturlig kork (f\u00f6rnybar och biologiskt nedbrytbar).<\/p>\n<\/li>\n<li>\n<p data-path-to-node=\"15,1,0\"><b>Visuell p\u00e5verkan:<\/b> Unik tr\u00e4\u00e5dringsstruktur f\u00f6rmedlar &quot;Premium Eco&quot;.<\/p>\n<\/li>\n<li>\n<p data-path-to-node=\"15,2,0\"><b>Utskrift:<\/b> Silkscreentryck med Pantone-precision p\u00e5 1 eller 2 sidor.<\/p>\n<\/li>\n<li>\n<p data-path-to-node=\"15,3,0\"><b>Varaktighet:<\/b> Naturligt vattenbest\u00e4ndig och tillr\u00e4ckligt t\u00e5lig f\u00f6r l\u00e5ngvarig anv\u00e4ndning.<\/p>\n<\/li>\n<li>\n<p data-path-to-node=\"15,4,0\"><b>H\u00e5rdvara:<\/b> Inkluderar en robust metallkarbinhake; andra kl\u00e4mmalternativ finns tillg\u00e4ngliga.<\/p>\n<\/li>\n<li>\n<p data-path-to-node=\"15,5,0\"><b>Bekv\u00e4mlighet:<\/b> L\u00e4tt och mjuk mot huden.<\/p>\n<\/li>\n<\/ul>\n<\/div>\n<\/div>\n<\/div>\n<\/div>","protected":false},"excerpt":{"rendered":"<ul>\n<li>\n<p data-path-to-node=\"9,0,0\"><b>Distinkt estetik:<\/b> Korkens naturliga tr\u00e4liknande struktur skapar ett unikt och exklusivt utseende som sticker ut fr\u00e5n vanliga nyckelband.<\/p>\n<\/li>\n<li>\n<p data-path-to-node=\"9,1,0\"><b>Certifierad h\u00e5llbar:<\/b> Tillverkad av \u00e4kta f\u00f6rnybar kork, vilket visar p\u00e5 ett starkt engagemang f\u00f6r milj\u00f6ansvar.<\/p>\n<\/li>\n<li>\n<p data-path-to-node=\"9,2,0\"><b>Anpassad varum\u00e4rkesbyggande:<\/b> Trots den texturerade ytan erbjuder vi tydlig screentryckning med Pantone-f\u00e4rgmatchning p\u00e5 1 eller 2 sidor.<\/p>\n<\/li>\n<li>\n<p data-path-to-node=\"9,3,0\"><b>Slitstark och vattent\u00e5lig:<\/b> Kork \u00e4r naturligt robust och fuktbest\u00e4ndigt, vilket g\u00f6r det idealiskt f\u00f6r flerdagarsevenemang.<\/p>\n<\/li>\n<\/ul>","protected":false},"featured_media":6730,"comment_status":"closed","ping_status":"closed","template":"","meta":[],"product_brand":[],"product_cat":[43,107],"product_tag":[],"class_list":{"0":"post-1256","1":"product","2":"type-product","3":"status-publish","4":"has-post-thumbnail","6":"product_cat-lanyards","7":"product_cat-eco-friendly-lanyards","9":"first","10":"instock","11":"shipping-taxable","12":"purchasable","13":"product-type-simple"},"_links":{"self":[{"href":"https:\/\/displayproducts.eu\/sv\/wp-json\/wp\/v2\/product\/1256","targetHints":{"allow":["GET"]}}],"collection":[{"href":"https:\/\/displayproducts.eu\/sv\/wp-json\/wp\/v2\/product"}],"about":[{"href":"https:\/\/displayproducts.eu\/sv\/wp-json\/wp\/v2\/types\/product"}],"replies":[{"embeddable":true,"href":"https:\/\/displayproducts.eu\/sv\/wp-json\/wp\/v2\/comments?post=1256"}],"wp:featuredmedia":[{"embeddable":true,"href":"https:\/\/displayproducts.eu\/sv\/wp-json\/wp\/v2\/media\/6730"}],"wp:attachment":[{"href":"https:\/\/displayproducts.eu\/sv\/wp-json\/wp\/v2\/media?parent=1256"}],"wp:term":[{"taxonomy":"product_brand","embeddable":true,"href":"https:\/\/displayproducts.eu\/sv\/wp-json\/wp\/v2\/product_brand?post=1256"},{"taxonomy":"product_cat","embeddable":true,"href":"https:\/\/displayproducts.eu\/sv\/wp-json\/wp\/v2\/product_cat?post=1256"},{"taxonomy":"product_tag","embeddable":true,"href":"https:\/\/displayproducts.eu\/sv\/wp-json\/wp\/v2\/product_tag?post=1256"}],"curies":[{"name":"wp","href":"https:\/\/api.w.org\/{rel}","templated":true}]}}