{"id":1253,"date":"2024-10-27T11:54:13","date_gmt":"2024-10-27T08:54:13","guid":{"rendered":"https:\/\/wristbandfactory.eu\/toode\/sublimation-lanyards-with-2-metal-hooks\/"},"modified":"2026-04-01T21:52:36","modified_gmt":"2026-04-01T18:52:36","slug":"dual-hook-sublimation-lanyards","status":"publish","type":"product","link":"https:\/\/displayproducts.eu\/sv\/p\/dual-hook-sublimation-lanyards\/","title":{"rendered":"Sublimeringsband med dubbla krokar"},"content":{"rendered":"<div class=\"mx-12 md:mx-24 lg:mx-48\">\n<div class=\"container my-8 svelte-zlsknf\">\n<div class=\"my-24 rounded-lg border-0 border-gray-700 bg-gray-100 px-16 py-24\">\n<div class=\"mt-11 !text-gray-500\">\n<p>Se till att ditt varum\u00e4rke och dina evenemangsreferenser alltid \u00e4r i fokus med v\u00e5r <b>Sublimeringsband med dubbla krokar<\/b>. Denna premium-lanyard \u00e4r den professionella l\u00f6sningen f\u00f6r att hantera st\u00f6rre evenemangsbrickor eller ID-innehavare, med tv\u00e5 f\u00e4stpunkter f\u00f6r att f\u00f6rhindra att de snurrar eller v\u00e4nder.<\/p>\n<p>Tillverkad av ett fint 90 cm polyesterband, ger detta nyckelband en sl\u00e4t duk f\u00f6r v\u00e5r avancerade f\u00e4rgsublimeringstryckning. Denna process m\u00f6jligg\u00f6r obegr\u00e4nsade, fotorealistiska designer, inklusive komplexa logotyper, gradienter och bilder i fullf\u00e4rg p\u00e5 en eller b\u00e5da sidor. Resultatet \u00e4r en livfull, blekningsbest\u00e4ndig finish som inte spricker eller flagnar.<\/p>\n<p>De dubbla metallkarbinerna \u00e4r idealiska f\u00f6r konferenser, m\u00e4ssor och f\u00f6retagsevenemang och ger ett stabilt och s\u00e4kert grepp f\u00f6r alla ID-innehavare med tv\u00e5 h\u00e5l. Som anges i kategorierna finns denna lanyard med ett s\u00e4kerhetskl\u00e4mma f\u00f6r \u00f6kad anv\u00e4ndars\u00e4kerhet i hektiska milj\u00f6er.<\/p>\n<p><b>Viktiga funktioner:<\/b><\/p>\n<ul>\n<li><b>Dubbelkrokdesign:<\/b> Har tv\u00e5 metallkarbinhakar f\u00f6r att h\u00e5lla stora ID-brickor eller evenemangskort s\u00e4kra och v\u00e4nda fram\u00e5t.<\/li>\n<li><b>Sublimering i fullf\u00e4rg:<\/b> Erbjuder livfull, fotorealistisk utskrift f\u00f6r komplexa logotyper och gradienter p\u00e5 en eller tv\u00e5 sidor.<\/li>\n<li><b>Slitstark 90 cm polyester:<\/b> En bekv\u00e4m, fin polyesterrem designad f\u00f6r heldagsbruk vid evenemang som str\u00e4cker sig \u00f6ver flera dagar.<\/li>\n<li><b>S\u00e4kerhetsbrytningsalternativ:<\/b> Finns med ett brytbart kl\u00e4mma, en viktig s\u00e4kerhetsfunktion f\u00f6r f\u00f6retagsmilj\u00f6er.<\/li>\n<li><b>M\u00e5ngsidiga tillbeh\u00f6r:<\/b> Levereras som standard med tv\u00e5 metallkarbinhakar, med andra kl\u00e4mmalternativ tillg\u00e4ngliga.<\/li>\n<\/ul>\n<\/div>\n<\/div>\n<\/div>\n<\/div>","protected":false},"excerpt":{"rendered":"<ul>\n<li>F\u00f6rhindra att m\u00e4rket snurrar med en s\u00e4ker design med dubbla krokar (2x metallkarbinhakar).<\/li>\n<li>Visa upp ditt varum\u00e4rke med livfull sublimering i fullf\u00e4rg (1 eller 2 sidor).<\/li>\n<li>Slitstarkt 90 cm fint polyesterband, perfekt f\u00f6r konferenser som str\u00e4cker sig \u00f6ver flera dagar.<\/li>\n<li>Finns med ett valfritt s\u00e4kerhetskl\u00e4mma f\u00f6r \u00f6kad anv\u00e4ndars\u00e4kerhet.<\/li>\n<\/ul>","protected":false},"featured_media":6694,"comment_status":"closed","ping_status":"closed","template":"","meta":[],"product_brand":[],"product_cat":[43,106],"product_tag":[],"class_list":{"0":"post-1253","1":"product","2":"type-product","3":"status-publish","4":"has-post-thumbnail","6":"product_cat-lanyards","7":"product_cat-breakaway-lanyards","9":"first","10":"instock","11":"shipping-taxable","12":"purchasable","13":"product-type-simple"},"_links":{"self":[{"href":"https:\/\/displayproducts.eu\/sv\/wp-json\/wp\/v2\/product\/1253","targetHints":{"allow":["GET"]}}],"collection":[{"href":"https:\/\/displayproducts.eu\/sv\/wp-json\/wp\/v2\/product"}],"about":[{"href":"https:\/\/displayproducts.eu\/sv\/wp-json\/wp\/v2\/types\/product"}],"replies":[{"embeddable":true,"href":"https:\/\/displayproducts.eu\/sv\/wp-json\/wp\/v2\/comments?post=1253"}],"wp:featuredmedia":[{"embeddable":true,"href":"https:\/\/displayproducts.eu\/sv\/wp-json\/wp\/v2\/media\/6694"}],"wp:attachment":[{"href":"https:\/\/displayproducts.eu\/sv\/wp-json\/wp\/v2\/media?parent=1253"}],"wp:term":[{"taxonomy":"product_brand","embeddable":true,"href":"https:\/\/displayproducts.eu\/sv\/wp-json\/wp\/v2\/product_brand?post=1253"},{"taxonomy":"product_cat","embeddable":true,"href":"https:\/\/displayproducts.eu\/sv\/wp-json\/wp\/v2\/product_cat?post=1253"},{"taxonomy":"product_tag","embeddable":true,"href":"https:\/\/displayproducts.eu\/sv\/wp-json\/wp\/v2\/product_tag?post=1253"}],"curies":[{"name":"wp","href":"https:\/\/api.w.org\/{rel}","templated":true}]}}