{"id":1243,"date":"2024-10-27T11:54:13","date_gmt":"2024-10-27T08:54:13","guid":{"rendered":"https:\/\/wristbandfactory.eu\/toode\/seed-paper-lanyard\/"},"modified":"2026-04-01T21:52:36","modified_gmt":"2026-04-01T18:52:36","slug":"seed-paper-lanyards","status":"publish","type":"product","link":"https:\/\/displayproducts.eu\/sv\/p\/seed-paper-lanyards\/","title":{"rendered":"Nyckelband av fr\u00f6papper (Planterbar)"},"content":{"rendered":"<p data-path-to-node=\"11\">G\u00f6r ett best\u00e5ende milj\u00f6uttalande p\u00e5 ditt n\u00e4sta evenemang, utst\u00e4llning eller festival med v\u00e5ra innovativa <b>Pappersnyckelband<\/b>. Dessa nyckelband \u00e4r utformade f\u00f6r att ge ett nytt, gr\u00f6nt syfte \u00e5t en traditionellt eng\u00e5ngsprodukt och erbjuder ett unikt s\u00e4tt att visa din organisations engagemang f\u00f6r f\u00f6rnyelse och h\u00e5llbarhet.<\/p>\n<p data-path-to-node=\"12\">Ist\u00e4llet f\u00f6r att sl\u00e4nga sn\u00f6ret efter evenemanget uppmanas deltagarna att plantera det direkt i jorden. Med tiden bryts det biologiskt nedbrytbara pappret ner och de inb\u00e4ddade fr\u00f6na blommar ut till en vacker blandning av <b>vildblommor<\/b>. Detta skapar en positiv, levande p\u00e5minnelse om ert varum\u00e4rke och budskap l\u00e5ngt efter att konferensd\u00f6rrarna har st\u00e4ngts.<\/p>\n<p data-path-to-node=\"13\">Varje nyckelband \u00e4r tillverkat i Europa fr\u00e5n <b>80 g\/m\u00b2 fr\u00f6papper<\/b>. \u00c4ven om den \u00e4r \u00f6mt\u00e5lig \u00e4r den perfekt f\u00f6r endagsevenemang, VIP-pass eller exklusiva inbjudningar. Din design i fullf\u00e4rg kan tryckas p\u00e5 ena sidan. F\u00f6r att st\u00f6dja produktens milj\u00f6medvetna natur och s\u00e4kerst\u00e4lla b\u00e4sta m\u00f6jliga groningsgrad rekommenderar vi designer som t\u00e4cker mindre \u00e4n 50% av ytan (vilket ocks\u00e5 ger en kostnadsf\u00f6rdel).<\/p>\n<p data-path-to-node=\"14\"><b>Viktiga funktioner:<\/b><\/p>\n<ul data-path-to-node=\"15\">\n<li>\n<p data-path-to-node=\"15,0,0\"><b>Material:<\/b> 80 g\/m\u00b2 biologiskt nedbrytbart papper inb\u00e4ddat med en blandning av vildblomsfr\u00f6n.<\/p>\n<\/li>\n<li>\n<p data-path-to-node=\"15,1,0\"><b>Anv\u00e4ndning efter evenemanget:<\/b> Helt planteringsbar; f\u00f6rvandlar avfall till en vildblomstr\u00e4dg\u00e5rd.<\/p>\n<\/li>\n<li>\n<p data-path-to-node=\"15,2,0\"><b>Utskrift:<\/b> Enkelsidigt tryck i fullf\u00e4rg (milj\u00f6v\u00e4nlig l\u00e5g bl\u00e4ckt\u00e4ckning rekommenderas).<\/p>\n<\/li>\n<li>\n<p data-path-to-node=\"15,3,0\"><b>M\u00e5tt:<\/b> Standardstorlek 90 x 20 mm (ungef\u00e4r).<\/p>\n<\/li>\n<li>\n<p data-path-to-node=\"15,4,0\"><b>Ursprung:<\/b> Tillverkad i Europa f\u00f6r ett l\u00e4gre koldioxidavtryck.<\/p>\n<\/li>\n<li>\n<p data-path-to-node=\"15,5,0\"><b>Anv\u00e4ndningsfall:<\/b> Perfekt f\u00f6r kortvariga evenemang, produktlanseringar och gr\u00f6na br\u00f6llop.<\/p>\n<\/li>\n<\/ul>","protected":false},"excerpt":{"rendered":"<ul data-path-to-node=\"9\">\n<li>\n<p data-path-to-node=\"9,0,0\"><b>Planterbar varum\u00e4rkesbyggande:<\/b> Snodden inneh\u00e5ller en blandning av vildblomsfr\u00f6n som blommar n\u00e4r de planteras i jord efter evenemanget.<\/p>\n<\/li>\n<li>\n<p data-path-to-node=\"9,1,0\"><b>Noll avfallscykel:<\/b> En helt biologiskt nedbrytbar produkt som inte l\u00e4mnar n\u00e5got skr\u00e4p efter sig, bara blommor.<\/p>\n<\/li>\n<li>\n<p data-path-to-node=\"9,2,0\"><b>Ekodesign:<\/b> Utskriften \u00e4r optimerad f\u00f6r minimal bl\u00e4ckanv\u00e4ndning (&lt;50% t\u00e4ckning rekommenderas) f\u00f6r att s\u00e4kerst\u00e4lla fr\u00f6ets livskraft.<\/p>\n<\/li>\n<li>\n<p data-path-to-node=\"9,3,0\"><b>Tillverkad i Europa:<\/b> Producerad lokalt med 80 g\/m\u00b2 papper f\u00f6r att minimera transportutsl\u00e4pp.<\/p>\n<\/li>\n<\/ul>","protected":false},"featured_media":6780,"comment_status":"closed","ping_status":"closed","template":"","meta":[],"product_brand":[],"product_cat":[43,107],"product_tag":[],"class_list":{"0":"post-1243","1":"product","2":"type-product","3":"status-publish","4":"has-post-thumbnail","6":"product_cat-lanyards","7":"product_cat-eco-friendly-lanyards","9":"first","10":"instock","11":"shipping-taxable","12":"purchasable","13":"product-type-simple"},"_links":{"self":[{"href":"https:\/\/displayproducts.eu\/sv\/wp-json\/wp\/v2\/product\/1243","targetHints":{"allow":["GET"]}}],"collection":[{"href":"https:\/\/displayproducts.eu\/sv\/wp-json\/wp\/v2\/product"}],"about":[{"href":"https:\/\/displayproducts.eu\/sv\/wp-json\/wp\/v2\/types\/product"}],"replies":[{"embeddable":true,"href":"https:\/\/displayproducts.eu\/sv\/wp-json\/wp\/v2\/comments?post=1243"}],"wp:featuredmedia":[{"embeddable":true,"href":"https:\/\/displayproducts.eu\/sv\/wp-json\/wp\/v2\/media\/6780"}],"wp:attachment":[{"href":"https:\/\/displayproducts.eu\/sv\/wp-json\/wp\/v2\/media?parent=1243"}],"wp:term":[{"taxonomy":"product_brand","embeddable":true,"href":"https:\/\/displayproducts.eu\/sv\/wp-json\/wp\/v2\/product_brand?post=1243"},{"taxonomy":"product_cat","embeddable":true,"href":"https:\/\/displayproducts.eu\/sv\/wp-json\/wp\/v2\/product_cat?post=1243"},{"taxonomy":"product_tag","embeddable":true,"href":"https:\/\/displayproducts.eu\/sv\/wp-json\/wp\/v2\/product_tag?post=1243"}],"curies":[{"name":"wp","href":"https:\/\/api.w.org\/{rel}","templated":true}]}}