{"id":1242,"date":"2024-10-27T11:54:14","date_gmt":"2024-10-27T08:54:14","guid":{"rendered":"https:\/\/wristbandfactory.eu\/toode\/corn-lanyards\/"},"modified":"2026-04-01T21:52:36","modified_gmt":"2026-04-01T18:52:36","slug":"printed-eco-corn-lanyards","status":"publish","type":"product","link":"https:\/\/displayproducts.eu\/sv\/p\/printed-eco-corn-lanyards\/","title":{"rendered":"Nyckelband av majsst\u00e4rkelse (Nedbrytbar PLA)"},"content":{"rendered":"<div class=\"mx-12 md:mx-24 lg:mx-48\">\n<div class=\"container my-8 svelte-zlsknf\">\n<div class=\"my-24 rounded-lg border-0 border-gray-700 bg-gray-100 px-16 py-24\">\n<div class=\"mt-11 !text-gray-500\">\n<p data-path-to-node=\"11\">Visa genuint milj\u00f6ledarskap med v\u00e5r <b>Tryckta ekologiska majsband<\/b>. Till skillnad fr\u00e5n traditionella syntetiska nyckelband som \u00e4r framst\u00e4llda av petroleum, \u00e4r dessa innovativa identifieringsremmar tillverkade av <b>100% Majsst\u00e4rkelse (PLA)<\/b> fiber. Detta g\u00f6r dem till en helt biologiskt nedbrytbar och v\u00e4xtbaserad l\u00f6sning, perfekt f\u00f6r fram\u00e5tt\u00e4nkande organisationer och h\u00e5llbara evenemang.<\/p>\n<p data-path-to-node=\"12\">Det som g\u00f6r den h\u00e4r produkten unik \u00e4r dess kompromissl\u00f6sa natur. \u00c4ven om den \u00e4r tillverkad av majs, efterliknar den resulterande PLA-fibern h\u00e5llbarheten, texturen och styrkan hos vanlig polyester. Det betyder att du f\u00e5r en robust och h\u00f6gkvalitativ lanyard som t\u00e5l flerdagarskonferenser, men som \u00e4nd\u00e5 \u00e4r komposterbar i slutet av sin livscykel.<\/p>\n<p data-path-to-node=\"13\">Vi erbjuder professionella <b>screentryck<\/b> p\u00e5 den sl\u00e4ta PLA-ytan, vilket s\u00e4kerst\u00e4ller att din logotyp \u00e5terges exakt i ditt <b>Pantone-m\u00e4rkesf\u00e4rger<\/b>. Oavsett om du beh\u00f6ver enkel- eller dubbelsidig utskrift blir resultatet skarpt och levande. Varje enhet levereras med en standard <b>metallkarbinhake<\/b>, som kombinerar industriell h\u00e5llbarhet med milj\u00f6medvetenhet.<\/p>\n<p data-path-to-node=\"14\"><b>Viktiga funktioner:<\/b><\/p>\n<ul data-path-to-node=\"15\">\n<li>\n<p data-path-to-node=\"15,0,0\"><b>Material:<\/b> 100% Majsst\u00e4rkelsefiber (PLA) \u2013 V\u00e4xtbaserad och biologiskt nedbrytbar.<\/p>\n<\/li>\n<li>\n<p data-path-to-node=\"15,1,0\"><b>Prestanda:<\/b> Slitstark och sl\u00e4t textur liknande traditionell polyester.<\/p>\n<\/li>\n<li>\n<p data-path-to-node=\"15,2,0\"><b>H\u00e5llbarhet:<\/b> Betydligt l\u00e4gre koldioxidavtryck j\u00e4mf\u00f6rt med oljebaserade plaster.<\/p>\n<\/li>\n<li>\n<p data-path-to-node=\"15,3,0\"><b>Utskrift:<\/b> H\u00f6gkvalitativt silkscreentryck med Pantone-f\u00e4rgmatchning.<\/p>\n<\/li>\n<li>\n<p data-path-to-node=\"15,4,0\"><b>H\u00e5rdvara:<\/b> Inkluderar en p\u00e5litlig metallkarbinhake f\u00f6r s\u00e4ker fasts\u00e4ttning av m\u00e4rket.<\/p>\n<\/li>\n<li>\n<p data-path-to-node=\"15,5,0\"><b>Anv\u00e4ndningsfall:<\/b> Perfekt f\u00f6r &quot;gr\u00f6na&quot; konferenser, ekofestivaler och CSR-initiativ.<\/p>\n<\/li>\n<\/ul>\n<\/div>\n<\/div>\n<\/div>\n<\/div>","protected":false},"excerpt":{"rendered":"<ul>\n<li>\n<p data-path-to-node=\"9,0,0\"><b>V\u00e4xtbaserad innovation:<\/b> Tillverkad av 100% majsst\u00e4rkelsefiber (PLA), vilket erbjuder ett helt biologiskt nedbrytbart alternativ till oljebaserade plaster.<\/p>\n<\/li>\n<li>\n<p data-path-to-node=\"9,1,0\"><b>Polyesterliknande prestanda:<\/b> K\u00e4nns och fungerar precis som syntetmaterial \u2013 slitstarkt och sl\u00e4tt \u2013 men \u00e4r helt och h\u00e5llet utvunnet fr\u00e5n v\u00e4xter.<\/p>\n<\/li>\n<li>\n<p data-path-to-node=\"9,2,0\"><b>F\u00f6retagsansvar:<\/b> Det perfekta valet f\u00f6r f\u00f6retag med strikta noll-avfalls- eller koldioxidneutrala policyer.<\/p>\n<\/li>\n<li>\n<p data-path-to-node=\"9,3,0\"><b>Anpassad varum\u00e4rkesbyggande:<\/b> Den sl\u00e4ta ytan m\u00f6jligg\u00f6r skarp, Pantone-matchad screentryckning p\u00e5 en eller tv\u00e5 sidor.<\/p>\n<\/li>\n<\/ul>","protected":false},"featured_media":6736,"comment_status":"closed","ping_status":"closed","template":"","meta":[],"product_brand":[],"product_cat":[104,107],"product_tag":[],"class_list":{"0":"post-1242","1":"product","2":"type-product","3":"status-publish","4":"has-post-thumbnail","6":"product_cat-custom-printed-lanyards","7":"product_cat-eco-friendly-lanyards","9":"first","10":"instock","11":"shipping-taxable","12":"purchasable","13":"product-type-simple"},"_links":{"self":[{"href":"https:\/\/displayproducts.eu\/sv\/wp-json\/wp\/v2\/product\/1242","targetHints":{"allow":["GET"]}}],"collection":[{"href":"https:\/\/displayproducts.eu\/sv\/wp-json\/wp\/v2\/product"}],"about":[{"href":"https:\/\/displayproducts.eu\/sv\/wp-json\/wp\/v2\/types\/product"}],"replies":[{"embeddable":true,"href":"https:\/\/displayproducts.eu\/sv\/wp-json\/wp\/v2\/comments?post=1242"}],"wp:featuredmedia":[{"embeddable":true,"href":"https:\/\/displayproducts.eu\/sv\/wp-json\/wp\/v2\/media\/6736"}],"wp:attachment":[{"href":"https:\/\/displayproducts.eu\/sv\/wp-json\/wp\/v2\/media?parent=1242"}],"wp:term":[{"taxonomy":"product_brand","embeddable":true,"href":"https:\/\/displayproducts.eu\/sv\/wp-json\/wp\/v2\/product_brand?post=1242"},{"taxonomy":"product_cat","embeddable":true,"href":"https:\/\/displayproducts.eu\/sv\/wp-json\/wp\/v2\/product_cat?post=1242"},{"taxonomy":"product_tag","embeddable":true,"href":"https:\/\/displayproducts.eu\/sv\/wp-json\/wp\/v2\/product_tag?post=1242"}],"curies":[{"name":"wp","href":"https:\/\/api.w.org\/{rel}","templated":true}]}}