{"id":1238,"date":"2024-10-27T11:54:14","date_gmt":"2024-10-27T08:54:14","guid":{"rendered":"https:\/\/wristbandfactory.eu\/toode\/standard-shoelace-lanyards\/"},"modified":"2026-04-01T21:52:36","modified_gmt":"2026-04-01T18:52:36","slug":"plain-shoelace-lanyards","status":"publish","type":"product","link":"https:\/\/displayproducts.eu\/sv\/p\/plain-shoelace-lanyards\/","title":{"rendered":"Otryckta runda nyckelband"},"content":{"rendered":"<p>Utrusta ditt team med en praktisk och professionell l\u00f6sning f\u00f6r daglig identifiering. V\u00e5ra runda nyckelband \u00e4r ett kostnadseffektivt och snyggt val f\u00f6r f\u00f6retag och organisationer som beh\u00f6ver ett p\u00e5litligt s\u00e4tt att visa upp personal-ID eller passerkort f\u00f6r evenemang.<\/p>\n<p>Dessa nyckelband har den popul\u00e4ra skosn\u00f6resdesignen, k\u00e4nd f\u00f6r sin bekv\u00e4ma k\u00e4nsla och h\u00e5llbarhet, vilket g\u00f6r dem perfekta f\u00f6r heldagsbruk p\u00e5 konferenser, m\u00e4ssor eller p\u00e5 kontoret. \u00c4ven om de \u00e4r otryckta finns de i en m\u00e4ngd olika f\u00e4rger, vilket g\u00f6r att du enkelt kan matcha dem med ditt f\u00f6retags varum\u00e4rke eller evenemangstema. Varje nyckelband har en robust metallh\u00e5llare f\u00f6r att s\u00e4kert f\u00e4sta valfri ID-h\u00e5llare eller passerkort.<\/p>\n<p><b>Viktiga funktioner:<\/b><\/p>\n<ul>\n<li><b>Klassisk skosn\u00f6redesign:<\/b> Erbjuder en bekv\u00e4m, l\u00e4tt och h\u00e5llbar l\u00f6sning f\u00f6r anv\u00e4ndning hela dagen.<\/li>\n<li><b>Kostnadseffektiv ID-l\u00f6sning:<\/b> Perfekt f\u00f6r bulkbest\u00e4llningar f\u00f6r storskaliga evenemang, konferenser eller daglig personalidentifiering.<\/li>\n<li><b>Flera f\u00e4rgalternativ:<\/b> Finns i ett brett utbud av otryckta f\u00e4rger f\u00f6r att matcha f\u00f6retagets varum\u00e4rke eller kategorisera deltagare.<\/li>\n<li><b>Standard metallkl\u00e4mma:<\/b> Inkluderar ett p\u00e5litligt metallkl\u00e4mma f\u00f6r s\u00e4ker fasts\u00e4ttning av ID-h\u00e5llare eller evenemangskort.<\/li>\n<\/ul>\n<p>&nbsp;<\/p>","protected":false},"excerpt":{"rendered":"<ul>\n<li>En kostnadseffektiv l\u00f6sning f\u00f6r daglig personal-ID och \u00e5tkomst till evenemang.<\/li>\n<li>Har en klassisk, slitstark skosn\u00f6redesign f\u00f6r komfort hela dagen.<\/li>\n<li>Finns i ett brett utbud av otryckta f\u00e4rger som matchar din f\u00f6retagsidentitet.<\/li>\n<li>Inkluderar ett standardkl\u00e4mma i metall f\u00f6r ID-brickor och passerkort.<\/li>\n<li><\/li>\n<\/ul>","protected":false},"featured_media":6723,"comment_status":"closed","ping_status":"closed","template":"","meta":[],"product_brand":[],"product_cat":[43,113],"product_tag":[],"class_list":{"0":"post-1238","1":"product","2":"type-product","3":"status-publish","4":"has-post-thumbnail","6":"product_cat-lanyards","7":"product_cat-plain-lanyards","9":"first","10":"instock","11":"shipping-taxable","12":"purchasable","13":"product-type-simple"},"_links":{"self":[{"href":"https:\/\/displayproducts.eu\/sv\/wp-json\/wp\/v2\/product\/1238","targetHints":{"allow":["GET"]}}],"collection":[{"href":"https:\/\/displayproducts.eu\/sv\/wp-json\/wp\/v2\/product"}],"about":[{"href":"https:\/\/displayproducts.eu\/sv\/wp-json\/wp\/v2\/types\/product"}],"replies":[{"embeddable":true,"href":"https:\/\/displayproducts.eu\/sv\/wp-json\/wp\/v2\/comments?post=1238"}],"wp:featuredmedia":[{"embeddable":true,"href":"https:\/\/displayproducts.eu\/sv\/wp-json\/wp\/v2\/media\/6723"}],"wp:attachment":[{"href":"https:\/\/displayproducts.eu\/sv\/wp-json\/wp\/v2\/media?parent=1238"}],"wp:term":[{"taxonomy":"product_brand","embeddable":true,"href":"https:\/\/displayproducts.eu\/sv\/wp-json\/wp\/v2\/product_brand?post=1238"},{"taxonomy":"product_cat","embeddable":true,"href":"https:\/\/displayproducts.eu\/sv\/wp-json\/wp\/v2\/product_cat?post=1238"},{"taxonomy":"product_tag","embeddable":true,"href":"https:\/\/displayproducts.eu\/sv\/wp-json\/wp\/v2\/product_tag?post=1238"}],"curies":[{"name":"wp","href":"https:\/\/api.w.org\/{rel}","templated":true}]}}