{"id":1235,"date":"2024-10-27T11:54:14","date_gmt":"2024-10-27T08:54:14","guid":{"rendered":"https:\/\/wristbandfactory.eu\/toode\/fluorescent-lanyards\/"},"modified":"2026-04-01T21:52:04","modified_gmt":"2026-04-01T18:52:04","slug":"fluorescent-lanyards","status":"publish","type":"product","link":"https:\/\/displayproducts.eu\/sv\/p\/fluorescent-lanyards\/","title":{"rendered":"Fluorescerande nyckelband"},"content":{"rendered":"<p>F\u00f6rb\u00e4ttra synligheten och s\u00e4kerheten vid ditt n\u00e4sta evenemang med v\u00e5ra fluorescerande nyckelband. Dessa nyckelband \u00e4r ett viktigt verktyg f\u00f6r evenemangsansvariga som enkelt beh\u00f6ver identifiera personal, VIP-personer eller g\u00e4ster under alla ljusf\u00f6rh\u00e5llanden.<\/p>\n<p>Dessa nyckelband \u00e4r tillverkade av h\u00f6gkvalitativa och slitstarka material och \u00e4r byggda f\u00f6r anv\u00e4ndning i flera dagar. Det livfulla fluorescerande materialet syns tydligt i dagsljus och <b>lyser starkt under UV-ljus (svart ljus)<\/b>, vilket g\u00f6r dem till den perfekta l\u00f6sningen f\u00f6r nattklubbar, konserter, festivaler och f\u00f6retagsevenemang p\u00e5 kv\u00e4llen.<\/p>\n<p>Denna h\u00f6gsynliga funktion ger ett extra lager av s\u00e4kerhet och m\u00f6jligg\u00f6r snabb visuell identifiering av beh\u00f6rig personal. De finns i en m\u00e4ngd olika ljusa f\u00e4rger och fungerar som en utm\u00e4rkt duk f\u00f6r din anpassade logotyp, vilket f\u00f6rvandlar en s\u00e4kerhetsartikel till ett marknadsf\u00f6ringsverktyg. Best\u00e4ll i bulk f\u00f6r ett kostnadseffektivt s\u00e4tt att hantera ditt evenemang och marknadsf\u00f6ra ditt varum\u00e4rke.<\/p>\n<p><b>Viktiga funktioner:<\/b><\/p>\n<ul>\n<li><b>Material med h\u00f6g synlighet:<\/b> Ger utm\u00e4rkt synlighet i dagsljus och lyser starkt under UV\/svart ljus.<\/li>\n<li><b>H\u00e5llbar konstruktion:<\/b> Tillverkad av h\u00f6gkvalitativa, slitstarka material, l\u00e4mplig f\u00f6r flerdagarsevenemang.<\/li>\n<li><b>F\u00f6rb\u00e4ttrad s\u00e4kerhet f\u00f6r evenemang:<\/b> M\u00f6jligg\u00f6r enkel och snabb visuell identifiering av personal eller g\u00e4ster i svagt ljus.<\/li>\n<li><b>Kostnadseffektiv varum\u00e4rkesbyggande:<\/b> En prisv\u00e4rd l\u00f6sning f\u00f6r att marknadsf\u00f6ra ditt varum\u00e4rke eller budskap i bulk vid stora evenemang.<\/li>\n<li><b>Flera f\u00e4rgalternativ:<\/b> Finns i en m\u00e4ngd olika ljusa fluorescerande f\u00e4rger som matchar ditt evenemangstema.<\/li>\n<\/ul>","protected":false},"excerpt":{"rendered":"<ul>\n<li>\u00d6ka personalens och g\u00e4sternas synlighet i milj\u00f6er med svagt ljus.<\/li>\n<li>Levande fluorescerande material lyser starkt under UV\/svart ljus.<\/li>\n<li>Slitstarkt material av h\u00f6g kvalitet f\u00f6r evenemang under flera dagar.<\/li>\n<li>Perfekt f\u00f6r personalidentifiering vid festivaler, konserter och f\u00f6retagsevenemang.<\/li>\n<\/ul>","protected":false},"featured_media":6706,"comment_status":"closed","ping_status":"closed","template":"","meta":[],"product_brand":[],"product_cat":[43,109],"product_tag":[],"class_list":{"0":"post-1235","1":"product","2":"type-product","3":"status-publish","4":"has-post-thumbnail","6":"product_cat-lanyards","7":"product_cat-reflective-lanyards","9":"first","10":"instock","11":"shipping-taxable","12":"purchasable","13":"product-type-simple"},"_links":{"self":[{"href":"https:\/\/displayproducts.eu\/sv\/wp-json\/wp\/v2\/product\/1235","targetHints":{"allow":["GET"]}}],"collection":[{"href":"https:\/\/displayproducts.eu\/sv\/wp-json\/wp\/v2\/product"}],"about":[{"href":"https:\/\/displayproducts.eu\/sv\/wp-json\/wp\/v2\/types\/product"}],"replies":[{"embeddable":true,"href":"https:\/\/displayproducts.eu\/sv\/wp-json\/wp\/v2\/comments?post=1235"}],"wp:featuredmedia":[{"embeddable":true,"href":"https:\/\/displayproducts.eu\/sv\/wp-json\/wp\/v2\/media\/6706"}],"wp:attachment":[{"href":"https:\/\/displayproducts.eu\/sv\/wp-json\/wp\/v2\/media?parent=1235"}],"wp:term":[{"taxonomy":"product_brand","embeddable":true,"href":"https:\/\/displayproducts.eu\/sv\/wp-json\/wp\/v2\/product_brand?post=1235"},{"taxonomy":"product_cat","embeddable":true,"href":"https:\/\/displayproducts.eu\/sv\/wp-json\/wp\/v2\/product_cat?post=1235"},{"taxonomy":"product_tag","embeddable":true,"href":"https:\/\/displayproducts.eu\/sv\/wp-json\/wp\/v2\/product_tag?post=1235"}],"curies":[{"name":"wp","href":"https:\/\/api.w.org\/{rel}","templated":true}]}}