{"id":1233,"date":"2024-10-27T11:54:14","date_gmt":"2024-10-27T08:54:14","guid":{"rendered":"https:\/\/wristbandfactory.eu\/toode\/rpet-eco-lanyards\/"},"modified":"2026-04-01T21:52:36","modified_gmt":"2026-04-01T18:52:36","slug":"printed-rpet-lanyards","status":"publish","type":"product","link":"https:\/\/displayproducts.eu\/sv\/p\/printed-rpet-lanyards\/","title":{"rendered":"Nyckelband i rPET med tryck (Screentryck)"},"content":{"rendered":"<p data-path-to-node=\"11\">G\u00e5 med i r\u00f6relsen mot h\u00e5llbarhet och marknadsf\u00f6r ditt varum\u00e4rke ansvarsfullt med v\u00e5r <b>Tryckta rPET-nyckelband<\/b>. Denna produkt \u00e4r det perfekta valet f\u00f6r organisationer som beh\u00f6ver en kostnadseffektiv lanyard f\u00f6r stora volymer som \u00f6verensst\u00e4mmer med f\u00f6retagets milj\u00f6v\u00e4rderingar utan att spr\u00e4cka budgeten.<\/p>\n<p data-path-to-node=\"12\">Dessa nyckelband \u00e4r v\u00e4vda av <b>100% rPET-polyester<\/b>, en stark fiber som helt och h\u00e5llet utvinns ur \u00e5tervunna plastflaskor. Genom att v\u00e4lja rPET avleder du aktivt plastavfall fr\u00e5n soptippar och minskar koldioxidavtrycket f\u00f6r ditt evenemang. Till skillnad fr\u00e5n v\u00e5r sublimeringsversion anv\u00e4nder den h\u00e4r specifika modellen <b>silkscreentryck<\/b>. Den h\u00e4r metoden \u00e4r idealisk f\u00f6r logotyper med otryckta f\u00e4rger och ger en skarp och dj\u00e4rv finish som sticker ut mot det ribbade tyget.<\/p>\n<p data-path-to-node=\"13\">Vi erbjuder <b>exakt Pantone-f\u00e4rgmatchning<\/b> f\u00f6r din logotyp, vilket s\u00e4kerst\u00e4ller att din f\u00f6retagsidentitet bibeh\u00e5lls perfekt. Materialet i sig \u00e4r robust och h\u00e5llbart, och kan inte skiljas fr\u00e5n ny polyester, vilket g\u00f6r det till en p\u00e5litlig arbetsh\u00e4st f\u00f6r konferenser, festivaler och dagligt kontorsbruk. Varje nyckelband levereras som standard med en metallkarbinhake, vilket ger en funktionell och milj\u00f6medveten l\u00f6sning f\u00f6r dina deltagare.<\/p>\n<p data-path-to-node=\"14\"><b>Viktiga funktioner:<\/b><\/p>\n<ul data-path-to-node=\"15\">\n<li>\n<p data-path-to-node=\"15,0,0\"><b>Material:<\/b> 100% rPET (\u00e5tervunnen polyetylentereftalat).<\/p>\n<\/li>\n<li>\n<p data-path-to-node=\"15,1,0\"><b>Utskriftsteknik:<\/b> Silkscreentryck (b\u00e4st f\u00f6r 1\u20134 dekorf\u00e4rger).<\/p>\n<\/li>\n<li>\n<p data-path-to-node=\"15,2,0\"><b>Ekonomi:<\/b> Ett budgetv\u00e4nligt h\u00e5llbart alternativ till ny polyester.<\/p>\n<\/li>\n<li>\n<p data-path-to-node=\"15,3,0\"><b>F\u00e4rgnoggrannhet:<\/b> Pantone-matchning tillg\u00e4nglig f\u00f6r den tryckta logotypen.<\/p>\n<\/li>\n<li>\n<p data-path-to-node=\"15,4,0\"><b>Varaktighet:<\/b> H\u00f6g dragh\u00e5llfasthet l\u00e4mplig f\u00f6r tunga m\u00e4rken och nycklar.<\/p>\n<\/li>\n<li>\n<p data-path-to-node=\"15,5,0\"><b>H\u00e5rdvara:<\/b> Inkluderar en standardkarbinhake i metall (anpassade kl\u00e4mmor finns tillg\u00e4ngliga).<\/p>\n<\/li>\n<\/ul>","protected":false},"excerpt":{"rendered":"<ul>\n<li>\n<p data-path-to-node=\"9,0,0\"><b>H\u00e5llbart val:<\/b> Tillverkad av 100% \u00e5tervunnen PET (rPET) utvunnen fr\u00e5n \u00e5tervunna plastflaskor.<\/p>\n<\/li>\n<li>\n<p data-path-to-node=\"9,1,0\"><b>Kostnadseffektiv milj\u00f6v\u00e4nlig:<\/b> Den mest prisv\u00e4rda instegspunkten f\u00f6r varum\u00e4rken som vill byta till h\u00e5llbara identifieringsl\u00f6sningar.<\/p>\n<\/li>\n<li>\n<p data-path-to-node=\"9,2,0\"><b>Skarp varum\u00e4rkesbyggande:<\/b> Har h\u00f6gkvalitativt silkscreentryck f\u00f6r dj\u00e4rva, skarpa logotyper med exakt Pantone-f\u00e4rgmatchning.<\/p>\n<\/li>\n<li>\n<p data-path-to-node=\"9,3,0\"><b>H\u00e5llbar och stark:<\/b> Beh\u00e5ller styrkan hos vanlig polyester, vilket g\u00f6r den l\u00e4mplig f\u00f6r flerdagarsevenemang och personalanv\u00e4ndning.<\/p>\n<\/li>\n<\/ul>","protected":false},"featured_media":6754,"comment_status":"closed","ping_status":"closed","template":"","meta":[],"product_brand":[],"product_cat":[104,107],"product_tag":[],"class_list":{"0":"post-1233","1":"product","2":"type-product","3":"status-publish","4":"has-post-thumbnail","6":"product_cat-custom-printed-lanyards","7":"product_cat-eco-friendly-lanyards","9":"first","10":"instock","11":"shipping-taxable","12":"purchasable","13":"product-type-simple"},"_links":{"self":[{"href":"https:\/\/displayproducts.eu\/sv\/wp-json\/wp\/v2\/product\/1233","targetHints":{"allow":["GET"]}}],"collection":[{"href":"https:\/\/displayproducts.eu\/sv\/wp-json\/wp\/v2\/product"}],"about":[{"href":"https:\/\/displayproducts.eu\/sv\/wp-json\/wp\/v2\/types\/product"}],"replies":[{"embeddable":true,"href":"https:\/\/displayproducts.eu\/sv\/wp-json\/wp\/v2\/comments?post=1233"}],"wp:featuredmedia":[{"embeddable":true,"href":"https:\/\/displayproducts.eu\/sv\/wp-json\/wp\/v2\/media\/6754"}],"wp:attachment":[{"href":"https:\/\/displayproducts.eu\/sv\/wp-json\/wp\/v2\/media?parent=1233"}],"wp:term":[{"taxonomy":"product_brand","embeddable":true,"href":"https:\/\/displayproducts.eu\/sv\/wp-json\/wp\/v2\/product_brand?post=1233"},{"taxonomy":"product_cat","embeddable":true,"href":"https:\/\/displayproducts.eu\/sv\/wp-json\/wp\/v2\/product_cat?post=1233"},{"taxonomy":"product_tag","embeddable":true,"href":"https:\/\/displayproducts.eu\/sv\/wp-json\/wp\/v2\/product_tag?post=1233"}],"curies":[{"name":"wp","href":"https:\/\/api.w.org\/{rel}","templated":true}]}}