{"id":1232,"date":"2024-10-27T11:54:14","date_gmt":"2024-10-27T08:54:14","guid":{"rendered":"https:\/\/wristbandfactory.eu\/toode\/vinyl-wristbands\/"},"modified":"2026-04-01T21:52:36","modified_gmt":"2026-04-01T18:52:36","slug":"custom-printed-vinyl-wristbands","status":"publish","type":"product","link":"https:\/\/displayproducts.eu\/sv\/p\/custom-printed-vinyl-wristbands\/","title":{"rendered":"Tryckta vinylarmband"},"content":{"rendered":"<div class=\"mx-12 md:mx-24 lg:mx-48\">\n<div class=\"container my-8 svelte-zlsknf\">\n<div class=\"my-24 rounded-lg border-0 border-gray-700 bg-gray-100 px-16 py-24\">\n<div class=\"mt-11 !text-gray-500\">\n<p data-path-to-node=\"15\">S\u00e4kra ditt evenemang med v\u00e5r <b data-path-to-node=\"15\" data-index-in-node=\"52\">Tryckta vinylarmband<\/b>, branschstandarden f\u00f6r \u00e5tkomstkontroll under flera dagar. Dessa armband \u00e4r tillverkade av tre lager mjuk men extremt h\u00e5llbar vinyl, vilket s\u00e4kerst\u00e4ller att de f\u00f6rblir bekv\u00e4ma samtidigt som de t\u00e5l vatten, svett och aktiva milj\u00f6er som festivaler, vattenparker och resorter.<\/p>\n<p data-path-to-node=\"16\">Till skillnad fr\u00e5n pappersband kan dessa inte rivas av. <b data-path-to-node=\"16\" data-index-in-node=\"50\">eng\u00e5ngsf\u00f6rslutning av plast med tryckknapp<\/b> s\u00e4kerst\u00e4ller att armbandet, n\u00e4r det v\u00e4l \u00e4r f\u00e4st, m\u00e5ste klippas av f\u00f6r att kunna tas bort, vilket f\u00f6rhindrar obeh\u00f6riga \u00f6verf\u00f6ringar. Finns i <b data-path-to-node=\"16\" data-index-in-node=\"199\">Brett ansikte<\/b> (f\u00f6r st\u00f6rre logotyper) eller <b data-path-to-node=\"16\" data-index-in-node=\"231\">L-formad<\/b> design, vi anv\u00e4nder h\u00f6gkvalitativa <b data-path-to-node=\"16\" data-index-in-node=\"268\">silkscreentryck<\/b> f\u00f6r att applicera din logotyp eller text i en enda livfull f\u00e4rg som motst\u00e5r blekning.<\/p>\n<h2 data-path-to-node=\"17\">Viktiga funktioner<\/h2>\n<ul data-path-to-node=\"18\">\n<li>\n<p data-path-to-node=\"18,0,0\"><b data-path-to-node=\"18,0,0\" data-index-in-node=\"0\">S\u00e4kerhetsl\u00e5s:<\/b> Den permanenta sn\u00e4ppf\u00f6rslutningen f\u00f6rhindrar \u00e5teranv\u00e4ndning, vilket garanterar s\u00e4ker folkmassakontroll.<\/p>\n<\/li>\n<li>\n<p data-path-to-node=\"18,1,0\"><b data-path-to-node=\"18,1,0\" data-index-in-node=\"0\">Vattent\u00e4t design:<\/b> Perfekt f\u00f6r v\u00e5ta milj\u00f6er inklusive pooler, bastur och utomhusfestivaler.<\/p>\n<\/li>\n<li>\n<p data-path-to-node=\"18,2,0\"><b data-path-to-node=\"18,2,0\" data-index-in-node=\"0\">H\u00f6gkontrastutskrift:<\/b> Silkscreen-tekniken ger ett skarpt och h\u00e5llbart avtryck av din logotyp eller ditt budskap.<\/p>\n<\/li>\n<li>\n<p data-path-to-node=\"18,3,0\"><b data-path-to-node=\"18,3,0\" data-index-in-node=\"0\">Brett f\u00e4rgomf\u00e5ng:<\/b> V\u00e4lj mellan neon-, matt- eller glansiga basf\u00e4rger f\u00f6r att matcha din varum\u00e4rkesidentitet.<\/p>\n<\/li>\n<\/ul>\n<h2 data-path-to-node=\"19\">Specifikationer<\/h2>\n<ul data-path-to-node=\"20\">\n<li>\n<p data-path-to-node=\"20,0,0\"><b data-path-to-node=\"20,0,0\" data-index-in-node=\"0\">Material:<\/b> 3-lagers tri-laminat vinyl<\/p>\n<\/li>\n<li>\n<p data-path-to-node=\"20,1,0\"><b data-path-to-node=\"20,1,0\" data-index-in-node=\"0\">Utskrift:<\/b> 1-f\u00e4rgs silkscreen (h\u00e5llbar och skarp)<\/p>\n<\/li>\n<li>\n<p data-path-to-node=\"20,2,0\"><b data-path-to-node=\"20,2,0\" data-index-in-node=\"0\">St\u00e4ngning:<\/b> Eng\u00e5ngs plastkn\u00e4ppning<\/p>\n<\/li>\n<li>\n<p data-path-to-node=\"20,3,0\"><b data-path-to-node=\"20,3,0\" data-index-in-node=\"0\">Storlek:<\/b> Justerbar (Passar alla handledsstorlekar)<\/p>\n<\/li>\n<li>\n<p data-path-to-node=\"20,4,0\"><b data-path-to-node=\"20,4,0\" data-index-in-node=\"0\">Anv\u00e4ndningstid:<\/b> 3\u20137+ dagar<\/p>\n<\/li>\n<li>\n<p data-path-to-node=\"20,5,0\"><b data-path-to-node=\"20,5,0\" data-index-in-node=\"0\">Vattent\u00e4t:<\/b> Ja (100%)<\/p>\n<\/li>\n<li>\n<p data-path-to-node=\"20,6,0\"><b data-path-to-node=\"20,6,0\" data-index-in-node=\"0\">Minsta kvantitet:<\/b> 100 enheter<\/p>\n<\/li>\n<\/ul>\n<h2 data-path-to-node=\"21\">Anv\u00e4ndningsfall<\/h2>\n<ul data-path-to-node=\"22\">\n<li>\n<p data-path-to-node=\"22,0,0\"><b data-path-to-node=\"22,0,0\" data-index-in-node=\"0\">Hotell och resorter:<\/b> G\u00e4stidentifiering f\u00f6r all inclusive-paket (s\u00e4kert v\u00e4rdesk\u00e5p f\u00f6r pool och dusch).<\/p>\n<\/li>\n<li>\n<p data-path-to-node=\"22,1,0\"><b data-path-to-node=\"22,1,0\" data-index-in-node=\"0\">Konserter och festivaler:<\/b> S\u00e4ker hantering av intr\u00e4de under flera dagar.<\/p>\n<\/li>\n<li>\n<p data-path-to-node=\"22,2,0\"><b data-path-to-node=\"22,2,0\" data-index-in-node=\"0\">Vattenparker:<\/b> Tillr\u00e4ckligt h\u00e5llbar f\u00f6r att motst\u00e5 klor och konstant vattenexponering.<\/p>\n<\/li>\n<li>\n<p data-path-to-node=\"22,3,0\"><b data-path-to-node=\"22,3,0\" data-index-in-node=\"0\">Nattklubbar och barer:<\/b> VIP- eller \u00e5ldersverifiering som \u00e4r p\u00e5 hela natten.<\/p>\n<\/li>\n<\/ul>\n<\/div>\n<\/div>\n<\/div>\n<\/div>","protected":false},"excerpt":{"rendered":"<ul>\n<li>\n<p data-path-to-node=\"14,0,0\"><b data-path-to-node=\"14,0,0\" data-index-in-node=\"0\">H\u00f6g s\u00e4kerhet:<\/b> Har ett eng\u00e5ngsl\u00e5s i plast f\u00f6r att f\u00f6rhindra \u00f6verf\u00f6ring och manipulering.<\/p>\n<\/li>\n<li>\n<p data-path-to-node=\"14,1,0\"><b data-path-to-node=\"14,1,0\" data-index-in-node=\"0\">H\u00e5llbarhet i flera dagar:<\/b> Tillverkad av 3-lagers vinyl som \u00e4r 100% vattent\u00e4t och rivbest\u00e4ndig.<\/p>\n<\/li>\n<li>\n<p data-path-to-node=\"14,2,0\"><b data-path-to-node=\"14,2,0\" data-index-in-node=\"0\">Anpassad varum\u00e4rkesbyggande:<\/b> Slitstarkt 1-f\u00e4rgs silkscreentryck f\u00f6r logotyper och text med h\u00f6g kontrast.<\/p>\n<\/li>\n<li>\n<p data-path-to-node=\"14,3,0\"><b data-path-to-node=\"14,3,0\" data-index-in-node=\"0\">Bekv\u00e4mt slitage:<\/b> Mjukt, sl\u00e4tt material utformat f\u00f6r l\u00e4ngre tids anv\u00e4ndning (3\u20137+ dagar).<\/p>\n<\/li>\n<\/ul>","protected":false},"featured_media":6007,"comment_status":"closed","ping_status":"closed","template":"","meta":[],"product_brand":[],"product_cat":[66,51],"product_tag":[],"class_list":{"0":"post-1232","1":"product","2":"type-product","3":"status-publish","4":"has-post-thumbnail","6":"product_cat-wristbands","7":"product_cat-vinyl","9":"first","10":"instock","11":"shipping-taxable","12":"purchasable","13":"product-type-simple"},"_links":{"self":[{"href":"https:\/\/displayproducts.eu\/sv\/wp-json\/wp\/v2\/product\/1232","targetHints":{"allow":["GET"]}}],"collection":[{"href":"https:\/\/displayproducts.eu\/sv\/wp-json\/wp\/v2\/product"}],"about":[{"href":"https:\/\/displayproducts.eu\/sv\/wp-json\/wp\/v2\/types\/product"}],"replies":[{"embeddable":true,"href":"https:\/\/displayproducts.eu\/sv\/wp-json\/wp\/v2\/comments?post=1232"}],"wp:featuredmedia":[{"embeddable":true,"href":"https:\/\/displayproducts.eu\/sv\/wp-json\/wp\/v2\/media\/6007"}],"wp:attachment":[{"href":"https:\/\/displayproducts.eu\/sv\/wp-json\/wp\/v2\/media?parent=1232"}],"wp:term":[{"taxonomy":"product_brand","embeddable":true,"href":"https:\/\/displayproducts.eu\/sv\/wp-json\/wp\/v2\/product_brand?post=1232"},{"taxonomy":"product_cat","embeddable":true,"href":"https:\/\/displayproducts.eu\/sv\/wp-json\/wp\/v2\/product_cat?post=1232"},{"taxonomy":"product_tag","embeddable":true,"href":"https:\/\/displayproducts.eu\/sv\/wp-json\/wp\/v2\/product_tag?post=1232"}],"curies":[{"name":"wp","href":"https:\/\/api.w.org\/{rel}","templated":true}]}}