{"id":1229,"date":"2024-10-27T11:54:14","date_gmt":"2024-10-27T08:54:14","guid":{"rendered":"https:\/\/wristbandfactory.eu\/toode\/glitter-wristbands\/"},"modified":"2026-04-01T21:52:36","modified_gmt":"2026-04-01T18:52:36","slug":"glitter-vinyl-wristbands","status":"publish","type":"product","link":"https:\/\/displayproducts.eu\/sv\/p\/glitter-vinyl-wristbands\/","title":{"rendered":"Glittriga vinylarmband"},"content":{"rendered":"<p data-path-to-node=\"8\">Ge ditt n\u00e4sta exklusiva evenemang en touch av exklusivitet med v\u00e5ra glittervinylarmband. Detta \u00e4r premiuml\u00f6sningen f\u00f6r galabaler, VIP-zoner och exklusiva fester d\u00e4r en slagkraftig premiumfinish \u00e4r avg\u00f6rande f\u00f6r din varum\u00e4rkesimage.<\/p>\n<p data-path-to-node=\"9\">Dessa armband kombinerar h\u00e5llbarheten i flera dagar och den vattent\u00e4ta s\u00e4kerheten hos v\u00e5ra vanliga vinylarmband med en glitterfinish med h\u00f6g glittereffekt.<\/p>\n<h3>Best\u00e4ll fr\u00e5n lager eller specialtryck<\/h3>\n<p data-path-to-node=\"11\">F\u00f6r att m\u00f6ta era deadlines erbjuder vi tv\u00e5 alternativ:<\/p>\n<ol start=\"1\" data-path-to-node=\"12\">\n<li>\n<p data-path-to-node=\"12,0,0\"><b>Otryckt (fr\u00e5n lager):<\/b> F\u00f6r omedelbar leverans finns v\u00e5ra otryckta glitterarmband tillg\u00e4ngliga i lager i 6 livfulla f\u00e4rger: guld, silver, gr\u00f6nt, bl\u00e5tt, rosa eller r\u00f6tt.<\/p>\n<\/li>\n<li>\n<p data-path-to-node=\"12,1,0\"><b>Anpassat tryckt:<\/b> F\u00f6r varum\u00e4rkesbyggande kan vi l\u00e4gga till er logotyp eller text i ett h\u00e5llbart enf\u00e4rgstryck med valfri bl\u00e4ckf\u00e4rg.<\/p>\n<\/li>\n<\/ol>\n<h3>S\u00e4kerhet ing\u00e5r<\/h3>\n<p data-path-to-node=\"14\">Varje armband \u00e4r s\u00e4krat med ett eng\u00e5ngs plasttryckl\u00e5s. Detta icke-\u00f6verf\u00f6rbara l\u00e5s s\u00e4kerst\u00e4ller att ditt evenemang f\u00f6rblir s\u00e4kert och f\u00f6rhindrar obeh\u00f6rig \u00e5tkomst.<\/p>\n<p data-path-to-node=\"15\"><i>Observera: Det specialdesignade trycket p\u00e5 glitterytor \u00e4r k\u00e4nsligt f\u00f6r lotioner, sand och saltvatten. Vi rekommenderar dessa band f\u00f6r inomhusevenemang eller torra festivaler f\u00f6r att s\u00e4kerst\u00e4lla maximal tryckh\u00e5llbarhet.<\/i><\/p>\n<p data-path-to-node=\"16\"><b>Viktiga funktioner:<\/b><\/p>\n<ul data-path-to-node=\"17\">\n<li>\n<p data-path-to-node=\"17,0,0\"><b>Premium glitterfinish:<\/b> H\u00f6gglansmaterial, perfekt f\u00f6r VIP-g\u00e4ster, galor och exklusiva fester.<\/p>\n<\/li>\n<li>\n<p data-path-to-node=\"17,1,0\"><b>H\u00f6gs\u00e4kerhetsst\u00e4ngning:<\/b> Har ett eng\u00e5ngssn\u00e4ppl\u00e5s i plast f\u00f6r att f\u00f6rhindra flyttning.<\/p>\n<\/li>\n<li>\n<p data-path-to-node=\"17,2,0\"><b>Anpassad varum\u00e4rkesbyggande:<\/b> Finns med slitstark logotyp eller texttryck i en f\u00e4rg.<\/p>\n<\/li>\n<li>\n<p data-path-to-node=\"17,3,0\"><b>6 livfulla f\u00e4rger:<\/b> V\u00e4lj mellan aktieoptioner i guld, silver, gr\u00f6nt, bl\u00e5tt, r\u00f6tt eller rosa.<\/p>\n<\/li>\n<li>\n<p data-path-to-node=\"17,4,0\"><b>Lagertillg\u00e4nglighet:<\/b> Otryckta band finns i lager f\u00f6r omg\u00e5ende leverans.<\/p>\n<\/li>\n<\/ul>","protected":false},"excerpt":{"rendered":"<ul>\n<li>\n<p data-path-to-node=\"7,0,0\"><b>Premium VIP-finish:<\/b> Effektiv glitterfinish, perfekt f\u00f6r galabaler, VIP-kunder och exklusiva fester.<\/p>\n<\/li>\n<li>\n<p data-path-to-node=\"7,1,0\"><b>H\u00f6gs\u00e4kerhetsst\u00e4ngning:<\/b> Har ett s\u00e4kert eng\u00e5ngssn\u00e4ppl\u00e5s i plast f\u00f6r att f\u00f6rhindra flyttning.<\/p>\n<\/li>\n<li>\n<p data-path-to-node=\"7,2,0\"><b>Flexibel best\u00e4llning:<\/b> Finns otryckt fr\u00e5n lager (f\u00f6r snabb leverans) eller med ett 1-f\u00e4rgs anpassat logotryck.<\/p>\n<\/li>\n<li>\n<p data-path-to-node=\"7,3,0\"><b>6 basf\u00e4rger:<\/b> V\u00e4lj mellan guld, silver, gr\u00f6nt, bl\u00e5tt, r\u00f6tt eller rosa.<\/p>\n<\/li>\n<\/ul>","protected":false},"featured_media":6032,"comment_status":"closed","ping_status":"closed","template":"","meta":[],"product_brand":[],"product_cat":[66,51,68],"product_tag":[],"class_list":{"0":"post-1229","1":"product","2":"type-product","3":"status-publish","4":"has-post-thumbnail","6":"product_cat-wristbands","7":"product_cat-vinyl","8":"product_cat-event-supplies","10":"first","11":"instock","12":"shipping-taxable","13":"purchasable","14":"product-type-simple"},"_links":{"self":[{"href":"https:\/\/displayproducts.eu\/sv\/wp-json\/wp\/v2\/product\/1229","targetHints":{"allow":["GET"]}}],"collection":[{"href":"https:\/\/displayproducts.eu\/sv\/wp-json\/wp\/v2\/product"}],"about":[{"href":"https:\/\/displayproducts.eu\/sv\/wp-json\/wp\/v2\/types\/product"}],"replies":[{"embeddable":true,"href":"https:\/\/displayproducts.eu\/sv\/wp-json\/wp\/v2\/comments?post=1229"}],"wp:featuredmedia":[{"embeddable":true,"href":"https:\/\/displayproducts.eu\/sv\/wp-json\/wp\/v2\/media\/6032"}],"wp:attachment":[{"href":"https:\/\/displayproducts.eu\/sv\/wp-json\/wp\/v2\/media?parent=1229"}],"wp:term":[{"taxonomy":"product_brand","embeddable":true,"href":"https:\/\/displayproducts.eu\/sv\/wp-json\/wp\/v2\/product_brand?post=1229"},{"taxonomy":"product_cat","embeddable":true,"href":"https:\/\/displayproducts.eu\/sv\/wp-json\/wp\/v2\/product_cat?post=1229"},{"taxonomy":"product_tag","embeddable":true,"href":"https:\/\/displayproducts.eu\/sv\/wp-json\/wp\/v2\/product_tag?post=1229"}],"curies":[{"name":"wp","href":"https:\/\/api.w.org\/{rel}","templated":true}]}}