{"id":1228,"date":"2024-10-27T11:54:14","date_gmt":"2024-10-27T08:54:14","guid":{"rendered":"https:\/\/wristbandfactory.eu\/toode\/medical-wristbands\/"},"modified":"2026-04-01T21:52:36","modified_gmt":"2026-04-01T18:52:36","slug":"medical-wristbands","status":"publish","type":"product","link":"https:\/\/displayproducts.eu\/sv\/p\/medical-wristbands\/","title":{"rendered":"Patientarmband"},"content":{"rendered":"<div class=\"mx-12 md:mx-24 lg:mx-48\">\n<div class=\"container my-8 svelte-zlsknf\">\n<div class=\"my-24 rounded-lg border-0 border-gray-700 bg-gray-100 px-16 py-24\">\n<div class=\"mt-11 !text-gray-500\">\n<p data-path-to-node=\"12\">S\u00e4kerst\u00e4ll patients\u00e4kerhet och korrekt identifiering med v\u00e5r <b data-path-to-node=\"12\" data-index-in-node=\"84\">Medicinska ID-armband<\/b>. Dessa armband \u00e4r speciellt utformade f\u00f6r sjukhus, v\u00e5rdhem och v\u00e5rdinr\u00e4ttningar och erbjuder ett tillf\u00f6rlitligt och effektivt s\u00e4tt att visa viktig patientdata.<\/p>\n<p data-path-to-node=\"13\"><span data-path-to-node=\"13,0\">Armbanden \u00e4r tillverkade av mjuk, allergiv\u00e4nlig vinyl, vilket s\u00e4kerst\u00e4ller att de \u00e4r bekv\u00e4ma f\u00f6r l\u00e5ngvarigt bruk och s\u00e4kra f\u00f6r k\u00e4nslig hud. <\/span><span data-path-to-node=\"13,2\"><span class=\"citation-59\">Materialet \u00e4r slitstarkt och vattenavvisande, vilket g\u00f6r det l\u00e4mpligt f\u00f6r dusch- och sjukhusmilj\u00f6er utan att smeta ut eller brytas ner<\/span><\/span><span data-path-to-node=\"13,4\">.<\/span><\/p>\n<h2 data-path-to-node=\"14\">Viktiga funktioner<\/h2>\n<ul data-path-to-node=\"15\">\n<li>\n<p data-path-to-node=\"15,0,0\"><b data-path-to-node=\"15,0,0\" data-index-in-node=\"0\">System f\u00f6r ins\u00e4ttningskort:<\/b> Har en s\u00e4ker ficka med ett pappersinl\u00e4ggskort, s\u00e5 att personalen snabbt kan skriva ner namn, f\u00f6delsedatum eller medicinska ID-nummer utan speciella skrivare.<\/p>\n<\/li>\n<li>\n<p data-path-to-node=\"15,1,0\"><b data-path-to-node=\"15,1,0\" data-index-in-node=\"0\">Icke-\u00f6verf\u00f6rbar s\u00e4kerhet:<\/b> Utrustad med ett eng\u00e5ngstryckl\u00e5s i plast som m\u00e5ste klippas av f\u00f6r att kunna tas bort, vilket f\u00f6rhindrar obeh\u00f6rig \u00f6verf\u00f6ring mellan patienter.<\/p>\n<\/li>\n<li>\n<p data-path-to-node=\"15,2,0\"><b data-path-to-node=\"15,2,0\" data-index-in-node=\"0\">Patients\u00e4kerhet f\u00f6rst:<\/b> Tillverkad av allergiv\u00e4nliga material utan vassa kanter f\u00f6r att f\u00f6rhindra hudirritation eller skador.<\/p>\n<\/li>\n<li>\n<p data-path-to-node=\"15,3,0\"><b data-path-to-node=\"15,3,0\" data-index-in-node=\"0\">Visuellt ID:<\/b> Finns i standardvitt (vuxna), med andra f\u00e4rger tillg\u00e4ngliga p\u00e5 beg\u00e4ran f\u00f6r att underl\u00e4tta kategorisering av patientgrupper (t.ex. allergier, fallrisk).<\/p>\n<\/li>\n<\/ul>\n<h2 data-path-to-node=\"16\">Specifikationer<\/h2>\n<ul data-path-to-node=\"17\">\n<li>\n<p data-path-to-node=\"17,0,0\"><b data-path-to-node=\"17,0,0\" data-index-in-node=\"0\">Material:<\/b> Mjuk PVC\/vinyl (hypoallergen).<\/p>\n<\/li>\n<li>\n<p data-path-to-node=\"17,1,0\"><b data-path-to-node=\"17,1,0\" data-index-in-node=\"0\">St\u00e4ngningstyp:<\/b> Eng\u00e5ngstryckknapp\/kl\u00e4mma i plast.<\/p>\n<\/li>\n<li>\n<p data-path-to-node=\"17,2,0\"><b data-path-to-node=\"17,2,0\" data-index-in-node=\"0\">Skrivyta:<\/b> Instickskort ing\u00e5r.<\/p>\n<\/li>\n<li>\n<p data-path-to-node=\"17,3,0\"><b data-path-to-node=\"17,3,0\" data-index-in-node=\"0\">Storlekar:<\/b> Vuxen- och barnvarianter tillg\u00e4ngliga.<\/p>\n<\/li>\n<li>\n<p data-path-to-node=\"17,4,0\"><b data-path-to-node=\"17,4,0\" data-index-in-node=\"0\">Varaktighet:<\/b> Vattent\u00e5lig och rivt\u00e5lig.<\/p>\n<\/li>\n<li>\n<p data-path-to-node=\"17,5,0\"><b data-path-to-node=\"17,5,0\" data-index-in-node=\"0\">Minsta orderkvantitet:<\/b> 100 enheter.<\/p>\n<\/li>\n<\/ul>\n<h2 data-path-to-node=\"18\">Anv\u00e4ndningsfall<\/h2>\n<ul data-path-to-node=\"19\">\n<li>\n<p data-path-to-node=\"19,0,0\"><b data-path-to-node=\"19,0,0\" data-index-in-node=\"0\">Sjukhusinl\u00e4ggningar:<\/b> Snabb identifiering av inkommande patienter till akutmottagning eller avdelningar.<\/p>\n<\/li>\n<li>\n<p data-path-to-node=\"19,1,0\"><b data-path-to-node=\"19,1,0\" data-index-in-node=\"0\">V\u00e5rdhem:<\/b> H\u00e5llbar identifiering f\u00f6r l\u00e5ngtidsboende.<\/p>\n<\/li>\n<li>\n<p data-path-to-node=\"19,2,0\"><b data-path-to-node=\"19,2,0\" data-index-in-node=\"0\">Klinik \u00f6ppenv\u00e5rd:<\/b> Enkel m\u00e4rkning f\u00f6r dagprocedurer.<\/p>\n<\/li>\n<li>\n<p data-path-to-node=\"19,3,0\"><b data-path-to-node=\"19,3,0\" data-index-in-node=\"0\">Medicinsk triage:<\/b> Snabb kategorisering av patienter under akuta insatser.<\/p>\n<\/li>\n<\/ul>\n<\/div>\n<\/div>\n<\/div>\n<\/div>","protected":false},"excerpt":{"rendered":"<ul>\n<li>\n<p data-path-to-node=\"11,0,1\"><span data-path-to-node=\"11,0,1,0\"><b data-path-to-node=\"11,0,1,0\" data-index-in-node=\"0\"><span class=\"citation-60\">Material:<\/span><\/b><span class=\"citation-60\"> Mjuk, allergiv\u00e4nlig vinyl (vattenbest\u00e4ndig)<\/span><\/span><span data-path-to-node=\"11,0,1,2\">.<\/span><\/p>\n<\/li>\n<li>\n<p data-path-to-node=\"11,1,0\"><b data-path-to-node=\"11,1,0\" data-index-in-node=\"0\">Datainmatning:<\/b> Genomskinlig ficka med instickskort av papper f\u00f6r patientinformation.<\/p>\n<\/li>\n<li>\n<p data-path-to-node=\"11,2,0\"><b data-path-to-node=\"11,2,0\" data-index-in-node=\"0\">S\u00e4kerhet:<\/b> Eng\u00e5ngsf\u00f6rslutning av plast med tryckknapp f\u00f6rhindrar \u00f6verf\u00f6ring.<\/p>\n<\/li>\n<li>\n<p data-path-to-node=\"11,3,0\"><b data-path-to-node=\"11,3,0\" data-index-in-node=\"0\">Storleksordning:<\/b> Finns i vuxen- och barnstorlekar.<\/p>\n<\/li>\n<\/ul>","protected":false},"featured_media":6413,"comment_status":"closed","ping_status":"closed","template":"","meta":[],"product_brand":[],"product_cat":[66,51,72],"product_tag":[],"class_list":{"0":"post-1228","1":"product","2":"type-product","3":"status-publish","4":"has-post-thumbnail","6":"product_cat-wristbands","7":"product_cat-vinyl","8":"product_cat-medical-and-hospital","10":"first","11":"instock","12":"shipping-taxable","13":"purchasable","14":"product-type-simple"},"_links":{"self":[{"href":"https:\/\/displayproducts.eu\/sv\/wp-json\/wp\/v2\/product\/1228","targetHints":{"allow":["GET"]}}],"collection":[{"href":"https:\/\/displayproducts.eu\/sv\/wp-json\/wp\/v2\/product"}],"about":[{"href":"https:\/\/displayproducts.eu\/sv\/wp-json\/wp\/v2\/types\/product"}],"replies":[{"embeddable":true,"href":"https:\/\/displayproducts.eu\/sv\/wp-json\/wp\/v2\/comments?post=1228"}],"wp:featuredmedia":[{"embeddable":true,"href":"https:\/\/displayproducts.eu\/sv\/wp-json\/wp\/v2\/media\/6413"}],"wp:attachment":[{"href":"https:\/\/displayproducts.eu\/sv\/wp-json\/wp\/v2\/media?parent=1228"}],"wp:term":[{"taxonomy":"product_brand","embeddable":true,"href":"https:\/\/displayproducts.eu\/sv\/wp-json\/wp\/v2\/product_brand?post=1228"},{"taxonomy":"product_cat","embeddable":true,"href":"https:\/\/displayproducts.eu\/sv\/wp-json\/wp\/v2\/product_cat?post=1228"},{"taxonomy":"product_tag","embeddable":true,"href":"https:\/\/displayproducts.eu\/sv\/wp-json\/wp\/v2\/product_tag?post=1228"}],"curies":[{"name":"wp","href":"https:\/\/api.w.org\/{rel}","templated":true}]}}