{"id":1217,"date":"2024-10-27T11:54:36","date_gmt":"2024-10-27T08:54:36","guid":{"rendered":"https:\/\/wristbandfactory.eu\/toode\/polyester-wristbands-with-woven-logo\/"},"modified":"2026-04-01T21:52:36","modified_gmt":"2026-04-01T18:52:36","slug":"woven-fabric-wristbands-up-to-4-colours","status":"publish","type":"product","link":"https:\/\/displayproducts.eu\/sv\/p\/woven-fabric-wristbands-up-to-4-colours\/","title":{"rendered":"V\u00e4vda textilarmband (upp till 4 f\u00e4rger)"},"content":{"rendered":"<div class=\"mx-12 md:mx-24 lg:mx-48\">\n<div class=\"container my-8 svelte-zlsknf\">\n<div class=\"my-24 rounded-lg border-0 border-gray-700 bg-gray-100 px-16 py-24\">\n<div class=\"mt-11 !text-gray-500\">\n<p data-path-to-node=\"8\">F\u00f6rh\u00f6j ditt evenemangs varum\u00e4rke med v\u00e5ra premiumarmband i v\u00e4vt tyg. Till skillnad fr\u00e5n tryckta alternativ integrerar denna design din logotyp och ditt budskap (med upp till fyra distinkta f\u00e4rger) direkt i det slitstarka polyestertyget. Denna v\u00e4vningsmetod skapar en slitstark, h\u00f6gkvalitativ och texturerad finish som motst\u00e5r blekning och slitage, vilket g\u00f6r dem till det b\u00e4sta valet f\u00f6r flerdagarsfestivaler och f\u00f6retagsevenemang d\u00e4r varum\u00e4rkesprestige \u00e4r av st\u00f6rsta vikt.<\/p>\n<h3 data-path-to-node=\"9\"><b>Konfigurera ditt perfekta v\u00e4vda armband<\/b><\/h3>\n<ol start=\"1\" data-path-to-node=\"10\">\n<li>\n<p data-path-to-node=\"10,0,0\"><b>V\u00e4lj ditt l\u00e5s:<\/b> V\u00e4lj den l\u00e5sning som matchar ditt evenemangs s\u00e4kerhetsbehov. Detta armband \u00e4r kompatibelt med hela v\u00e5rt utbud av l\u00e5s, inklusive:<\/p>\n<ul data-path-to-node=\"10,0,1\">\n<li>\n<p data-path-to-node=\"10,0,1,0,0\"><b>H\u00f6gs\u00e4kerhetsl\u00e5s:<\/b> En eng\u00e5ngsf\u00f6rslutning f\u00f6r att f\u00f6rhindra \u00f6verf\u00f6ring och s\u00e4kerst\u00e4lla robust \u00e5tkomstkontroll.<\/p>\n<\/li>\n<li>\n<p data-path-to-node=\"10,0,1,1,0\"><b>\u00c5teranv\u00e4ndbara l\u00e5s:<\/b> En justerbar p\u00e4rla f\u00f6r flexibel anv\u00e4ndning under flera dagar.<\/p>\n<\/li>\n<li>\n<p data-path-to-node=\"10,0,1,2,0\"><b>Milj\u00f6v\u00e4nliga l\u00e5s:<\/b> V\u00e5rt h\u00e5llbara eng\u00e5ngsl\u00e5s i bambu.<\/p>\n<\/li>\n<\/ul>\n<\/li>\n<li>\n<p data-path-to-node=\"10,1,0\"><b>L\u00e4gg till valfri antibakteriell behandling:<\/b> F\u00f6r evenemang som kr\u00e4ver h\u00f6gsta hygienstandard finns dessa armband tillg\u00e4ngliga med ett valfritt <b>antibakteriell behandling certifierad enligt ISO 20743-standarder<\/b>. Detta ger ett viktigt s\u00e4kerhetslager f\u00f6r deltagare p\u00e5 h\u00e4lsokonferenser, matfestivaler eller stora offentliga sammankomster.<\/p>\n<\/li>\n<\/ol>\n<h3 data-path-to-node=\"11\"><b>Viktiga funktioner:<\/b><\/h3>\n<ul data-path-to-node=\"12\">\n<li>\n<p data-path-to-node=\"12,0,0\"><b>Premium v\u00e4vd logotyp:<\/b> Din design v\u00e4vs in i tyget (upp till fyra f\u00e4rger) f\u00f6r en slitstark och exklusiv finish.<\/p>\n<\/li>\n<li>\n<p data-path-to-node=\"12,1,0\"><b>S\u00e4kerhetsl\u00e5salternativ:<\/b> V\u00e4lj mellan h\u00f6gs\u00e4kerhet (eng\u00e5ngsbruk), \u00e5teranv\u00e4ndbar eller milj\u00f6v\u00e4nlig bambu.<\/p>\n<\/li>\n<li>\n<p data-path-to-node=\"12,2,0\"><b>Valfri antibakteriell behandling:<\/b> ISO 20743-certifierad f\u00f6r f\u00f6rb\u00e4ttrad hygien.<\/p>\n<\/li>\n<li>\n<p data-path-to-node=\"12,3,0\"><b>Slitstark polyester:<\/b> Slitstarkt material, perfekt f\u00f6r l\u00e5ngvarig anv\u00e4ndning.<\/p>\n<\/li>\n<li>\n<p data-path-to-node=\"12,4,0\"><b>Minsta best\u00e4llning:<\/b> 100 stycken.<\/p>\n<\/li>\n<\/ul>\n<p data-path-to-node=\"13\">\n<\/div>\n<\/div>\n<\/div>\n<\/div>","protected":false},"excerpt":{"rendered":"<ul>\n<li>\n<p data-path-to-node=\"7,0,0\">Premiumv\u00e4vd design: Din logotyp v\u00e4vs direkt i tyget med upp till fyra f\u00e4rger f\u00f6r en h\u00e5llbar och blekfri finish.<\/p>\n<\/li>\n<li>\n<p data-path-to-node=\"7,1,0\">L\u00e5salternativ: V\u00e4lj mellan h\u00f6gs\u00e4kerhet (eng\u00e5ngsbruk), \u00e5teranv\u00e4ndbar eller milj\u00f6v\u00e4nlig bambu.<\/p>\n<\/li>\n<li>\n<p data-path-to-node=\"7,2,0\">Valfri antibakteriell behandling: ISO 20743-certifierad behandling f\u00f6r f\u00f6rb\u00e4ttrad hygien och deltagarnas s\u00e4kerhet.<\/p>\n<\/li>\n<li>\n<p data-path-to-node=\"7,3,0\">Slitstarkt polyestermaterial, perfekt f\u00f6r festivaler som str\u00e4cker sig \u00f6ver flera dagar.<\/p>\n<\/li>\n<\/ul>","protected":false},"featured_media":6385,"comment_status":"closed","ping_status":"closed","template":"","meta":[],"product_brand":[],"product_cat":[66,47],"product_tag":[],"class_list":{"0":"post-1217","1":"product","2":"type-product","3":"status-publish","4":"has-post-thumbnail","6":"product_cat-wristbands","7":"product_cat-fabric-wristbands","9":"first","10":"instock","11":"shipping-taxable","12":"purchasable","13":"product-type-simple"},"_links":{"self":[{"href":"https:\/\/displayproducts.eu\/sv\/wp-json\/wp\/v2\/product\/1217","targetHints":{"allow":["GET"]}}],"collection":[{"href":"https:\/\/displayproducts.eu\/sv\/wp-json\/wp\/v2\/product"}],"about":[{"href":"https:\/\/displayproducts.eu\/sv\/wp-json\/wp\/v2\/types\/product"}],"replies":[{"embeddable":true,"href":"https:\/\/displayproducts.eu\/sv\/wp-json\/wp\/v2\/comments?post=1217"}],"wp:featuredmedia":[{"embeddable":true,"href":"https:\/\/displayproducts.eu\/sv\/wp-json\/wp\/v2\/media\/6385"}],"wp:attachment":[{"href":"https:\/\/displayproducts.eu\/sv\/wp-json\/wp\/v2\/media?parent=1217"}],"wp:term":[{"taxonomy":"product_brand","embeddable":true,"href":"https:\/\/displayproducts.eu\/sv\/wp-json\/wp\/v2\/product_brand?post=1217"},{"taxonomy":"product_cat","embeddable":true,"href":"https:\/\/displayproducts.eu\/sv\/wp-json\/wp\/v2\/product_cat?post=1217"},{"taxonomy":"product_tag","embeddable":true,"href":"https:\/\/displayproducts.eu\/sv\/wp-json\/wp\/v2\/product_tag?post=1217"}],"curies":[{"name":"wp","href":"https:\/\/api.w.org\/{rel}","templated":true}]}}