{"id":1212,"date":"2024-10-27T11:54:36","date_gmt":"2024-10-27T08:54:36","guid":{"rendered":"https:\/\/wristbandfactory.eu\/toode\/safety-wristbands-for-children\/"},"modified":"2026-04-01T21:52:36","modified_gmt":"2026-04-01T18:52:36","slug":"safety-wristbands-for-children","status":"publish","type":"product","link":"https:\/\/displayproducts.eu\/sv\/p\/safety-wristbands-for-children\/","title":{"rendered":"S\u00e4kerhetsarmband f\u00f6r barn"},"content":{"rendered":"<div class=\"wpb_text_column wpb_content_element\">\n<div class=\"wpb_wrapper\">\n<p>Armbanden \u00e4r helt s\u00e4kra f\u00f6r ett barns h\u00e4lsa och hud, vilket bevisas av l\u00e4mpliga certifikat. Vi samarbetar med de mest erfarna materialtillverkarna f\u00f6r att s\u00e4kerst\u00e4lla att v\u00e5ra kunder f\u00e5r en absolut s\u00e4ker produkt.<\/p>\n<\/div>\n<\/div>\n<p>auktoriserad<br \/>\ngodk\u00e4nd av det nationella hygieninstitutet i Polen<\/p>\n<p>material<br \/>\nspecialmaterial som \u00e4r skonsamt mot barnets hud<\/p>\n<p>hypoallergen<br \/>\ninga allergiframkallande f\u00f6reningar<\/p>\n<p>hypoallergen<br \/>\nF\u00f6rm\u00e5nliga partnerskapsvillkor<\/p>\n<p>upp\u00e5t 300 st<br \/>\nl\u00e5ga produktionskvantiteter m\u00f6jliga<\/p>\n<p>tid<br \/>\nkorta tillverkningstider<br \/>\nvaraktighet<br \/>\nmaterialet \u00e4r flexibelt, \u00f6mt\u00e5ligt och h\u00e5llbart p\u00e5 samma g\u00e5ng<\/p>\n<p>\u00e5teranv\u00e4ndbar<br \/>\nsp\u00e4nnen p\u00e5 bandet utformade f\u00f6r att m\u00f6jligg\u00f6ra flera anv\u00e4ndningsomr\u00e5den<\/p>\n<p>f\u00e4rg<br \/>\nsp\u00e4nnet \u00e4ndrar f\u00e4rg n\u00e4r det uts\u00e4tts f\u00f6r starka UV-str\u00e5lar<\/p>","protected":false},"excerpt":{"rendered":"<div>\n<p class=\"text-gray-500\">Ett brett utbud av f\u00e4rgglada, unika m\u00f6nster, designade av en illustrat\u00f6r och utbildare. Dessutom kan valfri design skapas av kunden och placeras p\u00e5 ett armband. Det \u00e4r den perfekta l\u00f6sningen f\u00f6r f\u00f6retag som s\u00f6ker ett unikt reklammedium, en innovativ och fantasifull pryl eller en anv\u00e4ndbar present till sina anst\u00e4llda och kunder. Reklamgrafiken kan t\u00e4cka hela armbandets yta (exklusive f\u00e4stet).<\/p>\n<\/div>","protected":false},"featured_media":6439,"comment_status":"closed","ping_status":"closed","template":"","meta":[],"product_brand":[],"product_cat":[66,68],"product_tag":[],"class_list":{"0":"post-1212","1":"product","2":"type-product","3":"status-publish","4":"has-post-thumbnail","6":"product_cat-wristbands","7":"product_cat-event-supplies","9":"first","10":"instock","11":"shipping-taxable","12":"purchasable","13":"product-type-simple"},"_links":{"self":[{"href":"https:\/\/displayproducts.eu\/sv\/wp-json\/wp\/v2\/product\/1212","targetHints":{"allow":["GET"]}}],"collection":[{"href":"https:\/\/displayproducts.eu\/sv\/wp-json\/wp\/v2\/product"}],"about":[{"href":"https:\/\/displayproducts.eu\/sv\/wp-json\/wp\/v2\/types\/product"}],"replies":[{"embeddable":true,"href":"https:\/\/displayproducts.eu\/sv\/wp-json\/wp\/v2\/comments?post=1212"}],"wp:featuredmedia":[{"embeddable":true,"href":"https:\/\/displayproducts.eu\/sv\/wp-json\/wp\/v2\/media\/6439"}],"wp:attachment":[{"href":"https:\/\/displayproducts.eu\/sv\/wp-json\/wp\/v2\/media?parent=1212"}],"wp:term":[{"taxonomy":"product_brand","embeddable":true,"href":"https:\/\/displayproducts.eu\/sv\/wp-json\/wp\/v2\/product_brand?post=1212"},{"taxonomy":"product_cat","embeddable":true,"href":"https:\/\/displayproducts.eu\/sv\/wp-json\/wp\/v2\/product_cat?post=1212"},{"taxonomy":"product_tag","embeddable":true,"href":"https:\/\/displayproducts.eu\/sv\/wp-json\/wp\/v2\/product_tag?post=1212"}],"curies":[{"name":"wp","href":"https:\/\/api.w.org\/{rel}","templated":true}]}}