{"id":1209,"date":"2024-07-16T17:57:25","date_gmt":"2024-07-16T14:57:25","guid":{"rendered":"https:\/\/wristbandfactory.eu\/toode\/seed-paper-bracelet\/"},"modified":"2026-04-01T21:52:36","modified_gmt":"2026-04-01T18:52:36","slug":"seed-paper-wristbands","status":"publish","type":"product","link":"https:\/\/displayproducts.eu\/sv\/p\/seed-paper-wristbands\/","title":{"rendered":"Fr\u00f6pappersarmband"},"content":{"rendered":"<p data-path-to-node=\"12\">G\u00f6r en best\u00e5ende, positiv inverkan p\u00e5 dina deltagare och milj\u00f6n med v\u00e5r <b data-path-to-node=\"12\" data-index-in-node=\"104\">Armband i pappersfr\u00f6<\/b>. Denna innovativa produkt erbjuder en unik l\u00f6sning utan avfall f\u00f6r milj\u00f6medvetna evenemangsarrang\u00f6rer, och f\u00f6rvandlar en typiskt eng\u00e5ngsartikel till ett minnesv\u00e4rt &quot;andra liv&quot; som vildblommor. Dessa armband \u00e4r utformade f\u00f6r festivaler, f\u00f6retagsevenemang f\u00f6r h\u00e5llbarhet och gr\u00f6na konferenser och fungerar b\u00e5de som ett s\u00e4kert passerkort och ett bevis p\u00e5 era milj\u00f6v\u00e4rderingar.<\/p>\n<h2 data-path-to-node=\"13\">Viktiga funktioner<\/h2>\n<ul data-path-to-node=\"14\">\n<li>\n<p data-path-to-node=\"14,0,0\"><b data-path-to-node=\"14,0,0\" data-index-in-node=\"0\">Planterbar teknik:<\/b> Tillverkad av 80 gsm papper med en blandning av vildblomsfr\u00f6n. Efter evenemanget kan armbandet planteras i jord f\u00f6r att odla blommor.<\/p>\n<\/li>\n<li>\n<p data-path-to-node=\"14,1,0\"><b data-path-to-node=\"14,1,0\" data-index-in-node=\"0\">Varum\u00e4rkesbyggande i fullf\u00e4rg:<\/b> St\u00f6der utskrift fr\u00e5n kant till kant, vilket g\u00f6r att du kan visa upp din logotyp, sponsorer eller ditt milj\u00f6budskap p\u00e5 ett tydligt s\u00e4tt.<\/p>\n<\/li>\n<li>\n<p data-path-to-node=\"14,2,0\"><b data-path-to-node=\"14,2,0\" data-index-in-node=\"0\">S\u00e4ker \u00e5tkomstkontroll:<\/b> Har en p\u00e5litlig sj\u00e4lvh\u00e4ftande remsa som \u00e4r f\u00f6r eng\u00e5ngsbruk och inte kan \u00f6verf\u00f6ras, vilket garanterar s\u00e4kerheten p\u00e5 din plats.<\/p>\n<\/li>\n<li>\n<p data-path-to-node=\"14,3,0\"><b data-path-to-node=\"14,3,0\" data-index-in-node=\"0\">Textur och k\u00e4nsla:<\/b> Fr\u00f6papprets naturliga, n\u00e5got oj\u00e4mna struktur ger en taktil, organisk kvalitet som f\u00f6rst\u00e4rker h\u00e5llbarhetsbudskapet.<\/p>\n<\/li>\n<\/ul>\n<h2 data-path-to-node=\"15\">Specifikationer<\/h2>\n<ul data-path-to-node=\"16\">\n<li>\n<p data-path-to-node=\"16,0,0\"><b data-path-to-node=\"16,0,0\" data-index-in-node=\"0\">M\u00e5tt:<\/b> Cirka 240 x 20 mm (standard justerbar storlek).<\/p>\n<\/li>\n<li>\n<p data-path-to-node=\"16,1,0\"><b data-path-to-node=\"16,1,0\" data-index-in-node=\"0\">Materialvikt:<\/b> 80 gsm fr\u00f6papper.<\/p>\n<\/li>\n<li>\n<p data-path-to-node=\"16,2,0\"><b data-path-to-node=\"16,2,0\" data-index-in-node=\"0\">Utskriftsmetod:<\/b> Digitaltryck i fullf\u00e4rg (CMYK).<\/p>\n<\/li>\n<li>\n<p data-path-to-node=\"16,3,0\"><b data-path-to-node=\"16,3,0\" data-index-in-node=\"0\">Anv\u00e4ndningstid:<\/b> Rekommenderas f\u00f6r endagsevenemang (max 1\u20132 dagar) p\u00e5 grund av biologisk nedbrytbarhet.<\/p>\n<\/li>\n<li>\n<p data-path-to-node=\"16,4,0\"><b data-path-to-node=\"16,4,0\" data-index-in-node=\"0\">Minsta orderkvantitet:<\/b> 100 enheter.<\/p>\n<\/li>\n<\/ul>\n<h2 data-path-to-node=\"17\">Anv\u00e4ndningsfall<\/h2>\n<ul data-path-to-node=\"18\">\n<li>\n<p data-path-to-node=\"18,0,0\"><b data-path-to-node=\"18,0,0\" data-index-in-node=\"0\">Gr\u00f6na festivaler:<\/b> Perfekt f\u00f6r utomhusmusik- och konstfestivaler med prioritet f\u00f6r principen &quot;L\u00e4mna inga sp\u00e5r&quot;.<\/p>\n<\/li>\n<li>\n<p data-path-to-node=\"18,1,0\"><b data-path-to-node=\"18,1,0\" data-index-in-node=\"0\">F\u00f6retags-CSR-evenemang:<\/b> Perfekt f\u00f6r f\u00f6retagstr\u00e4ffar med fokus p\u00e5 h\u00e5llbarhet och milj\u00f6ansvar.<\/p>\n<\/li>\n<li>\n<p data-path-to-node=\"18,2,0\"><b data-path-to-node=\"18,2,0\" data-index-in-node=\"0\">V\u00e4lg\u00f6renhetsinsamlingar:<\/b> En symbolisk g\u00e5va f\u00f6r givare som v\u00e4xer till blommor, vilket representerar tillv\u00e4xt och tacksamhet.<\/p>\n<\/li>\n<li>\n<p data-path-to-node=\"18,3,0\"><b data-path-to-node=\"18,3,0\" data-index-in-node=\"0\">VIP-\u00e5tkomst:<\/b> En unik och exklusiv f\u00f6rdel f\u00f6r speciella g\u00e4ster p\u00e5 konferenser med milj\u00f6tema.<\/p>\n<\/li>\n<\/ul>","protected":false},"excerpt":{"rendered":"<ul>\n<li>\n<p data-path-to-node=\"11,0,0\"><b data-path-to-node=\"11,0,0\" data-index-in-node=\"0\">Material:<\/b> 80 gsm biologiskt nedbrytbart papper inb\u00e4ddat med vildblomsfr\u00f6n.<\/p>\n<\/li>\n<li>\n<p data-path-to-node=\"11,1,0\"><b data-path-to-node=\"11,1,0\" data-index-in-node=\"0\">Anpassning:<\/b> Fullf\u00e4rgsutskrift fr\u00e5n kant till kant f\u00f6r slagkraftig varum\u00e4rkesbyggande.<\/p>\n<\/li>\n<li>\n<p data-path-to-node=\"11,2,0\"><b data-path-to-node=\"11,2,0\" data-index-in-node=\"0\">St\u00e4ngning:<\/b> S\u00e4ker sj\u00e4lvh\u00e4ftande remsa f\u00f6r eng\u00e5ngsbruk f\u00f6rhindrar \u00f6verf\u00f6ring.<\/p>\n<\/li>\n<li>\n<p data-path-to-node=\"11,3,0\"><b data-path-to-node=\"11,3,0\" data-index-in-node=\"0\">Ekofokus:<\/b> 100% planteringsbar efter anv\u00e4ndning f\u00f6r en avfallsfri l\u00f6sning f\u00f6r evenemang.<\/p>\n<\/li>\n<\/ul>","protected":false},"featured_media":6394,"comment_status":"closed","ping_status":"closed","template":"","meta":[],"product_brand":[],"product_cat":[133,66],"product_tag":[],"class_list":{"0":"post-1209","1":"product","2":"type-product","3":"status-publish","4":"has-post-thumbnail","6":"product_cat-eco-friendly-wristbands","7":"product_cat-wristbands","9":"first","10":"instock","11":"shipping-taxable","12":"purchasable","13":"product-type-simple"},"_links":{"self":[{"href":"https:\/\/displayproducts.eu\/sv\/wp-json\/wp\/v2\/product\/1209","targetHints":{"allow":["GET"]}}],"collection":[{"href":"https:\/\/displayproducts.eu\/sv\/wp-json\/wp\/v2\/product"}],"about":[{"href":"https:\/\/displayproducts.eu\/sv\/wp-json\/wp\/v2\/types\/product"}],"replies":[{"embeddable":true,"href":"https:\/\/displayproducts.eu\/sv\/wp-json\/wp\/v2\/comments?post=1209"}],"wp:featuredmedia":[{"embeddable":true,"href":"https:\/\/displayproducts.eu\/sv\/wp-json\/wp\/v2\/media\/6394"}],"wp:attachment":[{"href":"https:\/\/displayproducts.eu\/sv\/wp-json\/wp\/v2\/media?parent=1209"}],"wp:term":[{"taxonomy":"product_brand","embeddable":true,"href":"https:\/\/displayproducts.eu\/sv\/wp-json\/wp\/v2\/product_brand?post=1209"},{"taxonomy":"product_cat","embeddable":true,"href":"https:\/\/displayproducts.eu\/sv\/wp-json\/wp\/v2\/product_cat?post=1209"},{"taxonomy":"product_tag","embeddable":true,"href":"https:\/\/displayproducts.eu\/sv\/wp-json\/wp\/v2\/product_tag?post=1209"}],"curies":[{"name":"wp","href":"https:\/\/api.w.org\/{rel}","templated":true}]}}