{"id":1208,"date":"2024-10-27T11:54:37","date_gmt":"2024-10-27T08:54:37","guid":{"rendered":"https:\/\/wristbandfactory.eu\/toode\/faux-leather-wristbands\/"},"modified":"2026-04-01T21:52:36","modified_gmt":"2026-04-01T18:52:36","slug":"faux-leather-wristbands","status":"publish","type":"product","link":"https:\/\/displayproducts.eu\/sv\/p\/faux-leather-wristbands\/","title":{"rendered":"Armband i konstl\u00e4der"},"content":{"rendered":"<p>Satsa p\u00e5 en autentisk look med graverade l\u00e4derarmband. Din text \u00e4r pr\u00e4glad i armbandet, precis som autentiska l\u00e4derarbetare g\u00f6r. P\u00e5 s\u00e5 s\u00e4tt f\u00e5r texten samma f\u00e4rg som armbandet.<\/p>\n<p>Vi erbjuder tv\u00e5 typer av f\u00f6rslutningar, ett plastkl\u00e4mma och ett metallkl\u00e4mma.<\/p>\n<p>Plastkl\u00e4mman liknar st\u00e4ngningen av vinylarmband. Det finns h\u00e5l i armbandet som m\u00f6jligg\u00f6r en skr\u00e4ddarsydd passform. Du kan inte \u00f6ppna st\u00e4ngningen efter att den har sn\u00e4ppits igen utan att skada st\u00e4ngningen, d\u00e5 den visar tecken p\u00e5 manipulering. Detta f\u00f6rhindrar bedr\u00e4geri.<\/p>\n<p>Metallf\u00f6rslutningen \u00e4r ocks\u00e5 standardf\u00f6rslutningen f\u00f6r festivalarmband i tyg. Du beh\u00f6ver ett krympverktyg f\u00f6r att st\u00e4nga det. Du kan inte ta bort armbandet efter att du har krympt f\u00f6rslutningen utan att det visar tecken p\u00e5 manipulering, vilket f\u00f6rhindrar bedr\u00e4geri.<\/p>","protected":false},"excerpt":{"rendered":"<div>\n<p class=\"text-gray-500\">Med armband i konstl\u00e4der eller konstl\u00e4derimitation v\u00e4ljer du s\u00e4ker \u00e5tkomstkontroll f\u00f6r ditt evenemang med ett unikt utseende. Du kan v\u00e4lja mellan fyra olika f\u00e4rger av konstl\u00e4der f\u00f6r tryck i 1 eller 2 f\u00e4rger eller f\u00f6r gravyr. F\u00f6r att s\u00e4kra armbanden erbjuder vi tv\u00e5 alternativ: metallf\u00f6rslutning eller plastkn\u00e4ppning.<\/p>\n<\/div>","protected":false},"featured_media":6410,"comment_status":"closed","ping_status":"closed","template":"","meta":[],"product_brand":[],"product_cat":[66,117],"product_tag":[],"class_list":{"0":"post-1208","1":"product","2":"type-product","3":"status-publish","4":"has-post-thumbnail","6":"product_cat-wristbands","7":"product_cat-leather-wristbands","9":"first","10":"instock","11":"shipping-taxable","12":"purchasable","13":"product-type-simple"},"_links":{"self":[{"href":"https:\/\/displayproducts.eu\/sv\/wp-json\/wp\/v2\/product\/1208","targetHints":{"allow":["GET"]}}],"collection":[{"href":"https:\/\/displayproducts.eu\/sv\/wp-json\/wp\/v2\/product"}],"about":[{"href":"https:\/\/displayproducts.eu\/sv\/wp-json\/wp\/v2\/types\/product"}],"replies":[{"embeddable":true,"href":"https:\/\/displayproducts.eu\/sv\/wp-json\/wp\/v2\/comments?post=1208"}],"wp:featuredmedia":[{"embeddable":true,"href":"https:\/\/displayproducts.eu\/sv\/wp-json\/wp\/v2\/media\/6410"}],"wp:attachment":[{"href":"https:\/\/displayproducts.eu\/sv\/wp-json\/wp\/v2\/media?parent=1208"}],"wp:term":[{"taxonomy":"product_brand","embeddable":true,"href":"https:\/\/displayproducts.eu\/sv\/wp-json\/wp\/v2\/product_brand?post=1208"},{"taxonomy":"product_cat","embeddable":true,"href":"https:\/\/displayproducts.eu\/sv\/wp-json\/wp\/v2\/product_cat?post=1208"},{"taxonomy":"product_tag","embeddable":true,"href":"https:\/\/displayproducts.eu\/sv\/wp-json\/wp\/v2\/product_tag?post=1208"}],"curies":[{"name":"wp","href":"https:\/\/api.w.org\/{rel}","templated":true}]}}