{"id":1205,"date":"2024-10-27T11:54:37","date_gmt":"2024-10-27T08:54:37","guid":{"rendered":"https:\/\/wristbandfactory.eu\/toode\/custom-rfid-leather-wristband\/"},"modified":"2026-04-01T21:52:36","modified_gmt":"2026-04-01T18:52:36","slug":"custom-rfid-leather-wristband","status":"publish","type":"product","link":"https:\/\/displayproducts.eu\/sv\/p\/custom-rfid-leather-wristband\/","title":{"rendered":"RFID-l\u00e4derarmband"},"content":{"rendered":"<p data-path-to-node=\"12\">F\u00f6rh\u00f6j din g\u00e4stupplevelse med v\u00e5r <b data-path-to-node=\"12\" data-index-in-node=\"64\">Anpassade l\u00e4der RFID-armband<\/b>. Dessa armband \u00e4r utformade f\u00f6r milj\u00f6er d\u00e4r stil \u00e4r lika viktigt som s\u00e4kerhet och kombinerar avancerad RFID-teknik med l\u00e4derets klassiska elegans. Till skillnad fr\u00e5n vanliga silikon- eller tygalternativ fungerar dessa armband som ett premiumtillbeh\u00f6r, vilket g\u00f6r dem perfekta f\u00f6r VIP-zoner, lyxiga resorter, countryklubbar och exklusiva f\u00f6retagsevenemang.<\/p>\n<p data-path-to-node=\"13\">Tillverkade av slitstarkt PU-l\u00e4der (med \u00e4kta l\u00e4der som alternativ) erbjuder de en bekv\u00e4m passform f\u00f6r l\u00e4ngre tids anv\u00e4ndning. Det integrerade chipet \u00e4r s\u00f6ml\u00f6st inb\u00e4ddat, vilket s\u00e4kerst\u00e4ller p\u00e5litlig data\u00f6verf\u00f6ring f\u00f6r \u00e5tkomstkontroll, kontantl\u00f6sa betalningar eller integration med sociala medier utan att kompromissa med armbandets estetiska tilltal.<\/p>\n<h2 data-path-to-node=\"14\">Viktiga funktioner<\/h2>\n<ul data-path-to-node=\"15\">\n<li>\n<p data-path-to-node=\"15,0,1\"><span data-path-to-node=\"15,0,1,0\"><b data-path-to-node=\"15,0,1,0\" data-index-in-node=\"0\"><span class=\"citation-43\">Avancerad chipkompatibilitet:<\/span><\/b><span class=\"citation-43\"> Finns med ett brett utbud av RFID-chip inklusive LF (125 KHz), HF (13,56 MHz NTAG\u00ae\/Mifare) och UHF (860\u2013960 MHz) f\u00f6r att passa alla system.<\/span><\/span><span data-path-to-node=\"15,0,1,2\">.<\/span><\/p>\n<\/li>\n<li>\n<p data-path-to-node=\"15,1,1\"><span data-path-to-node=\"15,1,1,0\"><b data-path-to-node=\"15,1,1,0\" data-index-in-node=\"0\"><span class=\"citation-42\">Premium-estetik:<\/span><\/b><span class=\"citation-42\"> L\u00e4derfinishen erbjuder ett sofistikerat alternativ till plast, vilket \u00f6kar det upplevda v\u00e4rdet av ditt evenemang eller din lokal<\/span><\/span><span data-path-to-node=\"15,1,1,2\">.<\/span><\/p>\n<\/li>\n<li>\n<p data-path-to-node=\"15,2,0\"><b data-path-to-node=\"15,2,0\" data-index-in-node=\"0\">Anpassad varum\u00e4rkesbyggande:<\/b> Anpassa med din logotyp med hj\u00e4lp av premiumtekniker som pr\u00e4gling, debossing eller silkscreentryck.<\/p>\n<\/li>\n<li>\n<p data-path-to-node=\"15,3,0\"><b data-path-to-node=\"15,3,0\" data-index-in-node=\"0\">Justerbar passform:<\/b> Utformad med en klassisk sp\u00e4nnest\u00e4ngning (standardstorlek 250x22x3 mm) f\u00f6r att bekv\u00e4mt passa de flesta handledsstorlekar.<\/p>\n<\/li>\n<\/ul>\n<h2 data-path-to-node=\"16\">Specifikationer<\/h2>\n<ul data-path-to-node=\"17\">\n<li>\n<p data-path-to-node=\"17,0,0\"><b data-path-to-node=\"17,0,0\" data-index-in-node=\"0\">M\u00e5tt:<\/b> 250 mm x 22 mm x 3 mm.<\/p>\n<\/li>\n<li>\n<p data-path-to-node=\"17,1,0\"><b data-path-to-node=\"17,1,0\" data-index-in-node=\"0\">Material:<\/b> PU-l\u00e4der (standard) eller \u00e4kta l\u00e4der (uppgradering).<\/p>\n<\/li>\n<li>\n<p data-path-to-node=\"17,2,0\"><b data-path-to-node=\"17,2,0\" data-index-in-node=\"0\">Frekvensalternativ:<\/b> LF (125 kHz), HF (13,56 MHz), UHF (860\u2013960 MHz).<\/p>\n<\/li>\n<li>\n<p data-path-to-node=\"17,3,0\"><b data-path-to-node=\"17,3,0\" data-index-in-node=\"0\">Chiptyper:<\/b> TK4100, F08, NTAG213\/215\/216, Alien H3 och fler.<\/p>\n<\/li>\n<li>\n<p data-path-to-node=\"17,4,0\"><b data-path-to-node=\"17,4,0\" data-index-in-node=\"0\">L\u00e4savst\u00e5nd:<\/b> 1\u201310 cm (LF\/HF), upp till flera meter (UHF, l\u00e4sarberoende).<\/p>\n<\/li>\n<li>\n<p data-path-to-node=\"17,5,0\"><b data-path-to-node=\"17,5,0\" data-index-in-node=\"0\">Minsta orderkvantitet:<\/b> 100 enheter.<\/p>\n<\/li>\n<\/ul>\n<h2 data-path-to-node=\"18\">Anv\u00e4ndningsfall<\/h2>\n<ul data-path-to-node=\"19\">\n<li>\n<p data-path-to-node=\"19,0,0\"><b data-path-to-node=\"19,0,0\" data-index-in-node=\"0\">Lyxhotell och resorter:<\/b> Nyckelfri entr\u00e9 till rummet och kontantl\u00f6sa betalningar f\u00f6r bekv\u00e4mligheter p\u00e5 resorten.<\/p>\n<\/li>\n<li>\n<p data-path-to-node=\"19,1,0\"><b data-path-to-node=\"19,1,0\" data-index-in-node=\"0\">VIP-evenemangstillg\u00e5ng:<\/b> Exklusiva \u00e5tkomstuppgifter till backstage-omr\u00e5den, privata lounger och galor.<\/p>\n<\/li>\n<li>\n<p data-path-to-node=\"19,2,0\"><b data-path-to-node=\"19,2,0\" data-index-in-node=\"0\">Fitness och countryklubbar:<\/b> H\u00e5llbara, snygga medlemsidentifikatorer f\u00f6r \u00e5tkomst till anl\u00e4ggningar.<\/p>\n<\/li>\n<li>\n<p data-path-to-node=\"19,3,0\"><b data-path-to-node=\"19,3,0\" data-index-in-node=\"0\">Kontorss\u00e4kerhet:<\/b> Elegant identifiering f\u00f6r anst\u00e4llda i f\u00f6retagsmilj\u00f6er.<\/p>\n<\/li>\n<\/ul>","protected":false},"excerpt":{"rendered":"<ul>\n<li>\n<p data-path-to-node=\"11,0,0\"><b data-path-to-node=\"11,0,0\" data-index-in-node=\"0\">Material:<\/b> H\u00f6gkvalitativt PU- eller \u00e4kta l\u00e4deralternativ f\u00f6r en sofistikerad look.<\/p>\n<\/li>\n<li>\n<p data-path-to-node=\"11,1,0\"><b data-path-to-node=\"11,1,0\" data-index-in-node=\"0\">Teknologi:<\/b> Integrerade LF- (TK4100), HF- (NTAG\u00ae) eller UHF- (Alien H3)-chip.<\/p>\n<\/li>\n<li>\n<p data-path-to-node=\"11,2,0\"><b data-path-to-node=\"11,2,0\" data-index-in-node=\"0\">Anpassning:<\/b> Pr\u00e4gling, pr\u00e4gling eller tryck f\u00f6r diskret varum\u00e4rkesbyggande.<\/p>\n<\/li>\n<li>\n<p data-path-to-node=\"11,3,0\"><b data-path-to-node=\"11,3,0\" data-index-in-node=\"0\">Ans\u00f6kan:<\/b> Idealisk f\u00f6r VIP-\u00e5tkomstkontroll, kontantl\u00f6sa betalningar och lyxhotell.<\/p>\n<\/li>\n<\/ul>","protected":false},"featured_media":6037,"comment_status":"closed","ping_status":"closed","template":"","meta":[],"product_brand":[],"product_cat":[66,117,81],"product_tag":[],"class_list":{"0":"post-1205","1":"product","2":"type-product","3":"status-publish","4":"has-post-thumbnail","6":"product_cat-wristbands","7":"product_cat-leather-wristbands","8":"product_cat-rfid","10":"first","11":"instock","12":"shipping-taxable","13":"purchasable","14":"product-type-simple"},"_links":{"self":[{"href":"https:\/\/displayproducts.eu\/sv\/wp-json\/wp\/v2\/product\/1205","targetHints":{"allow":["GET"]}}],"collection":[{"href":"https:\/\/displayproducts.eu\/sv\/wp-json\/wp\/v2\/product"}],"about":[{"href":"https:\/\/displayproducts.eu\/sv\/wp-json\/wp\/v2\/types\/product"}],"replies":[{"embeddable":true,"href":"https:\/\/displayproducts.eu\/sv\/wp-json\/wp\/v2\/comments?post=1205"}],"wp:featuredmedia":[{"embeddable":true,"href":"https:\/\/displayproducts.eu\/sv\/wp-json\/wp\/v2\/media\/6037"}],"wp:attachment":[{"href":"https:\/\/displayproducts.eu\/sv\/wp-json\/wp\/v2\/media?parent=1205"}],"wp:term":[{"taxonomy":"product_brand","embeddable":true,"href":"https:\/\/displayproducts.eu\/sv\/wp-json\/wp\/v2\/product_brand?post=1205"},{"taxonomy":"product_cat","embeddable":true,"href":"https:\/\/displayproducts.eu\/sv\/wp-json\/wp\/v2\/product_cat?post=1205"},{"taxonomy":"product_tag","embeddable":true,"href":"https:\/\/displayproducts.eu\/sv\/wp-json\/wp\/v2\/product_tag?post=1205"}],"curies":[{"name":"wp","href":"https:\/\/api.w.org\/{rel}","templated":true}]}}