{"id":1203,"date":"2024-10-27T11:54:37","date_gmt":"2024-10-27T08:54:37","guid":{"rendered":"https:\/\/wristbandfactory.eu\/toode\/fabric-wristbands\/"},"modified":"2026-04-01T21:52:36","modified_gmt":"2026-04-01T18:52:36","slug":"full-colour-printed-fabric-wristbands","status":"publish","type":"product","link":"https:\/\/displayproducts.eu\/sv\/p\/full-colour-printed-fabric-wristbands\/","title":{"rendered":"Fyrf\u00e4rgstryckta textilarmband"},"content":{"rendered":"<div class=\"mx-12 md:mx-24 lg:mx-48\">\n<div class=\"container my-8 svelte-zlsknf\">\n<div class=\"my-24 rounded-lg border-0 border-gray-700 bg-gray-100 px-16 py-24\">\n<div class=\"mt-11 !text-gray-500\">\n<p data-path-to-node=\"8\">F\u00f6rh\u00f6j din evenemangsupplevelse med v\u00e5ra tygarmband i fullf\u00e4rg med tryck. Detta \u00e4r v\u00e5r mest popul\u00e4ra l\u00f6sning f\u00f6r \u00e5tkomstkontroll till evenemang, utformad f\u00f6r att vara ett kraftfullt marknadsf\u00f6ringsverktyg som \u00e4ven fungerar som en v\u00e4rdefull souvenir f\u00f6r deltagarna.<\/p>\n<p data-path-to-node=\"9\"><b>Ett armband, helt anpassat av dig<\/b><\/p>\n<p data-path-to-node=\"10\">Denna enda produktsida samlar alla v\u00e5ra tryckta tygalternativ. V\u00e4lj bara ditt material och l\u00e5s f\u00f6r att skapa det perfekta armbandet f\u00f6r ditt evenemang.<\/p>\n<ol start=\"1\" data-path-to-node=\"11\">\n<li>\n<p data-path-to-node=\"11,0,0\"><b>V\u00e4lj ditt tryck och material:<\/b> Med hj\u00e4lp av toppmodern sublimeringstryckning reproducerar vi din design i livfulla, blekningsbest\u00e4ndiga CMYK- eller exakta Pantone (PMS)-nyanser. V\u00e4lj mellan tv\u00e5 materialbehandlingar:<\/p>\n<ul data-path-to-node=\"11,0,1\">\n<li>\n<p data-path-to-node=\"11,0,1,0,0\"><b>Slitstark polyester:<\/b> V\u00e5r h\u00f6gkvalitativa, vattent\u00e4ta och hudv\u00e4nliga standard f\u00f6r alla evenemang.<\/p>\n<\/li>\n<li>\n<p data-path-to-node=\"11,0,1,1,0\"><b>Premiumsatin:<\/b> En sl\u00e4tare, mer glansig finish f\u00f6r en premium, exklusiv k\u00e4nsla (absorberar &quot;Satin Wristbands&quot;-produkten).<\/p>\n<\/li>\n<\/ul>\n<\/li>\n<li>\n<p data-path-to-node=\"11,1,0\"><b>V\u00e4lj ditt l\u00e5s:<\/b> S\u00e4kerhet \u00e4r av st\u00f6rsta vikt. Konfigurera dina armband med det l\u00e5s som passar dina behov. Vi erbjuder ett komplett utbud av alternativ:<\/p>\n<ul data-path-to-node=\"11,1,1\">\n<li>\n<p data-path-to-node=\"11,1,1,0,0\"><b>H\u00f6gs\u00e4kerhetsl\u00e5s:<\/b> Eng\u00e5ngskl\u00e4mmor i plast eller slitstarka metalll\u00e5s f\u00f6r att f\u00f6rhindra att de flyttas.<\/p>\n<\/li>\n<li>\n<p data-path-to-node=\"11,1,1,1,0\"><b>\u00c5teranv\u00e4ndbara l\u00e5s:<\/b> En justerbar p\u00e4rla som g\u00f6r att armband kan tas av och slitas om..<\/p>\n<\/li>\n<li>\n<p data-path-to-node=\"11,1,1,2,0\"><b>Milj\u00f6v\u00e4nliga l\u00e5s:<\/b> V\u00e5rt h\u00e5llbara eng\u00e5ngsl\u00e5s i bambu.<\/p>\n<\/li>\n<\/ul>\n<\/li>\n<\/ol>\n<p data-path-to-node=\"12\">Dessa armband \u00e4r den perfekta s\u00e4kra l\u00f6sningen f\u00f6r att kontrollera \u00e5tkomst till konserter, festivaler, fester, hotell och vattenparker.<\/p>\n<p data-path-to-node=\"13\"><i>(Obs: P\u00e5 grund av tillverkningsprocessen rekommenderar vi att man anv\u00e4nder upprepade m\u00f6nster p\u00e5 baksidan av armbandet f\u00f6r optimala resultat.)<\/i><\/p>\n<p data-path-to-node=\"14\"><b>Viktiga funktioner:<\/b><\/p>\n<ul data-path-to-node=\"15\">\n<li>\n<p data-path-to-node=\"15,0,0\"><b>Utskrift:<\/b> Fullf\u00e4rgstryck med CMYK- eller PMS-sublimeringsteknik.<\/p>\n<\/li>\n<li>\n<p data-path-to-node=\"15,1,0\"><b>Material:<\/b> H\u00f6gkvalitativ polyester (premium satinfinish finns \u00e4ven tillg\u00e4nglig).<\/p>\n<\/li>\n<li>\n<p data-path-to-node=\"15,2,0\"><b>S\u00e4kerhetsl\u00e5salternativ:<\/b> H\u00f6gs\u00e4kerhet (plast\/metall), \u00e5teranv\u00e4ndbar p\u00e4rla eller milj\u00f6v\u00e4nlig bambu.<\/p>\n<\/li>\n<li>\n<p data-path-to-node=\"15,3,0\"><b>H\u00e5llbar och vattent\u00e4t:<\/b> Perfekt f\u00f6r evenemang som str\u00e4cker sig \u00f6ver flera dagar.<\/p>\n<\/li>\n<li>\n<p data-path-to-node=\"15,4,0\"><b>Bekv\u00e4mlighet:<\/b> L\u00e4tt och mjuk f\u00f6r bekv\u00e4mt, l\u00e4ngre anv\u00e4ndning.<\/p>\n<\/li>\n<li>\n<p data-path-to-node=\"15,5,0\"><b>Minsta best\u00e4llning:<\/b> 100 stycken.<\/p>\n<\/li>\n<\/ul>\n<p data-path-to-node=\"16\">\n<\/div>\n<\/div>\n<\/div>\n<\/div>","protected":false},"excerpt":{"rendered":"<ul data-path-to-node=\"7\">\n<li>\n<p data-path-to-node=\"7,0,0\">Livfullt sublimeringstryck i fullf\u00e4rg med CMYK- eller Pantone-tryck.<\/p>\n<\/li>\n<li>\n<p data-path-to-node=\"7,1,0\"><b>Materialalternativ:<\/b> V\u00e4lj mellan slitstark, vattent\u00e4t polyester eller en premium-satin.<\/p>\n<\/li>\n<li>\n<p data-path-to-node=\"7,2,0\"><b>L\u00e5salternativ:<\/b> H\u00f6gs\u00e4kerhet (eng\u00e5ngsplast\/metall), \u00e5teranv\u00e4ndbar (justerbar p\u00e4rla) eller milj\u00f6v\u00e4nlig bambu.<\/p>\n<\/li>\n<li>\n<p data-path-to-node=\"7,3,0\">Bekv\u00e4m, slitstark och hudv\u00e4nlig f\u00f6r flerdagarsevenemang.<\/p>\n<\/li>\n<\/ul>","protected":false},"featured_media":6388,"comment_status":"closed","ping_status":"closed","template":"","meta":[],"product_brand":[],"product_cat":[47],"product_tag":[],"class_list":{"0":"post-1203","1":"product","2":"type-product","3":"status-publish","4":"has-post-thumbnail","6":"product_cat-fabric-wristbands","8":"first","9":"instock","10":"shipping-taxable","11":"purchasable","12":"product-type-simple"},"_links":{"self":[{"href":"https:\/\/displayproducts.eu\/sv\/wp-json\/wp\/v2\/product\/1203","targetHints":{"allow":["GET"]}}],"collection":[{"href":"https:\/\/displayproducts.eu\/sv\/wp-json\/wp\/v2\/product"}],"about":[{"href":"https:\/\/displayproducts.eu\/sv\/wp-json\/wp\/v2\/types\/product"}],"replies":[{"embeddable":true,"href":"https:\/\/displayproducts.eu\/sv\/wp-json\/wp\/v2\/comments?post=1203"}],"wp:featuredmedia":[{"embeddable":true,"href":"https:\/\/displayproducts.eu\/sv\/wp-json\/wp\/v2\/media\/6388"}],"wp:attachment":[{"href":"https:\/\/displayproducts.eu\/sv\/wp-json\/wp\/v2\/media?parent=1203"}],"wp:term":[{"taxonomy":"product_brand","embeddable":true,"href":"https:\/\/displayproducts.eu\/sv\/wp-json\/wp\/v2\/product_brand?post=1203"},{"taxonomy":"product_cat","embeddable":true,"href":"https:\/\/displayproducts.eu\/sv\/wp-json\/wp\/v2\/product_cat?post=1203"},{"taxonomy":"product_tag","embeddable":true,"href":"https:\/\/displayproducts.eu\/sv\/wp-json\/wp\/v2\/product_tag?post=1203"}],"curies":[{"name":"wp","href":"https:\/\/api.w.org\/{rel}","templated":true}]}}