{"id":6857,"date":"2026-01-15T16:48:49","date_gmt":"2026-01-15T13:48:49","guid":{"rendered":"https:\/\/wristbandfactory.eu\/?post_type=product&#038;p=6857"},"modified":"2026-04-01T21:52:34","modified_gmt":"2026-04-01T18:52:34","slug":"custom-lanyards-with-metal-bulldog-clip","status":"publish","type":"product","link":"https:\/\/displayproducts.eu\/pt\/p\/custom-lanyards-with-metal-bulldog-clip\/","title":{"rendered":"Fitas de pesco\u00e7o de pesco\u00e7o personalizadas com mola bulldog"},"content":{"rendered":"<p data-path-to-node=\"4\">Simplifique o processo de check-in do seu evento com o nosso <b data-path-to-node=\"4\" data-index-in-node=\"73\">Cord\u00f5es personalizados com um clipe bulldog de metal<\/b>. Frequentemente descrito como um prendedor tipo &quot;prendedor de roupa&quot;, este acess\u00f3rio \u00e9 um dos favoritos em confer\u00eancias e feiras comerciais devido \u00e0 sua rapidez e versatilidade. As mand\u00edbulas com mola abrem facilmente com um sem impress\u00e3o aperto, permitindo fixar crach\u00e1s de identifica\u00e7\u00e3o, passes ou carteiras de pl\u00e1stico instantaneamente \u2014 mesmo aqueles sem um furo espec\u00edfico.<\/p>\n<h2 data-path-to-node=\"5\">Principais caracter\u00edsticas<\/h2>\n<ul data-path-to-node=\"6\">\n<li>\n<p data-path-to-node=\"6,0,0\"><b data-path-to-node=\"6,0,0\" data-index-in-node=\"0\">Fixa\u00e7\u00e3o vers\u00e1til:<\/b> Ao contr\u00e1rio dos ganchos que exigem um tamanho de furo espec\u00edfico, as garras do clipe Bulldog conseguem se prender na borda de praticamente qualquer porta-crach\u00e1, laminado ou cart\u00e3o.<\/p>\n<\/li>\n<li>\n<p data-path-to-node=\"6,1,0\"><b data-path-to-node=\"6,1,0\" data-index-in-node=\"0\">Estabilidade antitor\u00e7\u00e3o:<\/b> A ampla \u00e1rea de fixa\u00e7\u00e3o garante que os crach\u00e1s de identifica\u00e7\u00e3o fiquem retos e voltados para a frente, mantendo nomes e logotipos vis\u00edveis o tempo todo.<\/p>\n<\/li>\n<li>\n<p data-path-to-node=\"6,2,0\"><b data-path-to-node=\"6,2,0\" data-index-in-node=\"0\">Suave com os materiais:<\/b> Embora a fixa\u00e7\u00e3o seja firme, as mand\u00edbulas de metal liso s\u00e3o projetadas para segurar com seguran\u00e7a sem danificar as bolsas de PVC padr\u00e3o.<\/p>\n<\/li>\n<li>\n<p data-path-to-node=\"6,3,0\"><b data-path-to-node=\"6,3,0\" data-index-in-node=\"0\">Impress\u00e3o por sublima\u00e7\u00e3o total:<\/b> A pr\u00f3pria al\u00e7a do cord\u00e3o \u00e9 impressa de ponta a ponta em cores vibrantes, garantindo que sua marca combine com a funcionalidade premium do clipe.<\/p>\n<\/li>\n<\/ul>\n<h2 data-path-to-node=\"7\">Especifica\u00e7\u00f5es<\/h2>\n<ul data-path-to-node=\"8\">\n<li>\n<p data-path-to-node=\"8,0,0\"><b data-path-to-node=\"8,0,0\" data-index-in-node=\"0\">Material:<\/b> 100% Poli\u00e9ster liso.<\/p>\n<\/li>\n<li>\n<p data-path-to-node=\"8,1,0\"><b data-path-to-node=\"8,1,0\" data-index-in-node=\"0\">Anexo:<\/b> Clipe Bulldog de metal niquelado (fixador de crach\u00e1).<\/p>\n<\/li>\n<li>\n<p data-path-to-node=\"8,2,0\"><b data-path-to-node=\"8,2,0\" data-index-in-node=\"0\">M\u00e9todo de impress\u00e3o:<\/b> Impress\u00e3o por sublima\u00e7\u00e3o de tinta em cores plenas.<\/p>\n<\/li>\n<li>\n<p data-path-to-node=\"8,3,0\"><b data-path-to-node=\"8,3,0\" data-index-in-node=\"0\">Largura do recorte:<\/b> Largura padr\u00e3o da mand\u00edbula de aproximadamente 10 mm para uma fixa\u00e7\u00e3o segura.<\/p>\n<\/li>\n<li>\n<p data-path-to-node=\"8,4,0\"><b data-path-to-node=\"8,4,0\" data-index-in-node=\"0\">Larguras dispon\u00edveis:<\/b> 15 mm, 20 mm, 25 mm.<\/p>\n<\/li>\n<\/ul>\n<h2 data-path-to-node=\"9\">Casos de uso<\/h2>\n<ul data-path-to-node=\"10\">\n<li>\n<p data-path-to-node=\"10,0,0\"><b data-path-to-node=\"10,0,0\" data-index-in-node=\"0\">Confer\u00eancias e Feiras Comerciais:<\/b> A maneira mais r\u00e1pida de fixar crach\u00e1s em cord\u00f5es durante o registro de grande volume.<\/p>\n<\/li>\n<li>\n<p data-path-to-node=\"10,1,0\"><b data-path-to-node=\"10,1,0\" data-index-in-node=\"0\">Passes para visitantes:<\/b> Ideal para crach\u00e1s tempor\u00e1rios que precisam ser recolhidos e reutilizados.<\/p>\n<\/li>\n<li>\n<p data-path-to-node=\"10,2,0\"><b data-path-to-node=\"10,2,0\" data-index-in-node=\"0\">Uniformes dos funcion\u00e1rios:<\/b> Pode ser preso em golas ou bolsos quando um cord\u00e3o no pesco\u00e7o n\u00e3o for a op\u00e7\u00e3o preferida.<\/p>\n<\/li>\n<\/ul>","protected":false},"excerpt":{"rendered":"<ul>\n<li>\n<p data-path-to-node=\"3,0,0\"><b data-path-to-node=\"3,0,0\" data-index-in-node=\"0\">A\u00e7\u00e3o estilo prendedor de roupa:<\/b> O mecanismo &quot;Bulldog&quot; de f\u00e1cil abertura prende-se com seguran\u00e7a a porta-crach\u00e1s ou roupas sem necessidade de furar.<\/p>\n<\/li>\n<li>\n<p data-path-to-node=\"3,1,0\"><b data-path-to-node=\"3,1,0\" data-index-in-node=\"0\">Exibi\u00e7\u00e3o est\u00e1vel:<\/b> As mand\u00edbulas largas e planas seguram o distintivo firmemente, impedindo que ele gire ou vire.<\/p>\n<\/li>\n<li>\n<p data-path-to-node=\"3,2,0\"><b data-path-to-node=\"3,2,0\" data-index-in-node=\"0\">Fixa\u00e7\u00e3o dupla:<\/b> Pode ser preso a um porta-identifica\u00e7\u00e3o de pl\u00e1stico ou diretamente no bolso da camisa ou na lapela.<\/p>\n<\/li>\n<li>\n<p data-path-to-node=\"3,3,0\"><b data-path-to-node=\"3,3,0\" data-index-in-node=\"0\">Constru\u00e7\u00e3o robusta em metal:<\/b> Fabricado em a\u00e7o niquelado para maior durabilidade e resist\u00eancia da mola.<\/p>\n<\/li>\n<\/ul>","protected":false},"featured_media":6858,"comment_status":"closed","ping_status":"closed","template":"","meta":[],"product_brand":[],"product_cat":[104],"product_tag":[],"class_list":{"0":"post-6857","1":"product","2":"type-product","3":"status-publish","4":"has-post-thumbnail","6":"product_cat-custom-printed-lanyards","8":"first","9":"instock","10":"shipping-taxable","11":"purchasable","12":"product-type-simple"},"_links":{"self":[{"href":"https:\/\/displayproducts.eu\/pt\/wp-json\/wp\/v2\/product\/6857","targetHints":{"allow":["GET"]}}],"collection":[{"href":"https:\/\/displayproducts.eu\/pt\/wp-json\/wp\/v2\/product"}],"about":[{"href":"https:\/\/displayproducts.eu\/pt\/wp-json\/wp\/v2\/types\/product"}],"replies":[{"embeddable":true,"href":"https:\/\/displayproducts.eu\/pt\/wp-json\/wp\/v2\/comments?post=6857"}],"wp:featuredmedia":[{"embeddable":true,"href":"https:\/\/displayproducts.eu\/pt\/wp-json\/wp\/v2\/media\/6858"}],"wp:attachment":[{"href":"https:\/\/displayproducts.eu\/pt\/wp-json\/wp\/v2\/media?parent=6857"}],"wp:term":[{"taxonomy":"product_brand","embeddable":true,"href":"https:\/\/displayproducts.eu\/pt\/wp-json\/wp\/v2\/product_brand?post=6857"},{"taxonomy":"product_cat","embeddable":true,"href":"https:\/\/displayproducts.eu\/pt\/wp-json\/wp\/v2\/product_cat?post=6857"},{"taxonomy":"product_tag","embeddable":true,"href":"https:\/\/displayproducts.eu\/pt\/wp-json\/wp\/v2\/product_tag?post=6857"}],"curies":[{"name":"wp","href":"https:\/\/api.w.org\/{rel}","templated":true}]}}