{"id":6855,"date":"2026-01-15T15:41:22","date_gmt":"2026-01-15T12:41:22","guid":{"rendered":"https:\/\/wristbandfactory.eu\/?post_type=product&#038;p=6855"},"modified":"2026-04-01T21:52:34","modified_gmt":"2026-04-01T18:52:34","slug":"custom-printed-event-badges-id-cards-pvc-laminated","status":"publish","type":"product","link":"https:\/\/displayproducts.eu\/pt\/p\/custom-printed-event-badges-id-cards-pvc-laminated\/","title":{"rendered":"Crach\u00e1s para eventos e cart\u00f5es de identifica\u00e7\u00e3o"},"content":{"rendered":"<p data-path-to-node=\"6\">Simplifique seu processo de credenciamento com nossa gama vers\u00e1til de solu\u00e7\u00f5es. <b data-path-to-node=\"6\" data-index-in-node=\"91\">Crach\u00e1s e cart\u00f5es de identifica\u00e7\u00e3o personalizados para eventos.<\/b>. Quer esteja a organizar uma confer\u00eancia de um dia ou a gerir a seguran\u00e7a de um edif\u00edcio a longo prazo, oferecemos uma solu\u00e7\u00e3o que se adapta ao seu or\u00e7amento e \u00e0s suas necessidades de durabilidade, numa \u00fanica encomenda pr\u00e1tica.<\/p>\n<p data-path-to-node=\"7\">Em vez de comprar suportes e inser\u00e7\u00f5es separadamente, esses crach\u00e1s s\u00e3o uma solu\u00e7\u00e3o completa &quot;tudo-em-um&quot; \u2014 impressos, finalizados e prontos para pendurar.<\/p>\n<h2 data-path-to-node=\"8\">Selecione seu material<\/h2>\n<ul data-path-to-node=\"9\">\n<li>\n<p data-path-to-node=\"9,0,0\"><b data-path-to-node=\"9,0,0\" data-index-in-node=\"0\">Op\u00e7\u00e3o A: PVC r\u00edgido (Premium):<\/b> Fabricados em policloreto de vinila s\u00f3lido (como um cart\u00e3o banc\u00e1rio). S\u00e3o \u00e0 prova d&#039;\u00e1gua, inflex\u00edveis e extremamente dur\u00e1veis. Ideais para crach\u00e1s de identifica\u00e7\u00e3o de funcion\u00e1rios, passes VIP e crach\u00e1s de imprensa reutiliz\u00e1veis.<\/p>\n<\/li>\n<li>\n<p data-path-to-node=\"9,1,0\"><b data-path-to-node=\"9,1,0\" data-index-in-node=\"0\">Op\u00e7\u00e3o B: Papel Laminado (Padr\u00e3o):<\/b> Um encarte de papel de alta qualidade, encapsulado em uma resistente bolsa pl\u00e1stica por meio de lamina\u00e7\u00e3o a quente. Este \u00e9 o padr\u00e3o da ind\u00fastria para feiras comerciais, festivais e confer\u00eancias onde or\u00e7amento e rapidez s\u00e3o essenciais.<\/p>\n<\/li>\n<\/ul>\n<h2 data-path-to-node=\"10\">Tamanhos e formatos dispon\u00edveis<\/h2>\n<ul data-path-to-node=\"11\">\n<li>\n<p data-path-to-node=\"11,0,0\"><b data-path-to-node=\"11,0,0\" data-index-in-node=\"0\">CR80 padr\u00e3o (86 x 54 mm):<\/b> O tamanho cl\u00e1ssico de um cart\u00e3o de cr\u00e9dito. Dispon\u00edvel nos formatos paisagem ou retrato.<\/p>\n<\/li>\n<li>\n<p data-path-to-node=\"11,1,0\"><b data-path-to-node=\"11,1,0\" data-index-in-node=\"0\">Evento de tamanho m\u00e9dio (100 x 70 mm):<\/b> O modelo 30% oferece mais espa\u00e7o para agendas, mapas ou fotos maiores.<\/p>\n<\/li>\n<li>\n<p data-path-to-node=\"11,2,0\"><b data-path-to-node=\"11,2,0\" data-index-in-node=\"0\">Grande \/ GG (120 x 80 mm):<\/b> Visibilidade m\u00e1xima. Perfeito para passes &quot;Acesso Total&quot; e para a programa\u00e7\u00e3o de festivais.<\/p>\n<\/li>\n<\/ul>\n<h2 data-path-to-node=\"12\">Especifica\u00e7\u00f5es<\/h2>\n<ul data-path-to-node=\"13\">\n<li>\n<p data-path-to-node=\"13,0,0\"><b data-path-to-node=\"13,0,0\" data-index-in-node=\"0\">Tecnologia de Impress\u00e3o:<\/b> Impress\u00e3o digital ou offset em cores.<\/p>\n<\/li>\n<li>\n<p data-path-to-node=\"13,1,0\"><b data-path-to-node=\"13,1,0\" data-index-in-node=\"0\">Espessura do PVC:<\/b> 0,76 mm (cart\u00e3o de cr\u00e9dito padr\u00e3o)<\/p>\n<\/li>\n<li>\n<p data-path-to-node=\"13,2,0\"><b data-path-to-node=\"13,2,0\" data-index-in-node=\"0\">Espessura da lamina\u00e7\u00e3o:<\/b> Papel de alta gramatura + laminado de 150-250 m\u00edcrons<\/p>\n<\/li>\n<li>\n<p data-path-to-node=\"13,3,0\"><b data-path-to-node=\"13,3,0\" data-index-in-node=\"0\">Acabamento:<\/b> Cantos arredondados recortados + Furo (circular ou oblongo)<\/p>\n<\/li>\n<li>\n<p data-path-to-node=\"13,4,0\"><b data-path-to-node=\"13,4,0\" data-index-in-node=\"0\">Pedido m\u00ednimo:<\/b> 50 pe\u00e7as<\/p>\n<\/li>\n<\/ul>\n<h2 data-path-to-node=\"14\">Casos de uso<\/h2>\n<ul data-path-to-node=\"15\">\n<li>\n<p data-path-to-node=\"15,0,0\"><b data-path-to-node=\"15,0,0\" data-index-in-node=\"0\">Confer\u00eancias e Feiras Comerciais:<\/b> Crach\u00e1s laminados com \u00f3timo custo-benef\u00edcio para milhares de participantes.<\/p>\n<\/li>\n<li>\n<p data-path-to-node=\"15,1,0\"><b data-path-to-node=\"15,1,0\" data-index-in-node=\"0\">Festivais de M\u00fasica:<\/b> Crach\u00e1s grandes tamanho XL para artistas e equipe (f\u00e1ceis de identificar \u00e0 dist\u00e2ncia).<\/p>\n<\/li>\n<li>\n<p data-path-to-node=\"15,2,0\"><b data-path-to-node=\"15,2,0\" data-index-in-node=\"0\">ID corporativo:<\/b> Cart\u00f5es de PVC dur\u00e1veis para acesso di\u00e1rio no escrit\u00f3rio.<\/p>\n<\/li>\n<li>\n<p data-path-to-node=\"15,3,0\"><b data-path-to-node=\"15,3,0\" data-index-in-node=\"0\">Eventos esportivos:<\/b> Crach\u00e1s de PVC resistentes \u00e0s intemp\u00e9ries para uso externo por funcion\u00e1rios e imprensa.<\/p>\n<\/li>\n<\/ul>","protected":false},"excerpt":{"rendered":"<ul data-path-to-node=\"5\">\n<li>\n<p data-path-to-node=\"5,0,0\"><b data-path-to-node=\"5,0,0\" data-index-in-node=\"0\">Duas op\u00e7\u00f5es de material:<\/b> Escolha entre r\u00edgido <b data-path-to-node=\"5,0,0\" data-index-in-node=\"43\">Pl\u00e1stico PVC<\/b> (resistente, com a mesma sensa\u00e7\u00e3o de um cart\u00e3o de cr\u00e9dito) ou econ\u00f4mico <b data-path-to-node=\"5,0,0\" data-index-in-node=\"101\">Papel laminado<\/b> (leve, encapsulado).<\/p>\n<\/li>\n<li>\n<p data-path-to-node=\"5,1,0\"><b data-path-to-node=\"5,1,0\" data-index-in-node=\"0\">Tamanhos vers\u00e1teis:<\/b> Dispon\u00edvel no tamanho padr\u00e3o de cart\u00e3o de cr\u00e9dito (86x54mm) e em formatos para eventos grandes (100x70mm, 120x80mm).<\/p>\n<\/li>\n<li>\n<p data-path-to-node=\"5,2,0\"><b data-path-to-node=\"5,2,0\" data-index-in-node=\"0\">Impress\u00e3o de ponta a ponta:<\/b> Impress\u00e3o colorida de alta defini\u00e7\u00e3o em ambos os lados garante que sua marca ou os elementos gr\u00e1ficos do seu evento se destaquem.<\/p>\n<\/li>\n<li>\n<p data-path-to-node=\"5,3,0\"><b data-path-to-node=\"5,3,0\" data-index-in-node=\"0\">Pronto para vestir:<\/b> Todos os crach\u00e1s v\u00eam com um furo padr\u00e3o (redondo ou oval) para fixa\u00e7\u00e3o imediata em cord\u00f5es.<\/p>\n<\/li>\n<\/ul>","protected":false},"featured_media":6856,"comment_status":"closed","ping_status":"closed","template":"","meta":[],"product_brand":[],"product_cat":[90],"product_tag":[],"class_list":{"0":"post-6855","1":"product","2":"type-product","3":"status-publish","4":"has-post-thumbnail","6":"product_cat-laminated-cards","8":"first","9":"instock","10":"shipping-taxable","11":"purchasable","12":"product-type-simple"},"_links":{"self":[{"href":"https:\/\/displayproducts.eu\/pt\/wp-json\/wp\/v2\/product\/6855","targetHints":{"allow":["GET"]}}],"collection":[{"href":"https:\/\/displayproducts.eu\/pt\/wp-json\/wp\/v2\/product"}],"about":[{"href":"https:\/\/displayproducts.eu\/pt\/wp-json\/wp\/v2\/types\/product"}],"replies":[{"embeddable":true,"href":"https:\/\/displayproducts.eu\/pt\/wp-json\/wp\/v2\/comments?post=6855"}],"wp:featuredmedia":[{"embeddable":true,"href":"https:\/\/displayproducts.eu\/pt\/wp-json\/wp\/v2\/media\/6856"}],"wp:attachment":[{"href":"https:\/\/displayproducts.eu\/pt\/wp-json\/wp\/v2\/media?parent=6855"}],"wp:term":[{"taxonomy":"product_brand","embeddable":true,"href":"https:\/\/displayproducts.eu\/pt\/wp-json\/wp\/v2\/product_brand?post=6855"},{"taxonomy":"product_cat","embeddable":true,"href":"https:\/\/displayproducts.eu\/pt\/wp-json\/wp\/v2\/product_cat?post=6855"},{"taxonomy":"product_tag","embeddable":true,"href":"https:\/\/displayproducts.eu\/pt\/wp-json\/wp\/v2\/product_tag?post=6855"}],"curies":[{"name":"wp","href":"https:\/\/api.w.org\/{rel}","templated":true}]}}