{"id":6853,"date":"2026-01-15T15:29:17","date_gmt":"2026-01-15T12:29:17","guid":{"rendered":"https:\/\/wristbandfactory.eu\/?post_type=product&#038;p=6853"},"modified":"2026-04-01T21:52:34","modified_gmt":"2026-04-01T18:52:34","slug":"custom-printed-eco-friendly-yoga-mats-cork-microfiber-coconut","status":"publish","type":"product","link":"https:\/\/displayproducts.eu\/pt\/p\/custom-printed-eco-friendly-yoga-mats-cork-microfiber-coconut\/","title":{"rendered":"Tapetes de yoga personalizados (corti\u00e7a e microfibra)"},"content":{"rendered":"<p data-path-to-node=\"6\">Transforme o seu est\u00fadio ou programa de bem-estar corporativo com a nossa gama premium de produtos. <b data-path-to-node=\"6\" data-index-in-node=\"109\">Tapetes de ioga ecol\u00f3gicos com impress\u00e3o personalizada<\/b>. Projetados para uso profissional e merchandising de alta qualidade, esses tapetes combinam sustentabilidade com desempenho superior. Ao contr\u00e1rio dos tapetes de PVC padr\u00e3o, nossa cole\u00e7\u00e3o utiliza uma base de borracha natural para estabilidade incompar\u00e1vel e oferece tr\u00eas materiais de superf\u00edcie distintos para atender \u00e0s suas necessidades espec\u00edficas de marca e funcionalidade.<\/p>\n<p data-path-to-node=\"7\">Seja para uma superf\u00edcie que absorva o suor para ioga quente ou uma textura aderente para posturas de precis\u00e3o, nossos tapetes personaliz\u00e1veis oferecem a tela perfeita para a sua marca.<\/p>\n<h2 data-path-to-node=\"8\">Op\u00e7\u00f5es de materiais<\/h2>\n<ul data-path-to-node=\"9\">\n<li>\n<p data-path-to-node=\"9,0,0\"><b data-path-to-node=\"9,0,0\" data-index-in-node=\"0\">Op\u00e7\u00e3o A: Microfibra semelhante \u00e0 camur\u00e7a:<\/b> Uma superf\u00edcie macia e aveludada que se torna mais aderente \u00e0 medida que voc\u00ea transpira. Ideal para ioga quente e impress\u00f5es fotogr\u00e1ficas coloridas e detalhadas.<\/p>\n<\/li>\n<li>\n<p data-path-to-node=\"9,1,0\"><b data-path-to-node=\"9,1,0\" data-index-in-node=\"0\">Op\u00e7\u00e3o B: 100% Corti\u00e7a Natural:<\/b> Antimicrobiano e ecol\u00f3gico. Oferece um visual natural e org\u00e2nico com excelente ader\u00eancia em superf\u00edcies secas.<\/p>\n<\/li>\n<li>\n<p data-path-to-node=\"9,2,0\"><b data-path-to-node=\"9,2,0\" data-index-in-node=\"0\">Op\u00e7\u00e3o C: Fibra de PU de coco:<\/b> A escolha definitiva em desempenho. Uma mistura de PU e fibra de coco com no m\u00ednimo 10% oferece tra\u00e7\u00e3o superior e uma est\u00e9tica texturizada exclusiva.<\/p>\n<\/li>\n<\/ul>\n<h2 data-path-to-node=\"10\">Especifica\u00e7\u00f5es<\/h2>\n<ul data-path-to-node=\"11\">\n<li>\n<p data-path-to-node=\"11,0,0\"><b data-path-to-node=\"11,0,0\" data-index-in-node=\"0\">Material base:<\/b> Borracha natural (todos os modelos)<\/p>\n<\/li>\n<li>\n<p data-path-to-node=\"11,1,0\"><b data-path-to-node=\"11,1,0\" data-index-in-node=\"0\">Impress\u00e3o:<\/b> Cores CMYK plenas (Nota: Pode haver varia\u00e7\u00e3o de tonalidade de cor \u00b115% devido \u00e0 absor\u00e7\u00e3o do material)<\/p>\n<\/li>\n<li>\n<p data-path-to-node=\"11,2,0\"><b data-path-to-node=\"11,2,0\" data-index-in-node=\"0\">Pedido m\u00ednimo:<\/b> 12 unidades (Encomende em m\u00faltiplos de 6)<\/p>\n<\/li>\n<li>\n<p data-path-to-node=\"11,3,0\"><b data-path-to-node=\"11,3,0\" data-index-in-node=\"0\">Modelo 1 (Microfibra):<\/b> 183 x 68 cm | Espessura: 0,15 cm ou 0,4 cm | Peso: ~1,5 kg \u2013 3,0 kg<\/p>\n<\/li>\n<li>\n<p data-path-to-node=\"11,4,0\"><b data-path-to-node=\"11,4,0\" data-index-in-node=\"0\">Modelo 2 (Corti\u00e7a):<\/b> 183 x 61 cm | Espessura: 0,2 cm ou 0,4 cm | Peso: ~1,4 kg \u2013 2,8 kg<\/p>\n<\/li>\n<li>\n<p data-path-to-node=\"11,5,0\"><b data-path-to-node=\"11,5,0\" data-index-in-node=\"0\">Modelo 3 (PU de coco):<\/b> 183 x 68 cm | Espessura: 0,2 cm ou 0,45 cm | Peso: ~1,5 kg \u2013 3,0 kg | 100% Livre de l\u00e1tex\/PVC<\/p>\n<\/li>\n<\/ul>\n<h2 data-path-to-node=\"12\">Casos de uso<\/h2>\n<ul data-path-to-node=\"13\">\n<li>\n<p data-path-to-node=\"13,0,0\"><b data-path-to-node=\"13,0,0\" data-index-in-node=\"0\">Est\u00fadios de ioga e academias:<\/b> Equipamentos de marca para aulas ou venda a retalho aos membros.<\/p>\n<\/li>\n<li>\n<p data-path-to-node=\"13,1,0\"><b data-path-to-node=\"13,1,0\" data-index-in-node=\"0\">Bem-estar corporativo:<\/b> Presentes de alta qualidade para funcion\u00e1rios que promovem sa\u00fade e equil\u00edbrio entre vida pessoal e profissional.<\/p>\n<\/li>\n<li>\n<p data-path-to-node=\"13,2,0\"><b data-path-to-node=\"13,2,0\" data-index-in-node=\"0\">Retiros e Spas:<\/b> Produtos exclusivos para retiros de bem-estar de luxo.<\/p>\n<\/li>\n<li>\n<p data-path-to-node=\"13,3,0\"><b data-path-to-node=\"13,3,0\" data-index-in-node=\"0\">Produtos para influenciadores:<\/b> Produtos personalizados de alto valor para influenciadores e treinadores de fitness.<\/p>\n<\/li>\n<\/ul>","protected":false},"excerpt":{"rendered":"<ul>\n<li>\n<p data-path-to-node=\"5,0,0\"><b data-path-to-node=\"5,0,0\" data-index-in-node=\"0\">Materiais ecol\u00f3gicos premium:<\/b> Escolha entre microfibra de camur\u00e7a macia, corti\u00e7a antimicrobiana natural ou misturas de PU de coco de alta ader\u00eancia \u2014 todas com uma base antiderrapante de borracha natural.<\/p>\n<\/li>\n<li>\n<p data-path-to-node=\"5,1,0\"><b data-path-to-node=\"5,1,0\" data-index-in-node=\"0\">Identidade visual em cores:<\/b> A impress\u00e3o CMYK de ponta a ponta permite designs fotorrealistas, padr\u00f5es personalizados ou logotipos corporativos arrojados.<\/p>\n<\/li>\n<li>\n<p data-path-to-node=\"5,2,0\"><b data-path-to-node=\"5,2,0\" data-index-in-node=\"0\">Durabilidade comercial:<\/b> Constru\u00e7\u00e3o robusta, ideal para academias, est\u00fadios de ioga e brindes corporativos de alta qualidade para o bem-estar.<\/p>\n<\/li>\n<li>\n<p data-path-to-node=\"5,3,0\"><b data-path-to-node=\"5,3,0\" data-index-in-node=\"0\">Estabilidade antiderrapante:<\/b> A base de borracha natural garante que o tapete permane\u00e7a firme no lugar durante treinos intensos.<\/p>\n<\/li>\n<\/ul>","protected":false},"featured_media":6854,"comment_status":"closed","ping_status":"closed","template":"","meta":[],"product_brand":[],"product_cat":[118],"product_tag":[],"class_list":{"0":"post-6853","1":"product","2":"type-product","3":"status-publish","4":"has-post-thumbnail","6":"product_cat-sports-fitness","8":"first","9":"instock","10":"shipping-taxable","11":"purchasable","12":"product-type-simple"},"_links":{"self":[{"href":"https:\/\/displayproducts.eu\/pt\/wp-json\/wp\/v2\/product\/6853","targetHints":{"allow":["GET"]}}],"collection":[{"href":"https:\/\/displayproducts.eu\/pt\/wp-json\/wp\/v2\/product"}],"about":[{"href":"https:\/\/displayproducts.eu\/pt\/wp-json\/wp\/v2\/types\/product"}],"replies":[{"embeddable":true,"href":"https:\/\/displayproducts.eu\/pt\/wp-json\/wp\/v2\/comments?post=6853"}],"wp:featuredmedia":[{"embeddable":true,"href":"https:\/\/displayproducts.eu\/pt\/wp-json\/wp\/v2\/media\/6854"}],"wp:attachment":[{"href":"https:\/\/displayproducts.eu\/pt\/wp-json\/wp\/v2\/media?parent=6853"}],"wp:term":[{"taxonomy":"product_brand","embeddable":true,"href":"https:\/\/displayproducts.eu\/pt\/wp-json\/wp\/v2\/product_brand?post=6853"},{"taxonomy":"product_cat","embeddable":true,"href":"https:\/\/displayproducts.eu\/pt\/wp-json\/wp\/v2\/product_cat?post=6853"},{"taxonomy":"product_tag","embeddable":true,"href":"https:\/\/displayproducts.eu\/pt\/wp-json\/wp\/v2\/product_tag?post=6853"}],"curies":[{"name":"wp","href":"https:\/\/api.w.org\/{rel}","templated":true}]}}