{"id":6851,"date":"2026-01-15T15:18:22","date_gmt":"2026-01-15T12:18:22","guid":{"rendered":"https:\/\/wristbandfactory.eu\/?post_type=product&#038;p=6851"},"modified":"2026-04-01T21:52:03","modified_gmt":"2026-04-01T18:52:03","slug":"custom-printed-cotton-tea-towels-250gsm-45x70cm","status":"publish","type":"product","link":"https:\/\/displayproducts.eu\/pt\/p\/custom-printed-cotton-tea-towels-250gsm-45x70cm\/","title":{"rendered":"Panos de cozinha de algod\u00e3o estampados (250gsm)"},"content":{"rendered":"<p data-path-to-node=\"8\">Aumente a presen\u00e7a da sua marca no cora\u00e7\u00e3o da casa ou no ambiente de hospitalidade com o nosso <b data-path-to-node=\"8\" data-index-in-node=\"110\">Panos de prato de algod\u00e3o com estampa personalizada<\/b>. Ao contr\u00e1rio dos t\u00eaxteis promocionais comuns, estas toalhas s\u00e3o feitas de algod\u00e3o de alta qualidade com 250 g\/m\u00b2, oferecendo um toque sofisticado e requintado que reflete positivamente na sua empresa. Seja para uso em uma cozinha profissional movimentada ou como um elegante brinde corporativo, elas combinam utilidade di\u00e1ria com uma exposi\u00e7\u00e3o eficaz da marca.<\/p>\n<p data-path-to-node=\"9\">Esses panos de prato foram criados para clientes B2B que buscam produtos que sejam usados, e n\u00e3o descartados. O processo de serigrafia de alta qualidade permite a impress\u00e3o de logotipos n\u00edtidos e vibrantes ou padr\u00f5es art\u00edsticos, tornando-os itens excelentes para lojas de museus, boutiques e brindes para eventos.<\/p>\n<h2 data-path-to-node=\"10\">Principais caracter\u00edsticas<\/h2>\n<ul data-path-to-node=\"11\">\n<li>\n<p data-path-to-node=\"11,0,0\"><b data-path-to-node=\"11,0,0\" data-index-in-node=\"0\">Tecido de alta densidade:<\/b> Com 250 g\/m\u00b2, este algod\u00e3o \u00e9 mais espesso e dur\u00e1vel do que as toalhas promocionais padr\u00e3o, garantindo maior longevidade.<\/p>\n<\/li>\n<li>\n<p data-path-to-node=\"11,1,0\"><b data-path-to-node=\"11,1,0\" data-index-in-node=\"0\">Serigrafia n\u00edtida:<\/b> Podemos imprimir seu design espec\u00edfico usando at\u00e9 3 cores correspondentes \u00e0 escala Pantone, garantindo que a identidade da sua marca seja preservada.<\/p>\n<\/li>\n<li>\n<p data-path-to-node=\"11,2,0\"><b data-path-to-node=\"11,2,0\" data-index-in-node=\"0\">Tamanho funcional:<\/b> O tamanho de 45x70cm \u00e9 o padr\u00e3o da ind\u00fastria para utens\u00edlios de cozinha, oferecendo ampla \u00e1rea de superf\u00edcie para secagem e exposi\u00e7\u00e3o.<\/p>\n<\/li>\n<li>\n<p data-path-to-node=\"11,3,0\"><b data-path-to-node=\"11,3,0\" data-index-in-node=\"0\">Lav\u00e1vel na m\u00e1quina:<\/b> Concebido para resistir a lavagens frequentes, mantendo a integridade do tecido (recomenda-se lavar a baixas temperaturas para preservar a estampa).<\/p>\n<\/li>\n<\/ul>\n<h2 data-path-to-node=\"12\">Especifica\u00e7\u00f5es<\/h2>\n<ul data-path-to-node=\"13\">\n<li>\n<p data-path-to-node=\"13,0,0\"><b data-path-to-node=\"13,0,0\" data-index-in-node=\"0\">Material:<\/b> Algod\u00e3o 100%<\/p>\n<\/li>\n<li>\n<p data-path-to-node=\"13,1,0\"><b data-path-to-node=\"13,1,0\" data-index-in-node=\"0\">Peso:<\/b> 250 g\/m\u00b2 (gramas por metro quadrado)<\/p>\n<\/li>\n<li>\n<p data-path-to-node=\"13,2,0\"><b data-path-to-node=\"13,2,0\" data-index-in-node=\"0\">Dimens\u00f5es:<\/b> 45 cm x 70 cm<\/p>\n<\/li>\n<li>\n<p data-path-to-node=\"13,3,0\"><b data-path-to-node=\"13,3,0\" data-index-in-node=\"0\">M\u00e9todo de impress\u00e3o:<\/b> Serigrafia (at\u00e9 3 cores)<\/p>\n<\/li>\n<li>\n<p data-path-to-node=\"13,4,0\"><b data-path-to-node=\"13,4,0\" data-index-in-node=\"0\">Al\u00e7a para pendurar:<\/b> Integrado para maior conveni\u00eancia<\/p>\n<\/li>\n<li>\n<p data-path-to-node=\"13,5,0\"><b data-path-to-node=\"13,5,0\" data-index-in-node=\"0\">Varia\u00e7\u00e3o de Produ\u00e7\u00e3o:<\/b> Aten\u00e7\u00e3o: reservamo-nos o direito de entregar e faturar uma varia\u00e7\u00e3o de +\/- 5% na quantidade encomendada devido ao processo de produ\u00e7\u00e3o em lotes.<\/p>\n<\/li>\n<\/ul>\n<h2 data-path-to-node=\"14\">Casos de uso<\/h2>\n<ul data-path-to-node=\"15\">\n<li>\n<p data-path-to-node=\"15,0,0\"><b data-path-to-node=\"15,0,0\" data-index-in-node=\"0\">Identidade visual no setor hoteleiro:<\/b> Acess\u00f3rio de uniforme para gar\u00e7ons, funcion\u00e1rios de bar e chefs em hot\u00e9is e restaurantes.<\/p>\n<\/li>\n<li>\n<p data-path-to-node=\"15,1,0\"><b data-path-to-node=\"15,1,0\" data-index-in-node=\"0\">Brindes corporativos:<\/b> Um complemento pr\u00e1tico e ecol\u00f3gico para cestas de presentes de Natal ou kits de rela\u00e7\u00f5es p\u00fablicas com tem\u00e1tica para casa.<\/p>\n<\/li>\n<li>\n<p data-path-to-node=\"15,2,0\"><b data-path-to-node=\"15,2,0\" data-index-in-node=\"0\">Mercadorias para Varejo:<\/b> Produtos de revenda com alta margem de lucro para artistas, lojas de souvenirs e marcas de estilo de vida.<\/p>\n<\/li>\n<li>\n<p data-path-to-node=\"15,3,0\"><b data-path-to-node=\"15,3,0\" data-index-in-node=\"0\">Sorteios do evento:<\/b> Materiais de divulga\u00e7\u00e3o memor\u00e1veis para eventos da ind\u00fastria de alimentos e bebidas.<\/p>\n<\/li>\n<\/ul>","protected":false},"excerpt":{"rendered":"<ul>\n<li>\n<p data-path-to-node=\"7,0,0\"><b data-path-to-node=\"7,0,0\" data-index-in-node=\"0\">Algod\u00e3o pesado premium:<\/b> Fabricado com tecido de algod\u00e3o resistente de 250 g\/m\u00b2 para excelente absor\u00e7\u00e3o e toque de alta qualidade.<\/p>\n<\/li>\n<li>\n<p data-path-to-node=\"7,1,0\"><b data-path-to-node=\"7,1,0\" data-index-in-node=\"0\">Grande \u00e1rea para personaliza\u00e7\u00e3o da marca:<\/b> As generosas dimens\u00f5es de 45x70cm proporcionam m\u00e1xima visibilidade para seu logotipo ou arte personalizada.<\/p>\n<\/li>\n<li>\n<p data-path-to-node=\"7,2,0\"><b data-path-to-node=\"7,2,0\" data-index-in-node=\"0\">Personaliza\u00e7\u00e3o vers\u00e1til:<\/b> Suporta serigrafia em at\u00e9 3 cores distintas (incluindo branco) para designs n\u00edtidos e duradouros.<\/p>\n<\/li>\n<li>\n<p data-path-to-node=\"7,3,0\"><b data-path-to-node=\"7,3,0\" data-index-in-node=\"0\">Ideal para os setores de hotelaria e varejo:<\/b> Ideal para restaurantes, brindes corporativos, cole\u00e7\u00f5es de produtos e promo\u00e7\u00f5es de decora\u00e7\u00e3o para casa.<\/p>\n<\/li>\n<\/ul>","protected":false},"featured_media":6852,"comment_status":"closed","ping_status":"closed","template":"","meta":[],"product_brand":[],"product_cat":[122],"product_tag":[],"class_list":{"0":"post-6851","1":"product","2":"type-product","3":"status-publish","4":"has-post-thumbnail","6":"product_cat-promotional-accessories","8":"first","9":"instock","10":"shipping-taxable","11":"purchasable","12":"product-type-simple"},"_links":{"self":[{"href":"https:\/\/displayproducts.eu\/pt\/wp-json\/wp\/v2\/product\/6851","targetHints":{"allow":["GET"]}}],"collection":[{"href":"https:\/\/displayproducts.eu\/pt\/wp-json\/wp\/v2\/product"}],"about":[{"href":"https:\/\/displayproducts.eu\/pt\/wp-json\/wp\/v2\/types\/product"}],"replies":[{"embeddable":true,"href":"https:\/\/displayproducts.eu\/pt\/wp-json\/wp\/v2\/comments?post=6851"}],"wp:featuredmedia":[{"embeddable":true,"href":"https:\/\/displayproducts.eu\/pt\/wp-json\/wp\/v2\/media\/6852"}],"wp:attachment":[{"href":"https:\/\/displayproducts.eu\/pt\/wp-json\/wp\/v2\/media?parent=6851"}],"wp:term":[{"taxonomy":"product_brand","embeddable":true,"href":"https:\/\/displayproducts.eu\/pt\/wp-json\/wp\/v2\/product_brand?post=6851"},{"taxonomy":"product_cat","embeddable":true,"href":"https:\/\/displayproducts.eu\/pt\/wp-json\/wp\/v2\/product_cat?post=6851"},{"taxonomy":"product_tag","embeddable":true,"href":"https:\/\/displayproducts.eu\/pt\/wp-json\/wp\/v2\/product_tag?post=6851"}],"curies":[{"name":"wp","href":"https:\/\/api.w.org\/{rel}","templated":true}]}}