{"id":6849,"date":"2026-01-15T15:09:32","date_gmt":"2026-01-15T12:09:32","guid":{"rendered":"https:\/\/wristbandfactory.eu\/?post_type=product&#038;p=6849"},"modified":"2026-04-01T21:52:34","modified_gmt":"2026-04-01T18:52:34","slug":"custom-printed-bike-seat-covers-waterproof-reflective-eco-options","status":"publish","type":"product","link":"https:\/\/displayproducts.eu\/pt\/p\/custom-printed-bike-seat-covers-waterproof-reflective-eco-options\/","title":{"rendered":"Capas de selim de bicicleta personalizadas"},"content":{"rendered":"<p data-path-to-node=\"8\">Proteja os selins de bicicletas da chuva e da sujeira, maximizando a visibilidade da sua marca em ambientes urbanos. <b data-path-to-node=\"8\" data-index-in-node=\"133\">Capas de assento de bicicleta personalizadas com impress\u00e3o<\/b> S\u00e3o a ferramenta definitiva de marketing de guerrilha, oferecendo alta visibilidade em biciclet\u00e1rios lotados e centros urbanos.<\/p>\n<p data-path-to-node=\"9\">Em vez de limitarmos voc\u00ea a um \u00fanico estilo, oferecemos uma gama completa de materiais para atender aos objetivos e ao or\u00e7amento da sua campanha. Seja uma solu\u00e7\u00e3o sustent\u00e1vel com pl\u00e1stico reciclado ou uma cobertura refletora focada na seguran\u00e7a de quem usa transporte p\u00fablico no inverno, fabricamos de acordo com suas especifica\u00e7\u00f5es exatas.<\/p>\n<h3 data-path-to-node=\"10\">Principais caracter\u00edsticas e op\u00e7\u00f5es de materiais<\/h3>\n<ul data-path-to-node=\"11\">\n<li>\n<p data-path-to-node=\"11,0,0\"><b data-path-to-node=\"11,0,0\" data-index-in-node=\"0\">Promo\u00e7\u00e3o padr\u00e3o (poli\u00e9ster 210D):<\/b> A op\u00e7\u00e3o mais popular para distribui\u00e7\u00e3o em massa. Leve, resistente \u00e0 \u00e1gua e com \u00f3timo custo-benef\u00edcio.<\/p>\n<\/li>\n<li>\n<p data-path-to-node=\"11,1,0\"><b data-path-to-node=\"11,1,0\" data-index-in-node=\"0\">Ecol\u00f3gico (RPET reciclado):<\/b> Feito a partir de garrafas de pl\u00e1stico recicladas. Perfeito para campanhas ecol\u00f3gicas. Dispon\u00edvel em base branca ou em cores Pantone personalizadas.<\/p>\n<\/li>\n<li>\n<p data-path-to-node=\"11,2,0\"><b data-path-to-node=\"11,2,0\" data-index-in-node=\"0\">Seguran\u00e7a em primeiro lugar (refletivo):<\/b> Possui pain\u00e9is laterais em tecido refletivo para garantir que os ciclistas sejam vistos \u00e0 noite. Um presente funcional de seguran\u00e7a que quem o recebe valoriza.<\/p>\n<\/li>\n<li>\n<p data-path-to-node=\"11,3,0\"><b data-path-to-node=\"11,3,0\" data-index-in-node=\"0\">Durabilidade m\u00e1xima (laminado em PVC):<\/b> Tecido 210T com camada laminada de PVC imperme\u00e1vel. A escolha ideal para condi\u00e7\u00f5es clim\u00e1ticas extremas.<\/p>\n<\/li>\n<\/ul>\n<h3 data-path-to-node=\"12\">Personaliza\u00e7\u00e3o e Marca<\/h3>\n<ul data-path-to-node=\"13\">\n<li>\n<p data-path-to-node=\"13,0,0\"><b data-path-to-node=\"13,0,0\" data-index-in-node=\"0\">Correspond\u00eancia de cores completa:<\/b> Podemos aproximar as cores padr\u00e3o dos materiais \u00e0 sua tonalidade Pantone (PMS) corporativa.<\/p>\n<\/li>\n<li>\n<p data-path-to-node=\"13,1,0\"><b data-path-to-node=\"13,1,0\" data-index-in-node=\"0\">Posicionamento do logotipo:<\/b> Ampla \u00e1rea de impress\u00e3o na superf\u00edcie superior, al\u00e9m de op\u00e7\u00f5es de impress\u00e3o lateral (exceto em modelos refletivos) para visibilidade de 360 graus.<\/p>\n<\/li>\n<li>\n<p data-path-to-node=\"13,2,0\"><b data-path-to-node=\"13,2,0\" data-index-in-node=\"0\">Estilos de fixa\u00e7\u00e3o:<\/b> Escolha entre uma faixa el\u00e1stica padr\u00e3o preta\/branca ou opte por um cord\u00e3o el\u00e1stico &quot;invis\u00edvel&quot; elegante para um visual mais discreto.<\/p>\n<\/li>\n<\/ul>\n<h3 data-path-to-node=\"14\">Especifica\u00e7\u00f5es<\/h3>\n<ul data-path-to-node=\"15\">\n<li>\n<p data-path-to-node=\"15,0,0\"><b data-path-to-node=\"15,0,0\" data-index-in-node=\"0\">Dimens\u00f5es:<\/b> Aproximadamente 24 x 26 cm (Serve na maioria dos selins padr\u00e3o).<\/p>\n<\/li>\n<li>\n<p data-path-to-node=\"15,1,0\"><b data-path-to-node=\"15,1,0\" data-index-in-node=\"0\">Pesos dos materiais:<\/b> Op\u00e7\u00f5es 210D (padr\u00e3o), 210T (vers\u00e3o em PVC) e RPET.<\/p>\n<\/li>\n<li>\n<p data-path-to-node=\"15,2,0\"><b data-path-to-node=\"15,2,0\" data-index-in-node=\"0\">Resist\u00eancia \u00e0 \u00e1gua:<\/b> Revestimentos repelentes \u00e0 \u00e1gua em poli\u00e9ster\/RPET; impermeabiliza\u00e7\u00e3o laminada em modelos de PVC.<\/p>\n<\/li>\n<li>\n<p data-path-to-node=\"15,3,0\"><b data-path-to-node=\"15,3,0\" data-index-in-node=\"0\">Quantidade m\u00ednima de encomenda:<\/b> 250 pe\u00e7as<\/p>\n<\/li>\n<\/ul>","protected":false},"excerpt":{"rendered":"<ul>\n<li>\n<p data-path-to-node=\"7,0,0\"><b data-path-to-node=\"7,0,0\" data-index-in-node=\"0\">Visibilidade de Alto Impacto:<\/b> Transforme cada bicicleta em um outdoor m\u00f3vel com impress\u00e3o personalizada em toda a superf\u00edcie.<\/p>\n<\/li>\n<li>\n<p data-path-to-node=\"7,1,0\"><b data-path-to-node=\"7,1,0\" data-index-in-node=\"0\">Escolha vers\u00e1til de materiais:<\/b> Dispon\u00edvel em poli\u00e9ster 210D padr\u00e3o, RPET ecol\u00f3gico, refletivo de alta visibilidade ou PVC resistente.<\/p>\n<\/li>\n<li>\n<p data-path-to-node=\"7,2,0\"><b data-path-to-node=\"7,2,0\" data-index-in-node=\"0\">Ajuste universal:<\/b> O tamanho padr\u00e3o de 24\u00d726 cm com el\u00e1stico serve na maioria dos selins de bicicletas urbanas e esportivas.<\/p>\n<\/li>\n<li>\n<p data-path-to-node=\"7,3,0\"><b data-path-to-node=\"7,3,0\" data-index-in-node=\"0\">Ideal para marketing de guerrilha:<\/b> Ideal para campanhas universit\u00e1rias, eventos urbanos, lojas de bicicletas e promo\u00e7\u00f5es de conscientiza\u00e7\u00e3o ecol\u00f3gica.<\/p>\n<\/li>\n<\/ul>","protected":false},"featured_media":6850,"comment_status":"closed","ping_status":"closed","template":"","meta":[],"product_brand":[],"product_cat":[129,118],"product_tag":[],"class_list":{"0":"post-6849","1":"product","2":"type-product","3":"status-publish","4":"has-post-thumbnail","6":"product_cat-leisure-lifestyle","7":"product_cat-sports-fitness","9":"first","10":"instock","11":"shipping-taxable","12":"product-type-simple"},"_links":{"self":[{"href":"https:\/\/displayproducts.eu\/pt\/wp-json\/wp\/v2\/product\/6849","targetHints":{"allow":["GET"]}}],"collection":[{"href":"https:\/\/displayproducts.eu\/pt\/wp-json\/wp\/v2\/product"}],"about":[{"href":"https:\/\/displayproducts.eu\/pt\/wp-json\/wp\/v2\/types\/product"}],"replies":[{"embeddable":true,"href":"https:\/\/displayproducts.eu\/pt\/wp-json\/wp\/v2\/comments?post=6849"}],"wp:featuredmedia":[{"embeddable":true,"href":"https:\/\/displayproducts.eu\/pt\/wp-json\/wp\/v2\/media\/6850"}],"wp:attachment":[{"href":"https:\/\/displayproducts.eu\/pt\/wp-json\/wp\/v2\/media?parent=6849"}],"wp:term":[{"taxonomy":"product_brand","embeddable":true,"href":"https:\/\/displayproducts.eu\/pt\/wp-json\/wp\/v2\/product_brand?post=6849"},{"taxonomy":"product_cat","embeddable":true,"href":"https:\/\/displayproducts.eu\/pt\/wp-json\/wp\/v2\/product_cat?post=6849"},{"taxonomy":"product_tag","embeddable":true,"href":"https:\/\/displayproducts.eu\/pt\/wp-json\/wp\/v2\/product_tag?post=6849"}],"curies":[{"name":"wp","href":"https:\/\/api.w.org\/{rel}","templated":true}]}}