{"id":6846,"date":"2026-01-15T13:19:07","date_gmt":"2026-01-15T10:19:07","guid":{"rendered":"https:\/\/wristbandfactory.eu\/?post_type=product&#038;p=6846"},"modified":"2026-04-01T21:52:34","modified_gmt":"2026-04-01T18:52:34","slug":"custom-printed-polyester-ski-bibs-race-vests","status":"publish","type":"product","link":"https:\/\/displayproducts.eu\/pt\/p\/custom-printed-polyester-ski-bibs-race-vests\/","title":{"rendered":"Coletes de competi\u00e7\u00e3o e dorsais de esqui personalizados"},"content":{"rendered":"<p data-path-to-node=\"9\">D\u00ea um toque profissional ao seu evento de esportes de inverno, maratona ou curso de esqui com nossos coletes de esqui personalizados em poli\u00e9ster. Projetados especificamente para uso ativo, esses coletes de competi\u00e7\u00e3o servem como principal identificador dos participantes, al\u00e9m de oferecerem um espa\u00e7o privilegiado para a visibilidade dos patrocinadores.<\/p>\n<p data-path-to-node=\"10\">Ao contr\u00e1rio dos adesivos ou n\u00fameros de papel comuns que podem rasgar ou se soltar em condi\u00e7\u00f5es de umidade, nossos babadores de poli\u00e9ster s\u00e3o feitos para resistir \u00e0 neve, ao vento e aos movimentos. O tamanho de 33x50cm foi projetado para servir em adultos e crian\u00e7as, vestindo-se facilmente sobre roupas de inverno volumosas ou roupas esportivas leves.<\/p>\n<p data-path-to-node=\"11\"><b data-path-to-node=\"11\" data-index-in-node=\"0\">Principais caracter\u00edsticas<\/b><\/p>\n<ul data-path-to-node=\"12\">\n<li>\n<p data-path-to-node=\"12,0,0\"><b data-path-to-node=\"12,0,0\" data-index-in-node=\"0\">Numera\u00e7\u00e3o sequencial:<\/b> Simplifique a organiza\u00e7\u00e3o da sua corrida. Oferecemos impress\u00e3o de dados vari\u00e1veis (VDP), permitindo que cada n\u00famero de peito tenha um n\u00famero de largada, nome do participante ou c\u00f3digo QR exclusivo integrado diretamente ao design.<\/p>\n<\/li>\n<li>\n<p data-path-to-node=\"12,1,0\"><b data-path-to-node=\"12,1,0\" data-index-in-node=\"0\">Branding de alta visibilidade:<\/b> Utilizando a avan\u00e7ada tecnologia de impress\u00e3o por sublima\u00e7\u00e3o, seus logotipos e imagens de patrocinadores tornam-se parte integrante do tecido. Isso garante que as cores permane\u00e7am vibrantes e n\u00e3o descasquem ou rachem, mesmo em temperaturas congelantes.<\/p>\n<\/li>\n<li>\n<p data-path-to-node=\"12,2,0\"><b data-path-to-node=\"12,2,0\" data-index-in-node=\"0\">Conforto e Mobilidade:<\/b> O design com laterais abertas e faixas el\u00e1sticas de conex\u00e3o garante liberdade de movimento para esquiadores e corredores, mantendo o colete firmemente no lugar.<\/p>\n<\/li>\n<li>\n<p data-path-to-node=\"12,3,0\"><b data-path-to-node=\"12,3,0\" data-index-in-node=\"0\">Reutiliz\u00e1vel e lav\u00e1vel:<\/b> Fabricados em poli\u00e9ster 100%, estes coletes podem ser recolhidos, lavados e reutilizados em eventos com dura\u00e7\u00e3o de v\u00e1rios dias ou em temporadas recorrentes, oferecendo um excelente retorno do investimento.<\/p>\n<\/li>\n<\/ul>\n<p data-path-to-node=\"13\"><b data-path-to-node=\"13\" data-index-in-node=\"0\">Especifica\u00e7\u00f5es<\/b><\/p>\n<ul data-path-to-node=\"14\">\n<li>\n<p data-path-to-node=\"14,0,0\"><b data-path-to-node=\"14,0,0\" data-index-in-node=\"0\">Material:<\/b> 100% Poli\u00e9ster dur\u00e1vel<\/p>\n<\/li>\n<li>\n<p data-path-to-node=\"14,1,0\"><b data-path-to-node=\"14,1,0\" data-index-in-node=\"0\">Dimens\u00f5es:<\/b> 33 cm (largura) x 50 cm (altura)<\/p>\n<\/li>\n<li>\n<p data-path-to-node=\"14,2,0\"><b data-path-to-node=\"14,2,0\" data-index-in-node=\"0\">Fixa\u00e7\u00e3o:<\/b> Al\u00e7as laterais el\u00e1sticas para um ajuste flex\u00edvel.<\/p>\n<\/li>\n<li>\n<p data-path-to-node=\"14,3,0\"><b data-path-to-node=\"14,3,0\" data-index-in-node=\"0\">M\u00e9todo de impress\u00e3o:<\/b> Impress\u00e3o por sublima\u00e7\u00e3o de tinta em cores plenas ou transfer\u00eancia t\u00e9rmica<\/p>\n<\/li>\n<li>\n<p data-path-to-node=\"14,4,0\"><b data-path-to-node=\"14,4,0\" data-index-in-node=\"0\">Personaliza\u00e7\u00e3o:<\/b> Logotipos, fundos, n\u00fameros individuais (001-999+)<\/p>\n<\/li>\n<\/ul>\n<p data-path-to-node=\"15\"><b data-path-to-node=\"15\" data-index-in-node=\"0\">Casos de uso<\/b><\/p>\n<ul data-path-to-node=\"16\">\n<li>\n<p data-path-to-node=\"16,0,0\"><b data-path-to-node=\"16,0,0\" data-index-in-node=\"0\">Escolas de esqui e snowboard:<\/b> Identifique claramente os instrutores e alunos nas pistas.<\/p>\n<\/li>\n<li>\n<p data-path-to-node=\"16,1,0\"><b data-path-to-node=\"16,1,0\" data-index-in-node=\"0\">Corridas competitivas:<\/b> Essencial para biatlos, maratonas e triatlos que exigem numera\u00e7\u00e3o distinta para os competidores.<\/p>\n<\/li>\n<li>\n<p data-path-to-node=\"16,2,0\"><b data-path-to-node=\"16,2,0\" data-index-in-node=\"0\">Eventos corporativos:<\/b> Atividades de integra\u00e7\u00e3o de equipe e dias de esportes corporativos.<\/p>\n<\/li>\n<li>\n<p data-path-to-node=\"16,3,0\"><b data-path-to-node=\"16,3,0\" data-index-in-node=\"0\">Equipe do evento:<\/b> Identifica\u00e7\u00e3o de alta visibilidade para fiscais de pista, seguran\u00e7a e equipes m\u00e9dicas.<\/p>\n<\/li>\n<\/ul>\n<p data-path-to-node=\"17\">","protected":false},"excerpt":{"rendered":"<ul data-path-to-node=\"8\">\n<li>\n<p data-path-to-node=\"8,0,0\"><b data-path-to-node=\"8,0,0\" data-index-in-node=\"0\">Ajuste universal:<\/b> Dimens\u00f5es de 33x50cm com tiras laterais el\u00e1sticas, projetadas para se ajustarem confortavelmente sobre jaquetas de esqui ou roupas esportivas.<\/p>\n<\/li>\n<li>\n<p data-path-to-node=\"8,1,0\"><b data-path-to-node=\"8,1,0\" data-index-in-node=\"0\">Impress\u00e3o de dados vari\u00e1veis:<\/b> Podemos imprimir n\u00fameros sequenciais exclusivos ou nomes em cada colete, juntamente com a identidade visual do seu evento.<\/p>\n<\/li>\n<li>\n<p data-path-to-node=\"8,2,0\"><b data-path-to-node=\"8,2,0\" data-index-in-node=\"0\">Poli\u00e9ster dur\u00e1vel:<\/b> Tecido leve e resistente \u00e0s intemp\u00e9ries, ideal para esportes de inverno e competi\u00e7\u00f5es ao ar livre.<\/p>\n<\/li>\n<li>\n<p data-path-to-node=\"8,3,0\"><b data-path-to-node=\"8,3,0\" data-index-in-node=\"0\">Personaliza\u00e7\u00e3o completa:<\/b> Impress\u00e3o por sublima\u00e7\u00e3o de ponta a ponta para logotipos corporativos vibrantes e duradouros.<\/p>\n<\/li>\n<\/ul>","protected":false},"featured_media":6847,"comment_status":"closed","ping_status":"closed","template":"","meta":[],"product_brand":[],"product_cat":[68,118],"product_tag":[],"class_list":{"0":"post-6846","1":"product","2":"type-product","3":"status-publish","4":"has-post-thumbnail","6":"product_cat-event-supplies","7":"product_cat-sports-fitness","9":"first","10":"instock","11":"shipping-taxable","12":"purchasable","13":"product-type-simple"},"_links":{"self":[{"href":"https:\/\/displayproducts.eu\/pt\/wp-json\/wp\/v2\/product\/6846","targetHints":{"allow":["GET"]}}],"collection":[{"href":"https:\/\/displayproducts.eu\/pt\/wp-json\/wp\/v2\/product"}],"about":[{"href":"https:\/\/displayproducts.eu\/pt\/wp-json\/wp\/v2\/types\/product"}],"replies":[{"embeddable":true,"href":"https:\/\/displayproducts.eu\/pt\/wp-json\/wp\/v2\/comments?post=6846"}],"wp:featuredmedia":[{"embeddable":true,"href":"https:\/\/displayproducts.eu\/pt\/wp-json\/wp\/v2\/media\/6847"}],"wp:attachment":[{"href":"https:\/\/displayproducts.eu\/pt\/wp-json\/wp\/v2\/media?parent=6846"}],"wp:term":[{"taxonomy":"product_brand","embeddable":true,"href":"https:\/\/displayproducts.eu\/pt\/wp-json\/wp\/v2\/product_brand?post=6846"},{"taxonomy":"product_cat","embeddable":true,"href":"https:\/\/displayproducts.eu\/pt\/wp-json\/wp\/v2\/product_cat?post=6846"},{"taxonomy":"product_tag","embeddable":true,"href":"https:\/\/displayproducts.eu\/pt\/wp-json\/wp\/v2\/product_tag?post=6846"}],"curies":[{"name":"wp","href":"https:\/\/api.w.org\/{rel}","templated":true}]}}