{"id":6842,"date":"2026-01-13T11:51:23","date_gmt":"2026-01-13T08:51:23","guid":{"rendered":"https:\/\/wristbandfactory.eu\/?post_type=product&#038;p=6842"},"modified":"2026-04-01T21:52:03","modified_gmt":"2026-04-01T18:52:03","slug":"numbered-fabric-wristbands","status":"publish","type":"product","link":"https:\/\/displayproducts.eu\/pt\/p\/numbered-fabric-wristbands\/","title":{"rendered":"Pulseiras de tecido numeradas"},"content":{"rendered":"<p data-path-to-node=\"10\">Assuma o controle da seguran\u00e7a e da log\u00edstica do seu evento com nossas pulseiras de tecido personalizadas com numera\u00e7\u00e3o sequencial. Enquanto as pulseiras padr\u00e3o com a marca oferecem identifica\u00e7\u00e3o visual, as pulseiras numeradas adicionam uma camada essencial de praticidade para organizadores de eventos profissionais. Seja voc\u00ea respons\u00e1vel por um festival, uma confer\u00eancia corporativa ou um local de acesso restrito, ter um identificador \u00fanico em cada pulso otimizar\u00e1 suas opera\u00e7\u00f5es.<\/p>\n<p data-path-to-node=\"11\">Essas pulseiras s\u00e3o essenciais para eventos que exigem limites de capacidade rigorosos ou rastreamento de dados exclusivos dos participantes. A numera\u00e7\u00e3o pode ser impressa diretamente no tecido ou gravada a laser no fecho deslizante, garantindo que permane\u00e7a leg\u00edvel durante todo o evento. Esse recurso transforma um acess\u00f3rio comum em uma ferramenta funcional para gerenciamento de p\u00fablico e concilia\u00e7\u00e3o de dados.<\/p>\n<h2 data-path-to-node=\"12\">Principais caracter\u00edsticas<\/h2>\n<ul data-path-to-node=\"13\">\n<li>\n<p data-path-to-node=\"13,0,0\"><b data-path-to-node=\"13,0,0\" data-index-in-node=\"0\">Op\u00e7\u00f5es de numera\u00e7\u00e3o sequencial:<\/b> Escolha entre n\u00fameros impressos na superf\u00edcie da pulseira ou grava\u00e7\u00e3o a laser no fecho de pl\u00e1stico\/metal.<\/p>\n<\/li>\n<li>\n<p data-path-to-node=\"13,1,0\"><b data-path-to-node=\"13,1,0\" data-index-in-node=\"0\">Identidade visual em alta resolu\u00e7\u00e3o:<\/b> Dispon\u00edvel nos estilos sublima\u00e7\u00e3o (acabamento fotorrealista) e tecido (visual cl\u00e1ssico de festival).<\/p>\n<\/li>\n<li>\n<p data-path-to-node=\"13,2,0\"><b data-path-to-node=\"13,2,0\" data-index-in-node=\"0\">Materiais dur\u00e1veis:<\/b> Confeccionada em poli\u00e9ster de alta qualidade, confort\u00e1vel para uso prolongado e resistente \u00e0 \u00e1gua e a rasgos.<\/p>\n<\/li>\n<li>\n<p data-path-to-node=\"13,3,0\"><b data-path-to-node=\"13,3,0\" data-index-in-node=\"0\">S\u00e9rie Personalizada:<\/b> Podemos acomodar intervalos num\u00e9ricos espec\u00edficos (por exemplo, 0001\u20131000) ou c\u00f3digos alfanum\u00e9ricos para corresponder ao seu sistema de bilhetes.<\/p>\n<\/li>\n<\/ul>\n<h2 data-path-to-node=\"14\">Especifica\u00e7\u00f5es<\/h2>\n<ul data-path-to-node=\"15\">\n<li>\n<p data-path-to-node=\"15,0,0\"><b data-path-to-node=\"15,0,0\" data-index-in-node=\"0\">Material:<\/b> 100% Poli\u00e9ster (Acabamento acetinado ou tecido).<\/p>\n<\/li>\n<li>\n<p data-path-to-node=\"15,1,0\"><b data-path-to-node=\"15,1,0\" data-index-in-node=\"0\">Tamanho padr\u00e3o:<\/b> 15 mm x 350 mm ou 20 mm x 350 mm (tamanho \u00fanico).<\/p>\n<\/li>\n<li>\n<p data-path-to-node=\"15,2,0\"><b data-path-to-node=\"15,2,0\" data-index-in-node=\"0\">T\u00e9cnica de numera\u00e7\u00e3o:<\/b> Inje\u00e7\u00e3o de tinta ou grava\u00e7\u00e3o a laser.<\/p>\n<\/li>\n<li>\n<p data-path-to-node=\"15,3,0\"><b data-path-to-node=\"15,3,0\" data-index-in-node=\"0\">Op\u00e7\u00f5es de bloqueio:<\/b> Trava deslizante de pl\u00e1stico unidirecional (segura) ou conta reutiliz\u00e1vel (promocional).<\/p>\n<\/li>\n<li>\n<p data-path-to-node=\"15,4,0\"><b data-path-to-node=\"15,4,0\" data-index-in-node=\"0\">Pedido m\u00ednimo:<\/b> 100 unidades.<\/p>\n<\/li>\n<\/ul>\n<h2 data-path-to-node=\"16\">Casos de uso<\/h2>\n<ul data-path-to-node=\"17\">\n<li>\n<p data-path-to-node=\"17,0,0\"><b data-path-to-node=\"17,0,0\" data-index-in-node=\"0\">Festivais e Concertos:<\/b> Acompanhe os n\u00fameros di\u00e1rios de p\u00fablico e associe as pulseiras ao n\u00famero de ingressos vendidos.<\/p>\n<\/li>\n<li>\n<p data-path-to-node=\"17,1,0\"><b data-path-to-node=\"17,1,0\" data-index-in-node=\"0\">Guarda-volumes e bagagens:<\/b> Utilize o n\u00famero da pulseira como uma etiqueta de seguran\u00e7a para os itens despachados.<\/p>\n<\/li>\n<li>\n<p data-path-to-node=\"17,2,0\"><b data-path-to-node=\"17,2,0\" data-index-in-node=\"0\">Sorteios e concursos:<\/b> Use o ID exclusivo para participar de sorteios aleat\u00f3rios de pr\u00eamios diretamente do palco.<\/p>\n<\/li>\n<li>\n<p data-path-to-node=\"17,3,0\"><b data-path-to-node=\"17,3,0\" data-index-in-node=\"0\">Controle de acesso VIP:<\/b> Confirme a identidade de cada convidado em uma lista geral de convidados usando seu n\u00famero \u00fanico.<\/p>\n<\/li>\n<\/ul>","protected":false},"excerpt":{"rendered":"<ul>\n<li>\n<p data-path-to-node=\"8,0,0\"><b data-path-to-node=\"8,0,0\" data-index-in-node=\"0\">Seguran\u00e7a e rastreamento aprimorados:<\/b> A numera\u00e7\u00e3o sequencial exclusiva permite um monitoramento preciso do n\u00famero de pessoas e a f\u00e1cil identifica\u00e7\u00e3o dos h\u00f3spedes.<\/p>\n<\/li>\n<li>\n<p data-path-to-node=\"8,1,0\"><b data-path-to-node=\"8,1,0\" data-index-in-node=\"0\">Correspond\u00eancia de bilhetes:<\/b> Ideal para associar pulseiras espec\u00edficas a n\u00fameros de ingressos, itens do guarda-volumes ou participa\u00e7\u00f5es em sorteios VIP.<\/p>\n<\/li>\n<li>\n<p data-path-to-node=\"8,2,0\"><b data-path-to-node=\"8,2,0\" data-index-in-node=\"0\">Personaliza\u00e7\u00e3o Premium:<\/b> Impress\u00e3o por sublima\u00e7\u00e3o em cores vibrantes ou designs tecidos combinados com numera\u00e7\u00e3o dur\u00e1vel e de f\u00e1cil visualiza\u00e7\u00e3o.<\/p>\n<\/li>\n<li>\n<p data-path-to-node=\"8,3,0\"><b data-path-to-node=\"8,3,0\" data-index-in-node=\"0\">Fecho inviol\u00e1vel:<\/b> Equipado com fechaduras deslizantes de seguran\u00e7a para evitar a transfer\u00eancia ou reutiliza\u00e7\u00e3o n\u00e3o autorizada durante eventos com dura\u00e7\u00e3o de v\u00e1rios dias.<\/p>\n<\/li>\n<\/ul>","protected":false},"featured_media":6844,"comment_status":"closed","ping_status":"closed","template":"","meta":[],"product_brand":[],"product_cat":[47],"product_tag":[],"class_list":{"0":"post-6842","1":"product","2":"type-product","3":"status-publish","4":"has-post-thumbnail","6":"product_cat-fabric-wristbands","8":"first","9":"instock","10":"shipping-taxable","11":"purchasable","12":"product-type-simple"},"_links":{"self":[{"href":"https:\/\/displayproducts.eu\/pt\/wp-json\/wp\/v2\/product\/6842","targetHints":{"allow":["GET"]}}],"collection":[{"href":"https:\/\/displayproducts.eu\/pt\/wp-json\/wp\/v2\/product"}],"about":[{"href":"https:\/\/displayproducts.eu\/pt\/wp-json\/wp\/v2\/types\/product"}],"replies":[{"embeddable":true,"href":"https:\/\/displayproducts.eu\/pt\/wp-json\/wp\/v2\/comments?post=6842"}],"wp:featuredmedia":[{"embeddable":true,"href":"https:\/\/displayproducts.eu\/pt\/wp-json\/wp\/v2\/media\/6844"}],"wp:attachment":[{"href":"https:\/\/displayproducts.eu\/pt\/wp-json\/wp\/v2\/media?parent=6842"}],"wp:term":[{"taxonomy":"product_brand","embeddable":true,"href":"https:\/\/displayproducts.eu\/pt\/wp-json\/wp\/v2\/product_brand?post=6842"},{"taxonomy":"product_cat","embeddable":true,"href":"https:\/\/displayproducts.eu\/pt\/wp-json\/wp\/v2\/product_cat?post=6842"},{"taxonomy":"product_tag","embeddable":true,"href":"https:\/\/displayproducts.eu\/pt\/wp-json\/wp\/v2\/product_tag?post=6842"}],"curies":[{"name":"wp","href":"https:\/\/api.w.org\/{rel}","templated":true}]}}