{"id":6841,"date":"2026-01-13T11:36:59","date_gmt":"2026-01-13T08:36:59","guid":{"rendered":"https:\/\/wristbandfactory.eu\/?post_type=product&#038;p=6841"},"modified":"2026-04-01T21:52:34","modified_gmt":"2026-04-01T18:52:34","slug":"custom-hard-pvc-tags-for-wristbands-qr-barcode-rfid-ready","status":"publish","type":"product","link":"https:\/\/displayproducts.eu\/pt\/p\/custom-hard-pvc-tags-for-wristbands-qr-barcode-rfid-ready\/","title":{"rendered":"Placas de PVC r\u00edgido para pulseiras de tecido"},"content":{"rendered":"<p data-path-to-node=\"10\">Transforme pulseiras de eventos comuns em ferramentas inteligentes de controle de acesso com nossas etiquetas personalizadas de PVC r\u00edgido. Esses deslizadores r\u00edgidos s\u00e3o projetados para serem rosqueados diretamente em pulseiras de tecido, proporcionando uma superf\u00edcie plana e dur\u00e1vel, otimizada especificamente para leitura de dados. Ao contr\u00e1rio das superf\u00edcies de tecido macio, onde os c\u00f3digos QR podem distorcer, as etiquetas de PVC r\u00edgido garantem a legibilidade para pagamentos sem dinheiro, emiss\u00e3o de ingressos e integra\u00e7\u00e3o com m\u00eddias sociais.<\/p>\n<h3 data-path-to-node=\"11\">Principais caracter\u00edsticas<\/h3>\n<ul data-path-to-node=\"12\">\n<li>\n<p data-path-to-node=\"12,0,0\"><b data-path-to-node=\"12,0,0\" data-index-in-node=\"0\">Impress\u00e3o de dados vari\u00e1veis:<\/b> Podemos imprimir c\u00f3digos QR, c\u00f3digos de barras ou n\u00fameros de s\u00e9rie sequenciais exclusivos em cada etiqueta, permitindo o rastreamento individual de visitantes e o controle de acesso seguro.<\/p>\n<\/li>\n<li>\n<p data-path-to-node=\"12,1,0\"><b data-path-to-node=\"12,1,0\" data-index-in-node=\"0\">Constru\u00e7\u00e3o Premium:<\/b> Fabricadas em PVC r\u00edgido de alta qualidade, estas etiquetas resistem a dobras, \u00e1gua e exposi\u00e7\u00e3o aos raios UV, tornando-as superiores \u00e0s alternativas de papel laminado.<\/p>\n<\/li>\n<li>\n<p data-path-to-node=\"12,2,0\"><b data-path-to-node=\"12,2,0\" data-index-in-node=\"0\">Branding vibrante:<\/b> A superf\u00edcie branca e lisa serve como uma tela perfeita para logotipos n\u00edtidos e coloridos, al\u00e9m de marcas de patrocinadores que se destacam na al\u00e7a de tecido.<\/p>\n<\/li>\n<li>\n<p data-path-to-node=\"12,3,0\"><b data-path-to-node=\"12,3,0\" data-index-in-node=\"0\">Capacidade RFID\/NFC:<\/b> Dispon\u00edvel com chips RFID ou NFC integrados mediante solicita\u00e7\u00e3o para sistemas de entrada sem contato e pagamento sem dinheiro.<\/p>\n<\/li>\n<\/ul>\n<h3 data-path-to-node=\"13\">Especifica\u00e7\u00f5es<\/h3>\n<ul data-path-to-node=\"14\">\n<li>\n<p data-path-to-node=\"14,0,0\"><b data-path-to-node=\"14,0,0\" data-index-in-node=\"0\">Material:<\/b> PVC r\u00edgido (policloreto de vinila)<\/p>\n<\/li>\n<li>\n<p data-path-to-node=\"14,1,0\"><b data-path-to-node=\"14,1,0\" data-index-in-node=\"0\">Dimens\u00f5es:<\/b> Tamanhos padr\u00e3o dispon\u00edveis (ex.: 26x33mm, 30x40mm) ou formatos personalizados.<\/p>\n<\/li>\n<li>\n<p data-path-to-node=\"14,2,0\"><b data-path-to-node=\"14,2,0\" data-index-in-node=\"0\">Compatibilidade:<\/b> Ranhuras projetadas para pulseiras de tecido ou cetim com 15 mm ou 20 mm de largura.<\/p>\n<\/li>\n<li>\n<p data-path-to-node=\"14,3,0\"><b data-path-to-node=\"14,3,0\" data-index-in-node=\"0\">M\u00e9todo de impress\u00e3o:<\/b> Impress\u00e3o digital UV ou impress\u00e3o offset para qualidade fotogr\u00e1fica.<\/p>\n<\/li>\n<li>\n<p data-path-to-node=\"14,4,0\"><b data-path-to-node=\"14,4,0\" data-index-in-node=\"0\">Terminar:<\/b> Dispon\u00edvel com lamina\u00e7\u00e3o brilhante ou fosca.<\/p>\n<\/li>\n<\/ul>\n<h3 data-path-to-node=\"15\">Casos de uso B2B<\/h3>\n<ul data-path-to-node=\"16\">\n<li>\n<p data-path-to-node=\"16,0,0\"><b data-path-to-node=\"16,0,0\" data-index-in-node=\"0\">Festivais de M\u00fasica:<\/b> Use c\u00f3digos QR para recargas sem dinheiro e para leitura de c\u00f3digos de entrada.<\/p>\n<\/li>\n<li>\n<p data-path-to-node=\"16,1,0\"><b data-path-to-node=\"16,1,0\" data-index-in-node=\"0\">Acesso VIP:<\/b> Etiquetas r\u00edgidas e distintas para identificar convidados especiais ou pessoal de bastidores.<\/p>\n<\/li>\n<li>\n<p data-path-to-node=\"16,2,0\"><b data-path-to-node=\"16,2,0\" data-index-in-node=\"0\">Gest\u00e3o do guarda-volumes:<\/b> Etiquetas numeradas fixadas \u00e0s pulseiras para recupera\u00e7\u00e3o segura dos itens.<\/p>\n<\/li>\n<li>\n<p data-path-to-node=\"16,3,0\"><b data-path-to-node=\"16,3,0\" data-index-in-node=\"0\">Resorts e hot\u00e9is:<\/b> Chaves de quarto dur\u00e1veis ou fichas para troca de toalhas presas aos pulsos dos h\u00f3spedes.<\/p>\n<\/li>\n<\/ul>","protected":false},"excerpt":{"rendered":"<ul>\n<li>\n<p data-path-to-node=\"9,0,0\"><b data-path-to-node=\"9,0,0\" data-index-in-node=\"0\">Solu\u00e7\u00e3o de Identifica\u00e7\u00e3o Inteligente:<\/b> Ideal para integrar c\u00f3digos QR, c\u00f3digos de barras e n\u00fameros UID em pulseiras de tecido.<\/p>\n<\/li>\n<li>\n<p data-path-to-node=\"9,1,0\"><b data-path-to-node=\"9,1,0\" data-index-in-node=\"0\">Material dur\u00e1vel:<\/b> Fabricado em PVC r\u00edgido e resistente \u00e0 \u00e1gua, capaz de suportar eventos de v\u00e1rios dias e condi\u00e7\u00f5es adversas.<\/p>\n<\/li>\n<li>\n<p data-path-to-node=\"9,2,0\"><b data-path-to-node=\"9,2,0\" data-index-in-node=\"0\">Personaliza\u00e7\u00e3o completa:<\/b> A impress\u00e3o UV ou offset de alta resolu\u00e7\u00e3o permite a cria\u00e7\u00e3o de logotipos vibrantes e a digitaliza\u00e7\u00e3o de dados complexos.<\/p>\n<\/li>\n<li>\n<p data-path-to-node=\"9,3,0\"><b data-path-to-node=\"9,3,0\" data-index-in-node=\"0\">Ajuste universal:<\/b> Projetado com duas ranhuras para encaixar perfeitamente pulseiras de tecido padr\u00e3o de 15 mm e 20 mm.<\/p>\n<\/li>\n<\/ul>","protected":false},"featured_media":6840,"comment_status":"closed","ping_status":"closed","template":"","meta":[],"product_brand":[],"product_cat":[66,124],"product_tag":[],"class_list":{"0":"post-6841","1":"product","2":"type-product","3":"status-publish","4":"has-post-thumbnail","6":"product_cat-wristbands","7":"product_cat-id-solutions","9":"first","10":"instock","11":"shipping-taxable","12":"product-type-simple"},"_links":{"self":[{"href":"https:\/\/displayproducts.eu\/pt\/wp-json\/wp\/v2\/product\/6841","targetHints":{"allow":["GET"]}}],"collection":[{"href":"https:\/\/displayproducts.eu\/pt\/wp-json\/wp\/v2\/product"}],"about":[{"href":"https:\/\/displayproducts.eu\/pt\/wp-json\/wp\/v2\/types\/product"}],"replies":[{"embeddable":true,"href":"https:\/\/displayproducts.eu\/pt\/wp-json\/wp\/v2\/comments?post=6841"}],"wp:featuredmedia":[{"embeddable":true,"href":"https:\/\/displayproducts.eu\/pt\/wp-json\/wp\/v2\/media\/6840"}],"wp:attachment":[{"href":"https:\/\/displayproducts.eu\/pt\/wp-json\/wp\/v2\/media?parent=6841"}],"wp:term":[{"taxonomy":"product_brand","embeddable":true,"href":"https:\/\/displayproducts.eu\/pt\/wp-json\/wp\/v2\/product_brand?post=6841"},{"taxonomy":"product_cat","embeddable":true,"href":"https:\/\/displayproducts.eu\/pt\/wp-json\/wp\/v2\/product_cat?post=6841"},{"taxonomy":"product_tag","embeddable":true,"href":"https:\/\/displayproducts.eu\/pt\/wp-json\/wp\/v2\/product_tag?post=6841"}],"curies":[{"name":"wp","href":"https:\/\/api.w.org\/{rel}","templated":true}]}}