{"id":6838,"date":"2026-01-13T10:28:34","date_gmt":"2026-01-13T07:28:34","guid":{"rendered":"https:\/\/wristbandfactory.eu\/?post_type=product&#038;p=6838"},"modified":"2026-04-01T21:52:03","modified_gmt":"2026-04-01T18:52:03","slug":"custom-printed-velvet-gift-bags-premium-drawstring-pouches","status":"publish","type":"product","link":"https:\/\/displayproducts.eu\/pt\/p\/custom-printed-velvet-gift-bags-premium-drawstring-pouches\/","title":{"rendered":"Saquinhos de veludo personalizados"},"content":{"rendered":"<p data-path-to-node=\"9\">Crie uma experi\u00eancia de unboxing inesquec\u00edvel com o nosso <b data-path-to-node=\"9\" data-index-in-node=\"78\">Sacolas de presente de veludo personalizadas com impress\u00e3o<\/b>. Concebidas para lojas de luxo, marcas de joias e organizadores de eventos corporativos, estas bolsas de veludo oferecem uma forma sofisticada de embalar pequenos objetos. Ao contr\u00e1rio das embalagens de pl\u00e1stico ou papel comuns, o veludo transmite durabilidade, eleg\u00e2ncia e alto valor.<\/p>\n<p data-path-to-node=\"10\">Quer voc\u00ea precise de uma pequena bolsinha para an\u00e9is ou de uma bolsa maior para cosm\u00e9ticos e aparelhos eletr\u00f4nicos, oferecemos total flexibilidade em termos de tamanho e fabrica\u00e7\u00e3o.<\/p>\n<h2 data-path-to-node=\"11\">Principais caracter\u00edsticas de marca<\/h2>\n<p data-path-to-node=\"12\">Oferecemos tr\u00eas m\u00e9todos distintos de personaliza\u00e7\u00e3o para combinar com o estilo do seu logotipo:<\/p>\n<ul data-path-to-node=\"13\">\n<li>\n<p data-path-to-node=\"13,0,0\"><b data-path-to-node=\"13,0,0\" data-index-in-node=\"0\">Impress\u00e3o em serigrafia:<\/b> Ideal para cores fortes e s\u00f3lidas e para uma identidade visual clara.<\/p>\n<\/li>\n<li>\n<p data-path-to-node=\"13,1,0\"><b data-path-to-node=\"13,1,0\" data-index-in-node=\"0\">Estampagem a quente (folha met\u00e1lica):<\/b> Perfeito para marcas de luxo. Adicione um acabamento brilhante em folha de ouro ou prata que capta a luz contra a textura escura do veludo.<\/p>\n<\/li>\n<li>\n<p data-path-to-node=\"13,2,0\"><b data-path-to-node=\"13,2,0\" data-index-in-node=\"0\">Relevo\/Baixo-relevo:<\/b> Crie um efeito 3D sutil e t\u00e1til, onde o logotipo \u00e9 pressionado no tecido, para um visual sofisticado e discreto.<\/p>\n<\/li>\n<\/ul>\n<h2 data-path-to-node=\"14\">Especifica\u00e7\u00f5es<\/h2>\n<ul data-path-to-node=\"15\">\n<li>\n<p data-path-to-node=\"15,0,0\"><b data-path-to-node=\"15,0,0\" data-index-in-node=\"0\">Material:<\/b> Tecido de veludo macio de alta qualidade.<\/p>\n<\/li>\n<li>\n<p data-path-to-node=\"15,1,0\"><b data-path-to-node=\"15,1,0\" data-index-in-node=\"0\">Estilos de fecho:<\/b> Cord\u00e3o de ajuste de um lado ou cord\u00e3o de ajuste duplo (puxa pelas duas extremidades).<\/p>\n<\/li>\n<li>\n<p data-path-to-node=\"15,2,0\"><b data-path-to-node=\"15,2,0\" data-index-in-node=\"0\">Materiais para cordas:<\/b> Fita de cetim, cord\u00e3o de polipropileno, corda de algod\u00e3o ou tira de veludo combinando.<\/p>\n<\/li>\n<li>\n<p data-path-to-node=\"15,3,0\"><b data-path-to-node=\"15,3,0\" data-index-in-node=\"0\">Cores:<\/b> Ampla gama de cores de veludo padr\u00e3o (preto, azul-marinho, vermelho, cinza, verde, etc.).<\/p>\n<\/li>\n<li>\n<p data-path-to-node=\"15,4,0\"><b data-path-to-node=\"15,4,0\" data-index-in-node=\"0\">Tamanhos:<\/b> Totalmente personaliz\u00e1vel (ex.: 5x7cm, 8x10cm, 10x15cm, 15x20cm e tamanhos maiores).<\/p>\n<\/li>\n<li>\n<p data-path-to-node=\"15,5,0\"><b data-path-to-node=\"15,5,0\" data-index-in-node=\"0\">Pedido m\u00ednimo:<\/b> Quantidades dispon\u00edveis para venda por atacado.<\/p>\n<\/li>\n<\/ul>\n<h2 data-path-to-node=\"16\">Casos de uso comuns<\/h2>\n<ul data-path-to-node=\"17\">\n<li>\n<p data-path-to-node=\"17,0,0\"><b data-path-to-node=\"17,0,0\" data-index-in-node=\"0\">Embalagem de joias:<\/b> An\u00e9is, colares, brincos e rel\u00f3gios.<\/p>\n<\/li>\n<li>\n<p data-path-to-node=\"17,1,0\"><b data-path-to-node=\"17,1,0\" data-index-in-node=\"0\">Brindes corporativos:<\/b> Embalagem premium para pen drives, medalhas ou moedas.<\/p>\n<\/li>\n<li>\n<p data-path-to-node=\"17,2,0\"><b data-path-to-node=\"17,2,0\" data-index-in-node=\"0\">Lembrancinhas para o evento:<\/b> Casamentos, galas e brindes promocionais.<\/p>\n<\/li>\n<li>\n<p data-path-to-node=\"17,3,0\"><b data-path-to-node=\"17,3,0\" data-index-in-node=\"0\">Cosm\u00e9ticos:<\/b> N\u00e9cessaires de luxo para ferramentas de beleza e perfumes.<\/p>\n<\/li>\n<\/ul>","protected":false},"excerpt":{"rendered":"<ul data-path-to-node=\"8\">\n<li>\n<p data-path-to-node=\"8,0,0\"><b data-path-to-node=\"8,0,0\" data-index-in-node=\"0\">Textura macia premium:<\/b> Tecido de veludo de alta qualidade que confere um toque de luxo a qualquer produto ou presente.<\/p>\n<\/li>\n<li>\n<p data-path-to-node=\"8,1,0\"><b data-path-to-node=\"8,1,0\" data-index-in-node=\"0\">Personaliza\u00e7\u00e3o vers\u00e1til:<\/b> Escolha entre impress\u00e3o em serigrafia, estampagem a quente met\u00e1lica (dourada\/prateada) ou relevo elegante.<\/p>\n<\/li>\n<li>\n<p data-path-to-node=\"8,2,0\"><b data-path-to-node=\"8,2,0\" data-index-in-node=\"0\">Design flex\u00edvel:<\/b> Dispon\u00edvel com fecho de cord\u00e3o sem impress\u00e3o ou duplo em diversos materiais de fita ou cord\u00e3o.<\/p>\n<\/li>\n<li>\n<p data-path-to-node=\"8,3,0\"><b data-path-to-node=\"8,3,0\" data-index-in-node=\"0\">Feito sob medida:<\/b> Tamanhos personalizados dispon\u00edveis para se adaptarem perfeitamente a joias, cosm\u00e9ticos, acess\u00f3rios tecnol\u00f3gicos ou lembrancinhas de eventos.<\/p>\n<\/li>\n<\/ul>","protected":false},"featured_media":6839,"comment_status":"closed","ping_status":"closed","template":"","meta":[],"product_brand":[],"product_cat":[131],"product_tag":[],"class_list":{"0":"post-6838","1":"product","2":"type-product","3":"status-publish","4":"has-post-thumbnail","6":"product_cat-custom-bags-totes","8":"first","9":"instock","10":"shipping-taxable","11":"purchasable","12":"product-type-simple"},"_links":{"self":[{"href":"https:\/\/displayproducts.eu\/pt\/wp-json\/wp\/v2\/product\/6838","targetHints":{"allow":["GET"]}}],"collection":[{"href":"https:\/\/displayproducts.eu\/pt\/wp-json\/wp\/v2\/product"}],"about":[{"href":"https:\/\/displayproducts.eu\/pt\/wp-json\/wp\/v2\/types\/product"}],"replies":[{"embeddable":true,"href":"https:\/\/displayproducts.eu\/pt\/wp-json\/wp\/v2\/comments?post=6838"}],"wp:featuredmedia":[{"embeddable":true,"href":"https:\/\/displayproducts.eu\/pt\/wp-json\/wp\/v2\/media\/6839"}],"wp:attachment":[{"href":"https:\/\/displayproducts.eu\/pt\/wp-json\/wp\/v2\/media?parent=6838"}],"wp:term":[{"taxonomy":"product_brand","embeddable":true,"href":"https:\/\/displayproducts.eu\/pt\/wp-json\/wp\/v2\/product_brand?post=6838"},{"taxonomy":"product_cat","embeddable":true,"href":"https:\/\/displayproducts.eu\/pt\/wp-json\/wp\/v2\/product_cat?post=6838"},{"taxonomy":"product_tag","embeddable":true,"href":"https:\/\/displayproducts.eu\/pt\/wp-json\/wp\/v2\/product_tag?post=6838"}],"curies":[{"name":"wp","href":"https:\/\/api.w.org\/{rel}","templated":true}]}}