{"id":6678,"date":"2026-01-09T22:38:59","date_gmt":"2026-01-09T19:38:59","guid":{"rendered":"https:\/\/wristbandfactory.eu\/?post_type=product&#038;p=6678"},"modified":"2026-04-01T21:52:34","modified_gmt":"2026-04-01T18:52:34","slug":"metal-opera-glasses-with-handle-bulk-theatre-binoculars-3x-4x","status":"publish","type":"product","link":"https:\/\/displayproducts.eu\/pt\/p\/metal-opera-glasses-with-handle-bulk-theatre-binoculars-3x-4x\/","title":{"rendered":"Bin\u00f3culos de teatro em metal com pega"},"content":{"rendered":"<p data-path-to-node=\"9\">Aprimore a experi\u00eancia cultural de seus clientes ou frequentadores com nossos produtos. <b data-path-to-node=\"9\" data-index-in-node=\"94\">\u00d3culos de \u00f3pera de metal premium<\/b>. Projetados para sofistica\u00e7\u00e3o e clareza, estes bin\u00f3culos de teatro s\u00e3o o acess\u00f3rio perfeito para casas de \u00f3pera, teatros e salas de concerto. Ao contr\u00e1rio das alternativas de pl\u00e1stico, estes bin\u00f3culos apresentam uma constru\u00e7\u00e3o robusta totalmente em metal com acabamento dourado, o que os torna um item de alto valor percebido, ideal para revenda no varejo ou como brindes corporativos exclusivos.<\/p>\n<p data-path-to-node=\"10\">A al\u00e7a dobr\u00e1vel integrada adiciona um toque de charme vintage, ao mesmo tempo que proporciona conforto pr\u00e1tico durante longas apresenta\u00e7\u00f5es. Seja para abastecer a loja de presentes de um museu ou para encontrar um presente comemorativo exclusivo para um evento de gala, estes bin\u00f3culos de \u00f3pera oferecem a combina\u00e7\u00e3o perfeita de estilo e funcionalidade.<\/p>\n<h2 data-path-to-node=\"11\">Principais caracter\u00edsticas<\/h2>\n<ul data-path-to-node=\"12\">\n<li>\n<p data-path-to-node=\"12,0,0\"><b data-path-to-node=\"12,0,0\" data-index-in-node=\"0\">Duas variantes \u00f3pticas:<\/b> Escolha entre <b data-path-to-node=\"12,0,0\" data-index-in-node=\"37\">Amplia\u00e7\u00e3o de 3x<\/b> (campo de vis\u00e3o mais amplo, 122m\/1000m) para capturar todo o palco, ou <b data-path-to-node=\"12,0,0\" data-index-in-node=\"122\">Amplia\u00e7\u00e3o de 4x<\/b> (105m\/1000m) para focar em express\u00f5es faciais e detalhes finos.<\/p>\n<\/li>\n<li>\n<p data-path-to-node=\"12,1,0\"><b data-path-to-node=\"12,1,0\" data-index-in-node=\"0\">Design ergon\u00f4mico:<\/b> Possui um prisma de foco central e uma al\u00e7a dobr\u00e1vel\/telesc\u00f3pica (105\u2013165 mm) para ajuste f\u00e1cil e pegada confort\u00e1vel.<\/p>\n<\/li>\n<li>\n<p data-path-to-node=\"12,2,0\"><b data-path-to-node=\"12,2,0\" data-index-in-node=\"0\">Vers\u00e3o Premium:<\/b> Pesando 175g e com um formato compacto (100 \u00d7 54 mm), o corpo robusto em metal garante durabilidade e uma sensa\u00e7\u00e3o premium ao toque.<\/p>\n<\/li>\n<li>\n<p data-path-to-node=\"12,3,0\"><b data-path-to-node=\"12,3,0\" data-index-in-node=\"0\">Pronto para apresenta\u00e7\u00e3o:<\/b> Cada unidade vem com um elegante estojo de armazenamento, simplificando o processo de embalagem para presentes ou exposi\u00e7\u00e3o em lojas.<\/p>\n<\/li>\n<\/ul>\n<h2 data-path-to-node=\"13\">Especifica\u00e7\u00f5es<\/h2>\n<ul data-path-to-node=\"14\">\n<li>\n<p data-path-to-node=\"14,0,0\"><b data-path-to-node=\"14,0,0\" data-index-in-node=\"0\">Material:<\/b> Liga met\u00e1lica completa com acabamento dourado<\/p>\n<\/li>\n<li>\n<p data-path-to-node=\"14,1,0\"><b data-path-to-node=\"14,1,0\" data-index-in-node=\"0\">Lidar:<\/b> Telesc\u00f3pico\/Dobr\u00e1vel (105 mm a 165 mm)<\/p>\n<\/li>\n<li>\n<p data-path-to-node=\"14,2,0\"><b data-path-to-node=\"14,2,0\" data-index-in-node=\"0\">Peso:<\/b> 175 g<\/p>\n<\/li>\n<li>\n<p data-path-to-node=\"14,3,0\"><b data-path-to-node=\"14,3,0\" data-index-in-node=\"0\">Dimens\u00f5es:<\/b> 100 \u00d7 54 mm<\/p>\n<\/li>\n<li>\n<p data-path-to-node=\"14,4,0\"><b data-path-to-node=\"14,4,0\" data-index-in-node=\"0\">Tipo de prisma:<\/b> Foco central<\/p>\n<\/li>\n<li>\n<p data-path-to-node=\"14,5,0\"><b data-path-to-node=\"14,5,0\" data-index-in-node=\"0\">Especifica\u00e7\u00f5es do modelo 3x:<\/b><\/p>\n<ul data-path-to-node=\"14,5,1\">\n<li>\n<p data-path-to-node=\"14,5,1,0,0\">Pupila de sa\u00edda: 8 mm<\/p>\n<\/li>\n<li>\n<p data-path-to-node=\"14,5,1,1,0\">Campo de vis\u00e3o: 122 m \/ 1000 m<\/p>\n<\/li>\n<li>\n<p data-path-to-node=\"14,5,1,2,0\">\u00cdndice de brilho: 69<\/p>\n<\/li>\n<\/ul>\n<\/li>\n<li>\n<p data-path-to-node=\"14,6,0\"><b data-path-to-node=\"14,6,0\" data-index-in-node=\"0\">Especifica\u00e7\u00f5es do modelo 4x:<\/b><\/p>\n<ul data-path-to-node=\"14,6,1\">\n<li>\n<p data-path-to-node=\"14,6,1,0,0\">Pupila de sa\u00edda: 6,5 mm<\/p>\n<\/li>\n<li>\n<p data-path-to-node=\"14,6,1,1,0\">Campo de vis\u00e3o: 105 m \/ 1000 m<\/p>\n<\/li>\n<li>\n<p data-path-to-node=\"14,6,1,2,0\">\u00cdndice de brilho: 39<\/p>\n<\/li>\n<\/ul>\n<\/li>\n<li>\n<p data-path-to-node=\"14,7,0\"><b data-path-to-node=\"14,7,0\" data-index-in-node=\"0\">Prazo de entrega:<\/b> Aproximadamente 37 dias (Feito sob encomenda\/Importado)<\/p>\n<\/li>\n<\/ul>\n<h2 data-path-to-node=\"15\">Casos de uso<\/h2>\n<ul data-path-to-node=\"16\">\n<li>\n<p data-path-to-node=\"16,0,0\"><b data-path-to-node=\"16,0,0\" data-index-in-node=\"0\">Lojas de Teatro e \u00d3pera:<\/b> Um produto de alta margem de lucro para visitantes que desejam aprimorar sua experi\u00eancia de visualiza\u00e7\u00e3o.<\/p>\n<\/li>\n<li>\n<p data-path-to-node=\"16,1,0\"><b data-path-to-node=\"16,1,0\" data-index-in-node=\"0\">Brindes corporativos:<\/b> Um presente requintado para parceiros do setor art\u00edstico e cultural.<\/p>\n<\/li>\n<li>\n<p data-path-to-node=\"16,2,0\"><b data-path-to-node=\"16,2,0\" data-index-in-node=\"0\">Comodidades VIP para eventos:<\/b> Ofere\u00e7a aos portadores de ingressos de categoria superior ferramentas de visualiza\u00e7\u00e3o personalizadas ou exclusivas.<\/p>\n<\/li>\n<\/ul>","protected":false},"excerpt":{"rendered":"<ul data-path-to-node=\"8\">\n<li>\n<p data-path-to-node=\"8,0,0\"><b data-path-to-node=\"8,0,0\" data-index-in-node=\"0\">Eleg\u00e2ncia Cl\u00e1ssica:<\/b> Corpo totalmente em metal com luxuoso acabamento dourado e al\u00e7a dobr\u00e1vel para uma visualiza\u00e7\u00e3o sofisticada.<\/p>\n<\/li>\n<li>\n<p data-path-to-node=\"8,1,0\"><b data-path-to-node=\"8,1,0\" data-index-in-node=\"0\">\u00d3ptica superior:<\/b> Dispon\u00edvel com amplia\u00e7\u00e3o de 3x (vis\u00e3o ampla) ou 4x (foco detalhado) e alto \u00edndice de brilho.<\/p>\n<\/li>\n<li>\n<p data-path-to-node=\"8,2,0\"><b data-path-to-node=\"8,2,0\" data-index-in-node=\"0\">Pronto para B2B:<\/b> Ideal para lojas de produtos teatrais, brindes para eventos VIP e pr\u00eamios corporativos de alto padr\u00e3o.<\/p>\n<\/li>\n<li>\n<p data-path-to-node=\"8,3,0\"><b data-path-to-node=\"8,3,0\" data-index-in-node=\"0\">Conjunto completo:<\/b> Inclui um estojo resistente para armazenamento, prote\u00e7\u00e3o e apresenta\u00e7\u00e3o.<\/p>\n<\/li>\n<\/ul>","protected":false},"featured_media":6679,"comment_status":"closed","ping_status":"closed","template":"","meta":[],"product_brand":[],"product_cat":[121],"product_tag":[],"class_list":{"0":"post-6678","1":"product","2":"type-product","3":"status-publish","4":"has-post-thumbnail","6":"product_cat-promotional-merchandise","8":"first","9":"instock","10":"shipping-taxable","11":"purchasable","12":"product-type-simple"},"_links":{"self":[{"href":"https:\/\/displayproducts.eu\/pt\/wp-json\/wp\/v2\/product\/6678","targetHints":{"allow":["GET"]}}],"collection":[{"href":"https:\/\/displayproducts.eu\/pt\/wp-json\/wp\/v2\/product"}],"about":[{"href":"https:\/\/displayproducts.eu\/pt\/wp-json\/wp\/v2\/types\/product"}],"replies":[{"embeddable":true,"href":"https:\/\/displayproducts.eu\/pt\/wp-json\/wp\/v2\/comments?post=6678"}],"wp:featuredmedia":[{"embeddable":true,"href":"https:\/\/displayproducts.eu\/pt\/wp-json\/wp\/v2\/media\/6679"}],"wp:attachment":[{"href":"https:\/\/displayproducts.eu\/pt\/wp-json\/wp\/v2\/media?parent=6678"}],"wp:term":[{"taxonomy":"product_brand","embeddable":true,"href":"https:\/\/displayproducts.eu\/pt\/wp-json\/wp\/v2\/product_brand?post=6678"},{"taxonomy":"product_cat","embeddable":true,"href":"https:\/\/displayproducts.eu\/pt\/wp-json\/wp\/v2\/product_cat?post=6678"},{"taxonomy":"product_tag","embeddable":true,"href":"https:\/\/displayproducts.eu\/pt\/wp-json\/wp\/v2\/product_tag?post=6678"}],"curies":[{"name":"wp","href":"https:\/\/api.w.org\/{rel}","templated":true}]}}