{"id":6671,"date":"2026-01-09T18:39:46","date_gmt":"2026-01-09T15:39:46","guid":{"rendered":"https:\/\/wristbandfactory.eu\/?post_type=product&#038;p=6671"},"modified":"2026-04-01T21:52:34","modified_gmt":"2026-04-01T18:52:34","slug":"custom-foil-holographic-event-wristbands","status":"publish","type":"product","link":"https:\/\/displayproducts.eu\/pt\/p\/custom-foil-holographic-event-wristbands\/","title":{"rendered":"Pulseiras com impress\u00e3o metalizada"},"content":{"rendered":"<p data-path-to-node=\"9\">D\u00ea um toque de sofistica\u00e7\u00e3o \u00e0 identidade visual do seu evento com nossas pulseiras personalizadas com detalhes em foil e hologr\u00e1fico. Fabricadas com papel sint\u00e9tico YUPO de alta qualidade, essas pulseiras oferecem uma alternativa premium ao Tyvek padr\u00e3o, apresentando uma superf\u00edcie branco-leitosa que garante cores vibrantes e fi\u00e9is ao design.<\/p>\n<p data-path-to-node=\"10\">Concebidas para eventos de alto n\u00edvel, clubes e festivais, estas pulseiras permitem detalhes met\u00e1licos luxuosos \u2014 incluindo folha de ouro, prata e vidro \u2014 ou acabamentos totalmente hologr\u00e1ficos. A textura suave, combinada com a impress\u00e3o offset CMYK de alta resolu\u00e7\u00e3o, torna-as ideais para designs complexos e identifica\u00e7\u00e3o VIP. Apesar da sua apar\u00eancia elegante, s\u00e3o robustas e resistentes \u00e0 \u00e1gua, ao suor e a ambientes din\u00e2micos.<\/p>\n<h2 data-path-to-node=\"11\">Principais caracter\u00edsticas<\/h2>\n<ul data-path-to-node=\"12\">\n<li>\n<p data-path-to-node=\"12,0,0\"><b data-path-to-node=\"12,0,0\" data-index-in-node=\"0\">Acabamentos de luxo:<\/b> Dispon\u00edvel com estampagem a quente em folha de ouro, folha de prata, folha &quot;vidro&quot; e sobreposi\u00e7\u00f5es hologr\u00e1ficas para m\u00e1xima visibilidade.<\/p>\n<\/li>\n<li>\n<p data-path-to-node=\"12,1,0\"><b data-path-to-node=\"12,1,0\" data-index-in-node=\"0\">Excel\u00eancia em Materiais:<\/b> A polpa sint\u00e9tica YUPO proporciona um acabamento mais suave do que o Tyvek, permitindo detalhes de impress\u00e3o mais n\u00edtidos e cores mais vibrantes.<\/p>\n<\/li>\n<li>\n<p data-path-to-node=\"12,2,0\"><b data-path-to-node=\"12,2,0\" data-index-in-node=\"0\">Design \u00e0 prova de adultera\u00e7\u00e3o:<\/b> O fecho adesivo resistente possui tiras de seguran\u00e7a recortadas que se rompem caso haja tentativa de remo\u00e7\u00e3o, garantindo que a pulseira n\u00e3o possa ser reutilizada.<\/p>\n<\/li>\n<li>\n<p data-path-to-node=\"12,3,0\"><b data-path-to-node=\"12,3,0\" data-index-in-node=\"0\">Dados inteligentes prontos:<\/b> Totalmente compat\u00edvel com impress\u00e3o de dados vari\u00e1veis, incluindo numera\u00e7\u00e3o sequencial, c\u00f3digos de barras e c\u00f3digos QR para integra\u00e7\u00e3o digital.<\/p>\n<\/li>\n<\/ul>\n<h2 data-path-to-node=\"13\">Especifica\u00e7\u00f5es<\/h2>\n<ul data-path-to-node=\"14\">\n<li>\n<p data-path-to-node=\"14,0,0\"><b data-path-to-node=\"14,0,0\" data-index-in-node=\"0\">Material:<\/b> YUPO (Papel misto de polpa e sint\u00e9tico) \u2013 Imperme\u00e1vel e resistente a rasgos.<\/p>\n<\/li>\n<li>\n<p data-path-to-node=\"14,1,0\"><b data-path-to-node=\"14,1,0\" data-index-in-node=\"0\">Dimens\u00f5es padr\u00e3o:<\/b><\/p>\n<ul data-path-to-node=\"14,1,1\">\n<li>\n<p data-path-to-node=\"14,1,1,0,0\">20 mm x 250 mm<\/p>\n<\/li>\n<li>\n<p data-path-to-node=\"14,1,1,1,0\">25 mm x 250 mm<\/p>\n<\/li>\n<li>\n<p data-path-to-node=\"14,1,1,2,0\"><i data-path-to-node=\"14,1,1,2,0\" data-index-in-node=\"0\">Tamanhos personalizados dispon\u00edveis mediante solicita\u00e7\u00e3o.<\/i><\/p>\n<\/li>\n<\/ul>\n<\/li>\n<li>\n<p data-path-to-node=\"14,2,0\"><b data-path-to-node=\"14,2,0\" data-index-in-node=\"0\">M\u00e9todo de impress\u00e3o:<\/b> Impress\u00e3o offset CMYK em cores plenas + estampagem a quente.<\/p>\n<\/li>\n<li>\n<p data-path-to-node=\"14,3,0\"><b data-path-to-node=\"14,3,0\" data-index-in-node=\"0\">Op\u00e7\u00f5es de folha met\u00e1lica:<\/b> Ouro, prata, folha de vidro, holograma.<\/p>\n<\/li>\n<li>\n<p data-path-to-node=\"14,4,0\"><b data-path-to-node=\"14,4,0\" data-index-in-node=\"0\">Origem:<\/b> Coreia do Sul (ANYWRISTBAND \/ Modelo TS25).<\/p>\n<\/li>\n<\/ul>\n<h2 data-path-to-node=\"15\">Casos de uso<\/h2>\n<ul data-path-to-node=\"16\">\n<li>\n<p data-path-to-node=\"16,0,0\"><b data-path-to-node=\"16,0,0\" data-index-in-node=\"0\">Controle de acesso VIP:<\/b> Perfeito para distinguir convidados VIP em shows, festivais e casas noturnas devido ao acabamento met\u00e1lico refletivo.<\/p>\n<\/li>\n<li>\n<p data-path-to-node=\"16,1,0\"><b data-path-to-node=\"16,1,0\" data-index-in-node=\"0\">Eventos corporativos:<\/b> Identidade visual de alta qualidade para eventos de gala e confer\u00eancias onde a apresenta\u00e7\u00e3o visual \u00e9 fundamental.<\/p>\n<\/li>\n<li>\n<p data-path-to-node=\"16,2,0\"><b data-path-to-node=\"16,2,0\" data-index-in-node=\"0\">Locais Seguros:<\/b> Ideal para parques de divers\u00f5es e \u00e1reas restritas que exigem identifica\u00e7\u00e3o confi\u00e1vel com integra\u00e7\u00e3o de c\u00f3digo de barras.<\/p>\n<\/li>\n<\/ul>\n<p data-path-to-node=\"17\">","protected":false},"excerpt":{"rendered":"<ul>\n<li>\n<p data-path-to-node=\"7,0,0\"><b data-path-to-node=\"7,0,0\" data-index-in-node=\"0\">Impacto visual premium:<\/b> Apresenta detalhes met\u00e1licos deslumbrantes (ouro, prata, folha de vidro) ou efeitos hologr\u00e1ficos em uma superf\u00edcie lisa e branco-leitosa de YUPO.<\/p>\n<\/li>\n<li>\n<p data-path-to-node=\"7,1,0\"><b data-path-to-node=\"7,1,0\" data-index-in-node=\"0\">Durabilidade superior:<\/b> Fabricadas com papel sint\u00e9tico imperme\u00e1vel 100% resistente a rasgos, que supera as faixas de papel padr\u00e3o.<\/p>\n<\/li>\n<li>\n<p data-path-to-node=\"7,2,0\"><b data-path-to-node=\"7,2,0\" data-index-in-node=\"0\">Alta seguran\u00e7a:<\/b> Equipado com um fecho adesivo inviol\u00e1vel e cortes de seguran\u00e7a formulados para evitar a transfer\u00eancia.<\/p>\n<\/li>\n<li>\n<p data-path-to-node=\"7,3,0\"><b data-path-to-node=\"7,3,0\" data-index-in-node=\"0\">Personaliza\u00e7\u00e3o completa:<\/b> Suporta impress\u00e3o offset CMYK vibrante, c\u00f3digos de barras, c\u00f3digos QR e numera\u00e7\u00e3o vari\u00e1vel para controle de acesso.<\/p>\n<\/li>\n<\/ul>","protected":false},"featured_media":6677,"comment_status":"closed","ping_status":"closed","template":"","meta":[],"product_brand":[],"product_cat":[41],"product_tag":[],"class_list":{"0":"post-6671","1":"product","2":"type-product","3":"status-publish","4":"has-post-thumbnail","6":"product_cat-tyvek","8":"first","9":"instock","10":"shipping-taxable","11":"product-type-simple"},"_links":{"self":[{"href":"https:\/\/displayproducts.eu\/pt\/wp-json\/wp\/v2\/product\/6671","targetHints":{"allow":["GET"]}}],"collection":[{"href":"https:\/\/displayproducts.eu\/pt\/wp-json\/wp\/v2\/product"}],"about":[{"href":"https:\/\/displayproducts.eu\/pt\/wp-json\/wp\/v2\/types\/product"}],"replies":[{"embeddable":true,"href":"https:\/\/displayproducts.eu\/pt\/wp-json\/wp\/v2\/comments?post=6671"}],"wp:featuredmedia":[{"embeddable":true,"href":"https:\/\/displayproducts.eu\/pt\/wp-json\/wp\/v2\/media\/6677"}],"wp:attachment":[{"href":"https:\/\/displayproducts.eu\/pt\/wp-json\/wp\/v2\/media?parent=6671"}],"wp:term":[{"taxonomy":"product_brand","embeddable":true,"href":"https:\/\/displayproducts.eu\/pt\/wp-json\/wp\/v2\/product_brand?post=6671"},{"taxonomy":"product_cat","embeddable":true,"href":"https:\/\/displayproducts.eu\/pt\/wp-json\/wp\/v2\/product_cat?post=6671"},{"taxonomy":"product_tag","embeddable":true,"href":"https:\/\/displayproducts.eu\/pt\/wp-json\/wp\/v2\/product_tag?post=6671"}],"curies":[{"name":"wp","href":"https:\/\/api.w.org\/{rel}","templated":true}]}}