{"id":6618,"date":"2026-01-09T15:51:34","date_gmt":"2026-01-09T12:51:34","guid":{"rendered":"https:\/\/wristbandfactory.eu\/?post_type=product&#038;p=6618"},"modified":"2026-04-01T21:52:34","modified_gmt":"2026-04-01T18:52:34","slug":"custom-natural-cork-wristbands","status":"publish","type":"product","link":"https:\/\/displayproducts.eu\/pt\/p\/custom-natural-cork-wristbands\/","title":{"rendered":"Pulseiras de corti\u00e7a natural"},"content":{"rendered":"<p data-path-to-node=\"10\">Fa\u00e7a uma declara\u00e7\u00e3o ousada sobre sustentabilidade com o nosso <b data-path-to-node=\"10\" data-index-in-node=\"77\">Pulseiras de corti\u00e7a natural<\/b>. Extra\u00eddo da casca do sobreiro sem prejudicar a \u00e1rvore, este material \u00e9 um dos recursos mais ecol\u00f3gicos dispon\u00edveis. Estas pulseiras s\u00e3o a escolha ideal para confer\u00eancias ambientais, resorts na natureza e festivais que desejam eliminar o desperd\u00edcio de pl\u00e1stico, oferecendo aos participantes um acess\u00f3rio de alta qualidade.<\/p>\n<p data-path-to-node=\"11\">Ao contr\u00e1rio dos materiais sint\u00e9ticos, cada pulseira de corti\u00e7a possui um padr\u00e3o de gr\u00e3os natural \u00fanico. O material \u00e9 macio ao toque, leve e surpreendentemente dur\u00e1vel, repelindo naturalmente \u00e1gua e suor. Para um visual ecol\u00f3gico completo, recomendamos <b data-path-to-node=\"11\" data-index-in-node=\"239\">Grava\u00e7\u00e3o a laser<\/b> Seu logotipo, que cria um contraste escuro e n\u00edtido contra o fundo de corti\u00e7a dourada sem o uso de tintas qu\u00edmicas.<\/p>\n<h2 data-path-to-node=\"12\">Principais caracter\u00edsticas<\/h2>\n<ul data-path-to-node=\"13\">\n<li>\n<p data-path-to-node=\"13,0,0\"><b data-path-to-node=\"13,0,0\" data-index-in-node=\"0\">Recurso renov\u00e1vel:<\/b> A corti\u00e7a \u00e9 colhida de forma sustent\u00e1vel; a \u00e1rvore regenera a sua casca, tornando este um produto isento de culpa.<\/p>\n<\/li>\n<li>\n<p data-path-to-node=\"13,1,0\"><b data-path-to-node=\"13,1,0\" data-index-in-node=\"0\">Identidade visual premium:<\/b> Escolha entre a serigrafia preta n\u00edtida ou a sofisticada grava\u00e7\u00e3o a laser para uma sensa\u00e7\u00e3o t\u00e1til.<\/p>\n<\/li>\n<li>\n<p data-path-to-node=\"13,2,0\"><b data-path-to-node=\"13,2,0\" data-index-in-node=\"0\">Travamento seguro:<\/b> Dispon\u00edvel com um design sustent\u00e1vel. <b data-path-to-node=\"13,2,0\" data-index-in-node=\"45\">Deslizante de madeira<\/b> ou conta de bambu para completar o perfil sem pl\u00e1stico 100% (fechos de pl\u00e1stico padr\u00e3o tamb\u00e9m dispon\u00edveis).<\/p>\n<\/li>\n<li>\n<p data-path-to-node=\"13,3,0\"><b data-path-to-node=\"13,3,0\" data-index-in-node=\"0\">Hipoalerg\u00eanico:<\/b> Ideal para h\u00f3spedes com pele sens\u00edvel, pois a corti\u00e7a resiste ao p\u00f3 e \u00e0s bact\u00e9rias.<\/p>\n<\/li>\n<\/ul>\n<h2 data-path-to-node=\"14\">Especifica\u00e7\u00f5es<\/h2>\n<ul data-path-to-node=\"15\">\n<li>\n<p data-path-to-node=\"15,0,0\"><b data-path-to-node=\"15,0,0\" data-index-in-node=\"0\">Material:<\/b> Camada de corti\u00e7a natural (refor\u00e7o na base)<\/p>\n<\/li>\n<li>\n<p data-path-to-node=\"15,1,0\"><b data-path-to-node=\"15,1,0\" data-index-in-node=\"0\">M\u00e9todo de Branding:<\/b> Grava\u00e7\u00e3o a laser (recomendada) ou serigrafia<\/p>\n<\/li>\n<li>\n<p data-path-to-node=\"15,2,0\"><b data-path-to-node=\"15,2,0\" data-index-in-node=\"0\">Tamanho:<\/b> 350 mm x 15 mm (Ajust\u00e1vel)<\/p>\n<\/li>\n<li>\n<p data-path-to-node=\"15,3,0\"><b data-path-to-node=\"15,3,0\" data-index-in-node=\"0\">Imperme\u00e1vel:<\/b> Sim (Naturalmente resistente \u00e0 \u00e1gua)<\/p>\n<\/li>\n<li>\n<p data-path-to-node=\"15,4,0\"><b data-path-to-node=\"15,4,0\" data-index-in-node=\"0\">Op\u00e7\u00f5es de bloqueio:<\/b> Conta de madeira, deslizador de bambu ou pl\u00e1stico reciclado<\/p>\n<\/li>\n<li>\n<p data-path-to-node=\"15,5,0\"><b data-path-to-node=\"15,5,0\" data-index-in-node=\"0\">Quantidade m\u00ednima:<\/b> 100 unidades<\/p>\n<\/li>\n<\/ul>\n<h2 data-path-to-node=\"16\">Casos de uso<\/h2>\n<ul data-path-to-node=\"17\">\n<li>\n<p data-path-to-node=\"17,0,0\"><b data-path-to-node=\"17,0,0\" data-index-in-node=\"0\">Confer\u00eancias sobre Sustentabilidade:<\/b> A credencial perfeita para eventos focados em clima e meio ambiente.<\/p>\n<\/li>\n<li>\n<p data-path-to-node=\"17,1,0\"><b data-path-to-node=\"17,1,0\" data-index-in-node=\"0\">Eco-resorts e glamping:<\/b> Combina com a est\u00e9tica natural de acomoda\u00e7\u00f5es de luxo ao ar livre.<\/p>\n<\/li>\n<li>\n<p data-path-to-node=\"17,2,0\"><b data-path-to-node=\"17,2,0\" data-index-in-node=\"0\">Festivais de Vinho:<\/b> A conex\u00e3o tem\u00e1tica com rolhas de vinho torna esta uma ferramenta de branding divertida e relevante.<\/p>\n<\/li>\n<li>\n<p data-path-to-node=\"17,3,0\"><b data-path-to-node=\"17,3,0\" data-index-in-node=\"0\">Galas de Caridade:<\/b> Um visual sofisticado e discreto para eventos de arrecada\u00e7\u00e3o de fundos de alto n\u00edvel.<\/p>\n<\/li>\n<\/ul>","protected":false},"excerpt":{"rendered":"<ul>\n<li>\n<p data-path-to-node=\"9,0,0\"><b data-path-to-node=\"9,0,0\" data-index-in-node=\"0\">100% Est\u00e9tica Natural:<\/b> Feito de corti\u00e7a genu\u00edna, oferecendo uma textura \u00fanica, org\u00e2nica e semelhante \u00e0 madeira.<\/p>\n<\/li>\n<li>\n<p data-path-to-node=\"9,1,0\"><b data-path-to-node=\"9,1,0\" data-index-in-node=\"0\">Op\u00e7\u00e3o ecol\u00f3gica:<\/b> Uma alternativa renov\u00e1vel e biodegrad\u00e1vel ao pl\u00e1stico, perfeita para eventos &quot;verdes&quot;.<\/p>\n<\/li>\n<li>\n<p data-path-to-node=\"9,2,0\"><b data-path-to-node=\"9,2,0\" data-index-in-node=\"0\">Grava\u00e7\u00e3o a laser:<\/b> A marca \u00e9 gravada diretamente na corti\u00e7a para um acabamento permanente e sofisticado (impress\u00e3o com tinta tamb\u00e9m dispon\u00edvel).<\/p>\n<\/li>\n<li>\n<p data-path-to-node=\"9,3,0\"><b data-path-to-node=\"9,3,0\" data-index-in-node=\"0\">Naturalmente dur\u00e1vel:<\/b> A corti\u00e7a \u00e9 naturalmente resistente \u00e0 \u00e1gua, hipoalerg\u00eanica e confort\u00e1vel para uso prolongado.<\/p>\n<\/li>\n<\/ul>","protected":false},"featured_media":6620,"comment_status":"closed","ping_status":"closed","template":"","meta":[],"product_brand":[],"product_cat":[133,47],"product_tag":[],"class_list":{"0":"post-6618","1":"product","2":"type-product","3":"status-publish","4":"has-post-thumbnail","6":"product_cat-eco-friendly-wristbands","7":"product_cat-fabric-wristbands","9":"first","10":"instock","11":"shipping-taxable","12":"purchasable","13":"product-type-simple"},"_links":{"self":[{"href":"https:\/\/displayproducts.eu\/pt\/wp-json\/wp\/v2\/product\/6618","targetHints":{"allow":["GET"]}}],"collection":[{"href":"https:\/\/displayproducts.eu\/pt\/wp-json\/wp\/v2\/product"}],"about":[{"href":"https:\/\/displayproducts.eu\/pt\/wp-json\/wp\/v2\/types\/product"}],"replies":[{"embeddable":true,"href":"https:\/\/displayproducts.eu\/pt\/wp-json\/wp\/v2\/comments?post=6618"}],"wp:featuredmedia":[{"embeddable":true,"href":"https:\/\/displayproducts.eu\/pt\/wp-json\/wp\/v2\/media\/6620"}],"wp:attachment":[{"href":"https:\/\/displayproducts.eu\/pt\/wp-json\/wp\/v2\/media?parent=6618"}],"wp:term":[{"taxonomy":"product_brand","embeddable":true,"href":"https:\/\/displayproducts.eu\/pt\/wp-json\/wp\/v2\/product_brand?post=6618"},{"taxonomy":"product_cat","embeddable":true,"href":"https:\/\/displayproducts.eu\/pt\/wp-json\/wp\/v2\/product_cat?post=6618"},{"taxonomy":"product_tag","embeddable":true,"href":"https:\/\/displayproducts.eu\/pt\/wp-json\/wp\/v2\/product_tag?post=6618"}],"curies":[{"name":"wp","href":"https:\/\/api.w.org\/{rel}","templated":true}]}}