{"id":6615,"date":"2026-01-09T15:29:35","date_gmt":"2026-01-09T12:29:35","guid":{"rendered":"https:\/\/wristbandfactory.eu\/?post_type=product&#038;p=6615"},"modified":"2026-04-01T21:52:34","modified_gmt":"2026-04-01T18:52:34","slug":"custom-full-color-vinyl-wristbands","status":"publish","type":"product","link":"https:\/\/displayproducts.eu\/pt\/p\/custom-full-color-vinyl-wristbands\/","title":{"rendered":"Pulseiras de vinil com impress\u00e3o colorida"},"content":{"rendered":"<p data-path-to-node=\"10\">D\u00ea um toque especial \u00e0 identidade visual do seu evento com nossos produtos. <b data-path-to-node=\"10\" data-index-in-node=\"62\">Pulseiras de vinil com impress\u00e3o colorida<\/b>. Enquanto as pulseiras padr\u00e3o se limitam a logotipos sem impress\u00e3o de uma \u00fanica cor, essas pulseiras premium utilizam tecnologia avan\u00e7ada. <b data-path-to-node=\"10\" data-index-in-node=\"200\">Tecnologia de impress\u00e3o digital CMYK<\/b> Reproduzir imagens fotogr\u00e1ficas, transi\u00e7\u00f5es de cores suaves e gr\u00e1ficos altamente detalhados diretamente na superf\u00edcie da pulseira.<\/p>\n<p data-path-to-node=\"11\">Projetado para eventos de alto n\u00edvel, festivais e resorts, o <b data-path-to-node=\"11\" data-index-in-node=\"62\">Rosto largo (formato em L)<\/b> A estrutura maximiza a \u00e1rea de impress\u00e3o, tornando-a a escolha perfeita para exibir logotipos de patrocinadores ou artes complexas. Apesar do acabamento premium, essas pulseiras mant\u00eam os recursos de seguran\u00e7a l\u00edderes do setor que voc\u00ea espera, incluindo um fecho de seguran\u00e7a inviol\u00e1vel e uma constru\u00e7\u00e3o trilaminada \u00e0 prova d&#039;\u00e1gua que resiste \u00e0 nata\u00e7\u00e3o, banhos e uso prolongado.<\/p>\n<h2 data-path-to-node=\"12\">Principais caracter\u00edsticas<\/h2>\n<ul data-path-to-node=\"13\">\n<li>\n<p data-path-to-node=\"13,0,0\"><b data-path-to-node=\"13,0,0\" data-index-in-node=\"0\">Impress\u00e3o com qualidade fotogr\u00e1fica:<\/b> Reproduza qualquer design, incluindo fotos e gradientes, com detalhes n\u00edtidos em alta resolu\u00e7\u00e3o.<\/p>\n<\/li>\n<li>\n<p data-path-to-node=\"13,1,0\"><b data-path-to-node=\"13,1,0\" data-index-in-node=\"0\">Fecho inviol\u00e1vel:<\/b> O fecho de pl\u00e1stico permanente deve ser destru\u00eddo para remover a pulseira, garantindo seguran\u00e7a absoluta.<\/p>\n<\/li>\n<li>\n<p data-path-to-node=\"13,2,0\"><b data-path-to-node=\"13,2,0\" data-index-in-node=\"0\">\u00c0 prova d&#039;\u00e1gua e resistente a rasgos:<\/b> Ideal para uso prolongado em ambientes \u00famidos, como parques aqu\u00e1ticos e resorts de praia.<\/p>\n<\/li>\n<li>\n<p data-path-to-node=\"13,3,0\"><b data-path-to-node=\"13,3,0\" data-index-in-node=\"0\">Dados vari\u00e1veis prontos:<\/b> Pode ser impresso com c\u00f3digos QR, c\u00f3digos de barras ou n\u00fameros de s\u00e9rie exclusivos para controle de acesso integrado.<\/p>\n<\/li>\n<\/ul>\n<h2 data-path-to-node=\"14\">Especifica\u00e7\u00f5es<\/h2>\n<ul data-path-to-node=\"15\">\n<li>\n<p data-path-to-node=\"15,0,0\"><b data-path-to-node=\"15,0,0\" data-index-in-node=\"0\">Material:<\/b> Vinil trilaminado de 3 camadas<\/p>\n<\/li>\n<li>\n<p data-path-to-node=\"15,1,0\"><b data-path-to-node=\"15,1,0\" data-index-in-node=\"0\">M\u00e9todo de impress\u00e3o:<\/b> Impress\u00e3o digital CMYK (cores plenas)<\/p>\n<\/li>\n<li>\n<p data-path-to-node=\"15,2,0\"><b data-path-to-node=\"15,2,0\" data-index-in-node=\"0\">Modelo:<\/b> Rosto largo \/ Formato em L<\/p>\n<\/li>\n<li>\n<p data-path-to-node=\"15,3,0\"><b data-path-to-node=\"15,3,0\" data-index-in-node=\"0\">Encerramento:<\/b> fecho de pl\u00e1stico descart\u00e1vel<\/p>\n<\/li>\n<li>\n<p data-path-to-node=\"15,4,0\"><b data-path-to-node=\"15,4,0\" data-index-in-node=\"0\">Imperme\u00e1vel:<\/b> Sim (100%)<\/p>\n<\/li>\n<li>\n<p data-path-to-node=\"15,5,0\"><b data-path-to-node=\"15,5,0\" data-index-in-node=\"0\">Tempo de produ\u00e7\u00e3o:<\/b> 5 a 10 dias \u00fateis<\/p>\n<\/li>\n<li>\n<p data-path-to-node=\"15,6,0\"><b data-path-to-node=\"15,6,0\" data-index-in-node=\"0\">Quantidade m\u00ednima:<\/b> 100 unidades<\/p>\n<\/li>\n<\/ul>\n<h2 data-path-to-node=\"16\">Casos de uso<\/h2>\n<ul data-path-to-node=\"17\">\n<li>\n<p data-path-to-node=\"17,0,0\"><b data-path-to-node=\"17,0,0\" data-index-in-node=\"0\">Festivais de M\u00fasica:<\/b> Desenhos complexos e dif\u00edceis de copiar servem como credenciais de seguran\u00e7a para entrada por v\u00e1rios dias.<\/p>\n<\/li>\n<li>\n<p data-path-to-node=\"17,1,0\"><b data-path-to-node=\"17,1,0\" data-index-in-node=\"0\">VIP e acesso aos bastidores:<\/b> O visual premium em cores vibrantes diferencia os convidados VIP dos visitantes com entrada geral.<\/p>\n<\/li>\n<li>\n<p data-path-to-node=\"17,2,0\"><b data-path-to-node=\"17,2,0\" data-index-in-node=\"0\">Patroc\u00ednios:<\/b> A grande superf\u00edcie permite uma exibi\u00e7\u00e3o clara e colorida dos logotipos dos patrocinadores.<\/p>\n<\/li>\n<li>\n<p data-path-to-node=\"17,3,0\"><b data-path-to-node=\"17,3,0\" data-index-in-node=\"0\">Resorts e hot\u00e9is:<\/b> Suficientemente resistente para identifica\u00e7\u00e3o de h\u00f3spedes durante uma semana, com um design sofisticado.<\/p>\n<\/li>\n<\/ul>","protected":false},"excerpt":{"rendered":"<ul>\n<li>\n<p data-path-to-node=\"9,0,0\"><b data-path-to-node=\"9,0,0\" data-index-in-node=\"0\">Cores ilimitadas:<\/b> A impress\u00e3o digital CMYK permite fotos, gradientes e designs complexos sem limites de cores.<\/p>\n<\/li>\n<li>\n<p data-path-to-node=\"9,1,0\"><b data-path-to-node=\"9,1,0\" data-index-in-node=\"0\">Espa\u00e7o m\u00e1ximo para a marca:<\/b> \u201cO design \u201dWide Face\u201d oferece uma grande \u00e1rea para logotipos de patrocinadores e elementos gr\u00e1ficos do evento.<\/p>\n<\/li>\n<li>\n<p data-path-to-node=\"9,2,0\"><b data-path-to-node=\"9,2,0\" data-index-in-node=\"0\">Alta seguran\u00e7a:<\/b> O fecho de pl\u00e1stico descart\u00e1vel impede a transfer\u00eancia e a reutiliza\u00e7\u00e3o entre h\u00f3spedes.<\/p>\n<\/li>\n<li>\n<p data-path-to-node=\"9,3,0\"><b data-path-to-node=\"9,3,0\" data-index-in-node=\"0\">Durabilidade Premium:<\/b> A constru\u00e7\u00e3o em vinil de 3 camadas garante que a pulseira permane\u00e7a intacta e com cores vibrantes por mais de 7 dias.<\/p>\n<\/li>\n<\/ul>","protected":false},"featured_media":6616,"comment_status":"closed","ping_status":"closed","template":"","meta":[],"product_brand":[],"product_cat":[51],"product_tag":[],"class_list":{"0":"post-6615","1":"product","2":"type-product","3":"status-publish","4":"has-post-thumbnail","6":"product_cat-vinyl","8":"first","9":"instock","10":"shipping-taxable","11":"purchasable","12":"product-type-simple"},"_links":{"self":[{"href":"https:\/\/displayproducts.eu\/pt\/wp-json\/wp\/v2\/product\/6615","targetHints":{"allow":["GET"]}}],"collection":[{"href":"https:\/\/displayproducts.eu\/pt\/wp-json\/wp\/v2\/product"}],"about":[{"href":"https:\/\/displayproducts.eu\/pt\/wp-json\/wp\/v2\/types\/product"}],"replies":[{"embeddable":true,"href":"https:\/\/displayproducts.eu\/pt\/wp-json\/wp\/v2\/comments?post=6615"}],"wp:featuredmedia":[{"embeddable":true,"href":"https:\/\/displayproducts.eu\/pt\/wp-json\/wp\/v2\/media\/6616"}],"wp:attachment":[{"href":"https:\/\/displayproducts.eu\/pt\/wp-json\/wp\/v2\/media?parent=6615"}],"wp:term":[{"taxonomy":"product_brand","embeddable":true,"href":"https:\/\/displayproducts.eu\/pt\/wp-json\/wp\/v2\/product_brand?post=6615"},{"taxonomy":"product_cat","embeddable":true,"href":"https:\/\/displayproducts.eu\/pt\/wp-json\/wp\/v2\/product_cat?post=6615"},{"taxonomy":"product_tag","embeddable":true,"href":"https:\/\/displayproducts.eu\/pt\/wp-json\/wp\/v2\/product_tag?post=6615"}],"curies":[{"name":"wp","href":"https:\/\/api.w.org\/{rel}","templated":true}]}}