{"id":6609,"date":"2026-01-06T13:25:58","date_gmt":"2026-01-06T10:25:58","guid":{"rendered":"https:\/\/wristbandfactory.eu\/?post_type=product&#038;p=6609"},"modified":"2026-04-01T21:52:03","modified_gmt":"2026-04-01T18:52:03","slug":"custom-full-color-microfiber-suede-towels","status":"publish","type":"product","link":"https:\/\/displayproducts.eu\/pt\/p\/custom-full-color-microfiber-suede-towels\/","title":{"rendered":"Toalhas de microfibra personalizadas"},"content":{"rendered":"<p data-path-to-node=\"9\">Aumente a presen\u00e7a da sua marca na academia, na praia ou em eventos esportivos com nossas toalhas de microfibra premium personalizadas com acabamento em camur\u00e7a. Ao contr\u00e1rio das toalhas tradicionais, a microfibra com acabamento em camur\u00e7a proporciona uma superf\u00edcie lisa e sem fiapos, permitindo uma impress\u00e3o colorida incrivelmente n\u00edtida e vibrante, fazendo com que seu logotipo ou arte se destaque com clareza fotogr\u00e1fica.<\/p>\n<h2 data-path-to-node=\"10\">Principais caracter\u00edsticas<\/h2>\n<ul data-path-to-node=\"11\">\n<li>\n<p data-path-to-node=\"11,0,0\"><b data-path-to-node=\"11,0,0\" data-index-in-node=\"0\">Sublima\u00e7\u00e3o vibrante:<\/b> Utilizamos impress\u00e3o por transfer\u00eancia t\u00e9rmica de \u00faltima gera\u00e7\u00e3o para garantir que as cores permane\u00e7am vibrantes mesmo ap\u00f3s v\u00e1rias lavagens.<\/p>\n<\/li>\n<li>\n<p data-path-to-node=\"11,1,0\"><b data-path-to-node=\"11,1,0\" data-index-in-node=\"0\">Acabamento em camur\u00e7a:<\/b> A textura macia e escovada proporciona uma sensa\u00e7\u00e3o luxuosa em contato com a pele, mantendo-se altamente funcional e resistente \u00e0 areia.<\/p>\n<\/li>\n<li>\n<p data-path-to-node=\"11,2,0\"><b data-path-to-node=\"11,2,0\" data-index-in-node=\"0\">Tintas ecol\u00f3gicas:<\/b> Nosso processo de impress\u00e3o utiliza tintas seguras e duradouras, adequadas para o uso di\u00e1rio.<\/p>\n<\/li>\n<li>\n<p data-path-to-node=\"11,3,0\"><b data-path-to-node=\"11,3,0\" data-index-in-node=\"0\">Tamanhos vers\u00e1teis:<\/b> Escolha entre toalhas de m\u00e3o (50x70cm) at\u00e9 op\u00e7\u00f5es grandes para praia (80x160cm).<\/p>\n<\/li>\n<\/ul>\n<h2 data-path-to-node=\"12\">Especifica\u00e7\u00f5es<\/h2>\n<ul data-path-to-node=\"13\">\n<li>\n<p data-path-to-node=\"13,0,0\"><b data-path-to-node=\"13,0,0\" data-index-in-node=\"0\">Material:<\/b> 100% Camur\u00e7a de Microfibra (Mistura de Poli\u00e9ster\/Poliamida).<\/p>\n<\/li>\n<li>\n<p data-path-to-node=\"13,1,0\"><b data-path-to-node=\"13,1,0\" data-index-in-node=\"0\">Tamanhos padr\u00e3o:<\/b> 50x70cm, 50x100cm, 70x140cm, 80x160cm.<\/p>\n<\/li>\n<li>\n<p data-path-to-node=\"13,2,0\"><b data-path-to-node=\"13,2,0\" data-index-in-node=\"0\">Personaliza\u00e7\u00e3o:<\/b> Impress\u00e3o digital em superf\u00edcie total (um lado ou ambos os lados).<\/p>\n<\/li>\n<li>\n<p data-path-to-node=\"13,3,0\"><b data-path-to-node=\"13,3,0\" data-index-in-node=\"0\">Op\u00e7\u00f5es personalizadas:<\/b> Tamanhos e formatos personalizados dispon\u00edveis mediante solicita\u00e7\u00e3o.<\/p>\n<\/li>\n<li>\n<p data-path-to-node=\"13,4,0\"><b data-path-to-node=\"13,4,0\" data-index-in-node=\"0\">Peso:<\/b> Leve e dobr\u00e1vel para facilitar o transporte.<\/p>\n<\/li>\n<\/ul>\n<h2 data-path-to-node=\"14\">Casos de uso<\/h2>\n<ul data-path-to-node=\"15\">\n<li>\n<p data-path-to-node=\"15,0,0\"><b data-path-to-node=\"15,0,0\" data-index-in-node=\"0\">Identidade corporativa:<\/b> Presentes sofisticados para funcion\u00e1rios e parceiros.<\/p>\n<\/li>\n<li>\n<p data-path-to-node=\"15,1,0\"><b data-path-to-node=\"15,1,0\" data-index-in-node=\"0\">Esportes e condicionamento f\u00edsico:<\/b> Equipamentos personalizados para boxes de CrossFit, clubes de nata\u00e7\u00e3o e est\u00fadios de ioga.<\/p>\n<\/li>\n<li>\n<p data-path-to-node=\"15,2,0\"><b data-path-to-node=\"15,2,0\" data-index-in-node=\"0\">Merchandising para eventos:<\/b> Lembran\u00e7as memor\u00e1veis para festivais e competi\u00e7\u00f5es ao ar livre.<\/p>\n<\/li>\n<li>\n<p data-path-to-node=\"15,3,0\"><b data-path-to-node=\"15,3,0\" data-index-in-node=\"0\">Turismo e hotelaria:<\/b> Toalhas de praia personalizadas para hot\u00e9is, spas e resorts.<\/p>\n<\/li>\n<\/ul>\n<p data-path-to-node=\"16\">","protected":false},"excerpt":{"rendered":"<p data-path-to-node=\"7\">Nossas toalhas personalizadas de microfibra e camur\u00e7a oferecem uma superf\u00edcie premium e macia ao toque, ideal para impress\u00e3o de marcas em cores vibrantes e de alta resolu\u00e7\u00e3o. Perfeitas para clubes esportivos, brindes corporativos e eventos.<\/p>\n<ul data-path-to-node=\"8\">\n<li>\n<p data-path-to-node=\"8,0,0\"><b data-path-to-node=\"8,0,0\" data-index-in-node=\"0\">Identidade visual com qualidade fotogr\u00e1fica:<\/b> Impress\u00e3o por sublima\u00e7\u00e3o a cores de ponta a ponta.<\/p>\n<\/li>\n<li>\n<p data-path-to-node=\"8,1,0\"><b data-path-to-node=\"8,1,0\" data-index-in-node=\"0\">Tecnologia de secagem r\u00e1pida:<\/b> Material de camur\u00e7a de microfibra de alto desempenho que seca significativamente mais r\u00e1pido que o algod\u00e3o.<\/p>\n<\/li>\n<li>\n<p data-path-to-node=\"8,2,0\"><b data-path-to-node=\"8,2,0\" data-index-in-node=\"0\">Totalmente personaliz\u00e1vel:<\/b> Dispon\u00edvel em quatro tamanhos padr\u00e3o ou dimens\u00f5es personalizadas para atender \u00e0s necessidades da sua marca.<\/p>\n<\/li>\n<li>\n<p data-path-to-node=\"8,3,0\"><b data-path-to-node=\"8,3,0\" data-index-in-node=\"0\">Compacto e leve:<\/b> Ideal para viagens, academia ou brindes promocionais.<\/p>\n<\/li>\n<\/ul>","protected":false},"featured_media":6610,"comment_status":"closed","ping_status":"closed","template":"","meta":[],"product_brand":[],"product_cat":[129,118],"product_tag":[],"class_list":{"0":"post-6609","1":"product","2":"type-product","3":"status-publish","4":"has-post-thumbnail","6":"product_cat-leisure-lifestyle","7":"product_cat-sports-fitness","9":"first","10":"instock","11":"shipping-taxable","12":"purchasable","13":"product-type-simple"},"_links":{"self":[{"href":"https:\/\/displayproducts.eu\/pt\/wp-json\/wp\/v2\/product\/6609","targetHints":{"allow":["GET"]}}],"collection":[{"href":"https:\/\/displayproducts.eu\/pt\/wp-json\/wp\/v2\/product"}],"about":[{"href":"https:\/\/displayproducts.eu\/pt\/wp-json\/wp\/v2\/types\/product"}],"replies":[{"embeddable":true,"href":"https:\/\/displayproducts.eu\/pt\/wp-json\/wp\/v2\/comments?post=6609"}],"wp:featuredmedia":[{"embeddable":true,"href":"https:\/\/displayproducts.eu\/pt\/wp-json\/wp\/v2\/media\/6610"}],"wp:attachment":[{"href":"https:\/\/displayproducts.eu\/pt\/wp-json\/wp\/v2\/media?parent=6609"}],"wp:term":[{"taxonomy":"product_brand","embeddable":true,"href":"https:\/\/displayproducts.eu\/pt\/wp-json\/wp\/v2\/product_brand?post=6609"},{"taxonomy":"product_cat","embeddable":true,"href":"https:\/\/displayproducts.eu\/pt\/wp-json\/wp\/v2\/product_cat?post=6609"},{"taxonomy":"product_tag","embeddable":true,"href":"https:\/\/displayproducts.eu\/pt\/wp-json\/wp\/v2\/product_tag?post=6609"}],"curies":[{"name":"wp","href":"https:\/\/api.w.org\/{rel}","templated":true}]}}