{"id":6607,"date":"2026-01-06T12:55:23","date_gmt":"2026-01-06T09:55:23","guid":{"rendered":"https:\/\/wristbandfactory.eu\/?post_type=product&#038;p=6607"},"modified":"2026-04-01T21:52:34","modified_gmt":"2026-04-01T18:52:34","slug":"custom-round-cord-lanyards-with-printable-badge-slider","status":"publish","type":"product","link":"https:\/\/displayproducts.eu\/pt\/p\/custom-round-cord-lanyards-with-printable-badge-slider\/","title":{"rendered":"Fitas de pesco\u00e7o de cord\u00e3o com suporte impresso"},"content":{"rendered":"<p data-path-to-node=\"8\">Nossos cord\u00f5es redondos personalizados com fecho deslizante imprim\u00edvel oferecem uma alternativa moderna e minimalista aos tradicionais cord\u00f5es de fita plana. O destaque deste design \u00e9 o fecho circular de pl\u00e1stico, que pode ser totalmente personalizado com o logotipo da sua empresa. Este fecho deslizante n\u00e3o s\u00f3 refor\u00e7a a identidade da sua marca na altura dos olhos, como tamb\u00e9m proporciona uma fixa\u00e7\u00e3o est\u00e1vel para crach\u00e1s de identifica\u00e7\u00e3o, garantindo que permane\u00e7am voltados para a frente durante todo o evento.<\/p>\n<h2 data-path-to-node=\"9\">Principais caracter\u00edsticas<\/h2>\n<ul data-path-to-node=\"10\">\n<li>\n<p data-path-to-node=\"10,0,0\"><b data-path-to-node=\"10,0,0\" data-index-in-node=\"0\">Conector de pl\u00e1stico imprim\u00edvel:<\/b> O deslizador de pl\u00e1stico resistente \u00e9 otimizado para aplica\u00e7\u00e3o de logotipos de longa dura\u00e7\u00e3o que n\u00e3o desbotam.<\/p>\n<\/li>\n<li>\n<p data-path-to-node=\"10,1,0\"><b data-path-to-node=\"10,1,0\" data-index-in-node=\"0\">Textura de cord\u00e3o premium:<\/b> Cord\u00e3o de trama de alta densidade que mant\u00e9m sua forma e apar\u00eancia profissional.<\/p>\n<\/li>\n<li>\n<p data-path-to-node=\"10,2,0\"><b data-path-to-node=\"10,2,0\" data-index-in-node=\"0\">Otimizado para emblemas:<\/b> A al\u00e7a integrada tem o tamanho ideal para prendedores de crach\u00e1 e porta-cart\u00f5es padr\u00e3o.<\/p>\n<\/li>\n<li>\n<p data-path-to-node=\"10,3,0\"><b data-path-to-node=\"10,3,0\" data-index-in-node=\"0\">Personaliza\u00e7\u00e3o vers\u00e1til:<\/b> Dispon\u00edvel em uma ampla gama de cores de cabos para combinar perfeitamente com a identidade visual da sua empresa.<\/p>\n<\/li>\n<\/ul>\n<h2 data-path-to-node=\"11\">Especifica\u00e7\u00f5es<\/h2>\n<ul data-path-to-node=\"12\">\n<li>\n<p data-path-to-node=\"12,0,0\"><b data-path-to-node=\"12,0,0\" data-index-in-node=\"0\">Di\u00e2metro do cabo:<\/b> Cord\u00e3o de poli\u00e9ster de alta resist\u00eancia de 5 mm ou 6 mm.<\/p>\n<\/li>\n<li>\n<p data-path-to-node=\"12,1,0\"><b data-path-to-node=\"12,1,0\" data-index-in-node=\"0\">Material do slider:<\/b> Pl\u00e1stico ABS refor\u00e7ado com acabamento liso para impress\u00e3o.<\/p>\n<\/li>\n<li>\n<p data-path-to-node=\"12,2,0\"><b data-path-to-node=\"12,2,0\" data-index-in-node=\"0\">Dimens\u00f5es do controle deslizante:<\/b> \u00c1rea circular para personaliza\u00e7\u00e3o com di\u00e2metro de 25 mm a 30 mm.<\/p>\n<\/li>\n<li>\n<p data-path-to-node=\"12,3,0\"><b data-path-to-node=\"12,3,0\" data-index-in-node=\"0\">Tipo de anexo:<\/b> Presilha integrada para cord\u00e3o de fixa\u00e7\u00e3o de crach\u00e1s.<\/p>\n<\/li>\n<\/ul>\n<h2 data-path-to-node=\"13\">Casos de uso<\/h2>\n<ul data-path-to-node=\"14\">\n<li>\n<p data-path-to-node=\"14,0,0\"><b data-path-to-node=\"14,0,0\" data-index-in-node=\"0\">C\u00fapulas de Alto N\u00edvel:<\/b> Ideal para eventos de prest\u00edgio como Davos ou f\u00f3runs internacionais onde a identidade visual precisa ser discreta, por\u00e9m profissional.<\/p>\n<\/li>\n<li>\n<p data-path-to-node=\"14,1,0\"><b data-path-to-node=\"14,1,0\" data-index-in-node=\"0\">Identifica\u00e7\u00e3o Corporativa:<\/b> Uma solu\u00e7\u00e3o ideal para uso di\u00e1rio por funcion\u00e1rios que necessitam de identifica\u00e7\u00e3o vis\u00edvel.<\/p>\n<\/li>\n<li>\n<p data-path-to-node=\"14,2,0\"><b data-path-to-node=\"14,2,0\" data-index-in-node=\"0\">Identidade visual do expositor:<\/b> D\u00ea \u00e0 sua equipe de feiras comerciais um visual sofisticado que se destaque dos cord\u00f5es planos comuns.<\/p>\n<\/li>\n<\/ul>","protected":false},"excerpt":{"rendered":"<p data-path-to-node=\"6\">Cord\u00e3o circular profissional com fecho deslizante personalizado e personaliz\u00e1vel. Este acess\u00f3rio serve como um ponto focal de alta visibilidade para a sua marca, al\u00e9m de acomodar com seguran\u00e7a crach\u00e1s de identifica\u00e7\u00e3o e passes para eventos.<\/p>\n<ul data-path-to-node=\"7\">\n<li>\n<p data-path-to-node=\"7,0,0\"><b data-path-to-node=\"7,0,0\" data-index-in-node=\"0\">Identidade Visual de Alto Impacto:<\/b> A plataforma deslizante central de pl\u00e1stico proporciona uma superf\u00edcie plana e est\u00e1vel para impress\u00e3o de logotipos em alta defini\u00e7\u00e3o.<\/p>\n<\/li>\n<li>\n<p data-path-to-node=\"7,1,0\"><b data-path-to-node=\"7,1,0\" data-index-in-node=\"0\">Design ergon\u00f4mico:<\/b> A constru\u00e7\u00e3o confort\u00e1vel com cord\u00e3o redondo reduz a irrita\u00e7\u00e3o no pesco\u00e7o durante eventos corporativos de longa dura\u00e7\u00e3o.<\/p>\n<\/li>\n<li>\n<p data-path-to-node=\"7,2,0\"><b data-path-to-node=\"7,2,0\" data-index-in-node=\"0\">Solu\u00e7\u00e3o de Identifica\u00e7\u00e3o Integrada:<\/b> Projetado especificamente para interagir com porta-crach\u00e1s de pl\u00e1stico e cart\u00f5es de proximidade sem a necessidade de hardware adicional.<\/p>\n<\/li>\n<\/ul>","protected":false},"featured_media":6608,"comment_status":"closed","ping_status":"closed","template":"","meta":[],"product_brand":[],"product_cat":[125,105],"product_tag":[],"class_list":{"0":"post-6607","1":"product","2":"type-product","3":"status-publish","4":"has-post-thumbnail","6":"product_cat-cord-lanyards","7":"product_cat-badge-holder-lanyards","9":"first","10":"instock","11":"shipping-taxable","12":"purchasable","13":"product-type-simple"},"_links":{"self":[{"href":"https:\/\/displayproducts.eu\/pt\/wp-json\/wp\/v2\/product\/6607","targetHints":{"allow":["GET"]}}],"collection":[{"href":"https:\/\/displayproducts.eu\/pt\/wp-json\/wp\/v2\/product"}],"about":[{"href":"https:\/\/displayproducts.eu\/pt\/wp-json\/wp\/v2\/types\/product"}],"replies":[{"embeddable":true,"href":"https:\/\/displayproducts.eu\/pt\/wp-json\/wp\/v2\/comments?post=6607"}],"wp:featuredmedia":[{"embeddable":true,"href":"https:\/\/displayproducts.eu\/pt\/wp-json\/wp\/v2\/media\/6608"}],"wp:attachment":[{"href":"https:\/\/displayproducts.eu\/pt\/wp-json\/wp\/v2\/media?parent=6607"}],"wp:term":[{"taxonomy":"product_brand","embeddable":true,"href":"https:\/\/displayproducts.eu\/pt\/wp-json\/wp\/v2\/product_brand?post=6607"},{"taxonomy":"product_cat","embeddable":true,"href":"https:\/\/displayproducts.eu\/pt\/wp-json\/wp\/v2\/product_cat?post=6607"},{"taxonomy":"product_tag","embeddable":true,"href":"https:\/\/displayproducts.eu\/pt\/wp-json\/wp\/v2\/product_tag?post=6607"}],"curies":[{"name":"wp","href":"https:\/\/api.w.org\/{rel}","templated":true}]}}