{"id":6604,"date":"2026-01-06T01:05:42","date_gmt":"2026-01-05T22:05:42","guid":{"rendered":"https:\/\/wristbandfactory.eu\/?post_type=product&#038;p=6604"},"modified":"2026-04-01T21:52:03","modified_gmt":"2026-04-01T18:52:03","slug":"custom-rpet-sublimation-yoyo-keyring","status":"publish","type":"product","link":"https:\/\/displayproducts.eu\/pt\/p\/custom-rpet-sublimation-yoyo-keyring\/","title":{"rendered":"Porta-chaves yoyo personalizado RPET"},"content":{"rendered":"<p data-path-to-node=\"10\">O chaveiro personalizado Subiner YoYo RPET \u00e9 o acess\u00f3rio multifuncional definitivo para empresas modernas. Projetado para funcion\u00e1rios que precisam de acesso r\u00e1pido a crach\u00e1s, chaves ou dispositivos de seguran\u00e7a, este chaveiro retr\u00e1til oferece uma experi\u00eancia de usu\u00e1rio perfeita, ao mesmo tempo que exibe sua marca com destaque e em cores vibrantes.<\/p>\n<h2 data-path-to-node=\"11\">Principais caracter\u00edsticas<\/h2>\n<p data-path-to-node=\"12\">Cada elemento do Subiner YoYo foi projetado para durabilidade e visibilidade. A al\u00e7a de poli\u00e9ster reciclado oferece uma base macia, por\u00e9m resistente, para impress\u00e3o por sublima\u00e7\u00e3o de alta defini\u00e7\u00e3o. Ao contr\u00e1rio da serigrafia tradicional, a sublima\u00e7\u00e3o penetra nas fibras, garantindo que seu logotipo n\u00e3o desbote, rache ou descasque, mesmo com uso di\u00e1rio intenso. O mecanismo telesc\u00f3pico integrado foi testado para garantir longa vida \u00fatil, proporcionando um pux\u00e3o suave sempre.<\/p>\n<h2 data-path-to-node=\"13\">Especifica\u00e7\u00f5es<\/h2>\n<ul data-path-to-node=\"14\">\n<li>\n<p data-path-to-node=\"14,0,0\"><b data-path-to-node=\"14,0,0\" data-index-in-node=\"0\">Material:<\/b> Poli\u00e9ster RPET reciclado (al\u00e7a e etiqueta), alum\u00ednio (mosquet\u00e3o), metal (argola de chaveiro).<\/p>\n<\/li>\n<li>\n<p data-path-to-node=\"14,1,0\"><b data-path-to-node=\"14,1,0\" data-index-in-node=\"0\">Impress\u00e3o:<\/b> Sublima\u00e7\u00e3o colorida em ambos os lados.<\/p>\n<\/li>\n<li>\n<p data-path-to-node=\"14,2,0\"><b data-path-to-node=\"14,2,0\" data-index-in-node=\"0\">Anexos:<\/b> Porta-crach\u00e1 telesc\u00f3pico, mosquet\u00e3o e argola dupla.<\/p>\n<\/li>\n<li>\n<p data-path-to-node=\"14,3,0\"><b data-path-to-node=\"14,3,0\" data-index-in-node=\"0\">Sustentabilidade:<\/b> Inclui uma etiqueta interna de RPET para comprovar o uso de materiais ecologicamente corretos.<\/p>\n<\/li>\n<li>\n<p data-path-to-node=\"14,4,0\"><b data-path-to-node=\"14,4,0\" data-index-in-node=\"0\">Quantidade m\u00ednima de encomenda:<\/b> 100 pe\u00e7as.<\/p>\n<\/li>\n<\/ul>\n<h2 data-path-to-node=\"15\">Casos de uso<\/h2>\n<p data-path-to-node=\"16\">Esses chaveiros YoYo s\u00e3o ideais para ambientes corporativos onde crach\u00e1s de identifica\u00e7\u00e3o s\u00e3o escaneados com frequ\u00eancia. Eles servem como excelentes brindes promocionais em feiras comerciais, acess\u00f3rios seguros para a equipe de eventos ou como parte de um kit de boas-vindas sustent\u00e1vel para novos funcion\u00e1rios. O mosquet\u00e3o permite f\u00e1cil fixa\u00e7\u00e3o em presilhas de cinto, mochilas ou cord\u00f5es, tornando-o um favorito em ambientes profissionais din\u00e2micos.<\/p>","protected":false},"excerpt":{"rendered":"<p data-path-to-node=\"8\">Este chaveiro telesc\u00f3pico ecol\u00f3gico combina funcionalidade com uma identidade visual vibrante. Feito de PET reciclado, possui um cord\u00e3o retr\u00e1til e um mosquet\u00e3o seguro para uso profissional di\u00e1rio.<\/p>\n<ul data-path-to-node=\"9\">\n<li>\n<p data-path-to-node=\"9,0,0\"><b data-path-to-node=\"9,0,0\" data-index-in-node=\"0\">Identidade visual ecol\u00f3gica:<\/b> Fabricado com poli\u00e9ster RPET reciclado de alta qualidade para apoiar as metas de sustentabilidade corporativa.<\/p>\n<\/li>\n<li>\n<p data-path-to-node=\"9,1,0\"><b data-path-to-node=\"9,1,0\" data-index-in-node=\"0\">Personaliza\u00e7\u00e3o em cores completas:<\/b> A impress\u00e3o por sublima\u00e7\u00e3o em ambos os lados permite a cria\u00e7\u00e3o de designs fotogr\u00e1ficos complexos, que v\u00e3o de ponta a ponta.<\/p>\n<\/li>\n<li>\n<p data-path-to-node=\"9,2,0\"><b data-path-to-node=\"9,2,0\" data-index-in-node=\"0\">Design vers\u00e1til 3 em 1:<\/b> Possui um puxador telesc\u00f3pico para crach\u00e1, um mosquet\u00e3o de alum\u00ednio resistente e um chaveiro de metal.<\/p>\n<\/li>\n<li>\n<p data-path-to-node=\"9,3,0\"><b data-path-to-node=\"9,3,0\" data-index-in-node=\"0\">Quantidades m\u00ednimas B2B baixas:<\/b> Produ\u00e7\u00e3o personalizada profissional a partir de apenas 100 pe\u00e7as.<\/p>\n<\/li>\n<\/ul>","protected":false},"featured_media":6606,"comment_status":"closed","ping_status":"closed","template":"","meta":[],"product_brand":[],"product_cat":[105,94],"product_tag":[],"class_list":{"0":"post-6604","1":"product","2":"type-product","3":"status-publish","4":"has-post-thumbnail","6":"product_cat-badge-holder-lanyards","7":"product_cat-keychains","9":"first","10":"instock","11":"shipping-taxable","12":"purchasable","13":"product-type-simple"},"_links":{"self":[{"href":"https:\/\/displayproducts.eu\/pt\/wp-json\/wp\/v2\/product\/6604","targetHints":{"allow":["GET"]}}],"collection":[{"href":"https:\/\/displayproducts.eu\/pt\/wp-json\/wp\/v2\/product"}],"about":[{"href":"https:\/\/displayproducts.eu\/pt\/wp-json\/wp\/v2\/types\/product"}],"replies":[{"embeddable":true,"href":"https:\/\/displayproducts.eu\/pt\/wp-json\/wp\/v2\/comments?post=6604"}],"wp:featuredmedia":[{"embeddable":true,"href":"https:\/\/displayproducts.eu\/pt\/wp-json\/wp\/v2\/media\/6606"}],"wp:attachment":[{"href":"https:\/\/displayproducts.eu\/pt\/wp-json\/wp\/v2\/media?parent=6604"}],"wp:term":[{"taxonomy":"product_brand","embeddable":true,"href":"https:\/\/displayproducts.eu\/pt\/wp-json\/wp\/v2\/product_brand?post=6604"},{"taxonomy":"product_cat","embeddable":true,"href":"https:\/\/displayproducts.eu\/pt\/wp-json\/wp\/v2\/product_cat?post=6604"},{"taxonomy":"product_tag","embeddable":true,"href":"https:\/\/displayproducts.eu\/pt\/wp-json\/wp\/v2\/product_tag?post=6604"}],"curies":[{"name":"wp","href":"https:\/\/api.w.org\/{rel}","templated":true}]}}