{"id":6599,"date":"2026-01-06T00:43:04","date_gmt":"2026-01-05T21:43:04","guid":{"rendered":"https:\/\/wristbandfactory.eu\/?post_type=product&#038;p=6599"},"modified":"2026-04-01T21:52:34","modified_gmt":"2026-04-01T18:52:34","slug":"premium-fabric-wristbands-with-gold-thread","status":"publish","type":"product","link":"https:\/\/displayproducts.eu\/pt\/p\/premium-fabric-wristbands-with-gold-thread\/","title":{"rendered":"Pulseiras de tecido com fio dourado"},"content":{"rendered":"<p data-path-to-node=\"8\">Nossas pulseiras de tecido premium com fio dourado representam o auge da identifica\u00e7\u00e3o em eventos. Combinando fibras de poli\u00e9ster tradicionais de alta qualidade com fio met\u00e1lico lurex, criamos uma pulseira que n\u00e3o apenas identifica o convidado, mas tamb\u00e9m aprimora toda a experi\u00eancia do evento. Essas pulseiras s\u00e3o ideais para organizadores que n\u00e3o abrem m\u00e3o de seguran\u00e7a ou estilo.<\/p>\n<h2 data-path-to-node=\"9\">Principais caracter\u00edsticas<\/h2>\n<ul data-path-to-node=\"10\">\n<li>\n<p data-path-to-node=\"10,0,0\"><b data-path-to-node=\"10,0,0\" data-index-in-node=\"0\">Tecelagem met\u00e1lica com lurex:<\/b> Fios dourados aut\u00eanticos s\u00e3o tecidos diretamente no tecido para um acabamento brilhante e permanente.<\/p>\n<\/li>\n<li>\n<p data-path-to-node=\"10,1,0\"><b data-path-to-node=\"10,1,0\" data-index-in-node=\"0\">Fechos inviol\u00e1veis:<\/b> Escolha entre fechos deslizantes de pl\u00e1stico unidirecionais, an\u00e9is de metal ou fechaduras de bambu ecol\u00f3gicas.<\/p>\n<\/li>\n<li>\n<p data-path-to-node=\"10,2,0\"><b data-path-to-node=\"10,2,0\" data-index-in-node=\"0\">Design com ajuste confort\u00e1vel:<\/b> As bordas macias garantem que a pulseira permane\u00e7a confort\u00e1vel mesmo durante eventos de longa dura\u00e7\u00e3o com v\u00e1rios dias de dura\u00e7\u00e3o.<\/p>\n<\/li>\n<li>\n<p data-path-to-node=\"10,3,0\"><b data-path-to-node=\"10,3,0\" data-index-in-node=\"0\">Resistente \u00e0 \u00e1gua e a rasgos:<\/b> Constru\u00eddo para resistir \u00e0 chuva, ao suor e a atividades intensas sem perder a cor ou a integridade estrutural.<\/p>\n<\/li>\n<\/ul>\n<h2 data-path-to-node=\"11\">Especifica\u00e7\u00f5es<\/h2>\n<ul data-path-to-node=\"12\">\n<li>\n<p data-path-to-node=\"12,0,0\"><b data-path-to-node=\"12,0,0\" data-index-in-node=\"0\">Material:<\/b> Poli\u00e9ster de alta qualidade + Lurex dourado met\u00e1lico.<\/p>\n<\/li>\n<li>\n<p data-path-to-node=\"12,1,0\"><b data-path-to-node=\"12,1,0\" data-index-in-node=\"0\">Dimens\u00f5es:<\/b> Dimens\u00f5es padr\u00e3o: 15 mm x 350 mm (larguras personalizadas dispon\u00edveis mediante solicita\u00e7\u00e3o).<\/p>\n<\/li>\n<li>\n<p data-path-to-node=\"12,2,0\"><b data-path-to-node=\"12,2,0\" data-index-in-node=\"0\">Impress\u00e3o:<\/b> At\u00e9 8 cores tecidas, incluindo a base met\u00e1lica.<\/p>\n<\/li>\n<li>\n<p data-path-to-node=\"12,3,0\"><b data-path-to-node=\"12,3,0\" data-index-in-node=\"0\">Op\u00e7\u00f5es de bloqueio:<\/b> Fecho deslizante de uso \u00fanico (pl\u00e1stico\/metal) ou conta reutiliz\u00e1vel.<\/p>\n<\/li>\n<li>\n<p data-path-to-node=\"12,4,0\"><b data-path-to-node=\"12,4,0\" data-index-in-node=\"0\">Quantidade m\u00ednima de encomenda:<\/b> 100 unidades.<\/p>\n<\/li>\n<\/ul>\n<h2 data-path-to-node=\"13\">Casos de uso<\/h2>\n<ul data-path-to-node=\"14\">\n<li>\n<p data-path-to-node=\"14,0,0\"><b data-path-to-node=\"14,0,0\" data-index-in-node=\"0\">Festivais de M\u00fasica:<\/b> Identificar \u00e1reas VIP, de bastidores ou de artistas com um marcador premium vis\u00edvel.<\/p>\n<\/li>\n<li>\n<p data-path-to-node=\"14,1,0\"><b data-path-to-node=\"14,1,0\" data-index-in-node=\"0\">Galas corporativas:<\/b> Uma alternativa sofisticada \u00e0s pulseiras de pl\u00e1stico ou papel comuns para eventos de gala.<\/p>\n<\/li>\n<li>\n<p data-path-to-node=\"14,2,0\"><b data-path-to-node=\"14,2,0\" data-index-in-node=\"0\">Hot\u00e9is e Resorts de Luxo:<\/b> Como diferenciar com estilo os h\u00f3spedes dos regimes &quot;Tudo Inclu\u00eddo&quot; ou &quot;N\u00edvel Clube&quot;.<\/p>\n<\/li>\n<li>\n<p data-path-to-node=\"14,3,0\"><b data-path-to-node=\"14,3,0\" data-index-in-node=\"0\">Eventos comemorativos:<\/b> Comemora\u00e7\u00f5es de anivers\u00e1rio onde a pulseira serve como uma lembran\u00e7a de grande valor.<\/p>\n<\/li>\n<\/ul>\n<p data-path-to-node=\"15\">","protected":false},"excerpt":{"rendered":"<ul>\n<li>\n<p data-path-to-node=\"7,0,0\"><b data-path-to-node=\"7,0,0\" data-index-in-node=\"0\">Est\u00e9tica VIP Premium:<\/b> O fio met\u00e1lico dourado entrela\u00e7ado proporciona um visual exclusivo e sofisticado que diferencia os convidados VIP.<\/p>\n<\/li>\n<li>\n<p data-path-to-node=\"7,1,0\"><b data-path-to-node=\"7,1,0\" data-index-in-node=\"0\">Seguran\u00e7a m\u00e1xima:<\/b> Possui um mecanismo de bloqueio intransfer\u00edvel para impedir o compartilhamento e a entrada n\u00e3o autorizados.<\/p>\n<\/li>\n<li>\n<p data-path-to-node=\"7,2,0\"><b data-path-to-node=\"7,2,0\" data-index-in-node=\"0\">Identidade visual duradoura:<\/b> Feito de poli\u00e9ster de alta qualidade, resistente a festivais de v\u00e1rios dias e ideal como lembran\u00e7a.<\/p>\n<\/li>\n<li>\n<p data-path-to-node=\"7,3,0\"><b data-path-to-node=\"7,3,0\" data-index-in-node=\"0\">Personaliza\u00e7\u00e3o completa:<\/b> A tecelagem em cores plenas permite a integra\u00e7\u00e3o de logotipos complexos com os detalhes em ouro brilhante.<\/p>\n<\/li>\n<\/ul>","protected":false},"featured_media":6603,"comment_status":"closed","ping_status":"closed","template":"","meta":[],"product_brand":[],"product_cat":[47],"product_tag":[],"class_list":{"0":"post-6599","1":"product","2":"type-product","3":"status-publish","4":"has-post-thumbnail","6":"product_cat-fabric-wristbands","8":"first","9":"instock","10":"shipping-taxable","11":"purchasable","12":"product-type-simple"},"_links":{"self":[{"href":"https:\/\/displayproducts.eu\/pt\/wp-json\/wp\/v2\/product\/6599","targetHints":{"allow":["GET"]}}],"collection":[{"href":"https:\/\/displayproducts.eu\/pt\/wp-json\/wp\/v2\/product"}],"about":[{"href":"https:\/\/displayproducts.eu\/pt\/wp-json\/wp\/v2\/types\/product"}],"replies":[{"embeddable":true,"href":"https:\/\/displayproducts.eu\/pt\/wp-json\/wp\/v2\/comments?post=6599"}],"wp:featuredmedia":[{"embeddable":true,"href":"https:\/\/displayproducts.eu\/pt\/wp-json\/wp\/v2\/media\/6603"}],"wp:attachment":[{"href":"https:\/\/displayproducts.eu\/pt\/wp-json\/wp\/v2\/media?parent=6599"}],"wp:term":[{"taxonomy":"product_brand","embeddable":true,"href":"https:\/\/displayproducts.eu\/pt\/wp-json\/wp\/v2\/product_brand?post=6599"},{"taxonomy":"product_cat","embeddable":true,"href":"https:\/\/displayproducts.eu\/pt\/wp-json\/wp\/v2\/product_cat?post=6599"},{"taxonomy":"product_tag","embeddable":true,"href":"https:\/\/displayproducts.eu\/pt\/wp-json\/wp\/v2\/product_tag?post=6599"}],"curies":[{"name":"wp","href":"https:\/\/api.w.org\/{rel}","templated":true}]}}