{"id":6514,"date":"2026-01-03T00:15:17","date_gmt":"2026-01-02T21:15:17","guid":{"rendered":"https:\/\/wristbandfactory.eu\/?post_type=product&#038;p=6514"},"modified":"2026-04-01T21:52:34","modified_gmt":"2026-04-01T18:52:34","slug":"event-watch-led-wristband-with-custom-logo","status":"publish","type":"product","link":"https:\/\/displayproducts.eu\/pt\/p\/event-watch-led-wristband-with-custom-logo\/","title":{"rendered":"Pulseiras LED tipo rel\u00f3gio com logotipo"},"content":{"rendered":"<p data-path-to-node=\"10\">D\u00ea destaque \u00e0 sua marca corporativa com a pulseira de LED \u201cEvent Watch\u201d. Com um design imponente que remete a um rel\u00f3gio moderno, este modelo foi projetado especificamente para m\u00e1xima visibilidade da marca. A superf\u00edcie plana e ampla do m\u00f3dulo de LED garante que at\u00e9 mesmo os logotipos mais detalhados sejam exibidos com clareza e permane\u00e7am no centro das aten\u00e7\u00f5es em todo o evento. Fabricada em ABS de alta resist\u00eancia e silicone de grau m\u00e9dico, esta pulseira de 30g oferece uma sensa\u00e7\u00e3o de qualidade e sofistica\u00e7\u00e3o que os convidados apreciar\u00e3o como uma lembran\u00e7a de alta tecnologia.<\/p>\n<h2 data-path-to-node=\"11\">Principais caracter\u00edsticas<\/h2>\n<ul data-path-to-node=\"12\">\n<li>\n<p data-path-to-node=\"12,0,0\"><b data-path-to-node=\"12,0,0\" data-index-in-node=\"0\">Est\u00e9tica de rel\u00f3gio premium:<\/b> O design familiar do rel\u00f3gio o torna a escolha mais profissional para galas sofisticadas e confer\u00eancias corporativas.<\/p>\n<\/li>\n<li>\n<p data-path-to-node=\"12,1,0\"><b data-path-to-node=\"12,1,0\" data-index-in-node=\"0\">Integra\u00e7\u00e3o profissional de RF:<\/b> Sincroniza-se perfeitamente com a sua mesa de ilumina\u00e7\u00e3o para pulsar e piscar em perfeita sincronia com a programa\u00e7\u00e3o do palco do evento.<\/p>\n<\/li>\n<li>\n<p data-path-to-node=\"12,2,0\"><b data-path-to-node=\"12,2,0\" data-index-in-node=\"0\">Dur\u00e1vel e reutiliz\u00e1vel:<\/b> Os materiais de alta qualidade e o sistema de bateria substitu\u00edvel tornam essas pulseiras adequadas para uso por v\u00e1rios dias ou viagens consecutivas.<\/p>\n<\/li>\n<li>\n<p data-path-to-node=\"12,3,0\"><b data-path-to-node=\"12,3,0\" data-index-in-node=\"0\">LEDs de alta intensidade:<\/b> Oferece uma potente emiss\u00e3o de luz capaz de exibir 15 cores distintas para combinar perfeitamente com a paleta espec\u00edfica da sua marca.<\/p>\n<\/li>\n<\/ul>\n<h2 data-path-to-node=\"13\">Especifica\u00e7\u00f5es<\/h2>\n<ul data-path-to-node=\"14\">\n<li>\n<p data-path-to-node=\"14,0,0\"><b data-path-to-node=\"14,0,0\" data-index-in-node=\"0\">Material:<\/b> Caixa em ABS refor\u00e7ado e pulseira de silicone premium<\/p>\n<\/li>\n<li>\n<p data-path-to-node=\"14,1,0\"><b data-path-to-node=\"14,1,0\" data-index-in-node=\"0\">Peso:<\/b> 30g<\/p>\n<\/li>\n<li>\n<p data-path-to-node=\"14,2,0\"><b data-path-to-node=\"14,2,0\" data-index-in-node=\"0\">Tamanho da unidade:<\/b> 6,7 x 7,5 cm<\/p>\n<\/li>\n<li>\n<p data-path-to-node=\"14,3,0\"><b data-path-to-node=\"14,3,0\" data-index-in-node=\"0\">Comunica\u00e7\u00e3o:<\/b> RF 433MHz \/ Controle Remoto \/ DMX512<\/p>\n<\/li>\n<li>\n<p data-path-to-node=\"14,4,0\"><b data-path-to-node=\"14,4,0\" data-index-in-node=\"0\">Bateria:<\/b> 2 baterias CR2032 (substitu\u00edveis)<\/p>\n<\/li>\n<li>\n<p data-path-to-node=\"14,5,0\"><b data-path-to-node=\"14,5,0\" data-index-in-node=\"0\">Hor\u00e1rio de trabalho:<\/b> At\u00e9 12 horas<\/p>\n<\/li>\n<li>\n<p data-path-to-node=\"14,6,0\"><b data-path-to-node=\"14,6,0\" data-index-in-node=\"0\">Cores do LED:<\/b> 15 modos multicoloridos<\/p>\n<\/li>\n<\/ul>\n<h2 data-path-to-node=\"15\">Casos de uso<\/h2>\n<ul data-path-to-node=\"16\">\n<li>\n<p data-path-to-node=\"16,0,0\"><b data-path-to-node=\"16,0,0\" data-index-in-node=\"0\">Eventos de gala corporativos:<\/b> Um dispositivo vest\u00edvel profissional que funciona tanto como um acess\u00f3rio interativo quanto como um presente de marca de alto valor.<\/p>\n<\/li>\n<li>\n<p data-path-to-node=\"16,1,0\"><b data-path-to-node=\"16,1,0\" data-index-in-node=\"0\">Confer\u00eancias de grande escala:<\/b> Transformar toda a plateia em uma tela de luz sincronizada durante as apresenta\u00e7\u00f5es principais e revela\u00e7\u00f5es.<\/p>\n<\/li>\n<li>\n<p data-path-to-node=\"16,2,0\"><b data-path-to-node=\"16,2,0\" data-index-in-node=\"0\">Identidade visual do patrocinador VIP:<\/b> Utilizando o rosto em tamanho ampliado para destacar os principais patrocinadores do evento durante encontros noturnos exclusivos.<\/p>\n<\/li>\n<li>\n<p data-path-to-node=\"16,3,0\"><b data-path-to-node=\"16,3,0\" data-index-in-node=\"0\">Lan\u00e7amentos de produtos:<\/b> Destacando a identidade da marca para milhares de participantes simultaneamente atrav\u00e9s do controle central de ilumina\u00e7\u00e3o.<\/p>\n<\/li>\n<\/ul>\n<p data-path-to-node=\"17\">","protected":false},"excerpt":{"rendered":"<ul>\n<li>\n<p data-path-to-node=\"9,0,0\"><b data-path-to-node=\"9,0,0\" data-index-in-node=\"0\">Design de rel\u00f3gios modernos:<\/b> Apresenta um design retangular proeminente em uma confort\u00e1vel pulseira de silicone, imitando a apar\u00eancia de um smartwatch profissional.<\/p>\n<\/li>\n<li>\n<p data-path-to-node=\"9,1,0\"><b data-path-to-node=\"9,1,0\" data-index-in-node=\"0\">Superf\u00edcie de marca maximizada:<\/b> O mostrador plano e extragrande, semelhante a um rel\u00f3gio, oferece a maior \u00e1rea de impress\u00e3o em nosso cat\u00e1logo para logotipos personalizados de alto impacto.<\/p>\n<\/li>\n<li>\n<p data-path-to-node=\"9,2,0\"><b data-path-to-node=\"9,2,0\" data-index-in-node=\"0\">Energia de longa dura\u00e7\u00e3o:<\/b> Equipado com 2 baterias CR2032 substitu\u00edveis, oferece um espet\u00e1culo de luzes confi\u00e1vel de 12 horas para eventos prolongados.<\/p>\n<\/li>\n<li>\n<p data-path-to-node=\"9,3,0\"><b data-path-to-node=\"9,3,0\" data-index-in-node=\"0\">Controle totalmente sincronizado:<\/b> Responde instantaneamente a controladores centrais de RF e DMX512 para gerenciar 15 cores vibrantes de LED simultaneamente.<\/p>\n<\/li>\n<\/ul>","protected":false},"featured_media":6515,"comment_status":"closed","ping_status":"closed","template":"","meta":[],"product_brand":[],"product_cat":[80],"product_tag":[],"class_list":{"0":"post-6514","1":"product","2":"type-product","3":"status-publish","4":"has-post-thumbnail","6":"product_cat-led-wristbands","8":"first","9":"instock","10":"shipping-taxable","11":"purchasable","12":"product-type-simple"},"_links":{"self":[{"href":"https:\/\/displayproducts.eu\/pt\/wp-json\/wp\/v2\/product\/6514","targetHints":{"allow":["GET"]}}],"collection":[{"href":"https:\/\/displayproducts.eu\/pt\/wp-json\/wp\/v2\/product"}],"about":[{"href":"https:\/\/displayproducts.eu\/pt\/wp-json\/wp\/v2\/types\/product"}],"replies":[{"embeddable":true,"href":"https:\/\/displayproducts.eu\/pt\/wp-json\/wp\/v2\/comments?post=6514"}],"wp:featuredmedia":[{"embeddable":true,"href":"https:\/\/displayproducts.eu\/pt\/wp-json\/wp\/v2\/media\/6515"}],"wp:attachment":[{"href":"https:\/\/displayproducts.eu\/pt\/wp-json\/wp\/v2\/media?parent=6514"}],"wp:term":[{"taxonomy":"product_brand","embeddable":true,"href":"https:\/\/displayproducts.eu\/pt\/wp-json\/wp\/v2\/product_brand?post=6514"},{"taxonomy":"product_cat","embeddable":true,"href":"https:\/\/displayproducts.eu\/pt\/wp-json\/wp\/v2\/product_cat?post=6514"},{"taxonomy":"product_tag","embeddable":true,"href":"https:\/\/displayproducts.eu\/pt\/wp-json\/wp\/v2\/product_tag?post=6514"}],"curies":[{"name":"wp","href":"https:\/\/api.w.org\/{rel}","templated":true}]}}