{"id":6513,"date":"2026-01-02T23:41:25","date_gmt":"2026-01-02T20:41:25","guid":{"rendered":"https:\/\/wristbandfactory.eu\/?post_type=product&#038;p=6513"},"modified":"2026-04-01T21:52:34","modified_gmt":"2026-04-01T18:52:34","slug":"nylon-cord-remote-controlled-led-wristbands-with-custom-logo","status":"publish","type":"product","link":"https:\/\/displayproducts.eu\/pt\/p\/nylon-cord-remote-controlled-led-wristbands-with-custom-logo\/","title":{"rendered":"Pulseiras LED con cord\u00e3o de nylon e logotipo"},"content":{"rendered":"<p data-path-to-node=\"9\">Aumente o impacto visual do seu evento com a pulseira de LED com cord\u00e3o de nylon. Este modelo oferece uma est\u00e9tica \u00fanica e descontra\u00edda, perfeita para festivais, al\u00e9m de tecnologia de ilumina\u00e7\u00e3o profissional com controle remoto. O cord\u00e3o de nylon ajust\u00e1vel garante um encaixe seguro e confort\u00e1vel para todos os participantes, tornando-a uma escolha popular para grandes festivais ao ar livre, corridas noturnas e eventos musicais onde um acess\u00f3rio leve \u00e9 prefer\u00edvel ao silicone tradicional.<\/p>\n<h2 data-path-to-node=\"10\">Principais caracter\u00edsticas<\/h2>\n<ul data-path-to-node=\"11\">\n<li>\n<p data-path-to-node=\"11,0,0\"><b data-path-to-node=\"11,0,0\" data-index-in-node=\"0\">15 cores din\u00e2micas de LED:<\/b> Alterne entre 15 modos multicoloridos vibrantes para combinar com o tema do seu evento ou com as m\u00fasicas em tempo real.<\/p>\n<\/li>\n<li>\n<p data-path-to-node=\"11,1,0\"><b data-path-to-node=\"11,1,0\" data-index-in-node=\"0\">Fixa\u00e7\u00e3o segura:<\/b> O design com cord\u00e3o de nylon tran\u00e7ado \u00e9 dur\u00e1vel e f\u00e1cil de ajustar para os h\u00f3spedes, oferecendo uma solu\u00e7\u00e3o de tamanho \u00fanico.<\/p>\n<\/li>\n<li>\n<p data-path-to-node=\"11,2,0\"><b data-path-to-node=\"11,2,0\" data-index-in-node=\"0\">Gest\u00e3o eficiente de energia:<\/b> Ao utilizar um sistema de aba de puxar em vez de um interruptor manual, voc\u00ea pode distribuir as pulseiras com dias de anteced\u00eancia sem qualquer risco de esgotamento da bateria.<\/p>\n<\/li>\n<li>\n<p data-path-to-node=\"11,3,0\"><b data-path-to-node=\"11,3,0\" data-index-in-node=\"0\">Identidade visual profissional B2B:<\/b> A superf\u00edcie plana da caixa do LED \u00e9 otimizada para impress\u00e3o tampogr\u00e1fica de alta qualidade do logotipo da sua empresa.<\/p>\n<\/li>\n<\/ul>\n<h2 data-path-to-node=\"12\">Especifica\u00e7\u00f5es<\/h2>\n<ul data-path-to-node=\"13\">\n<li>\n<p data-path-to-node=\"13,0,0\"><b data-path-to-node=\"13,0,0\" data-index-in-node=\"0\">Material:<\/b> Carca\u00e7a em ABS com cabo de nylon de alta resist\u00eancia.<\/p>\n<\/li>\n<li>\n<p data-path-to-node=\"13,1,0\"><b data-path-to-node=\"13,1,0\" data-index-in-node=\"0\">Peso:<\/b> 20g.<\/p>\n<\/li>\n<li>\n<p data-path-to-node=\"13,2,0\"><b data-path-to-node=\"13,2,0\" data-index-in-node=\"0\">Tamanho da unidade:<\/b> 6,7 x 7,5 cm.<\/p>\n<\/li>\n<li>\n<p data-path-to-node=\"13,3,0\"><b data-path-to-node=\"13,3,0\" data-index-in-node=\"0\">Modos de LED:<\/b> 15 op\u00e7\u00f5es multicoloridas.<\/p>\n<\/li>\n<li>\n<p data-path-to-node=\"13,4,0\"><b data-path-to-node=\"13,4,0\" data-index-in-node=\"0\">Comunica\u00e7\u00e3o:<\/b> RF 433MHz \/ Controle Remoto.<\/p>\n<\/li>\n<li>\n<p data-path-to-node=\"13,5,0\"><b data-path-to-node=\"13,5,0\" data-index-in-node=\"0\">Bateria:<\/b> 2 baterias CR2032 (substitu\u00edveis).<\/p>\n<\/li>\n<li>\n<p data-path-to-node=\"13,6,0\"><b data-path-to-node=\"13,6,0\" data-index-in-node=\"0\">Hor\u00e1rio de trabalho:<\/b> 12 horas.<\/p>\n<\/li>\n<\/ul>\n<h2 data-path-to-node=\"14\">Casos de uso<\/h2>\n<ul data-path-to-node=\"15\">\n<li>\n<p data-path-to-node=\"15,0,0\"><b data-path-to-node=\"15,0,0\" data-index-in-node=\"0\">Festivais de M\u00fasica:<\/b> Combina com a est\u00e9tica cl\u00e1ssica das faixas tran\u00e7adas, mas adiciona um espet\u00e1culo de luzes sincronizado de alta tecnologia.<\/p>\n<\/li>\n<li>\n<p data-path-to-node=\"15,1,0\"><b data-path-to-node=\"15,1,0\" data-index-in-node=\"0\">Corridas Noturnas Beneficentes:<\/b> Um acess\u00f3rio ultraleve que aumenta a visibilidade e a uni\u00e3o entre os participantes.<\/p>\n<\/li>\n<li>\n<p data-path-to-node=\"15,2,0\"><b data-path-to-node=\"15,2,0\" data-index-in-node=\"0\">Festas na praia e eventos de ver\u00e3o:<\/b> O cord\u00e3o de nylon respir\u00e1vel proporciona conforto em climas quentes e ambientes din\u00e2micos.<\/p>\n<\/li>\n<li>\n<p data-path-to-node=\"15,3,0\"><b data-path-to-node=\"15,3,0\" data-index-in-node=\"0\">Ativa\u00e7\u00f5es de Patroc\u00ednio:<\/b> Um acess\u00f3rio vest\u00edvel de marca, com \u00f3timo custo-benef\u00edcio, que cria um fator &quot;uau&quot; memor\u00e1vel para grandes multid\u00f5es.<\/p>\n<\/li>\n<\/ul>\n<p data-path-to-node=\"16\">","protected":false},"excerpt":{"rendered":"<ul>\n<li>\n<p data-path-to-node=\"8,0,0\"><b data-path-to-node=\"8,0,0\" data-index-in-node=\"0\">Conforto ultraleve:<\/b> Design minimalista com cabo de nylon macio e estrutura compacta em ABS, pesando apenas 20g.<\/p>\n<\/li>\n<li>\n<p data-path-to-node=\"8,1,0\"><b data-path-to-node=\"8,1,0\" data-index-in-node=\"0\">Controle remoto sincronizado:<\/b> Totalmente compat\u00edvel com controladores centrais para gerenciar 15 cores de LED diferentes simultaneamente em todo o local.<\/p>\n<\/li>\n<li>\n<p data-path-to-node=\"8,2,0\"><b data-path-to-node=\"8,2,0\" data-index-in-node=\"0\">Maior dura\u00e7\u00e3o da bateria:<\/b> Equipado com 2 baterias CR2032 substitu\u00edveis, que proporcionam 12 horas de funcionamento cont\u00ednuo do espet\u00e1culo de luzes.<\/p>\n<\/li>\n<li>\n<p data-path-to-node=\"8,3,0\"><b data-path-to-node=\"8,3,0\" data-index-in-node=\"0\">Prote\u00e7\u00e3o contra abertura por press\u00e3o:<\/b> A aba de prote\u00e7\u00e3o da bateria garante que as unidades permane\u00e7am com a pot\u00eancia de 100% at\u00e9 o momento exato do seu evento.<\/p>\n<\/li>\n<\/ul>","protected":false},"featured_media":5983,"comment_status":"closed","ping_status":"closed","template":"","meta":[],"product_brand":[],"product_cat":[80],"product_tag":[],"class_list":{"0":"post-6513","1":"product","2":"type-product","3":"status-publish","4":"has-post-thumbnail","6":"product_cat-led-wristbands","8":"first","9":"instock","10":"shipping-taxable","11":"product-type-simple"},"_links":{"self":[{"href":"https:\/\/displayproducts.eu\/pt\/wp-json\/wp\/v2\/product\/6513","targetHints":{"allow":["GET"]}}],"collection":[{"href":"https:\/\/displayproducts.eu\/pt\/wp-json\/wp\/v2\/product"}],"about":[{"href":"https:\/\/displayproducts.eu\/pt\/wp-json\/wp\/v2\/types\/product"}],"replies":[{"embeddable":true,"href":"https:\/\/displayproducts.eu\/pt\/wp-json\/wp\/v2\/comments?post=6513"}],"wp:featuredmedia":[{"embeddable":true,"href":"https:\/\/displayproducts.eu\/pt\/wp-json\/wp\/v2\/media\/5983"}],"wp:attachment":[{"href":"https:\/\/displayproducts.eu\/pt\/wp-json\/wp\/v2\/media?parent=6513"}],"wp:term":[{"taxonomy":"product_brand","embeddable":true,"href":"https:\/\/displayproducts.eu\/pt\/wp-json\/wp\/v2\/product_brand?post=6513"},{"taxonomy":"product_cat","embeddable":true,"href":"https:\/\/displayproducts.eu\/pt\/wp-json\/wp\/v2\/product_cat?post=6513"},{"taxonomy":"product_tag","embeddable":true,"href":"https:\/\/displayproducts.eu\/pt\/wp-json\/wp\/v2\/product_tag?post=6513"}],"curies":[{"name":"wp","href":"https:\/\/api.w.org\/{rel}","templated":true}]}}