{"id":6512,"date":"2026-01-02T23:35:13","date_gmt":"2026-01-02T20:35:13","guid":{"rendered":"https:\/\/wristbandfactory.eu\/?post_type=product&#038;p=6512"},"modified":"2026-04-01T21:52:34","modified_gmt":"2026-04-01T18:52:34","slug":"curved-ergonomic-led-wristband-with-custom-logo","status":"publish","type":"product","link":"https:\/\/displayproducts.eu\/pt\/p\/curved-ergonomic-led-wristband-with-custom-logo\/","title":{"rendered":"Pulseiras LED ergon\u00f3micas com logotipo"},"content":{"rendered":"<p data-path-to-node=\"9\">Aprimore a experi\u00eancia da sua marca com a pulseira de LED ergon\u00f4mica &quot;Curvada&quot;. Este modelo (Cat\u00e1logo LED 7) apresenta uma constru\u00e7\u00e3o diferenciada em PVC r\u00edgido que proporciona uma apar\u00eancia e toque premium em compara\u00e7\u00e3o com as alternativas de silicone padr\u00e3o. O material transl\u00facido permite que a luz se difunda elegantemente por toda a pulseira, enquanto o exclusivo fecho de encaixe garante que ela permane\u00e7a confort\u00e1vel e no lugar durante todo o evento. \u00c9 a escolha ideal para \u00e1reas VIP corporativas e lan\u00e7amentos de produtos de alto impacto, onde a est\u00e9tica moderna \u00e9 fundamental.<\/p>\n<h2 data-path-to-node=\"10\">Principais caracter\u00edsticas<\/h2>\n<ul data-path-to-node=\"11\">\n<li>\n<p data-path-to-node=\"11,0,0\"><b data-path-to-node=\"11,0,0\" data-index-in-node=\"0\">Pot\u00eancia do LED selecion\u00e1vel:<\/b> Escolha entre a vers\u00e3o com 2 LEDs para uma ilumina\u00e7\u00e3o ambiente mais suave ou a vers\u00e3o com 4 LEDs para brilho m\u00e1ximo em espa\u00e7os amplos.<\/p>\n<\/li>\n<li>\n<p data-path-to-node=\"11,1,0\"><b data-path-to-node=\"11,1,0\" data-index-in-node=\"0\">Material de PVC dur\u00e1vel:<\/b> Fabricado com uma combina\u00e7\u00e3o de ABS de alto impacto e PVC de qualidade profissional para maior durabilidade.<\/p>\n<\/li>\n<li>\n<p data-path-to-node=\"11,2,0\"><b data-path-to-node=\"11,2,0\" data-index-in-node=\"0\">Integra\u00e7\u00e3o perfeita de radiofrequ\u00eancia:<\/b> Conecta-se a consoles de ilumina\u00e7\u00e3o central para acionar mudan\u00e7as de cor em tempo real e sequ\u00eancias de luzes piscantes din\u00e2micas.<\/p>\n<\/li>\n<li>\n<p data-path-to-node=\"11,3,0\"><b data-path-to-node=\"11,3,0\" data-index-in-node=\"0\">Ajuste anat\u00f4mico:<\/b> O formato pr\u00e9-curvado assenta mais abaixo no pulso, reduzindo o volume e proporcionando um perfil elegante, semelhante ao de um rel\u00f3gio.<\/p>\n<\/li>\n<\/ul>\n<h2 data-path-to-node=\"12\">Especifica\u00e7\u00f5es<\/h2>\n<ul data-path-to-node=\"13\">\n<li>\n<p data-path-to-node=\"13,0,0\"><b data-path-to-node=\"13,0,0\" data-index-in-node=\"0\">Material:<\/b> Carca\u00e7a em ABS de alto impacto e pulseira em PVC premium.<\/p>\n<\/li>\n<li>\n<p data-path-to-node=\"13,1,0\"><b data-path-to-node=\"13,1,0\" data-index-in-node=\"0\">Tamanho da unidade:<\/b> Di\u00e2metro 6,9 x 6,4 cm.<\/p>\n<\/li>\n<li>\n<p data-path-to-node=\"13,2,0\"><b data-path-to-node=\"13,2,0\" data-index-in-node=\"0\">Peso:<\/b> 30g.<\/p>\n<\/li>\n<li>\n<p data-path-to-node=\"13,3,0\"><b data-path-to-node=\"13,3,0\" data-index-in-node=\"0\">Comunica\u00e7\u00e3o:<\/b> RF 433MHz \/ Controle Remoto \/ DMX512.<\/p>\n<\/li>\n<li>\n<p data-path-to-node=\"13,4,0\"><b data-path-to-node=\"13,4,0\" data-index-in-node=\"0\">Bateria:<\/b> 2 baterias CR2032 (substitu\u00edveis).<\/p>\n<\/li>\n<li>\n<p data-path-to-node=\"13,5,0\"><b data-path-to-node=\"13,5,0\" data-index-in-node=\"0\">Dura\u00e7\u00e3o da bateria:<\/b> Aproximadamente 8 horas de espet\u00e1culo de luzes ativo.<\/p>\n<\/li>\n<li>\n<p data-path-to-node=\"13,6,0\"><b data-path-to-node=\"13,6,0\" data-index-in-node=\"0\">Modos de LED:<\/b> Mais de 15 modos de sincroniza\u00e7\u00e3o multicolorida.<\/p>\n<\/li>\n<\/ul>\n<h2 data-path-to-node=\"14\">Casos de uso<\/h2>\n<ul data-path-to-node=\"15\">\n<li>\n<p data-path-to-node=\"15,0,0\"><b data-path-to-node=\"15,0,0\" data-index-in-node=\"0\">Eventos de gala corporativos:<\/b> Oferecendo um acess\u00f3rio elegante e de alta tecnologia que real\u00e7a a atmosfera formal.<\/p>\n<\/li>\n<li>\n<p data-path-to-node=\"15,1,0\"><b data-path-to-node=\"15,1,0\" data-index-in-node=\"0\">Revela\u00e7\u00f5es de produtos:<\/b> Utilizar padr\u00f5es de cores sincronizados para gerar entusiasmo durante o lan\u00e7amento de novos produtos.<\/p>\n<\/li>\n<li>\n<p data-path-to-node=\"15,2,0\"><b data-path-to-node=\"15,2,0\" data-index-in-node=\"0\">Controle de acesso VIP:<\/b> Diferenciando os clientes premium com um modelo r\u00edgido de LED de alta visibilidade.<\/p>\n<\/li>\n<li>\n<p data-path-to-node=\"15,3,0\"><b data-path-to-node=\"15,3,0\" data-index-in-node=\"0\">Festas Tem\u00e1ticas:<\/b> Utilizando os recursos multicoloridos para combinar com a paleta de cores espec\u00edfica do seu evento.<\/p>\n<\/li>\n<\/ul>\n<p data-path-to-node=\"16\">","protected":false},"excerpt":{"rendered":"<ul>\n<li>\n<p data-path-to-node=\"8,0,0\"><b data-path-to-node=\"8,0,0\" data-index-in-node=\"0\">Design Anat\u00f4mico R\u00edgido:<\/b> A estrutura em PVC com contornos que acompanham o formato natural do pulso proporciona conforto ergon\u00f4mico profissional durante os eventos.<\/p>\n<\/li>\n<li>\n<p data-path-to-node=\"8,1,0\"><b data-path-to-node=\"8,1,0\" data-index-in-node=\"0\">Fecho de encaixe seguro:<\/b> Apresenta um sistema de encaixe exclusivo em estilo quebra-cabe\u00e7a para garantir que a pulseira permane\u00e7a segura mesmo durante movimentos de alta energia.<\/p>\n<\/li>\n<li>\n<p data-path-to-node=\"8,2,0\"><b data-path-to-node=\"8,2,0\" data-index-in-node=\"0\">Sincroniza\u00e7\u00e3o por controle remoto:<\/b> Totalmente compat\u00edvel com controladores profissionais de RF e DMX512 para efeitos de ilumina\u00e7\u00e3o sincronizados em todo o local.<\/p>\n<\/li>\n<li>\n<p data-path-to-node=\"8,3,0\"><b data-path-to-node=\"8,3,0\" data-index-in-node=\"0\">Branding de alta visibilidade:<\/b> A superf\u00edcie r\u00edgida de PVC oferece uma \u00e1rea est\u00e1vel e vis\u00edvel para impress\u00e3o de logotipos personalizados de alta precis\u00e3o.<\/p>\n<\/li>\n<\/ul>","protected":false},"featured_media":6687,"comment_status":"closed","ping_status":"closed","template":"","meta":[],"product_brand":[],"product_cat":[80],"product_tag":[],"class_list":{"0":"post-6512","1":"product","2":"type-product","3":"status-publish","4":"has-post-thumbnail","6":"product_cat-led-wristbands","8":"first","9":"instock","10":"shipping-taxable","11":"product-type-simple"},"_links":{"self":[{"href":"https:\/\/displayproducts.eu\/pt\/wp-json\/wp\/v2\/product\/6512","targetHints":{"allow":["GET"]}}],"collection":[{"href":"https:\/\/displayproducts.eu\/pt\/wp-json\/wp\/v2\/product"}],"about":[{"href":"https:\/\/displayproducts.eu\/pt\/wp-json\/wp\/v2\/types\/product"}],"replies":[{"embeddable":true,"href":"https:\/\/displayproducts.eu\/pt\/wp-json\/wp\/v2\/comments?post=6512"}],"wp:featuredmedia":[{"embeddable":true,"href":"https:\/\/displayproducts.eu\/pt\/wp-json\/wp\/v2\/media\/6687"}],"wp:attachment":[{"href":"https:\/\/displayproducts.eu\/pt\/wp-json\/wp\/v2\/media?parent=6512"}],"wp:term":[{"taxonomy":"product_brand","embeddable":true,"href":"https:\/\/displayproducts.eu\/pt\/wp-json\/wp\/v2\/product_brand?post=6512"},{"taxonomy":"product_cat","embeddable":true,"href":"https:\/\/displayproducts.eu\/pt\/wp-json\/wp\/v2\/product_cat?post=6512"},{"taxonomy":"product_tag","embeddable":true,"href":"https:\/\/displayproducts.eu\/pt\/wp-json\/wp\/v2\/product_tag?post=6512"}],"curies":[{"name":"wp","href":"https:\/\/api.w.org\/{rel}","templated":true}]}}