{"id":6511,"date":"2026-01-02T23:31:29","date_gmt":"2026-01-02T20:31:29","guid":{"rendered":"https:\/\/wristbandfactory.eu\/?post_type=product&#038;p=6511"},"modified":"2026-04-01T21:52:34","modified_gmt":"2026-04-01T18:52:34","slug":"lightweight-festival-led-wristband-with-custom-logo","status":"publish","type":"product","link":"https:\/\/displayproducts.eu\/pt\/p\/lightweight-festival-led-wristband-with-custom-logo\/","title":{"rendered":"Pulseiras LED leves para festivais com logotipo"},"content":{"rendered":"<p data-path-to-node=\"10\">Maximize o conforto dos participantes sem sacrificar o impacto visual com nossa pulseira de LED &quot;Leve&quot; para festivais. Este modelo foi projetado especificamente para eventos de alta energia e longa dura\u00e7\u00e3o, onde o peso do dispositivo vest\u00edvel se torna um fator importante. Apesar de seu perfil fino e leve, ele incorpora a mesma tecnologia RF e DMX poderosa de nossos modelos maiores, permitindo que voc\u00ea transforme uma multid\u00e3o em um festival em uma tela de luz sincronizada.<\/p>\n<h2 data-path-to-node=\"11\">Principais caracter\u00edsticas<\/h2>\n<ul data-path-to-node=\"12\">\n<li>\n<p data-path-to-node=\"12,0,0\"><b data-path-to-node=\"12,0,0\" data-index-in-node=\"0\">Ergonomia minimalista:<\/b> A estrutura aerodin\u00e2mica em ABS e a pulseira fina de silicone fazem deste o modelo a op\u00e7\u00e3o mais confort\u00e1vel para uso prolongado.<\/p>\n<\/li>\n<li>\n<p data-path-to-node=\"12,1,0\"><b data-path-to-node=\"12,1,0\" data-index-in-node=\"0\">Controle centralizado por RF\/DMX:<\/b> Integra-se perfeitamente com mesas de ilumina\u00e7\u00e3o profissionais para acionar cores, flashes e transi\u00e7\u00f5es em tempo real.<\/p>\n<\/li>\n<li>\n<p data-path-to-node=\"12,2,0\"><b data-path-to-node=\"12,2,0\" data-index-in-node=\"0\">Sa\u00edda de LED vibrante:<\/b> Os LEDs de alta intensidade proporcionam um brilho intenso que permanece vis\u00edvel mesmo em grandes festivais ao ar livre.<\/p>\n<\/li>\n<li>\n<p data-path-to-node=\"12,3,0\"><b data-path-to-node=\"12,3,0\" data-index-in-node=\"0\">Impress\u00e3o personalizada de alta qualidade:<\/b> Superf\u00edcie otimizada para aplica\u00e7\u00e3o de logotipos n\u00edtidos e dur\u00e1veis, em uma ou v\u00e1rias cores.<\/p>\n<\/li>\n<\/ul>\n<h2 data-path-to-node=\"13\">Especifica\u00e7\u00f5es<\/h2>\n<ul data-path-to-node=\"14\">\n<li>\n<p data-path-to-node=\"14,0,0\"><b data-path-to-node=\"14,0,0\" data-index-in-node=\"0\">Projeto:<\/b> Cubo leve e de perfil fino.<\/p>\n<\/li>\n<li>\n<p data-path-to-node=\"14,1,0\"><b data-path-to-node=\"14,1,0\" data-index-in-node=\"0\">Peso:<\/b> 18g.<\/p>\n<\/li>\n<li>\n<p data-path-to-node=\"14,2,0\"><b data-path-to-node=\"14,2,0\" data-index-in-node=\"0\">Material:<\/b> ABS de alto impacto e silicone premium.<\/p>\n<\/li>\n<li>\n<p data-path-to-node=\"14,3,0\"><b data-path-to-node=\"14,3,0\" data-index-in-node=\"0\">Comunica\u00e7\u00e3o:<\/b> RF 433MHz \/ DMX512.<\/p>\n<\/li>\n<li>\n<p data-path-to-node=\"14,4,0\"><b data-path-to-node=\"14,4,0\" data-index-in-node=\"0\">Bateria:<\/b> 2 baterias CR2032 (substitu\u00edveis).<\/p>\n<\/li>\n<li>\n<p data-path-to-node=\"14,5,0\"><b data-path-to-node=\"14,5,0\" data-index-in-node=\"0\">Dura\u00e7\u00e3o da bateria:<\/b> Aproximadamente 8 a 10 horas de uso ativo.<\/p>\n<\/li>\n<li>\n<p data-path-to-node=\"14,6,0\"><b data-path-to-node=\"14,6,0\" data-index-in-node=\"0\">Personaliza\u00e7\u00e3o:<\/b> Impress\u00e3o de alta precis\u00e3o no m\u00f3dulo de LED.<\/p>\n<\/li>\n<\/ul>\n<h2 data-path-to-node=\"15\">Casos de uso<\/h2>\n<ul data-path-to-node=\"16\">\n<li>\n<p data-path-to-node=\"16,0,0\"><b data-path-to-node=\"16,0,0\" data-index-in-node=\"0\">Festivais de m\u00fasica com dura\u00e7\u00e3o de v\u00e1rios dias:<\/b> A solu\u00e7\u00e3o ideal quando os participantes precisam usar a pulseira confortavelmente por v\u00e1rios dias.<\/p>\n<\/li>\n<li>\n<p data-path-to-node=\"16,1,0\"><b data-path-to-node=\"16,1,0\" data-index-in-node=\"0\">Maratonas e corridas noturnas:<\/b> Oferecendo um acess\u00f3rio leve e luminoso que n\u00e3o atrapalha o desempenho atl\u00e9tico.<\/p>\n<\/li>\n<li>\n<p data-path-to-node=\"16,2,0\"><b data-path-to-node=\"16,2,0\" data-index-in-node=\"0\">Confer\u00eancias de grande escala:<\/b> Aprimorando o envolvimento do p\u00fablico durante longas palestras e eventos de networking noturnos.<\/p>\n<\/li>\n<li>\n<p data-path-to-node=\"16,3,0\"><b data-path-to-node=\"16,3,0\" data-index-in-node=\"0\">Eventos comunit\u00e1rios:<\/b> Um brinde promocional econ\u00f4mico e popular que promove a visibilidade da marca atrav\u00e9s da luz.<\/p>\n<\/li>\n<\/ul>\n<p data-path-to-node=\"17\">","protected":false},"excerpt":{"rendered":"<ul>\n<li>\n<p data-path-to-node=\"9,0,0\"><b data-path-to-node=\"9,0,0\" data-index-in-node=\"0\">Design ultraleve:<\/b> Projetado para oferecer o m\u00e1ximo conforto durante festivais de v\u00e1rios dias e eventos de longa dura\u00e7\u00e3o.<\/p>\n<\/li>\n<li>\n<p data-path-to-node=\"9,1,0\"><b data-path-to-node=\"9,1,0\" data-index-in-node=\"0\">Sincroniza\u00e7\u00e3o de espectro total:<\/b> Totalmente compat\u00edvel com controladores RF e DMX512 para shows de luzes sincronizados em todo o local.<\/p>\n<\/li>\n<li>\n<p data-path-to-node=\"9,2,0\"><b data-path-to-node=\"9,2,0\" data-index-in-node=\"0\">Pulseira de silicone dur\u00e1vel:<\/b> O silicone flex\u00edvel e hipoalerg\u00eanico garante um ajuste seguro para todos os participantes.<\/p>\n<\/li>\n<li>\n<p data-path-to-node=\"9,3,0\"><b data-path-to-node=\"9,3,0\" data-index-in-node=\"0\">Identidade visual B2B personalizada:<\/b> Impress\u00e3o de alta precis\u00e3o por tampografia na estrutura compacta do LED para logotipos corporativos de alta visibilidade.<\/p>\n<\/li>\n<\/ul>","protected":false},"featured_media":6688,"comment_status":"closed","ping_status":"closed","template":"","meta":[],"product_brand":[],"product_cat":[80],"product_tag":[],"class_list":{"0":"post-6511","1":"product","2":"type-product","3":"status-publish","4":"has-post-thumbnail","6":"product_cat-led-wristbands","8":"first","9":"instock","10":"shipping-taxable","11":"product-type-simple"},"_links":{"self":[{"href":"https:\/\/displayproducts.eu\/pt\/wp-json\/wp\/v2\/product\/6511","targetHints":{"allow":["GET"]}}],"collection":[{"href":"https:\/\/displayproducts.eu\/pt\/wp-json\/wp\/v2\/product"}],"about":[{"href":"https:\/\/displayproducts.eu\/pt\/wp-json\/wp\/v2\/types\/product"}],"replies":[{"embeddable":true,"href":"https:\/\/displayproducts.eu\/pt\/wp-json\/wp\/v2\/comments?post=6511"}],"wp:featuredmedia":[{"embeddable":true,"href":"https:\/\/displayproducts.eu\/pt\/wp-json\/wp\/v2\/media\/6688"}],"wp:attachment":[{"href":"https:\/\/displayproducts.eu\/pt\/wp-json\/wp\/v2\/media?parent=6511"}],"wp:term":[{"taxonomy":"product_brand","embeddable":true,"href":"https:\/\/displayproducts.eu\/pt\/wp-json\/wp\/v2\/product_brand?post=6511"},{"taxonomy":"product_cat","embeddable":true,"href":"https:\/\/displayproducts.eu\/pt\/wp-json\/wp\/v2\/product_cat?post=6511"},{"taxonomy":"product_tag","embeddable":true,"href":"https:\/\/displayproducts.eu\/pt\/wp-json\/wp\/v2\/product_tag?post=6511"}],"curies":[{"name":"wp","href":"https:\/\/api.w.org\/{rel}","templated":true}]}}