{"id":6507,"date":"2026-01-02T23:24:17","date_gmt":"2026-01-02T20:24:17","guid":{"rendered":"https:\/\/wristbandfactory.eu\/?post_type=product&#038;p=6507"},"modified":"2026-04-01T21:52:34","modified_gmt":"2026-04-01T18:52:34","slug":"the-bright-stadium-led-wristband-with-custom-logo","status":"publish","type":"product","link":"https:\/\/displayproducts.eu\/pt\/p\/the-bright-stadium-led-wristband-with-custom-logo\/","title":{"rendered":"Pulseiras LED de alta pot\u00eancia para est\u00e1dios com logotipo"},"content":{"rendered":"<p>Transforme o evento no seu est\u00e1dio em um mar de luzes hipnotizante com a pulseira de LED \u201cThe Bright\u201d. Este modelo foi projetado especificamente para produ\u00e7\u00f5es de grande escala, onde as pulseiras comuns com bateria de bot\u00e3o n\u00e3o oferecem a luminosidade necess\u00e1ria. Utilizando 11 LEDs individuais e uma fonte de alimenta\u00e7\u00e3o dedicada para pilhas AAA, \u201cThe Bright\u201d garante que sua marca e o seu show de luzes alcancem os assentos mais distantes com intensidade e nitidez incompar\u00e1veis. \u00c9 a ferramenta definitiva para organizadores de eventos que n\u00e3o abrem m\u00e3o do impacto visual.<\/p>\n<h2 data-path-to-node=\"11\">Principais caracter\u00edsticas<\/h2>\n<ul data-path-to-node=\"12\">\n<li>\n<p data-path-to-node=\"12,0,0\"><b data-path-to-node=\"12,0,0\" data-index-in-node=\"0\">Conjunto de 11 LEDs:<\/b> Nossa configura\u00e7\u00e3o de ilumina\u00e7\u00e3o mais potente, projetada especificamente para oferecer o m\u00e1ximo desempenho em grandes espa\u00e7os internos e externos.<\/p>\n<\/li>\n<li>\n<p data-path-to-node=\"12,1,0\"><b data-path-to-node=\"12,1,0\" data-index-in-node=\"0\">Alimentado por pilhas AAA:<\/b> Diferentemente dos modelos convencionais, este utiliza pilhas AAA substitu\u00edveis, o que facilita a manuten\u00e7\u00e3o e proporciona um desempenho de alta intensidade significativamente mais prolongado.<\/p>\n<\/li>\n<li>\n<p data-path-to-node=\"12,2,0\"><b data-path-to-node=\"12,2,0\" data-index-in-node=\"0\">Controle por RF e DMX:<\/b> Integra-se perfeitamente com mesas de ilumina\u00e7\u00e3o profissionais para acionar mudan\u00e7as de cor, ondas e padr\u00f5es em tempo real.<\/p>\n<\/li>\n<li>\n<p data-path-to-node=\"12,3,0\"><b data-path-to-node=\"12,3,0\" data-index-in-node=\"0\">Constru\u00e7\u00e3o dur\u00e1vel:<\/b> Fabricado com pl\u00e1stico ABS de alto impacto e silicone confort\u00e1vel para suportar a participa\u00e7\u00e3o ativa de multid\u00f5es en\u00e9rgicas.<\/p>\n<\/li>\n<\/ul>\n<h2 data-path-to-node=\"13\">Especifica\u00e7\u00f5es<\/h2>\n<ul data-path-to-node=\"14\">\n<li>\n<p data-path-to-node=\"14,0,0\"><b data-path-to-node=\"14,0,0\" data-index-in-node=\"0\">Quantidade de LEDs:<\/b> 11 LEDs de alta intensidade.<\/p>\n<\/li>\n<li>\n<p data-path-to-node=\"14,1,0\"><b data-path-to-node=\"14,1,0\" data-index-in-node=\"0\">Fonte de alimenta\u00e7\u00e3o:<\/b> 2 pilhas AAA (substitu\u00edveis).<\/p>\n<\/li>\n<li>\n<p data-path-to-node=\"14,2,0\"><b data-path-to-node=\"14,2,0\" data-index-in-node=\"0\">Peso:<\/b> 31g (incluindo as baterias).<\/p>\n<\/li>\n<li>\n<p data-path-to-node=\"14,3,0\"><b data-path-to-node=\"14,3,0\" data-index-in-node=\"0\">Tempo de execu\u00e7\u00e3o:<\/b> At\u00e9 12 horas de desempenho ativo.<\/p>\n<\/li>\n<li>\n<p data-path-to-node=\"14,4,0\"><b data-path-to-node=\"14,4,0\" data-index-in-node=\"0\">Comunica\u00e7\u00e3o:<\/b> RF 433MHz \/ DMX512.<\/p>\n<\/li>\n<li>\n<p data-path-to-node=\"14,5,0\"><b data-path-to-node=\"14,5,0\" data-index-in-node=\"0\">Material:<\/b> Carca\u00e7a em ABS de alta resist\u00eancia e pulseira de silicone.<\/p>\n<\/li>\n<li>\n<p data-path-to-node=\"14,6,0\"><b data-path-to-node=\"14,6,0\" data-index-in-node=\"0\">Personaliza\u00e7\u00e3o:<\/b> Impress\u00e3o por tampografia de alta precis\u00e3o na caixa da bateria\/LED.<\/p>\n<\/li>\n<\/ul>\n<h2 data-path-to-node=\"15\">Casos de uso<\/h2>\n<ul data-path-to-node=\"16\">\n<li>\n<p data-path-to-node=\"16,0,0\"><b data-path-to-node=\"16,0,0\" data-index-in-node=\"0\">Turn\u00eas de shows em est\u00e1dios:<\/b> Criar espet\u00e1culos de luzes grandiosos e de alto brilho que se sincronizam perfeitamente com a apresenta\u00e7\u00e3o musical.<\/p>\n<\/li>\n<li>\n<p data-path-to-node=\"16,1,0\"><b data-path-to-node=\"16,1,0\" data-index-in-node=\"0\">Grandes festivais ao ar livre:<\/b> Garantir a visibilidade da marca e o envolvimento do p\u00fablico em grandes \u00e1reas de festivais durante a noite.<\/p>\n<\/li>\n<li>\n<p data-path-to-node=\"16,2,0\"><b data-path-to-node=\"16,2,0\" data-index-in-node=\"0\">Eventos esportivos:<\/b> Engajar os f\u00e3s e destacar os principais momentos do jogo com exibi\u00e7\u00f5es de luzes sincronizadas nas cores do time.<\/p>\n<\/li>\n<li>\n<p data-path-to-node=\"16,3,0\"><b data-path-to-node=\"16,3,0\" data-index-in-node=\"0\">Ativa\u00e7\u00f5es de Patroc\u00ednio:<\/b> Oferecer um acess\u00f3rio vest\u00edvel premium e personalizado que os h\u00f3spedes valorizar\u00e3o como uma lembran\u00e7a de alta tecnologia.<\/p>\n<\/li>\n<\/ul>","protected":false},"excerpt":{"rendered":"<ul>\n<li>\n<p data-path-to-node=\"9,0,0\"><b data-path-to-node=\"9,0,0\" data-index-in-node=\"0\">Visibilidade m\u00e1xima:<\/b> Possui 11 LEDs de alta intensidade para garantir o espet\u00e1culo de luzes mais brilhante em grandes est\u00e1dios e arenas.<\/p>\n<\/li>\n<li>\n<p data-path-to-node=\"9,1,0\"><b data-path-to-node=\"9,1,0\" data-index-in-node=\"0\">Desempenho prolongado:<\/b> Alimentado por 2 pilhas AAA, proporcionando uma autonomia confi\u00e1vel de 12 horas, mesmo em eventos mais longos.<\/p>\n<\/li>\n<li>\n<p data-path-to-node=\"9,2,0\"><b data-path-to-node=\"9,2,0\" data-index-in-node=\"0\">Sincroniza\u00e7\u00e3o profissional:<\/b> Totalmente compat\u00edvel com controladores RF e DMX512 para efeitos de ilumina\u00e7\u00e3o sincronizados em todo o local.<\/p>\n<\/li>\n<li>\n<p data-path-to-node=\"9,3,0\"><b data-path-to-node=\"9,3,0\" data-index-in-node=\"0\">Personaliza\u00e7\u00e3o B2B:<\/b> Ampla \u00e1rea de impress\u00e3o em destaque na carca\u00e7a de ABS para personaliza\u00e7\u00e3o com logotipos de alta visibilidade.<\/p>\n<\/li>\n<\/ul>","protected":false},"featured_media":6690,"comment_status":"closed","ping_status":"closed","template":"","meta":[],"product_brand":[],"product_cat":[80],"product_tag":[],"class_list":{"0":"post-6507","1":"product","2":"type-product","3":"status-publish","4":"has-post-thumbnail","6":"product_cat-led-wristbands","8":"first","9":"instock","10":"shipping-taxable","11":"product-type-simple"},"_links":{"self":[{"href":"https:\/\/displayproducts.eu\/pt\/wp-json\/wp\/v2\/product\/6507","targetHints":{"allow":["GET"]}}],"collection":[{"href":"https:\/\/displayproducts.eu\/pt\/wp-json\/wp\/v2\/product"}],"about":[{"href":"https:\/\/displayproducts.eu\/pt\/wp-json\/wp\/v2\/types\/product"}],"replies":[{"embeddable":true,"href":"https:\/\/displayproducts.eu\/pt\/wp-json\/wp\/v2\/comments?post=6507"}],"wp:featuredmedia":[{"embeddable":true,"href":"https:\/\/displayproducts.eu\/pt\/wp-json\/wp\/v2\/media\/6690"}],"wp:attachment":[{"href":"https:\/\/displayproducts.eu\/pt\/wp-json\/wp\/v2\/media?parent=6507"}],"wp:term":[{"taxonomy":"product_brand","embeddable":true,"href":"https:\/\/displayproducts.eu\/pt\/wp-json\/wp\/v2\/product_brand?post=6507"},{"taxonomy":"product_cat","embeddable":true,"href":"https:\/\/displayproducts.eu\/pt\/wp-json\/wp\/v2\/product_cat?post=6507"},{"taxonomy":"product_tag","embeddable":true,"href":"https:\/\/displayproducts.eu\/pt\/wp-json\/wp\/v2\/product_tag?post=6507"}],"curies":[{"name":"wp","href":"https:\/\/api.w.org\/{rel}","templated":true}]}}