{"id":6248,"date":"2025-12-20T19:03:55","date_gmt":"2025-12-20T16:03:55","guid":{"rendered":"https:\/\/wristbandfactory.eu\/?post_type=product&#038;p=6248"},"modified":"2026-04-01T21:52:03","modified_gmt":"2026-04-01T18:52:03","slug":"custom-printed-nail-files-made-in-europe-full-color-uv-print","status":"publish","type":"product","link":"https:\/\/displayproducts.eu\/pt\/p\/custom-printed-nail-files-made-in-europe-full-color-uv-print\/","title":{"rendered":"Limas de unhas personalizadas"},"content":{"rendered":"<p data-path-to-node=\"10\">D\u00ea um toque de sofistica\u00e7\u00e3o \u00e0 sua marca de beleza ou \u00e0 sua sele\u00e7\u00e3o de brindes corporativos com os nossos produtos. <b data-path-to-node=\"10\" data-index-in-node=\"88\">Limas de unhas personalizadas<\/b>, com orgulho <b data-path-to-node=\"10\" data-index-in-node=\"123\">Feito na Europa<\/b>. Ao contr\u00e1rio de brindes promocionais gen\u00e9ricos, estas lixas de unha de alta qualidade s\u00e3o projetadas para uso pr\u00e1tico, tornando-as um acess\u00f3rio valioso para sal\u00f5es de beleza profissionais, spas e kits de viagem.<\/p>\n<p data-path-to-node=\"11\">Utilizamos tecnologia de ponta <b data-path-to-node=\"11\" data-index-in-node=\"20\">Impress\u00e3o digital UV<\/b> Para personalizar o arquivo com seu design, logotipo ou padr\u00e3o. Essa tecnologia permite detalhes fotorrealistas e cores vibrantes, utilizando tintas seguras e at\u00f3xicas que resistem ao uso di\u00e1rio. Seja voc\u00ea uma rede hoteleira em busca de comodidades premium para os quartos ou uma marca de beleza procurando produtos personalizados, esses arquivos oferecem a combina\u00e7\u00e3o perfeita de estilo e utilidade.<\/p>\n<h2 data-path-to-node=\"12\">Principais caracter\u00edsticas<\/h2>\n<ul data-path-to-node=\"13\">\n<li>\n<p data-path-to-node=\"13,0,0\"><b data-path-to-node=\"13,0,0\" data-index-in-node=\"0\">Personaliza\u00e7\u00e3o vibrante:<\/b> A impress\u00e3o UV em toda a superf\u00edcie transforma uma ferramenta sem impress\u00e3o em um acess\u00f3rio de moda. Perfeita para logotipos complexos ou estampas completas.<\/p>\n<\/li>\n<li>\n<p data-path-to-node=\"13,1,0\"><b data-path-to-node=\"13,1,0\" data-index-in-node=\"0\">Seguran\u00e7a em primeiro lugar:<\/b> Utilizamos apenas tintas de impress\u00e3o n\u00e3o t\u00f3xicas e seguras, tornando-as adequadas para ampla distribui\u00e7\u00e3o e contato frequente com a pele.<\/p>\n<\/li>\n<li>\n<p data-path-to-node=\"13,2,0\"><b data-path-to-node=\"13,2,0\" data-index-in-node=\"0\">Constru\u00e7\u00e3o dur\u00e1vel:<\/b> Feito para durar, com lixa de alta qualidade que modela eficazmente unhas naturais e alongadas sem descascar.<\/p>\n<\/li>\n<li>\n<p data-path-to-node=\"13,3,0\"><b data-path-to-node=\"13,3,0\" data-index-in-node=\"0\">Impacto no marketing:<\/b> Um item altamente funcional que permanece na bolsa ou no banheiro do seu cliente, proporcionando exposi\u00e7\u00e3o constante da marca.<\/p>\n<\/li>\n<\/ul>\n<h2 data-path-to-node=\"14\">Especifica\u00e7\u00f5es<\/h2>\n<ul data-path-to-node=\"15\">\n<li>\n<p data-path-to-node=\"15,0,0\"><b data-path-to-node=\"15,0,0\" data-index-in-node=\"0\">Origem:<\/b> Fabricado na Europa.<\/p>\n<\/li>\n<li>\n<p data-path-to-node=\"15,1,0\"><b data-path-to-node=\"15,1,0\" data-index-in-node=\"0\">M\u00e9todo de impress\u00e3o:<\/b> Impress\u00e3o digital UV em cores plenas.<\/p>\n<\/li>\n<li>\n<p data-path-to-node=\"15,2,0\"><b data-path-to-node=\"15,2,0\" data-index-in-node=\"0\">Material:<\/b> N\u00facleo de papel abrasivo de alta qualidade.<\/p>\n<\/li>\n<li>\n<p data-path-to-node=\"15,3,0\"><b data-path-to-node=\"15,3,0\" data-index-in-node=\"0\">Tamanhos dispon\u00edveis:<\/b><\/p>\n<ul data-path-to-node=\"15,3,1\">\n<li>\n<p data-path-to-node=\"15,3,1,0,0\"><b data-path-to-node=\"15,3,1,0,0\" data-index-in-node=\"0\">Profissional (18 cm \u00d7 1,85 cm):<\/b> O padr\u00e3o para sal\u00f5es de beleza e manicures caseiras. Ampla superf\u00edcie para movimentos suaves.<\/p>\n<\/li>\n<li>\n<p data-path-to-node=\"15,3,1,1,0\"><b data-path-to-node=\"15,3,1,1,0\" data-index-in-node=\"0\">Universal (12 cm \u00d7 1,6 cm):<\/b> Um equil\u00edbrio perfeito entre conforto e portabilidade.<\/p>\n<\/li>\n<li>\n<p data-path-to-node=\"15,3,1,2,0\"><b data-path-to-node=\"15,3,1,2,0\" data-index-in-node=\"0\">Viagem (8,7 cm \u00d7 1,6 cm):<\/b> Tamanho compacto, ideal para n\u00e9cessaires, kits de viagem e pequenos reparos em qualquer lugar.<\/p>\n<\/li>\n<\/ul>\n<\/li>\n<\/ul>\n<h2 data-path-to-node=\"16\">Casos de uso<\/h2>\n<ul data-path-to-node=\"17\">\n<li>\n<p data-path-to-node=\"17,0,0\"><b data-path-to-node=\"17,0,0\" data-index-in-node=\"0\">Sal\u00f5es de beleza e spas:<\/b> Ferramentas de marca para t\u00e9cnicos ou produtos de venda a retalho para os clientes levarem para casa.<\/p>\n<\/li>\n<li>\n<p data-path-to-node=\"17,1,0\"><b data-path-to-node=\"17,1,0\" data-index-in-node=\"0\">Comodidades do hotel:<\/b> Um complemento elegante para kits de toucador de banheiro em hot\u00e9is e resorts de luxo.<\/p>\n<\/li>\n<li>\n<p data-path-to-node=\"17,2,0\"><b data-path-to-node=\"17,2,0\" data-index-in-node=\"0\">Brindes corporativos:<\/b> Um brinde compacto, de baixo custo, por\u00e9m altamente \u00fatil, para confer\u00eancias femininas, eventos de moda ou campanhas de bem-estar.<\/p>\n<\/li>\n<\/ul>","protected":false},"excerpt":{"rendered":"<ul>\n<li>\n<p data-path-to-node=\"9,0,0\"><b data-path-to-node=\"9,0,0\" data-index-in-node=\"0\">Produ\u00e7\u00e3o europeia:<\/b> Orgulhosamente fabricado na Europa, garantindo qualidade superior, seguran\u00e7a e durabilidade em compara\u00e7\u00e3o com os produtos importados padr\u00e3o.<\/p>\n<\/li>\n<li>\n<p data-path-to-node=\"9,1,0\"><b data-path-to-node=\"9,1,0\" data-index-in-node=\"0\">Identidade visual em cores:<\/b> Utiliza tecnologia avan\u00e7ada de impress\u00e3o UV com tintas n\u00e3o t\u00f3xicas para criar logotipos e padr\u00f5es vibrantes e resistentes a riscos.<\/p>\n<\/li>\n<li>\n<p data-path-to-node=\"9,2,0\"><b data-path-to-node=\"9,2,0\" data-index-in-node=\"0\">Tr\u00eas tamanhos vers\u00e1teis:<\/b> Dispon\u00edvel nos tamanhos Grande (Profissional), M\u00e9dio (Universal) e Pequeno (Viagem) para atender a qualquer p\u00fablico-alvo.<\/p>\n<\/li>\n<li>\n<p data-path-to-node=\"9,3,0\"><b data-path-to-node=\"9,3,0\" data-index-in-node=\"0\">Qualidade profissional:<\/b> Adequado tanto para unhas naturais quanto artificiais, oferece um lixamento eficaz com materiais abrasivos de alta qualidade.<\/p>\n<\/li>\n<\/ul>","protected":false},"featured_media":6249,"comment_status":"closed","ping_status":"closed","template":"","meta":[],"product_brand":[],"product_cat":[132],"product_tag":[],"class_list":{"0":"post-6248","1":"product","2":"type-product","3":"status-publish","4":"has-post-thumbnail","6":"product_cat-hotel-spa-amenities","8":"first","9":"instock","10":"shipping-taxable","11":"product-type-simple"},"_links":{"self":[{"href":"https:\/\/displayproducts.eu\/pt\/wp-json\/wp\/v2\/product\/6248","targetHints":{"allow":["GET"]}}],"collection":[{"href":"https:\/\/displayproducts.eu\/pt\/wp-json\/wp\/v2\/product"}],"about":[{"href":"https:\/\/displayproducts.eu\/pt\/wp-json\/wp\/v2\/types\/product"}],"replies":[{"embeddable":true,"href":"https:\/\/displayproducts.eu\/pt\/wp-json\/wp\/v2\/comments?post=6248"}],"wp:featuredmedia":[{"embeddable":true,"href":"https:\/\/displayproducts.eu\/pt\/wp-json\/wp\/v2\/media\/6249"}],"wp:attachment":[{"href":"https:\/\/displayproducts.eu\/pt\/wp-json\/wp\/v2\/media?parent=6248"}],"wp:term":[{"taxonomy":"product_brand","embeddable":true,"href":"https:\/\/displayproducts.eu\/pt\/wp-json\/wp\/v2\/product_brand?post=6248"},{"taxonomy":"product_cat","embeddable":true,"href":"https:\/\/displayproducts.eu\/pt\/wp-json\/wp\/v2\/product_cat?post=6248"},{"taxonomy":"product_tag","embeddable":true,"href":"https:\/\/displayproducts.eu\/pt\/wp-json\/wp\/v2\/product_tag?post=6248"}],"curies":[{"name":"wp","href":"https:\/\/api.w.org\/{rel}","templated":true}]}}