{"id":6245,"date":"2025-12-20T18:56:31","date_gmt":"2025-12-20T15:56:31","guid":{"rendered":"https:\/\/wristbandfactory.eu\/?post_type=product&#038;p=6245"},"modified":"2026-04-01T21:52:03","modified_gmt":"2026-04-01T18:52:03","slug":"bio-based-reusable-coffee-cups","status":"publish","type":"product","link":"https:\/\/displayproducts.eu\/pt\/p\/bio-based-reusable-coffee-cups\/","title":{"rendered":"Copos reutiliz\u00e1veis com logo (Bio)"},"content":{"rendered":"<p data-path-to-node=\"10\">Fa\u00e7a uma declara\u00e7\u00e3o de sustentabilidade com o nosso <b data-path-to-node=\"10\" data-index-in-node=\"63\">Copos de caf\u00e9 reutiliz\u00e1veis personalizados \u00e0 base de materiais biol\u00f3gicos<\/b>. Projetado como a alternativa ecol\u00f3gica perfeita aos copos de papel descart\u00e1veis, este recipiente de 200 ml combina a engenharia alem\u00e3 com materiais renov\u00e1veis. \u00c9 um item promocional ideal para escrit\u00f3rios, caf\u00e9s e eventos corporativos com consci\u00eancia ambiental.<\/p>\n<p data-path-to-node=\"11\">A caneca \u00e9 feita de material de alta qualidade. <b data-path-to-node=\"11\" data-index-in-node=\"37\">pl\u00e1sticos de base biol\u00f3gica derivados de fontes renov\u00e1veis<\/b>, Garantindo uma menor pegada de carbono sem comprometer a durabilidade. Seu design pr\u00e1tico inclui uma tampa segura que mant\u00e9m as bebidas quentes por mais tempo, evitando derramamentos durante o transporte.<\/p>\n<h2 data-path-to-node=\"12\">Principais caracter\u00edsticas<\/h2>\n<ul data-path-to-node=\"13\">\n<li>\n<p data-path-to-node=\"13,0,0\"><b data-path-to-node=\"13,0,0\" data-index-in-node=\"0\">Composi\u00e7\u00e3o renov\u00e1vel:<\/b> Fabricados a partir de pol\u00edmeros de base biol\u00f3gica, oferecendo uma alternativa respons\u00e1vel aos pl\u00e1sticos derivados de combust\u00edveis f\u00f3sseis.<\/p>\n<\/li>\n<li>\n<p data-path-to-node=\"13,1,0\"><b data-path-to-node=\"13,1,0\" data-index-in-node=\"0\">Adequado para o ambiente de escrit\u00f3rio:<\/b> Projetado para encaixar perfeitamente sob os bicos de m\u00e1quinas de caf\u00e9 padr\u00e3o, tornando-se o acess\u00f3rio ideal para levar seu caf\u00e9 da mesa para uma reuni\u00e3o.<\/p>\n<\/li>\n<li>\n<p data-path-to-node=\"13,2,0\"><b data-path-to-node=\"13,2,0\" data-index-in-node=\"0\">Higiene e Seguran\u00e7a:<\/b> Totalmente livre de BPA e seguro para contato com alimentos. O material \u00e9 robusto e totalmente recicl\u00e1vel ao final de seu ciclo de vida.<\/p>\n<\/li>\n<li>\n<p data-path-to-node=\"13,3,0\"><b data-path-to-node=\"13,3,0\" data-index-in-node=\"0\">Identidade visual vers\u00e1til:<\/b> Personalize com serigrafia, tampografia ou grava\u00e7\u00e3o a laser de alta qualidade para exibir seu logotipo permanentemente.<\/p>\n<\/li>\n<\/ul>\n<h2 data-path-to-node=\"14\">Especifica\u00e7\u00f5es<\/h2>\n<ul data-path-to-node=\"15\">\n<li>\n<p data-path-to-node=\"15,0,0\"><b data-path-to-node=\"15,0,0\" data-index-in-node=\"0\">Capacidade:<\/b> 200 ml.<\/p>\n<\/li>\n<li>\n<p data-path-to-node=\"15,1,0\"><b data-path-to-node=\"15,1,0\" data-index-in-node=\"0\">Material:<\/b> Pl\u00e1stico de base biol\u00f3gica (fontes renov\u00e1veis).<\/p>\n<\/li>\n<li>\n<p data-path-to-node=\"15,2,0\"><b data-path-to-node=\"15,2,0\" data-index-in-node=\"0\">Origem:<\/b> Fabricado na Alemanha.<\/p>\n<\/li>\n<li>\n<p data-path-to-node=\"15,3,0\"><b data-path-to-node=\"15,3,0\" data-index-in-node=\"0\">Propriedades:<\/b> Livre de BPA, recicl\u00e1vel (c\u00f3digo 100%), pode ser lavado na m\u00e1quina de lavar lou\u00e7a.<\/p>\n<\/li>\n<li>\n<p data-path-to-node=\"15,4,0\"><b data-path-to-node=\"15,4,0\" data-index-in-node=\"0\">Tampa:<\/b> Inclui (de base biol\u00f3gica, ret\u00e9m calor).<\/p>\n<\/li>\n<li>\n<p data-path-to-node=\"15,5,0\"><b data-path-to-node=\"15,5,0\" data-index-in-node=\"0\">Op\u00e7\u00f5es de personaliza\u00e7\u00e3o da marca:<\/b> Serigrafia, tampografia, grava\u00e7\u00e3o a laser.<\/p>\n<\/li>\n<\/ul>\n<h2 data-path-to-node=\"16\">Casos de uso<\/h2>\n<ul data-path-to-node=\"17\">\n<li>\n<p data-path-to-node=\"17,0,0\"><b data-path-to-node=\"17,0,0\" data-index-in-node=\"0\">Sustentabilidade no escrit\u00f3rio:<\/b> Substitua os copos descart\u00e1veis na copa do escrit\u00f3rio para reduzir o desperd\u00edcio e os custos.<\/p>\n<\/li>\n<li>\n<p data-path-to-node=\"17,1,0\"><b data-path-to-node=\"17,1,0\" data-index-in-node=\"0\">Brindes corporativos:<\/b> Um presente pr\u00e1tico e de alta qualidade para funcion\u00e1rios e clientes, alinhado com os objetivos de responsabilidade social corporativa.<\/p>\n<\/li>\n<li>\n<p data-path-to-node=\"17,2,0\"><b data-path-to-node=\"17,2,0\" data-index-in-node=\"0\">Cafeterias e eventos:<\/b> Solu\u00e7\u00e3o de servi\u00e7o dur\u00e1vel para confer\u00eancias e refeit\u00f3rios que requerem copos empilh\u00e1veis e lav\u00e1veis.<\/p>\n<\/li>\n<\/ul>","protected":false},"excerpt":{"rendered":"<ul>\n<li>\n<p data-path-to-node=\"9,0,0\"><b data-path-to-node=\"9,0,0\" data-index-in-node=\"0\">Ecoinova\u00e7\u00e3o:<\/b> Fabricado na Alemanha com materiais renov\u00e1veis de base biol\u00f3gica, promovendo um estilo de vida mais sustent\u00e1vel.<\/p>\n<\/li>\n<li>\n<p data-path-to-node=\"9,1,0\"><b data-path-to-node=\"9,1,0\" data-index-in-node=\"0\">Tamanho ideal para levar:<\/b> Com capacidade de 200 ml, cabe na maioria das m\u00e1quinas de caf\u00e9 padr\u00e3o; ideal para uso em escrit\u00f3rios e resid\u00eancias.<\/p>\n<\/li>\n<li>\n<p data-path-to-node=\"9,2,0\"><b data-path-to-node=\"9,2,0\" data-index-in-node=\"0\">Design inteligente:<\/b> Possui uma tampa biol\u00f3gica que ret\u00e9m o calor e reduz vazamentos, al\u00e9m de um formato empilh\u00e1vel para facilitar o armazenamento.<\/p>\n<\/li>\n<li>\n<p data-path-to-node=\"9,3,0\"><b data-path-to-node=\"9,3,0\" data-index-in-node=\"0\">Seguro e dur\u00e1vel:<\/b> Livre de BPA, recicl\u00e1vel (100%) e pr\u00f3prio para lava-lou\u00e7as (recomenda-se lavar \u00e0 m\u00e3o para logotipos impressos).<\/p>\n<\/li>\n<\/ul>","protected":false},"featured_media":6246,"comment_status":"closed","ping_status":"closed","template":"","meta":[],"product_brand":[],"product_cat":[111],"product_tag":[],"class_list":{"0":"post-6245","1":"product","2":"type-product","3":"status-publish","4":"has-post-thumbnail","6":"product_cat-reusable-event-cups","8":"first","9":"instock","10":"shipping-taxable","11":"purchasable","12":"product-type-simple"},"_links":{"self":[{"href":"https:\/\/displayproducts.eu\/pt\/wp-json\/wp\/v2\/product\/6245","targetHints":{"allow":["GET"]}}],"collection":[{"href":"https:\/\/displayproducts.eu\/pt\/wp-json\/wp\/v2\/product"}],"about":[{"href":"https:\/\/displayproducts.eu\/pt\/wp-json\/wp\/v2\/types\/product"}],"replies":[{"embeddable":true,"href":"https:\/\/displayproducts.eu\/pt\/wp-json\/wp\/v2\/comments?post=6245"}],"wp:featuredmedia":[{"embeddable":true,"href":"https:\/\/displayproducts.eu\/pt\/wp-json\/wp\/v2\/media\/6246"}],"wp:attachment":[{"href":"https:\/\/displayproducts.eu\/pt\/wp-json\/wp\/v2\/media?parent=6245"}],"wp:term":[{"taxonomy":"product_brand","embeddable":true,"href":"https:\/\/displayproducts.eu\/pt\/wp-json\/wp\/v2\/product_brand?post=6245"},{"taxonomy":"product_cat","embeddable":true,"href":"https:\/\/displayproducts.eu\/pt\/wp-json\/wp\/v2\/product_cat?post=6245"},{"taxonomy":"product_tag","embeddable":true,"href":"https:\/\/displayproducts.eu\/pt\/wp-json\/wp\/v2\/product_tag?post=6245"}],"curies":[{"name":"wp","href":"https:\/\/api.w.org\/{rel}","templated":true}]}}