{"id":6242,"date":"2025-12-20T18:48:57","date_gmt":"2025-12-20T15:48:57","guid":{"rendered":"https:\/\/wristbandfactory.eu\/?post_type=product&#038;p=6242"},"modified":"2026-04-01T21:52:34","modified_gmt":"2026-04-01T18:52:34","slug":"custom-made-hooded-wearable-blankets-bespoke-design","status":"publish","type":"product","link":"https:\/\/displayproducts.eu\/pt\/p\/custom-made-hooded-wearable-blankets-bespoke-design\/","title":{"rendered":"Mantas com capuz por medida (Design pr\u00f3prio)"},"content":{"rendered":"<p data-path-to-node=\"10\">Crie brindes corporativos ou produtos de varejo verdadeiramente \u00fanicos com nossos produtos. <b data-path-to-node=\"10\" data-index-in-node=\"89\">Cobertores com capuz feitos sob medida<\/b>. Este servi\u00e7o permite que voc\u00ea ultrapasse as limita\u00e7\u00f5es dos itens de estoque padr\u00e3o. Oferecemos uma gama completa de servi\u00e7os. <b data-path-to-node=\"10\" data-index-in-node=\"226\">\u201cSolu\u00e7\u00e3o de fabrica\u00e7\u00e3o &quot;corte e costura&quot;<\/b>, dando a voc\u00ea controle total sobre a apar\u00eancia, a sensa\u00e7\u00e3o e os recursos do produto final.<\/p>\n<p data-path-to-node=\"11\">Seja um moletom gigante para uma campanha de inverno, um poncho leve para festivais de ver\u00e3o ou uma luxuosa manta forrada com sherpa para presentes VIP, n\u00f3s o produzimos de acordo com suas especifica\u00e7\u00f5es. Seu design \u00e9 impresso nos rolos de tecido antes do corte, garantindo um acabamento perfeito. <b data-path-to-node=\"11\" data-index-in-node=\"274\">experi\u00eancia de marca 360 graus<\/b> Sem margens em branco.<\/p>\n<h2 data-path-to-node=\"12\">Principais caracter\u00edsticas<\/h2>\n<ul data-path-to-node=\"13\">\n<li>\n<p data-path-to-node=\"13,0,0\"><b data-path-to-node=\"13,0,0\" data-index-in-node=\"0\">Liberdade de design ilimitada:<\/b> Nossa impress\u00e3o por sublima\u00e7\u00e3o de tinta em toda a superf\u00edcie significa que sua arte cobre cada cent\u00edmetro do tecido. Perfeita para estampas complexas, mascotes de marcas ou designs fotogr\u00e1ficos.<\/p>\n<\/li>\n<li>\n<p data-path-to-node=\"13,1,0\"><b data-path-to-node=\"13,1,0\" data-index-in-node=\"0\">Sele\u00e7\u00e3o de materiais:<\/b><\/p>\n<ul data-path-to-node=\"13,1,1\">\n<li>\n<p data-path-to-node=\"13,1,1,0,0\"><i data-path-to-node=\"13,1,1,0,0\" data-index-in-node=\"0\">Camada externa:<\/i> Flanela macia (perfeita para impress\u00e3o) ou veludo.<\/p>\n<\/li>\n<li>\n<p data-path-to-node=\"13,1,1,1,0\"><i data-path-to-node=\"13,1,1,1,0\" data-index-in-node=\"0\">Forro interno:<\/i> Sherpa branca grossa (calor cl\u00e1ssico), Sherpa cinza ou Microfleece (mais leve).<\/p>\n<\/li>\n<li>\n<p data-path-to-node=\"13,1,1,2,0\"><i data-path-to-node=\"13,1,1,2,0\" data-index-in-node=\"0\">Op\u00e7\u00e3o ecol\u00f3gica:<\/i> Dispon\u00edvel em poli\u00e9ster reciclado com certifica\u00e7\u00e3o GRS 100% mediante solicita\u00e7\u00e3o.<\/p>\n<\/li>\n<\/ul>\n<\/li>\n<li>\n<p data-path-to-node=\"13,2,0\"><b data-path-to-node=\"13,2,0\" data-index-in-node=\"0\">Tamanhos personalizados:<\/b> Podemos fabricar nos tamanhos Infantil, Adulto Padr\u00e3o e Adulto Extra Grande (Gigante).<\/p>\n<\/li>\n<li>\n<p data-path-to-node=\"13,3,0\"><b data-path-to-node=\"13,3,0\" data-index-in-node=\"0\">Pronto para marca pr\u00f3pria:<\/b> Podemos costurar etiquetas personalizadas com a sua marca na gola, etiquetas de cuidados e at\u00e9 mesmo personalizar os puxadores de z\u00edper ou os bot\u00f5es.<\/p>\n<\/li>\n<\/ul>\n<h2 data-path-to-node=\"14\">Especifica\u00e7\u00f5es<\/h2>\n<ul data-path-to-node=\"15\">\n<li>\n<p data-path-to-node=\"15,0,0\"><b data-path-to-node=\"15,0,0\" data-index-in-node=\"0\">Tipo de produ\u00e7\u00e3o:<\/b> Fabrica\u00e7\u00e3o sob encomenda (OEM\/ODM).<\/p>\n<\/li>\n<li>\n<p data-path-to-node=\"15,1,0\"><b data-path-to-node=\"15,1,0\" data-index-in-node=\"0\">Peso padr\u00e3o do tecido:<\/b> Flanela de 200 g\/m\u00b2 + Sherpa de 230 g\/m\u00b2 (personaliz\u00e1vel).<\/p>\n<\/li>\n<li>\n<p data-path-to-node=\"15,2,0\"><b data-path-to-node=\"15,2,0\" data-index-in-node=\"0\">M\u00e9todo de impress\u00e3o:<\/b> Impress\u00e3o por sublima\u00e7\u00e3o de tinta em cores plenas (CMYK).<\/p>\n<\/li>\n<li>\n<p data-path-to-node=\"15,3,0\"><b data-path-to-node=\"15,3,0\" data-index-in-node=\"0\">Tamanho padr\u00e3o:<\/b> 100 x 80 cm (Estilo Moletom com Capuz) \u2013 <i data-path-to-node=\"15,3,0\" data-index-in-node=\"53\">Tamanhos personalizados dispon\u00edveis.<\/i><\/p>\n<\/li>\n<li>\n<p data-path-to-node=\"15,4,0\"><b data-path-to-node=\"15,4,0\" data-index-in-node=\"0\">Caracter\u00edsticas:<\/b> Capuz, bolso canguru, punhos el\u00e1sticos.<\/p>\n<\/li>\n<li>\n<p data-path-to-node=\"15,5,0\"><b data-path-to-node=\"15,5,0\" data-index-in-node=\"0\">Embalagem:<\/b> Embalagem a v\u00e1cuo para envio eficiente ou caixas de presente personalizadas.<\/p>\n<\/li>\n<\/ul>","protected":false},"excerpt":{"rendered":"<ul>\n<li>\n<p data-path-to-node=\"9,0,0\"><b data-path-to-node=\"9,0,0\" data-index-in-node=\"0\">100% Totalmente personaliz\u00e1vel:<\/b> Diferentemente dos itens de estoque, este produto \u00e9 fabricado do zero, permitindo impress\u00e3o de ponta a ponta e correspond\u00eancia personalizada de cores Pantone.<\/p>\n<\/li>\n<li>\n<p data-path-to-node=\"9,1,0\"><b data-path-to-node=\"9,1,0\" data-index-in-node=\"0\">Op\u00e7\u00f5es de materiais premium:<\/b> Escolha entre forro macio de sherpa, microfibra suave ou combina\u00e7\u00f5es de poli\u00e9ster reciclado GRS ecol\u00f3gico.<\/p>\n<\/li>\n<li>\n<p data-path-to-node=\"9,2,0\"><b data-path-to-node=\"9,2,0\" data-index-in-node=\"0\">Identidade Visual Abrangente:<\/b> Utilize toda a superf\u00edcie da manta \u2014 frente, costas, capuz e mangas \u2014 para uma impress\u00e3o por sublima\u00e7\u00e3o vibrante e fotorrealista.<\/p>\n<\/li>\n<li>\n<p data-path-to-node=\"9,3,0\"><b data-path-to-node=\"9,3,0\" data-index-in-node=\"0\">Funcionalidades personalizadas:<\/b> Personalize detalhes como o formato do bolso, as cores dos punhos e adicione etiquetas personalizadas ou patches bordados.<\/p>\n<\/li>\n<\/ul>","protected":false},"featured_media":6244,"comment_status":"closed","ping_status":"closed","template":"","meta":[],"product_brand":[],"product_cat":[129],"product_tag":[],"class_list":{"0":"post-6242","1":"product","2":"type-product","3":"status-publish","4":"has-post-thumbnail","6":"product_cat-leisure-lifestyle","8":"first","9":"instock","10":"shipping-taxable","11":"product-type-simple"},"_links":{"self":[{"href":"https:\/\/displayproducts.eu\/pt\/wp-json\/wp\/v2\/product\/6242","targetHints":{"allow":["GET"]}}],"collection":[{"href":"https:\/\/displayproducts.eu\/pt\/wp-json\/wp\/v2\/product"}],"about":[{"href":"https:\/\/displayproducts.eu\/pt\/wp-json\/wp\/v2\/types\/product"}],"replies":[{"embeddable":true,"href":"https:\/\/displayproducts.eu\/pt\/wp-json\/wp\/v2\/comments?post=6242"}],"wp:featuredmedia":[{"embeddable":true,"href":"https:\/\/displayproducts.eu\/pt\/wp-json\/wp\/v2\/media\/6244"}],"wp:attachment":[{"href":"https:\/\/displayproducts.eu\/pt\/wp-json\/wp\/v2\/media?parent=6242"}],"wp:term":[{"taxonomy":"product_brand","embeddable":true,"href":"https:\/\/displayproducts.eu\/pt\/wp-json\/wp\/v2\/product_brand?post=6242"},{"taxonomy":"product_cat","embeddable":true,"href":"https:\/\/displayproducts.eu\/pt\/wp-json\/wp\/v2\/product_cat?post=6242"},{"taxonomy":"product_tag","embeddable":true,"href":"https:\/\/displayproducts.eu\/pt\/wp-json\/wp\/v2\/product_tag?post=6242"}],"curies":[{"name":"wp","href":"https:\/\/api.w.org\/{rel}","templated":true}]}}