{"id":6239,"date":"2025-12-20T18:40:33","date_gmt":"2025-12-20T15:40:33","guid":{"rendered":"https:\/\/wristbandfactory.eu\/?post_type=product&#038;p=6239"},"modified":"2026-04-01T21:52:34","modified_gmt":"2026-04-01T18:52:34","slug":"custom-laser-engraved-portable-ashtrays-zinc-alloy-with-carabiner","status":"publish","type":"product","link":"https:\/\/displayproducts.eu\/pt\/p\/custom-laser-engraved-portable-ashtrays-zinc-alloy-with-carabiner\/","title":{"rendered":"Cinzeiros de bolso personalizados"},"content":{"rendered":"<p data-path-to-node=\"10\">Combine estilo, funcionalidade e responsabilidade ambiental com nossos produtos. <b data-path-to-node=\"10\" data-index-in-node=\"97\">Cinzeiros port\u00e1teis personalizados com grava\u00e7\u00e3o a laser<\/b>. Projetado para o profissional moderno, este acess\u00f3rio oferece uma maneira discreta e elegante de descartar cinzas e bitucas de cigarro em qualquer lugar. Seja para um executivo, um entusiasta de atividades ao ar livre ou como um presente corporativo atencioso, este cinzeiro de liga de zinco transmite uma sensa\u00e7\u00e3o de qualidade.<\/p>\n<p data-path-to-node=\"11\">O elegante <b data-path-to-node=\"11\" data-index-in-node=\"10\">Constru\u00e7\u00e3o em liga de zinco<\/b> Al\u00e9m de proporcionar uma est\u00e9tica moderna e prateada brilhante, garante durabilidade. \u00c9 resistente \u00e0 ferrugem e ao desgaste, mantendo seu aspecto polido ao longo do tempo. O design retangular compacto possui um mecanismo de fechamento seguro que ret\u00e9m odores e cinzas, tornando-o seguro para transportar no bolso ou na bolsa.<\/p>\n<h2 data-path-to-node=\"12\">Principais caracter\u00edsticas<\/h2>\n<ul data-path-to-node=\"13\">\n<li>\n<p data-path-to-node=\"13,0,0\"><b data-path-to-node=\"13,0,0\" data-index-in-node=\"0\">Feito para durar:<\/b> A liga de zinco \u00e9 significativamente mais dur\u00e1vel do que as alternativas de pl\u00e1stico ou alum\u00ednio, conferindo ao produto um peso agrad\u00e1vel e uma sensa\u00e7\u00e3o de alta qualidade.<\/p>\n<\/li>\n<li>\n<p data-path-to-node=\"13,1,0\"><b data-path-to-node=\"13,1,0\" data-index-in-node=\"0\">Precis\u00e3o a laser:<\/b> Utilizamos grava\u00e7\u00e3o a laser para gravar seu logotipo na superf\u00edcie met\u00e1lica. Essa t\u00e9cnica cria uma marca n\u00edtida e permanente que n\u00e3o se apaga como a tinta impressa.<\/p>\n<\/li>\n<li>\n<p data-path-to-node=\"13,2,0\"><b data-path-to-node=\"13,2,0\" data-index-in-node=\"0\">Conveni\u00eancia port\u00e1til:<\/b> Equipado com um mosquet\u00e3o (gancho), permitindo que os usu\u00e1rios o prendam em presilhas de cinto, mochilas ou chaveiros para f\u00e1cil acesso.<\/p>\n<\/li>\n<li>\n<p data-path-to-node=\"13,3,0\"><b data-path-to-node=\"13,3,0\" data-index-in-node=\"0\">Higiene e Seguran\u00e7a:<\/b> A tampa herm\u00e9tica impede o derramamento de cinzas e cont\u00e9m odores, mantendo bolsos e bolsas limpos.<\/p>\n<\/li>\n<\/ul>\n<h2 data-path-to-node=\"14\">Especifica\u00e7\u00f5es<\/h2>\n<ul data-path-to-node=\"15\">\n<li>\n<p data-path-to-node=\"15,0,0\"><b data-path-to-node=\"15,0,0\" data-index-in-node=\"0\">Material:<\/b> Liga de zinco de alta qualidade.<\/p>\n<\/li>\n<li>\n<p data-path-to-node=\"15,1,0\"><b data-path-to-node=\"15,1,0\" data-index-in-node=\"0\">Terminar:<\/b> Prateado brilhante \/ Polido.<\/p>\n<\/li>\n<li>\n<p data-path-to-node=\"15,2,0\"><b data-path-to-node=\"15,2,0\" data-index-in-node=\"0\">Dimens\u00f5es:<\/b> 85 \u00d7 32 \u00d7 17 mm.<\/p>\n<\/li>\n<li>\n<p data-path-to-node=\"15,3,0\"><b data-path-to-node=\"15,3,0\" data-index-in-node=\"0\">M\u00e9todo de Branding:<\/b> Grava\u00e7\u00e3o a laser (um lado).<\/p>\n<\/li>\n<li>\n<p data-path-to-node=\"15,4,0\"><b data-path-to-node=\"15,4,0\" data-index-in-node=\"0\">Embalagem:<\/b> Entregue em uma embalagem\/saco protetor, pronto para presentear.<\/p>\n<\/li>\n<li>\n<p data-path-to-node=\"15,5,0\"><b data-path-to-node=\"15,5,0\" data-index-in-node=\"0\">Caracter\u00edsticas:<\/b> Mosquet\u00e3o integrado.<\/p>\n<\/li>\n<\/ul>\n<h2 data-path-to-node=\"16\">Casos de uso<\/h2>\n<ul data-path-to-node=\"17\">\n<li>\n<p data-path-to-node=\"17,0,0\"><b data-path-to-node=\"17,0,0\" data-index-in-node=\"0\">Brindes corporativos:<\/b> Um presente sofisticado para clientes e parceiros que apreciam acess\u00f3rios pr\u00e1ticos e de alta qualidade.<\/p>\n<\/li>\n<li>\n<p data-path-to-node=\"17,1,0\"><b data-path-to-node=\"17,1,0\" data-index-in-node=\"0\">Eventos ao ar livre:<\/b> Essencial para festivais, torneios de golfe e espa\u00e7os ao ar livre, para manter o local livre de lixo.<\/p>\n<\/li>\n<li>\n<p data-path-to-node=\"17,2,0\"><b data-path-to-node=\"17,2,0\" data-index-in-node=\"0\">Hospitalidade:<\/b> Ofere\u00e7a cinzeiros port\u00e1teis personalizados aos h\u00f3spedes do hotel ou clientes do restaurante nas \u00e1reas para fumantes.<\/p>\n<\/li>\n<\/ul>\n<p data-path-to-node=\"18\">","protected":false},"excerpt":{"rendered":"<ul>\n<li>\n<p data-path-to-node=\"9,0,0\"><b data-path-to-node=\"9,0,0\" data-index-in-node=\"0\">Material Premium:<\/b> Fabricado em liga de zinco de alta qualidade com acabamento prateado brilhante, oferecendo resist\u00eancia \u00e0 ferrugem e ao desgaste.<\/p>\n<\/li>\n<li>\n<p data-path-to-node=\"9,1,0\"><b data-path-to-node=\"9,1,0\" data-index-in-node=\"0\">Compacto e port\u00e1til:<\/b> Com dimens\u00f5es de 85 \u00d7 32 \u00d7 17 mm, cabe facilmente em bolsos ou bolsas, ou pode ser preso a equipamentos atrav\u00e9s do mosquet\u00e3o.<\/p>\n<\/li>\n<li>\n<p data-path-to-node=\"9,2,0\"><b data-path-to-node=\"9,2,0\" data-index-in-node=\"0\">Identidade visual sofisticada:<\/b> Seu logotipo \u00e9 gravado a laser na lateral para um visual permanente, discreto e profissional.<\/p>\n<\/li>\n<li>\n<p data-path-to-node=\"9,3,0\"><b data-path-to-node=\"9,3,0\" data-index-in-node=\"0\">Solu\u00e7\u00e3o ecol\u00f3gica:<\/b> Incentiva o descarte respons\u00e1vel de bitucas de cigarro, ideal para eventos ao ar livre e iniciativas ecol\u00f3gicas.<\/p>\n<\/li>\n<\/ul>","protected":false},"featured_media":6240,"comment_status":"closed","ping_status":"closed","template":"","meta":[],"product_brand":[],"product_cat":[68,121],"product_tag":[],"class_list":{"0":"post-6239","1":"product","2":"type-product","3":"status-publish","4":"has-post-thumbnail","6":"product_cat-event-supplies","7":"product_cat-promotional-merchandise","9":"first","10":"instock","11":"shipping-taxable","12":"purchasable","13":"product-type-simple"},"_links":{"self":[{"href":"https:\/\/displayproducts.eu\/pt\/wp-json\/wp\/v2\/product\/6239","targetHints":{"allow":["GET"]}}],"collection":[{"href":"https:\/\/displayproducts.eu\/pt\/wp-json\/wp\/v2\/product"}],"about":[{"href":"https:\/\/displayproducts.eu\/pt\/wp-json\/wp\/v2\/types\/product"}],"replies":[{"embeddable":true,"href":"https:\/\/displayproducts.eu\/pt\/wp-json\/wp\/v2\/comments?post=6239"}],"wp:featuredmedia":[{"embeddable":true,"href":"https:\/\/displayproducts.eu\/pt\/wp-json\/wp\/v2\/media\/6240"}],"wp:attachment":[{"href":"https:\/\/displayproducts.eu\/pt\/wp-json\/wp\/v2\/media?parent=6239"}],"wp:term":[{"taxonomy":"product_brand","embeddable":true,"href":"https:\/\/displayproducts.eu\/pt\/wp-json\/wp\/v2\/product_brand?post=6239"},{"taxonomy":"product_cat","embeddable":true,"href":"https:\/\/displayproducts.eu\/pt\/wp-json\/wp\/v2\/product_cat?post=6239"},{"taxonomy":"product_tag","embeddable":true,"href":"https:\/\/displayproducts.eu\/pt\/wp-json\/wp\/v2\/product_tag?post=6239"}],"curies":[{"name":"wp","href":"https:\/\/api.w.org\/{rel}","templated":true}]}}